{"id":2270,"date":"2018-04-17T17:05:51","date_gmt":"2018-04-17T15:05:51","guid":{"rendered":"http:\/\/alatis.eu\/?page_id=2270"},"modified":"2025-12-15T17:03:03","modified_gmt":"2025-12-15T16:03:03","slug":"valerie-perrichon","status":"publish","type":"page","link":"https:\/\/alatis.eu\/en\/the-partners\/valerie-perrichon\/","title":{"rendered":"Val\u00e9rie PERRICHON"},"content":{"rendered":"\n<style type=\"text\/css\" data-created_by=\"avia_inline_auto\" id=\"style-css-av-b7k30e-bbac888f0a8179f76d621fc05fd83fe3\">\n.flex_column.av-b7k30e-bbac888f0a8179f76d621fc05fd83fe3{\nborder-radius:0px 0px 0px 0px;\npadding:0px 0px 0px 0px;\n}\n<\/style>\n<div  class='flex_column av-b7k30e-bbac888f0a8179f76d621fc05fd83fe3 av_one_fourth  avia-builder-el-0  el_before_av_three_fourth  avia-builder-el-first  first flex_column_div av-zero-column-padding  '     ><p>\n<style type=\"text\/css\" data-created_by=\"avia_inline_auto\" id=\"style-css-av-mi7gq99r-e846b17b582471bb14f35b901291bc07\">\n.avia-image-container.av-mi7gq99r-e846b17b582471bb14f35b901291bc07 img.avia_image{\nbox-shadow:none;\n}\n.avia-image-container.av-mi7gq99r-e846b17b582471bb14f35b901291bc07 .av-image-caption-overlay-center{\ncolor:#ffffff;\n}\n<\/style>\n<div  class='avia-image-container av-mi7gq99r-e846b17b582471bb14f35b901291bc07 av-styling- av-img-linked avia-align-center  avia-builder-el-1  el_before_av_button_big  avia-builder-el-no-sibling '   itemprop=\"image\" itemscope=\"itemscope\" itemtype=\"https:\/\/schema.org\/ImageObject\" ><div class=\"avia-image-container-inner\"><div class=\"avia-image-overlay-wrap\"><a href=\"https:\/\/alatis.eu\/en\/the-partners\/\" class='avia_image '  aria-label='Val\u00e9rie P\u00c9RICHON'><img decoding=\"async\" fetchpriority=\"high\" class='wp-image-6621 avia-img-lazy-loading-not-6621 avia_image ' src=\"https:\/\/i0.wp.com\/alatis.eu\/wp-content\/uploads\/2025\/11\/Valerie-PERICHON.png?fit=945%2C1053&ssl=1\" alt='' title='Val\u00e9rie P\u00c9RICHON'  height=\"1053\" width=\"945\"  itemprop=\"thumbnailUrl\" srcset=\"https:\/\/i0.wp.com\/alatis.eu\/wp-content\/uploads\/2025\/11\/Valerie-PERICHON.png?w=945&amp;ssl=1 945w, https:\/\/i0.wp.com\/alatis.eu\/wp-content\/uploads\/2025\/11\/Valerie-PERICHON.png?resize=269%2C300&amp;ssl=1 269w, https:\/\/i0.wp.com\/alatis.eu\/wp-content\/uploads\/2025\/11\/Valerie-PERICHON.png?resize=924%2C1030&amp;ssl=1 924w, https:\/\/i0.wp.com\/alatis.eu\/wp-content\/uploads\/2025\/11\/Valerie-PERICHON.png?resize=768%2C856&amp;ssl=1 768w, https:\/\/i0.wp.com\/alatis.eu\/wp-content\/uploads\/2025\/11\/Valerie-PERICHON.png?resize=600%2C669&amp;ssl=1 600w, https:\/\/i0.wp.com\/alatis.eu\/wp-content\/uploads\/2025\/11\/Valerie-PERICHON.png?resize=633%2C705&amp;ssl=1 633w\" sizes=\"(max-width: 945px) 100vw, 945px\" \/><\/a><\/div><\/div><\/div><br \/>\n<div  class='avia-button-wrap avia-button-center  avia-builder-el-2  el_after_av_image  avia-builder-el-last '>\n<style type=\"text\/css\" data-created_by=\"avia_inline_auto\" id=\"style-css-av-mi7gpq7z-3c89dd680b4dbc2e92c77f697ace33e3\">\n#top #wrap_all .avia-button.av-mi7gpq7z-3c89dd680b4dbc2e92c77f697ace33e3{\nbackground-color:#152699;\nborder-color:#152699;\ntransition:all 0.4s ease-in-out;\nfont-size:17px;\n}\n#top #wrap_all .avia-button.av-mi7gpq7z-3c89dd680b4dbc2e92c77f697ace33e3:hover{\nbackground-color:#94ace0;\ncolor:white;\ntransition:all 0.4s ease-in-out;\n}\n#top #wrap_all .avia-button.av-mi7gpq7z-3c89dd680b4dbc2e92c77f697ace33e3:hover .avia-svg-icon svg:first-child{\nfill:white;\nstroke:white;\n}\n<\/style>\n<a href='' class='avia-font-color-theme-color avia-button avia-button-fullwidth av-mi7gpq7z-3c89dd680b4dbc2e92c77f697ace33e3 avia-icon_select-no avia-color-custom'   aria-label=\"Val\u00e9rie PERRICHON\"><span class='avia_iconbox_title' >Val\u00e9rie PERRICHON<\/span><\/a><\/div><\/p><\/div>\n<style type=\"text\/css\" data-created_by=\"avia_inline_auto\" id=\"style-css-av-7jos8e-6673b21aff91029247b4c95bae46c1ea\">\n.flex_column.av-7jos8e-6673b21aff91029247b4c95bae46c1ea{\nborder-radius:0px 0px 0px 0px;\npadding:0px 0px 0px 0px;\n}\n<\/style>\n<div  class='flex_column av-7jos8e-6673b21aff91029247b4c95bae46c1ea av_three_fourth  avia-builder-el-3  el_after_av_one_fourth  el_before_av_sidebar  flex_column_div av-zero-column-padding  '     ><style type=\"text\/css\" data-created_by=\"avia_inline_auto\" id=\"style-css-av-6bts3i-440f8aba82c4d99236c6e04dd999767c\">\n#top .av_textblock_section.av-6bts3i-440f8aba82c4d99236c6e04dd999767c .avia_textblock{\nfont-size:18px;\n}\n<\/style>\n<section  class='av_textblock_section av-6bts3i-440f8aba82c4d99236c6e04dd999767c '   itemscope=\"itemscope\" itemtype=\"https:\/\/schema.org\/CreativeWork\" ><div class='avia_textblock'  itemprop=\"text\" ><h1 style=\"text-align: center; text-transform: none;\">Attorney at Law at the Paris bar, Professional representative of the EU Intellectual Property Office (EUIPO).<\/h1>\n<\/div><\/section><br \/>\n<section  class='av_textblock_section av-3qsstq-086df8189fc7627db5ac69660e95cea0 '   itemscope=\"itemscope\" itemtype=\"https:\/\/schema.org\/CreativeWork\" ><div class='avia_textblock'  itemprop=\"text\" ><p style=\"text-align: justify;\">Twenty-five years ago, Val\u00e9rie Perrichon started her career in a reputable law firm in intellectual property.<\/p>\n<p style=\"text-align: justify;\">After this first experience that lasted 7 years, Val\u00e9rie Perrichon then joined an international firm dedicated to Intellectual Property and very quickly in 1999 was appointed head of the Parisian Trademark and Design department. In 2008, she became a partner of the firm.<\/p>\n<p style=\"text-align: justify;\">In 2014, she started her own practice fully dedicated to intellectual property.<\/p>\n<p style=\"text-align: justify;\">As an expert in intellectual property, Val\u00e9rie Perrichon follows her clients throughout their journey to protect their intellectual property rights.<\/p>\n<p style=\"text-align: justify;\">Val\u00e9rie Perrichon defines a protection and defense strategy, and validates it through all phases.<\/p>\n<p style=\"text-align: justify;\">Val\u00e9rie Perrichon provides protection, preservation, and defense of rights for creations and innovations.<\/p>\n<p style=\"text-align: justify;\">Val\u00e9rie Perrichon represents her clients in court and actively fights against counterfeiting. Her expertise encompasses among others the food industry, fashion and its accessories, new technology, tourism and entertainment, insurance and banking, training, transportation, and hotels and restaurants&#8230; Her field also extends to contracting, unfair competition, domain names and custom withholding procedures.<\/p>\n<p>Val\u00e9rie Perrichon is a member of several associations:<\/p>\n<ul>\n<li><a href=\"http:\/\/www.inta.org\/Pages\/Home.aspx\">INTA<\/a> (International Trademark Association)<\/li>\n<li><a href=\"http:\/\/apram.com\/\">APRAM<\/a> (Association des praticiens du droit des marques)<\/li>\n<\/ul>\n<p>To contact Val\u00e9rie Perrichon: <a href=\"mailto:valerie.perrichon@alatis.eu\">valerie.perrichon@alatis.eu<\/a><\/p>\n<\/div><\/section><br \/>\n<div  class='avia-button-wrap av-mi7gqigp-306001c625d11990c1cd4698862360b6-wrap avia-button-center  avia-builder-el-6  el_after_av_textblock  avia-builder-el-last '><a href='https:\/\/alatis.eu\/en\/the-partners\/'  class='avia-button av-mi7gqigp-306001c625d11990c1cd4698862360b6 av-link-btn avia-icon_select-yes-left-icon avia-size-small avia-position-center avia-color-theme-color'   aria-label=\"BACK\"><span class='avia_button_icon avia_button_icon_left avia-iconfont avia-font-entypo-fontello' data-av_icon='\ue87c' data-av_iconfont='entypo-fontello' ><\/span><span class='avia_iconbox_title' >BACK<\/span><\/a><\/div><\/p><\/div><\/p>\n\n","protected":false},"excerpt":{"rendered":"","protected":false},"author":1,"featured_media":0,"parent":808,"menu_order":0,"comment_status":"closed","ping_status":"closed","template":"","meta":{"jetpack_post_was_ever_published":false,"footnotes":""},"class_list":["post-2270","page","type-page","status-publish","hentry"],"yoast_head":"<!-- This site is optimized with the Yoast SEO plugin v26.6 - https:\/\/yoast.com\/wordpress\/plugins\/seo\/ -->\n<title>Val\u00e9rie PERRICHON | ALATIS<\/title>\n<meta name=\"robots\" content=\"index, follow, max-snippet:-1, max-image-preview:large, max-video-preview:-1\" \/>\n<link rel=\"canonical\" href=\"https:\/\/alatis.eu\/en\/the-partners\/valerie-perrichon\/\" \/>\n<meta property=\"og:locale\" content=\"en_US\" \/>\n<meta property=\"og:type\" content=\"article\" \/>\n<meta property=\"og:title\" content=\"Val\u00e9rie PERRICHON | ALATIS\" \/>\n<meta property=\"og:url\" content=\"https:\/\/alatis.eu\/en\/the-partners\/valerie-perrichon\/\" \/>\n<meta property=\"og:site_name\" content=\"ALATIS\" \/>\n<meta property=\"article:publisher\" content=\"https:\/\/www.facebook.com\/alatis.eu\/\" \/>\n<meta property=\"article:modified_time\" content=\"2025-12-15T16:03:03+00:00\" \/>\n<meta name=\"twitter:card\" content=\"summary_large_image\" \/>\n<meta name=\"twitter:site\" content=\"@alatis_eu\" \/>\n<meta name=\"twitter:label1\" content=\"Est. reading time\" \/>\n\t<meta name=\"twitter:data1\" content=\"2 minutes\" \/>\n<script type=\"application\/ld+json\" class=\"yoast-schema-graph\">{\"@context\":\"https:\/\/schema.org\",\"@graph\":[{\"@type\":\"WebPage\",\"@id\":\"https:\/\/alatis.eu\/en\/the-partners\/valerie-perrichon\/\",\"url\":\"https:\/\/alatis.eu\/en\/the-partners\/valerie-perrichon\/\",\"name\":\"Val\u00e9rie PERRICHON | ALATIS\",\"isPartOf\":{\"@id\":\"https:\/\/alatis.eu\/#website\"},\"datePublished\":\"2018-04-17T15:05:51+00:00\",\"dateModified\":\"2025-12-15T16:03:03+00:00\",\"breadcrumb\":{\"@id\":\"https:\/\/alatis.eu\/en\/the-partners\/valerie-perrichon\/#breadcrumb\"},\"inLanguage\":\"en-US\",\"potentialAction\":[{\"@type\":\"ReadAction\",\"target\":[\"https:\/\/alatis.eu\/en\/the-partners\/valerie-perrichon\/\"]}]},{\"@type\":\"BreadcrumbList\",\"@id\":\"https:\/\/alatis.eu\/en\/the-partners\/valerie-perrichon\/#breadcrumb\",\"itemListElement\":[{\"@type\":\"ListItem\",\"position\":1,\"name\":\"Accueil\",\"item\":\"https:\/\/alatis.eu\/en\/\"},{\"@type\":\"ListItem\",\"position\":2,\"name\":\"PARTNERS\",\"item\":\"https:\/\/alatis.eu\/en\/the-partners\/\"},{\"@type\":\"ListItem\",\"position\":3,\"name\":\"Val\u00e9rie PERRICHON\"}]},{\"@type\":\"WebSite\",\"@id\":\"https:\/\/alatis.eu\/#website\",\"url\":\"https:\/\/alatis.eu\/\",\"name\":\"ALATIS\",\"description\":\"R\u00e9seau d&#039;experts en propri\u00e9t\u00e9 intellectuelle, multidisciplinaire et pan-europ\u00e9en\",\"potentialAction\":[{\"@type\":\"SearchAction\",\"target\":{\"@type\":\"EntryPoint\",\"urlTemplate\":\"https:\/\/alatis.eu\/?s={search_term_string}\"},\"query-input\":{\"@type\":\"PropertyValueSpecification\",\"valueRequired\":true,\"valueName\":\"search_term_string\"}}],\"inLanguage\":\"en-US\"}]}<\/script>\n<!-- \/ Yoast SEO plugin. -->","yoast_head_json":{"title":"Val\u00e9rie PERRICHON | ALATIS","robots":{"index":"index","follow":"follow","max-snippet":"max-snippet:-1","max-image-preview":"max-image-preview:large","max-video-preview":"max-video-preview:-1"},"canonical":"https:\/\/alatis.eu\/en\/the-partners\/valerie-perrichon\/","og_locale":"en_US","og_type":"article","og_title":"Val\u00e9rie PERRICHON | ALATIS","og_url":"https:\/\/alatis.eu\/en\/the-partners\/valerie-perrichon\/","og_site_name":"ALATIS","article_publisher":"https:\/\/www.facebook.com\/alatis.eu\/","article_modified_time":"2025-12-15T16:03:03+00:00","twitter_card":"summary_large_image","twitter_site":"@alatis_eu","twitter_misc":{"Est. reading time":"2 minutes"},"schema":{"@context":"https:\/\/schema.org","@graph":[{"@type":"WebPage","@id":"https:\/\/alatis.eu\/en\/the-partners\/valerie-perrichon\/","url":"https:\/\/alatis.eu\/en\/the-partners\/valerie-perrichon\/","name":"Val\u00e9rie PERRICHON | ALATIS","isPartOf":{"@id":"https:\/\/alatis.eu\/#website"},"datePublished":"2018-04-17T15:05:51+00:00","dateModified":"2025-12-15T16:03:03+00:00","breadcrumb":{"@id":"https:\/\/alatis.eu\/en\/the-partners\/valerie-perrichon\/#breadcrumb"},"inLanguage":"en-US","potentialAction":[{"@type":"ReadAction","target":["https:\/\/alatis.eu\/en\/the-partners\/valerie-perrichon\/"]}]},{"@type":"BreadcrumbList","@id":"https:\/\/alatis.eu\/en\/the-partners\/valerie-perrichon\/#breadcrumb","itemListElement":[{"@type":"ListItem","position":1,"name":"Accueil","item":"https:\/\/alatis.eu\/en\/"},{"@type":"ListItem","position":2,"name":"PARTNERS","item":"https:\/\/alatis.eu\/en\/the-partners\/"},{"@type":"ListItem","position":3,"name":"Val\u00e9rie PERRICHON"}]},{"@type":"WebSite","@id":"https:\/\/alatis.eu\/#website","url":"https:\/\/alatis.eu\/","name":"ALATIS","description":"R\u00e9seau d&#039;experts en propri\u00e9t\u00e9 intellectuelle, multidisciplinaire et pan-europ\u00e9en","potentialAction":[{"@type":"SearchAction","target":{"@type":"EntryPoint","urlTemplate":"https:\/\/alatis.eu\/?s={search_term_string}"},"query-input":{"@type":"PropertyValueSpecification","valueRequired":true,"valueName":"search_term_string"}}],"inLanguage":"en-US"}]}},"jetpack_sharing_enabled":true,"jetpack_shortlink":"https:\/\/wp.me\/P8b6Fp-AC","jetpack-related-posts":[],"_links":{"self":[{"href":"https:\/\/alatis.eu\/en\/wp-json\/wp\/v2\/pages\/2270","targetHints":{"allow":["GET"]}}],"collection":[{"href":"https:\/\/alatis.eu\/en\/wp-json\/wp\/v2\/pages"}],"about":[{"href":"https:\/\/alatis.eu\/en\/wp-json\/wp\/v2\/types\/page"}],"author":[{"embeddable":true,"href":"https:\/\/alatis.eu\/en\/wp-json\/wp\/v2\/users\/1"}],"replies":[{"embeddable":true,"href":"https:\/\/alatis.eu\/en\/wp-json\/wp\/v2\/comments?post=2270"}],"version-history":[{"count":12,"href":"https:\/\/alatis.eu\/en\/wp-json\/wp\/v2\/pages\/2270\/revisions"}],"predecessor-version":[{"id":7694,"href":"https:\/\/alatis.eu\/en\/wp-json\/wp\/v2\/pages\/2270\/revisions\/7694"}],"up":[{"embeddable":true,"href":"https:\/\/alatis.eu\/en\/wp-json\/wp\/v2\/pages\/808"}],"wp:attachment":[{"href":"https:\/\/alatis.eu\/en\/wp-json\/wp\/v2\/media?parent=2270"}],"curies":[{"name":"wp","href":"https:\/\/api.w.org\/{rel}","templated":true}]}}