{"id":2736,"date":"2019-04-23T09:51:57","date_gmt":"2019-04-23T07:51:57","guid":{"rendered":"http:\/\/alatis.eu\/meet-the-team\/francois-legrand\/"},"modified":"2025-11-20T14:22:24","modified_gmt":"2025-11-20T13:22:24","slug":"francois-legrand","status":"publish","type":"page","link":"https:\/\/alatis.eu\/en\/francois-legrand\/","title":{"rendered":"Fran\u00e7ois LEGRAND"},"content":{"rendered":"\n<style type=\"text\/css\" data-created_by=\"avia_inline_auto\" id=\"style-css-av-av_one_fourth-6126cab7d8fab8d08143dd2dacdf673c\">\n.flex_column.av-av_one_fourth-6126cab7d8fab8d08143dd2dacdf673c{\nborder-radius:0px 0px 0px 0px;\npadding:0px 0px 0px 0px;\n}\n<\/style>\n<div  class='flex_column av-av_one_fourth-6126cab7d8fab8d08143dd2dacdf673c av_one_fourth  avia-builder-el-0  el_before_av_three_fourth  avia-builder-el-first  first flex_column_div av-zero-column-padding  '     ><p>\n<style type=\"text\/css\" data-created_by=\"avia_inline_auto\" id=\"style-css-av-mi7gncp3-e4adfd9e485dea11a28214d2536e5b9f\">\n.avia-image-container.av-mi7gncp3-e4adfd9e485dea11a28214d2536e5b9f img.avia_image{\nbox-shadow:none;\n}\n.avia-image-container.av-mi7gncp3-e4adfd9e485dea11a28214d2536e5b9f .av-image-caption-overlay-center{\ncolor:#ffffff;\n}\n<\/style>\n<div  class='avia-image-container av-mi7gncp3-e4adfd9e485dea11a28214d2536e5b9f av-styling- av-img-linked avia-align-center  avia-builder-el-1  el_before_av_button_big  avia-builder-el-no-sibling '   itemprop=\"image\" itemscope=\"itemscope\" itemtype=\"https:\/\/schema.org\/ImageObject\" ><div class=\"avia-image-container-inner\"><div class=\"avia-image-overlay-wrap\"><a href=\"https:\/\/alatis.eu\/en\/marc-broyde\/\" class='avia_image '  aria-label='Fran\u00e7ois LEGRAND'><img decoding=\"async\" fetchpriority=\"high\" class='wp-image-6609 avia-img-lazy-loading-not-6609 avia_image ' src=\"https:\/\/i0.wp.com\/alatis.eu\/wp-content\/uploads\/2025\/11\/Francois-LEGRAND.png?fit=945%2C1053&ssl=1\" alt='' title='Fran\u00e7ois LEGRAND'  height=\"1053\" width=\"945\"  itemprop=\"thumbnailUrl\" srcset=\"https:\/\/i0.wp.com\/alatis.eu\/wp-content\/uploads\/2025\/11\/Francois-LEGRAND.png?w=945&amp;ssl=1 945w, https:\/\/i0.wp.com\/alatis.eu\/wp-content\/uploads\/2025\/11\/Francois-LEGRAND.png?resize=269%2C300&amp;ssl=1 269w, https:\/\/i0.wp.com\/alatis.eu\/wp-content\/uploads\/2025\/11\/Francois-LEGRAND.png?resize=924%2C1030&amp;ssl=1 924w, https:\/\/i0.wp.com\/alatis.eu\/wp-content\/uploads\/2025\/11\/Francois-LEGRAND.png?resize=768%2C856&amp;ssl=1 768w, https:\/\/i0.wp.com\/alatis.eu\/wp-content\/uploads\/2025\/11\/Francois-LEGRAND.png?resize=600%2C669&amp;ssl=1 600w, https:\/\/i0.wp.com\/alatis.eu\/wp-content\/uploads\/2025\/11\/Francois-LEGRAND.png?resize=633%2C705&amp;ssl=1 633w\" sizes=\"(max-width: 945px) 100vw, 945px\" \/><\/a><\/div><\/div><\/div><br \/>\n<div  class='avia-button-wrap avia-button-center  avia-builder-el-2  el_after_av_image  avia-builder-el-last '>\n<style type=\"text\/css\" data-created_by=\"avia_inline_auto\" id=\"style-css-av-mi7gmnuo-90a9a2cfa940db633f6ca59af6fa7164\">\n#top #wrap_all .avia-button.av-mi7gmnuo-90a9a2cfa940db633f6ca59af6fa7164{\nbackground-color:#152699;\nborder-color:#152699;\ntransition:all 0.4s ease-in-out;\nfont-size:17px;\n}\n#top #wrap_all .avia-button.av-mi7gmnuo-90a9a2cfa940db633f6ca59af6fa7164:hover{\nbackground-color:#94ace0;\ncolor:white;\ntransition:all 0.4s ease-in-out;\n}\n#top #wrap_all .avia-button.av-mi7gmnuo-90a9a2cfa940db633f6ca59af6fa7164:hover .avia-svg-icon svg:first-child{\nfill:white;\nstroke:white;\n}\n<\/style>\n<a href='' class='avia-font-color-theme-color avia-button avia-button-fullwidth av-mi7gmnuo-90a9a2cfa940db633f6ca59af6fa7164 avia-icon_select-no avia-color-custom'   aria-label=\"Fran\u00e7ois LEGRAND\"><span class='avia_iconbox_title' >Fran\u00e7ois LEGRAND<\/span><\/a><\/div><\/p><\/div>\n<style type=\"text\/css\" data-created_by=\"avia_inline_auto\" id=\"style-css-av-av_three_fourth-0aa7055fe62c3622faec82866afbaeb2\">\n.flex_column.av-av_three_fourth-0aa7055fe62c3622faec82866afbaeb2{\nborder-radius:0px 0px 0px 0px;\npadding:0px 0px 0px 0px;\n}\n<\/style>\n<div  class='flex_column av-av_three_fourth-0aa7055fe62c3622faec82866afbaeb2 av_three_fourth  avia-builder-el-3  el_after_av_one_fourth  el_before_av_sidebar  flex_column_div av-zero-column-padding  '     ><style type=\"text\/css\" data-created_by=\"avia_inline_auto\" id=\"style-css-av-mi7glyb2-3bd147f8bee9ce0ead53d6dc9d6c1ec4\">\n#top .av_textblock_section.av-mi7glyb2-3bd147f8bee9ce0ead53d6dc9d6c1ec4 .avia_textblock{\nfont-size:18px;\n}\n<\/style>\n<section  class='av_textblock_section av-mi7glyb2-3bd147f8bee9ce0ead53d6dc9d6c1ec4 '   itemscope=\"itemscope\" itemtype=\"https:\/\/schema.org\/CreativeWork\" ><div class='avia_textblock'  itemprop=\"text\" ><h1 style=\"text-transform: none; text-align: center;\">French &amp; European Patent Attorney &#8211; Representative before the Unified Patent Court (UPC)<\/h1>\n<\/div><\/section><br \/>\n<section  class='av_textblock_section av-av_textblock-0366cc7376be6c9e82a3e9cc8987b64f '   itemscope=\"itemscope\" itemtype=\"https:\/\/schema.org\/CreativeWork\" ><div class='avia_textblock'  itemprop=\"text\" ><p style=\"text-align: justify;\">Fran\u00e7ois LEGRAND graduated both from the French engineering Catholic School of Arts et M\u00e9tiers (ECAM-Rennes) and the Center of International Studies in Intellectual Property (CEIPI-Strasbourg). He has a dual scientific and legal curriculum.<\/p>\n<p style=\"text-align: justify;\">Fran\u00e7ois LEGRAND started his career as patent engineer in the industry within the Intellectual Property Department of the French Government Defense, before practicing in two major Intellectual Property firms in Paris.<\/p>\n<p style=\"text-align: justify;\">With more than ten years of experience, Fran\u00e7ois LEGRAND joined the pan-European Alatis network in 2019.<\/p>\n<p style=\"text-align: justify;\">He supports and advises a wide variety of clients ranging from start-ups to multinationals through SMEs, and in particular in various technical fields including aeronautical, automotive and agricultural manufacturers and suppliers, GreenTechs, defense industries, materials, industrial processes, civil engineering, medical devices, packaging, electrical engineering, robotics, and home automation.<\/p>\n<p style=\"text-align: justify;\">Fran\u00e7ois LEGRAND deals with all aspects of\u00a0patent law and practice in France and Europe, and his practice is primarily devoted to patent prosecution, infringement litigation and intellectual property strategy, including patentability and freedom to operate analyses.<\/p>\n<p>To contact Fran\u00e7ois Legrand : <a href=\"mailto:francois.legrand@alatis.eu\">francois.legrand@alatis.eu<\/a><\/p>\n<\/div><\/section><br \/>\n<div  class='avia-button-wrap av-mi7gnnms-c7ab64d777bcb946e82a27d4c592e1b6-wrap avia-button-center  avia-builder-el-6  el_after_av_textblock  avia-builder-el-last '><a href='https:\/\/alatis.eu\/en\/the-partners\/'  class='avia-button av-mi7gnnms-c7ab64d777bcb946e82a27d4c592e1b6 av-link-btn avia-icon_select-yes-left-icon avia-size-small avia-position-center avia-color-theme-color'   aria-label=\"BACK\"><span class='avia_button_icon avia_button_icon_left avia-iconfont avia-font-entypo-fontello' data-av_icon='\ue87c' data-av_iconfont='entypo-fontello' ><\/span><span class='avia_iconbox_title' >BACK<\/span><\/a><\/div><\/p><\/div><\/p>\n","protected":false},"excerpt":{"rendered":"","protected":false},"author":1,"featured_media":0,"parent":0,"menu_order":0,"comment_status":"closed","ping_status":"closed","template":"","meta":{"jetpack_post_was_ever_published":false,"footnotes":""},"class_list":["post-2736","page","type-page","status-publish","hentry"],"yoast_head":"<!-- This site is optimized with the Yoast SEO plugin v26.6 - https:\/\/yoast.com\/wordpress\/plugins\/seo\/ -->\n<title>Fran\u00e7ois LEGRAND | ALATIS<\/title>\n<meta name=\"robots\" content=\"index, follow, max-snippet:-1, max-image-preview:large, max-video-preview:-1\" \/>\n<link rel=\"canonical\" href=\"https:\/\/alatis.eu\/en\/francois-legrand\/\" \/>\n<meta property=\"og:locale\" content=\"en_US\" \/>\n<meta property=\"og:type\" content=\"article\" \/>\n<meta property=\"og:title\" content=\"Fran\u00e7ois LEGRAND | ALATIS\" \/>\n<meta property=\"og:url\" content=\"https:\/\/alatis.eu\/en\/francois-legrand\/\" \/>\n<meta property=\"og:site_name\" content=\"ALATIS\" \/>\n<meta property=\"article:publisher\" content=\"https:\/\/www.facebook.com\/alatis.eu\/\" \/>\n<meta property=\"article:modified_time\" content=\"2025-11-20T13:22:24+00:00\" \/>\n<meta name=\"twitter:card\" content=\"summary_large_image\" \/>\n<meta name=\"twitter:site\" content=\"@alatis_eu\" \/>\n<script type=\"application\/ld+json\" class=\"yoast-schema-graph\">{\"@context\":\"https:\/\/schema.org\",\"@graph\":[{\"@type\":\"WebPage\",\"@id\":\"https:\/\/alatis.eu\/en\/francois-legrand\/\",\"url\":\"https:\/\/alatis.eu\/en\/francois-legrand\/\",\"name\":\"Fran\u00e7ois LEGRAND | ALATIS\",\"isPartOf\":{\"@id\":\"https:\/\/alatis.eu\/#website\"},\"datePublished\":\"2019-04-23T07:51:57+00:00\",\"dateModified\":\"2025-11-20T13:22:24+00:00\",\"breadcrumb\":{\"@id\":\"https:\/\/alatis.eu\/en\/francois-legrand\/#breadcrumb\"},\"inLanguage\":\"en-US\",\"potentialAction\":[{\"@type\":\"ReadAction\",\"target\":[\"https:\/\/alatis.eu\/en\/francois-legrand\/\"]}]},{\"@type\":\"BreadcrumbList\",\"@id\":\"https:\/\/alatis.eu\/en\/francois-legrand\/#breadcrumb\",\"itemListElement\":[{\"@type\":\"ListItem\",\"position\":1,\"name\":\"Accueil\",\"item\":\"https:\/\/alatis.eu\/en\/\"},{\"@type\":\"ListItem\",\"position\":2,\"name\":\"Fran\u00e7ois LEGRAND\"}]},{\"@type\":\"WebSite\",\"@id\":\"https:\/\/alatis.eu\/#website\",\"url\":\"https:\/\/alatis.eu\/\",\"name\":\"ALATIS\",\"description\":\"R\u00e9seau d&#039;experts en propri\u00e9t\u00e9 intellectuelle, multidisciplinaire et pan-europ\u00e9en\",\"potentialAction\":[{\"@type\":\"SearchAction\",\"target\":{\"@type\":\"EntryPoint\",\"urlTemplate\":\"https:\/\/alatis.eu\/?s={search_term_string}\"},\"query-input\":{\"@type\":\"PropertyValueSpecification\",\"valueRequired\":true,\"valueName\":\"search_term_string\"}}],\"inLanguage\":\"en-US\"}]}<\/script>\n<!-- \/ Yoast SEO plugin. -->","yoast_head_json":{"title":"Fran\u00e7ois LEGRAND | ALATIS","robots":{"index":"index","follow":"follow","max-snippet":"max-snippet:-1","max-image-preview":"max-image-preview:large","max-video-preview":"max-video-preview:-1"},"canonical":"https:\/\/alatis.eu\/en\/francois-legrand\/","og_locale":"en_US","og_type":"article","og_title":"Fran\u00e7ois LEGRAND | ALATIS","og_url":"https:\/\/alatis.eu\/en\/francois-legrand\/","og_site_name":"ALATIS","article_publisher":"https:\/\/www.facebook.com\/alatis.eu\/","article_modified_time":"2025-11-20T13:22:24+00:00","twitter_card":"summary_large_image","twitter_site":"@alatis_eu","schema":{"@context":"https:\/\/schema.org","@graph":[{"@type":"WebPage","@id":"https:\/\/alatis.eu\/en\/francois-legrand\/","url":"https:\/\/alatis.eu\/en\/francois-legrand\/","name":"Fran\u00e7ois LEGRAND | ALATIS","isPartOf":{"@id":"https:\/\/alatis.eu\/#website"},"datePublished":"2019-04-23T07:51:57+00:00","dateModified":"2025-11-20T13:22:24+00:00","breadcrumb":{"@id":"https:\/\/alatis.eu\/en\/francois-legrand\/#breadcrumb"},"inLanguage":"en-US","potentialAction":[{"@type":"ReadAction","target":["https:\/\/alatis.eu\/en\/francois-legrand\/"]}]},{"@type":"BreadcrumbList","@id":"https:\/\/alatis.eu\/en\/francois-legrand\/#breadcrumb","itemListElement":[{"@type":"ListItem","position":1,"name":"Accueil","item":"https:\/\/alatis.eu\/en\/"},{"@type":"ListItem","position":2,"name":"Fran\u00e7ois LEGRAND"}]},{"@type":"WebSite","@id":"https:\/\/alatis.eu\/#website","url":"https:\/\/alatis.eu\/","name":"ALATIS","description":"R\u00e9seau d&#039;experts en propri\u00e9t\u00e9 intellectuelle, multidisciplinaire et pan-europ\u00e9en","potentialAction":[{"@type":"SearchAction","target":{"@type":"EntryPoint","urlTemplate":"https:\/\/alatis.eu\/?s={search_term_string}"},"query-input":{"@type":"PropertyValueSpecification","valueRequired":true,"valueName":"search_term_string"}}],"inLanguage":"en-US"}]}},"jetpack_sharing_enabled":true,"jetpack_shortlink":"https:\/\/wp.me\/P8b6Fp-I8","jetpack-related-posts":[],"_links":{"self":[{"href":"https:\/\/alatis.eu\/en\/wp-json\/wp\/v2\/pages\/2736","targetHints":{"allow":["GET"]}}],"collection":[{"href":"https:\/\/alatis.eu\/en\/wp-json\/wp\/v2\/pages"}],"about":[{"href":"https:\/\/alatis.eu\/en\/wp-json\/wp\/v2\/types\/page"}],"author":[{"embeddable":true,"href":"https:\/\/alatis.eu\/en\/wp-json\/wp\/v2\/users\/1"}],"replies":[{"embeddable":true,"href":"https:\/\/alatis.eu\/en\/wp-json\/wp\/v2\/comments?post=2736"}],"version-history":[{"count":9,"href":"https:\/\/alatis.eu\/en\/wp-json\/wp\/v2\/pages\/2736\/revisions"}],"predecessor-version":[{"id":6990,"href":"https:\/\/alatis.eu\/en\/wp-json\/wp\/v2\/pages\/2736\/revisions\/6990"}],"wp:attachment":[{"href":"https:\/\/alatis.eu\/en\/wp-json\/wp\/v2\/media?parent=2736"}],"curies":[{"name":"wp","href":"https:\/\/api.w.org\/{rel}","templated":true}]}}