{"id":3801,"date":"2021-02-02T11:56:26","date_gmt":"2021-02-02T10:56:26","guid":{"rendered":"http:\/\/alatis.eu\/?page_id=3801"},"modified":"2025-11-20T14:02:09","modified_gmt":"2025-11-20T13:02:09","slug":"thierry-dufresne","status":"publish","type":"page","link":"https:\/\/alatis.eu\/en\/thierry-dufresne\/","title":{"rendered":"Thierry DUFRESNE"},"content":{"rendered":"\n<style type=\"text\/css\" data-created_by=\"avia_inline_auto\" id=\"style-css-av-av_one_fourth-6126cab7d8fab8d08143dd2dacdf673c\">\n.flex_column.av-av_one_fourth-6126cab7d8fab8d08143dd2dacdf673c{\nborder-radius:0px 0px 0px 0px;\npadding:0px 0px 0px 0px;\n}\n<\/style>\n<div  class='flex_column av-av_one_fourth-6126cab7d8fab8d08143dd2dacdf673c av_one_fourth  avia-builder-el-0  el_before_av_three_fourth  avia-builder-el-first  first flex_column_div av-zero-column-padding  '     ><p>\n<style type=\"text\/css\" data-created_by=\"avia_inline_auto\" id=\"style-css-av-mi7fwtzh-0d61d0ebc7e3c3e2e957607605db292f\">\n.avia-image-container.av-mi7fwtzh-0d61d0ebc7e3c3e2e957607605db292f img.avia_image{\nbox-shadow:none;\n}\n.avia-image-container.av-mi7fwtzh-0d61d0ebc7e3c3e2e957607605db292f .av-image-caption-overlay-center{\ncolor:#ffffff;\n}\n<\/style>\n<div  class='avia-image-container av-mi7fwtzh-0d61d0ebc7e3c3e2e957607605db292f av-styling- av-img-linked avia-align-center  avia-builder-el-1  el_before_av_button_big  avia-builder-el-no-sibling '   itemprop=\"image\" itemscope=\"itemscope\" itemtype=\"https:\/\/schema.org\/ImageObject\" ><div class=\"avia-image-container-inner\"><div class=\"avia-image-overlay-wrap\"><a href=\"https:\/\/alatis.eu\/en\/the-partners\/\" class='avia_image '  aria-label='Thierry DUFRESNE'><img decoding=\"async\" fetchpriority=\"high\" class='wp-image-6617 avia-img-lazy-loading-not-6617 avia_image ' src=\"https:\/\/i0.wp.com\/alatis.eu\/wp-content\/uploads\/2025\/11\/Thierry-DUFRESNE.png?fit=945%2C1053&ssl=1\" alt='' title='Thierry DUFRESNE'  height=\"1053\" width=\"945\"  itemprop=\"thumbnailUrl\" srcset=\"https:\/\/i0.wp.com\/alatis.eu\/wp-content\/uploads\/2025\/11\/Thierry-DUFRESNE.png?w=945&amp;ssl=1 945w, https:\/\/i0.wp.com\/alatis.eu\/wp-content\/uploads\/2025\/11\/Thierry-DUFRESNE.png?resize=269%2C300&amp;ssl=1 269w, https:\/\/i0.wp.com\/alatis.eu\/wp-content\/uploads\/2025\/11\/Thierry-DUFRESNE.png?resize=924%2C1030&amp;ssl=1 924w, https:\/\/i0.wp.com\/alatis.eu\/wp-content\/uploads\/2025\/11\/Thierry-DUFRESNE.png?resize=768%2C856&amp;ssl=1 768w, https:\/\/i0.wp.com\/alatis.eu\/wp-content\/uploads\/2025\/11\/Thierry-DUFRESNE.png?resize=600%2C669&amp;ssl=1 600w, https:\/\/i0.wp.com\/alatis.eu\/wp-content\/uploads\/2025\/11\/Thierry-DUFRESNE.png?resize=633%2C705&amp;ssl=1 633w\" sizes=\"(max-width: 945px) 100vw, 945px\" \/><\/a><\/div><\/div><\/div><br \/>\n<div  class='avia-button-wrap avia-button-center  avia-builder-el-2  el_after_av_image  avia-builder-el-last '>\n<style type=\"text\/css\" data-created_by=\"avia_inline_auto\" id=\"style-css-av-av_button_big-daa698b2c450127c4bb5dfec8c53fbfb\">\n#top #wrap_all .avia-button.av-av_button_big-daa698b2c450127c4bb5dfec8c53fbfb{\nbackground-color:#152699;\nborder-color:#152699;\ntransition:all 0.4s ease-in-out;\nfont-size:17px;\n}\n#top #wrap_all .avia-button.av-av_button_big-daa698b2c450127c4bb5dfec8c53fbfb:hover{\nbackground-color:#94ace0;\ncolor:white;\ntransition:all 0.4s ease-in-out;\n}\n#top #wrap_all .avia-button.av-av_button_big-daa698b2c450127c4bb5dfec8c53fbfb:hover .avia-svg-icon svg:first-child{\nfill:white;\nstroke:white;\n}\n<\/style>\n<a href='' class='avia-font-color-theme-color avia-button avia-button-fullwidth av-av_button_big-daa698b2c450127c4bb5dfec8c53fbfb avia-icon_select-no avia-color-custom'   aria-label=\"Jean-Beno\u00eet BUSNEL\"><span class='avia_iconbox_title' >Jean-Beno\u00eet BUSNEL<\/span><\/a><\/div><\/p><\/div>\n<style type=\"text\/css\" data-created_by=\"avia_inline_auto\" id=\"style-css-av-av_three_fourth-0aa7055fe62c3622faec82866afbaeb2\">\n.flex_column.av-av_three_fourth-0aa7055fe62c3622faec82866afbaeb2{\nborder-radius:0px 0px 0px 0px;\npadding:0px 0px 0px 0px;\n}\n<\/style>\n<div  class='flex_column av-av_three_fourth-0aa7055fe62c3622faec82866afbaeb2 av_three_fourth  avia-builder-el-3  el_after_av_one_fourth  el_before_av_sidebar  flex_column_div av-zero-column-padding  '     ><style type=\"text\/css\" data-created_by=\"avia_inline_auto\" id=\"style-css-av-mi7fxllf-7a4d14b36c903cdea366677cdc0b18f2\">\n#top .av_textblock_section.av-mi7fxllf-7a4d14b36c903cdea366677cdc0b18f2 .avia_textblock{\nfont-size:18px;\n}\n<\/style>\n<section  class='av_textblock_section av-mi7fxllf-7a4d14b36c903cdea366677cdc0b18f2 '   itemscope=\"itemscope\" itemtype=\"https:\/\/schema.org\/CreativeWork\" ><div class='avia_textblock'  itemprop=\"text\" ><h1 style=\"text-align: center; text-transform: none;\">European Patent Attorney<\/h1>\n<\/div><\/section><br \/>\n<section  class='av_textblock_section av-av_textblock-0366cc7376be6c9e82a3e9cc8987b64f '   itemscope=\"itemscope\" itemtype=\"https:\/\/schema.org\/CreativeWork\" ><div class='avia_textblock'  itemprop=\"text\" ><p style=\"text-align: justify;\">Thierry DUFRESNE is a graduate of the National Polytechnic Institute of Grenoble.<br \/>\nFor twenty years, Thierry worked at Schneider Electric first as a project manager and later as head of a department specialised in automation and electrical engineering, carrying out numerous projects for different industrial sectors in France and internationally.<br \/>\nIt was only then that he decided to orient his career towards Intellectual Property, graduated from the Center for International Intellectual Property Studies (CEIPI) in 2000, and became a European patent attorney in 2003. For the second half of his career in the industry, he worked within the Schneider Electric&#8217;s Intellectual Property department, in particular by managing the entire patent department at European level.<br \/>\nWorking directly with Schneider Electric&#8217;s R&amp;D departments, French and European patent offices and foreign IP agents, he has therefore managed all aspects of a large portfolio of international patents, in various fields such as mechanics, low and medium voltage electrical engineering, electronics, regulation, control \/ command, etc\u2026.<br \/>\nHe was particularly active in the litigation aspects of intellectual property, participating in numerous patent litigation in France and abroad, oppositions and appeals before various IP offices by conducting worldwide freedom to operate studies. Being part of a large industrial group also gave him the opportunity to take part in various due diligence reviews, particularly in the context of major acquisitions.<br \/>\nThrough his mix of experiences, Thierry provides his clients with in-depth knowledge not only of Intellectual Property but also of the general environment of a company and of its customers \/ suppliers, as well as a unique vision of strategic issues.<br \/>\nIn addition, within the framework of the Association of Industrial Property Specialists (ASPI) which brings together IP professionals in the industry, Thierry DUFRESNE was a tutor for 15 years in charge of scoring mock exams for the preparation of candidates to the qualification examination before the European Patent Office.<\/p>\n<\/div><\/section><br \/>\n<div  class='avia-button-wrap av-av_button-db59e205b38b514d4e28b1958d0569a9-wrap avia-button-center  avia-builder-el-6  el_after_av_textblock  avia-builder-el-last '><a href='https:\/\/alatis.eu\/en\/the-partners\/'  class='avia-button av-av_button-db59e205b38b514d4e28b1958d0569a9 av-link-btn avia-icon_select-yes-left-icon avia-size-small avia-position-center avia-color-theme-color'   aria-label=\"BACK\"><span class='avia_button_icon avia_button_icon_left avia-iconfont avia-font-entypo-fontello' data-av_icon='\ue87c' data-av_iconfont='entypo-fontello' ><\/span><span class='avia_iconbox_title' >BACK<\/span><\/a><\/div><\/p><\/div><\/p>\n","protected":false},"excerpt":{"rendered":"","protected":false},"author":1,"featured_media":0,"parent":0,"menu_order":0,"comment_status":"closed","ping_status":"closed","template":"","meta":{"jetpack_post_was_ever_published":false,"footnotes":""},"class_list":["post-3801","page","type-page","status-publish","hentry"],"yoast_head":"<!-- This site is optimized with the Yoast SEO plugin v26.6 - https:\/\/yoast.com\/wordpress\/plugins\/seo\/ -->\n<title>Thierry DUFRESNE | ALATIS<\/title>\n<meta name=\"robots\" content=\"index, follow, max-snippet:-1, max-image-preview:large, max-video-preview:-1\" \/>\n<link rel=\"canonical\" href=\"https:\/\/alatis.eu\/en\/thierry-dufresne\/\" \/>\n<meta property=\"og:locale\" content=\"en_US\" \/>\n<meta property=\"og:type\" content=\"article\" \/>\n<meta property=\"og:title\" content=\"Thierry DUFRESNE | ALATIS\" \/>\n<meta property=\"og:url\" content=\"https:\/\/alatis.eu\/en\/thierry-dufresne\/\" \/>\n<meta property=\"og:site_name\" content=\"ALATIS\" \/>\n<meta property=\"article:publisher\" content=\"https:\/\/www.facebook.com\/alatis.eu\/\" \/>\n<meta property=\"article:modified_time\" content=\"2025-11-20T13:02:09+00:00\" \/>\n<meta name=\"twitter:card\" content=\"summary_large_image\" \/>\n<meta name=\"twitter:site\" content=\"@alatis_eu\" \/>\n<meta name=\"twitter:label1\" content=\"Est. reading time\" \/>\n\t<meta name=\"twitter:data1\" content=\"2 minutes\" \/>\n<script type=\"application\/ld+json\" class=\"yoast-schema-graph\">{\"@context\":\"https:\/\/schema.org\",\"@graph\":[{\"@type\":\"WebPage\",\"@id\":\"https:\/\/alatis.eu\/en\/thierry-dufresne\/\",\"url\":\"https:\/\/alatis.eu\/en\/thierry-dufresne\/\",\"name\":\"Thierry DUFRESNE | ALATIS\",\"isPartOf\":{\"@id\":\"https:\/\/alatis.eu\/#website\"},\"datePublished\":\"2021-02-02T10:56:26+00:00\",\"dateModified\":\"2025-11-20T13:02:09+00:00\",\"breadcrumb\":{\"@id\":\"https:\/\/alatis.eu\/en\/thierry-dufresne\/#breadcrumb\"},\"inLanguage\":\"en-US\",\"potentialAction\":[{\"@type\":\"ReadAction\",\"target\":[\"https:\/\/alatis.eu\/en\/thierry-dufresne\/\"]}]},{\"@type\":\"BreadcrumbList\",\"@id\":\"https:\/\/alatis.eu\/en\/thierry-dufresne\/#breadcrumb\",\"itemListElement\":[{\"@type\":\"ListItem\",\"position\":1,\"name\":\"Accueil\",\"item\":\"https:\/\/alatis.eu\/en\/\"},{\"@type\":\"ListItem\",\"position\":2,\"name\":\"Thierry DUFRESNE\"}]},{\"@type\":\"WebSite\",\"@id\":\"https:\/\/alatis.eu\/#website\",\"url\":\"https:\/\/alatis.eu\/\",\"name\":\"ALATIS\",\"description\":\"R\u00e9seau d&#039;experts en propri\u00e9t\u00e9 intellectuelle, multidisciplinaire et pan-europ\u00e9en\",\"potentialAction\":[{\"@type\":\"SearchAction\",\"target\":{\"@type\":\"EntryPoint\",\"urlTemplate\":\"https:\/\/alatis.eu\/?s={search_term_string}\"},\"query-input\":{\"@type\":\"PropertyValueSpecification\",\"valueRequired\":true,\"valueName\":\"search_term_string\"}}],\"inLanguage\":\"en-US\"}]}<\/script>\n<!-- \/ Yoast SEO plugin. -->","yoast_head_json":{"title":"Thierry DUFRESNE | ALATIS","robots":{"index":"index","follow":"follow","max-snippet":"max-snippet:-1","max-image-preview":"max-image-preview:large","max-video-preview":"max-video-preview:-1"},"canonical":"https:\/\/alatis.eu\/en\/thierry-dufresne\/","og_locale":"en_US","og_type":"article","og_title":"Thierry DUFRESNE | ALATIS","og_url":"https:\/\/alatis.eu\/en\/thierry-dufresne\/","og_site_name":"ALATIS","article_publisher":"https:\/\/www.facebook.com\/alatis.eu\/","article_modified_time":"2025-11-20T13:02:09+00:00","twitter_card":"summary_large_image","twitter_site":"@alatis_eu","twitter_misc":{"Est. reading time":"2 minutes"},"schema":{"@context":"https:\/\/schema.org","@graph":[{"@type":"WebPage","@id":"https:\/\/alatis.eu\/en\/thierry-dufresne\/","url":"https:\/\/alatis.eu\/en\/thierry-dufresne\/","name":"Thierry DUFRESNE | ALATIS","isPartOf":{"@id":"https:\/\/alatis.eu\/#website"},"datePublished":"2021-02-02T10:56:26+00:00","dateModified":"2025-11-20T13:02:09+00:00","breadcrumb":{"@id":"https:\/\/alatis.eu\/en\/thierry-dufresne\/#breadcrumb"},"inLanguage":"en-US","potentialAction":[{"@type":"ReadAction","target":["https:\/\/alatis.eu\/en\/thierry-dufresne\/"]}]},{"@type":"BreadcrumbList","@id":"https:\/\/alatis.eu\/en\/thierry-dufresne\/#breadcrumb","itemListElement":[{"@type":"ListItem","position":1,"name":"Accueil","item":"https:\/\/alatis.eu\/en\/"},{"@type":"ListItem","position":2,"name":"Thierry DUFRESNE"}]},{"@type":"WebSite","@id":"https:\/\/alatis.eu\/#website","url":"https:\/\/alatis.eu\/","name":"ALATIS","description":"R\u00e9seau d&#039;experts en propri\u00e9t\u00e9 intellectuelle, multidisciplinaire et pan-europ\u00e9en","potentialAction":[{"@type":"SearchAction","target":{"@type":"EntryPoint","urlTemplate":"https:\/\/alatis.eu\/?s={search_term_string}"},"query-input":{"@type":"PropertyValueSpecification","valueRequired":true,"valueName":"search_term_string"}}],"inLanguage":"en-US"}]}},"jetpack_sharing_enabled":true,"jetpack_shortlink":"https:\/\/wp.me\/P8b6Fp-Zj","jetpack-related-posts":[],"_links":{"self":[{"href":"https:\/\/alatis.eu\/en\/wp-json\/wp\/v2\/pages\/3801","targetHints":{"allow":["GET"]}}],"collection":[{"href":"https:\/\/alatis.eu\/en\/wp-json\/wp\/v2\/pages"}],"about":[{"href":"https:\/\/alatis.eu\/en\/wp-json\/wp\/v2\/types\/page"}],"author":[{"embeddable":true,"href":"https:\/\/alatis.eu\/en\/wp-json\/wp\/v2\/users\/1"}],"replies":[{"embeddable":true,"href":"https:\/\/alatis.eu\/en\/wp-json\/wp\/v2\/comments?post=3801"}],"version-history":[{"count":9,"href":"https:\/\/alatis.eu\/en\/wp-json\/wp\/v2\/pages\/3801\/revisions"}],"predecessor-version":[{"id":6970,"href":"https:\/\/alatis.eu\/en\/wp-json\/wp\/v2\/pages\/3801\/revisions\/6970"}],"wp:attachment":[{"href":"https:\/\/alatis.eu\/en\/wp-json\/wp\/v2\/media?parent=3801"}],"curies":[{"name":"wp","href":"https:\/\/api.w.org\/{rel}","templated":true}]}}