{"id":4410,"date":"2023-05-25T16:10:33","date_gmt":"2023-05-25T14:10:33","guid":{"rendered":"https:\/\/alatis.eu\/meet-the-team\/frederic-gaillarde-2\/"},"modified":"2025-11-20T14:05:54","modified_gmt":"2025-11-20T13:05:54","slug":"frederic-gaillarde-2","status":"publish","type":"page","link":"https:\/\/alatis.eu\/en\/frederic-gaillarde-2\/","title":{"rendered":"Fr\u00e9d\u00e9ric GAILLARDE"},"content":{"rendered":"\n<style type=\"text\/css\" data-created_by=\"avia_inline_auto\" id=\"style-css-av-av_one_fourth-6126cab7d8fab8d08143dd2dacdf673c\">\n.flex_column.av-av_one_fourth-6126cab7d8fab8d08143dd2dacdf673c{\nborder-radius:0px 0px 0px 0px;\npadding:0px 0px 0px 0px;\n}\n<\/style>\n<div  class='flex_column av-av_one_fourth-6126cab7d8fab8d08143dd2dacdf673c av_one_fourth  avia-builder-el-0  el_before_av_three_fourth  avia-builder-el-first  first flex_column_div av-zero-column-padding  '     ><p>\n<style type=\"text\/css\" data-created_by=\"avia_inline_auto\" id=\"style-css-av-mi7g0vtq-55dbf60cb66ab08dd62b83e3fcdd7ebb\">\n.avia-image-container.av-mi7g0vtq-55dbf60cb66ab08dd62b83e3fcdd7ebb img.avia_image{\nbox-shadow:none;\n}\n.avia-image-container.av-mi7g0vtq-55dbf60cb66ab08dd62b83e3fcdd7ebb .av-image-caption-overlay-center{\ncolor:#ffffff;\n}\n<\/style>\n<div  class='avia-image-container av-mi7g0vtq-55dbf60cb66ab08dd62b83e3fcdd7ebb av-styling- av-img-linked avia-align-center  avia-builder-el-1  el_before_av_button_big  avia-builder-el-no-sibling '   itemprop=\"image\" itemscope=\"itemscope\" itemtype=\"https:\/\/schema.org\/ImageObject\" ><div class=\"avia-image-container-inner\"><div class=\"avia-image-overlay-wrap\"><a href=\"https:\/\/alatis.eu\/en\/the-partners\/\" class='avia_image '  aria-label='Fr\u00e9d\u00e9ric GAILLARDE'><img decoding=\"async\" fetchpriority=\"high\" class='wp-image-6611 avia-img-lazy-loading-not-6611 avia_image ' src=\"https:\/\/i0.wp.com\/alatis.eu\/wp-content\/uploads\/2025\/11\/Frederic-GAILLARDE.png?fit=945%2C1053&ssl=1\" alt='' title='Fr\u00e9d\u00e9ric GAILLARDE'  height=\"1053\" width=\"945\"  itemprop=\"thumbnailUrl\" srcset=\"https:\/\/i0.wp.com\/alatis.eu\/wp-content\/uploads\/2025\/11\/Frederic-GAILLARDE.png?w=945&amp;ssl=1 945w, https:\/\/i0.wp.com\/alatis.eu\/wp-content\/uploads\/2025\/11\/Frederic-GAILLARDE.png?resize=269%2C300&amp;ssl=1 269w, https:\/\/i0.wp.com\/alatis.eu\/wp-content\/uploads\/2025\/11\/Frederic-GAILLARDE.png?resize=924%2C1030&amp;ssl=1 924w, https:\/\/i0.wp.com\/alatis.eu\/wp-content\/uploads\/2025\/11\/Frederic-GAILLARDE.png?resize=768%2C856&amp;ssl=1 768w, https:\/\/i0.wp.com\/alatis.eu\/wp-content\/uploads\/2025\/11\/Frederic-GAILLARDE.png?resize=600%2C669&amp;ssl=1 600w, https:\/\/i0.wp.com\/alatis.eu\/wp-content\/uploads\/2025\/11\/Frederic-GAILLARDE.png?resize=633%2C705&amp;ssl=1 633w\" sizes=\"(max-width: 945px) 100vw, 945px\" \/><\/a><\/div><\/div><\/div><br \/>\n<div  class='avia-button-wrap avia-button-center  avia-builder-el-2  el_after_av_image  avia-builder-el-last '>\n<style type=\"text\/css\" data-created_by=\"avia_inline_auto\" id=\"style-css-av-mi7g0fbn-884046287b0eb4d7eeb9eea329ccc4a3\">\n#top #wrap_all .avia-button.av-mi7g0fbn-884046287b0eb4d7eeb9eea329ccc4a3{\nbackground-color:#152699;\nborder-color:#152699;\ntransition:all 0.4s ease-in-out;\nfont-size:17px;\n}\n#top #wrap_all .avia-button.av-mi7g0fbn-884046287b0eb4d7eeb9eea329ccc4a3:hover{\nbackground-color:#94ace0;\ncolor:white;\ntransition:all 0.4s ease-in-out;\n}\n#top #wrap_all .avia-button.av-mi7g0fbn-884046287b0eb4d7eeb9eea329ccc4a3:hover .avia-svg-icon svg:first-child{\nfill:white;\nstroke:white;\n}\n<\/style>\n<a href='' class='avia-font-color-theme-color avia-button avia-button-fullwidth av-mi7g0fbn-884046287b0eb4d7eeb9eea329ccc4a3 avia-icon_select-no avia-color-custom'   aria-label=\"Fr\u00e9d\u00e9ric GAILLARDE\"><span class='avia_iconbox_title' >Fr\u00e9d\u00e9ric GAILLARDE<\/span><\/a><\/div><\/p><\/div>\n\n<style type=\"text\/css\" data-created_by=\"avia_inline_auto\" id=\"style-css-av-av_three_fourth-0aa7055fe62c3622faec82866afbaeb2\">\n.flex_column.av-av_three_fourth-0aa7055fe62c3622faec82866afbaeb2{\nborder-radius:0px 0px 0px 0px;\npadding:0px 0px 0px 0px;\n}\n<\/style>\n<div  class='flex_column av-av_three_fourth-0aa7055fe62c3622faec82866afbaeb2 av_three_fourth  avia-builder-el-3  el_after_av_one_fourth  el_before_av_sidebar  flex_column_div av-zero-column-padding  '     ><style type=\"text\/css\" data-created_by=\"avia_inline_auto\" id=\"style-css-av-av_textblock-04a24c66ecc2413daace6e63a4ac91fd\">\n#top .av_textblock_section.av-av_textblock-04a24c66ecc2413daace6e63a4ac91fd .avia_textblock{\nfont-size:18px;\n}\n<\/style>\n<section  class='av_textblock_section av-av_textblock-04a24c66ecc2413daace6e63a4ac91fd '   itemscope=\"itemscope\" itemtype=\"https:\/\/schema.org\/CreativeWork\" ><div class='avia_textblock'  itemprop=\"text\" ><h1 style=\"text-align: center; text-transform: none;\">Fr\u00e9d\u00e9ric GAILLARDE<\/h1>\n<h2 style=\"text-align: center; text-transform: none;\">French &amp; European Patent Attorney<\/h2>\n<\/div><\/section><br \/>\n<section  class='av_textblock_section av-av_textblock-0366cc7376be6c9e82a3e9cc8987b64f '   itemscope=\"itemscope\" itemtype=\"https:\/\/schema.org\/CreativeWork\" ><div class='avia_textblock'  itemprop=\"text\" ><p>Fr\u00e9d\u00e9ric GAILLARDE graduated as a Civil engineer of Ecole Nationale des Ponts &amp; Chauss\u00e9es of Paris.He also applied for an MBA, CEIPI and Patent Litigator Certificate from the University of Strasbourg.He is an authorized representative before the French and European Patent Offices.Fr\u00e9d\u00e9ric GAILLARDE is also a judicial expert in patents\u00a0before\u00a0the Court of Appeal of Paris, and he has been appointed\u00a0as a\u00a0technically qualified judge\u00a0at\u00a0the Unified Patent Court (UPC).He\u00a0has been\u00a0practicing as a patent attorney since 1997.He was a partner of a large IP firm for more than 10 years, and founded his own IP firm in 2018 before joining the ALATIS network in 2023.He\u00a0advises\u00a0small to medium-size companies, especially in the field of Greentech.<\/p>\n<p>He \u00a0drafts and files patents in France and abroad, and actively defends his clients\u2019 rights in case of infringement.<\/p>\n<p>He has acquired specific experience in financial assessment of patent portfolios, opposition proceedings and patent litigation.<\/p>\n<p>Pour contacter Fr\u00e9d\u00e9ric GAILLARDE :\u00a0<a href=\"mailto:frederic.gaillarde@alatis.eu\">frederic.gaillarde@alatis.eu<\/a><\/p>\n<\/div><\/section><br \/>\n<div  class='avia-button-wrap av-mi7g2k2v-95fcfb17265aa8b69aae192c582290fe-wrap avia-button-center  avia-builder-el-6  el_after_av_textblock  avia-builder-el-last '><a href='https:\/\/alatis.eu\/en\/the-partners\/'  class='avia-button av-mi7g2k2v-95fcfb17265aa8b69aae192c582290fe av-link-btn avia-icon_select-yes-left-icon avia-size-small avia-position-center avia-color-theme-color'   aria-label=\"back\"><span class='avia_button_icon avia_button_icon_left avia-iconfont avia-font-entypo-fontello' data-av_icon='\ue87c' data-av_iconfont='entypo-fontello' ><\/span><span class='avia_iconbox_title' >back<\/span><\/a><\/div><\/p><\/div><\/p>\n","protected":false},"excerpt":{"rendered":"","protected":false},"author":1,"featured_media":0,"parent":0,"menu_order":0,"comment_status":"closed","ping_status":"closed","template":"","meta":{"jetpack_post_was_ever_published":false,"footnotes":""},"class_list":["post-4410","page","type-page","status-publish","hentry"],"yoast_head":"<!-- This site is optimized with the Yoast SEO plugin v26.6 - https:\/\/yoast.com\/wordpress\/plugins\/seo\/ -->\n<title>Fr\u00e9d\u00e9ric GAILLARDE : French &amp; European Patent Attorney<\/title>\n<meta name=\"description\" content=\"Fr\u00e9d\u00e9ric GAILLARDE graduated as a Civil engineer of Ecole Nationale des Ponts &amp; Chauss\u00e9es of Paris.\" \/>\n<meta name=\"robots\" content=\"index, follow, max-snippet:-1, max-image-preview:large, max-video-preview:-1\" \/>\n<link rel=\"canonical\" href=\"https:\/\/alatis.eu\/en\/frederic-gaillarde-2\/\" \/>\n<meta property=\"og:locale\" content=\"en_US\" \/>\n<meta property=\"og:type\" content=\"article\" \/>\n<meta property=\"og:title\" content=\"Fr\u00e9d\u00e9ric GAILLARDE : French &amp; European Patent Attorney\" \/>\n<meta property=\"og:description\" content=\"Fr\u00e9d\u00e9ric GAILLARDE graduated as a Civil engineer of Ecole Nationale des Ponts &amp; Chauss\u00e9es of Paris.\" \/>\n<meta property=\"og:url\" content=\"https:\/\/alatis.eu\/en\/frederic-gaillarde-2\/\" \/>\n<meta property=\"og:site_name\" content=\"ALATIS\" \/>\n<meta property=\"article:publisher\" content=\"https:\/\/www.facebook.com\/alatis.eu\/\" \/>\n<meta property=\"article:modified_time\" content=\"2025-11-20T13:05:54+00:00\" \/>\n<meta name=\"twitter:card\" content=\"summary_large_image\" \/>\n<meta name=\"twitter:site\" content=\"@alatis_eu\" \/>\n<meta name=\"twitter:label1\" content=\"Est. reading time\" \/>\n\t<meta name=\"twitter:data1\" content=\"2 minutes\" \/>\n<script type=\"application\/ld+json\" class=\"yoast-schema-graph\">{\"@context\":\"https:\/\/schema.org\",\"@graph\":[{\"@type\":\"WebPage\",\"@id\":\"https:\/\/alatis.eu\/en\/frederic-gaillarde-2\/\",\"url\":\"https:\/\/alatis.eu\/en\/frederic-gaillarde-2\/\",\"name\":\"Fr\u00e9d\u00e9ric GAILLARDE : French & European Patent Attorney\",\"isPartOf\":{\"@id\":\"https:\/\/alatis.eu\/#website\"},\"datePublished\":\"2023-05-25T14:10:33+00:00\",\"dateModified\":\"2025-11-20T13:05:54+00:00\",\"description\":\"Fr\u00e9d\u00e9ric GAILLARDE graduated as a Civil engineer of Ecole Nationale des Ponts & Chauss\u00e9es of Paris.\",\"breadcrumb\":{\"@id\":\"https:\/\/alatis.eu\/en\/frederic-gaillarde-2\/#breadcrumb\"},\"inLanguage\":\"en-US\",\"potentialAction\":[{\"@type\":\"ReadAction\",\"target\":[\"https:\/\/alatis.eu\/en\/frederic-gaillarde-2\/\"]}]},{\"@type\":\"BreadcrumbList\",\"@id\":\"https:\/\/alatis.eu\/en\/frederic-gaillarde-2\/#breadcrumb\",\"itemListElement\":[{\"@type\":\"ListItem\",\"position\":1,\"name\":\"Accueil\",\"item\":\"https:\/\/alatis.eu\/en\/\"},{\"@type\":\"ListItem\",\"position\":2,\"name\":\"Fr\u00e9d\u00e9ric GAILLARDE\"}]},{\"@type\":\"WebSite\",\"@id\":\"https:\/\/alatis.eu\/#website\",\"url\":\"https:\/\/alatis.eu\/\",\"name\":\"ALATIS\",\"description\":\"R\u00e9seau d&#039;experts en propri\u00e9t\u00e9 intellectuelle, multidisciplinaire et pan-europ\u00e9en\",\"potentialAction\":[{\"@type\":\"SearchAction\",\"target\":{\"@type\":\"EntryPoint\",\"urlTemplate\":\"https:\/\/alatis.eu\/?s={search_term_string}\"},\"query-input\":{\"@type\":\"PropertyValueSpecification\",\"valueRequired\":true,\"valueName\":\"search_term_string\"}}],\"inLanguage\":\"en-US\"}]}<\/script>\n<!-- \/ Yoast SEO plugin. -->","yoast_head_json":{"title":"Fr\u00e9d\u00e9ric GAILLARDE : French & European Patent Attorney","description":"Fr\u00e9d\u00e9ric GAILLARDE graduated as a Civil engineer of Ecole Nationale des Ponts & Chauss\u00e9es of Paris.","robots":{"index":"index","follow":"follow","max-snippet":"max-snippet:-1","max-image-preview":"max-image-preview:large","max-video-preview":"max-video-preview:-1"},"canonical":"https:\/\/alatis.eu\/en\/frederic-gaillarde-2\/","og_locale":"en_US","og_type":"article","og_title":"Fr\u00e9d\u00e9ric GAILLARDE : French & European Patent Attorney","og_description":"Fr\u00e9d\u00e9ric GAILLARDE graduated as a Civil engineer of Ecole Nationale des Ponts & Chauss\u00e9es of Paris.","og_url":"https:\/\/alatis.eu\/en\/frederic-gaillarde-2\/","og_site_name":"ALATIS","article_publisher":"https:\/\/www.facebook.com\/alatis.eu\/","article_modified_time":"2025-11-20T13:05:54+00:00","twitter_card":"summary_large_image","twitter_site":"@alatis_eu","twitter_misc":{"Est. reading time":"2 minutes"},"schema":{"@context":"https:\/\/schema.org","@graph":[{"@type":"WebPage","@id":"https:\/\/alatis.eu\/en\/frederic-gaillarde-2\/","url":"https:\/\/alatis.eu\/en\/frederic-gaillarde-2\/","name":"Fr\u00e9d\u00e9ric GAILLARDE : French & European Patent Attorney","isPartOf":{"@id":"https:\/\/alatis.eu\/#website"},"datePublished":"2023-05-25T14:10:33+00:00","dateModified":"2025-11-20T13:05:54+00:00","description":"Fr\u00e9d\u00e9ric GAILLARDE graduated as a Civil engineer of Ecole Nationale des Ponts & Chauss\u00e9es of Paris.","breadcrumb":{"@id":"https:\/\/alatis.eu\/en\/frederic-gaillarde-2\/#breadcrumb"},"inLanguage":"en-US","potentialAction":[{"@type":"ReadAction","target":["https:\/\/alatis.eu\/en\/frederic-gaillarde-2\/"]}]},{"@type":"BreadcrumbList","@id":"https:\/\/alatis.eu\/en\/frederic-gaillarde-2\/#breadcrumb","itemListElement":[{"@type":"ListItem","position":1,"name":"Accueil","item":"https:\/\/alatis.eu\/en\/"},{"@type":"ListItem","position":2,"name":"Fr\u00e9d\u00e9ric GAILLARDE"}]},{"@type":"WebSite","@id":"https:\/\/alatis.eu\/#website","url":"https:\/\/alatis.eu\/","name":"ALATIS","description":"R\u00e9seau d&#039;experts en propri\u00e9t\u00e9 intellectuelle, multidisciplinaire et pan-europ\u00e9en","potentialAction":[{"@type":"SearchAction","target":{"@type":"EntryPoint","urlTemplate":"https:\/\/alatis.eu\/?s={search_term_string}"},"query-input":{"@type":"PropertyValueSpecification","valueRequired":true,"valueName":"search_term_string"}}],"inLanguage":"en-US"}]}},"jetpack_sharing_enabled":true,"jetpack_shortlink":"https:\/\/wp.me\/P8b6Fp-198","jetpack-related-posts":[],"_links":{"self":[{"href":"https:\/\/alatis.eu\/en\/wp-json\/wp\/v2\/pages\/4410","targetHints":{"allow":["GET"]}}],"collection":[{"href":"https:\/\/alatis.eu\/en\/wp-json\/wp\/v2\/pages"}],"about":[{"href":"https:\/\/alatis.eu\/en\/wp-json\/wp\/v2\/types\/page"}],"author":[{"embeddable":true,"href":"https:\/\/alatis.eu\/en\/wp-json\/wp\/v2\/users\/1"}],"replies":[{"embeddable":true,"href":"https:\/\/alatis.eu\/en\/wp-json\/wp\/v2\/comments?post=4410"}],"version-history":[{"count":8,"href":"https:\/\/alatis.eu\/en\/wp-json\/wp\/v2\/pages\/4410\/revisions"}],"predecessor-version":[{"id":6976,"href":"https:\/\/alatis.eu\/en\/wp-json\/wp\/v2\/pages\/4410\/revisions\/6976"}],"wp:attachment":[{"href":"https:\/\/alatis.eu\/en\/wp-json\/wp\/v2\/media?parent=4410"}],"curies":[{"name":"wp","href":"https:\/\/api.w.org\/{rel}","templated":true}]}}