{"id":5975,"date":"2024-08-13T16:34:12","date_gmt":"2024-08-13T14:34:12","guid":{"rendered":"https:\/\/alatis.eu\/?page_id=5975"},"modified":"2025-11-20T14:27:33","modified_gmt":"2025-11-20T13:27:33","slug":"henri-michel-reynaud","status":"publish","type":"page","link":"https:\/\/alatis.eu\/en\/henri-michel-reynaud\/","title":{"rendered":"Henri Michel REYNAUD"},"content":{"rendered":"\n<style type=\"text\/css\" data-created_by=\"avia_inline_auto\" id=\"style-css-av-9t7qyf-e859c178f7e17a6bc5d7305919203356\">\n.flex_column.av-9t7qyf-e859c178f7e17a6bc5d7305919203356{\nborder-radius:0px 0px 0px 0px;\npadding:0px 0px 0px 0px;\n}\n<\/style>\n<div  class='flex_column av-9t7qyf-e859c178f7e17a6bc5d7305919203356 av_one_fourth  avia-builder-el-0  el_before_av_three_fourth  avia-builder-el-first  first flex_column_div av-zero-column-padding  '     ><p>\n<style type=\"text\/css\" data-created_by=\"avia_inline_auto\" id=\"style-css-av-mi7gtzdw-1d94c519634ff0caa90ddacadfc50d2d\">\n.avia-image-container.av-mi7gtzdw-1d94c519634ff0caa90ddacadfc50d2d img.avia_image{\nbox-shadow:none;\n}\n.avia-image-container.av-mi7gtzdw-1d94c519634ff0caa90ddacadfc50d2d .av-image-caption-overlay-center{\ncolor:#ffffff;\n}\n<\/style>\n<div  class='avia-image-container av-mi7gtzdw-1d94c519634ff0caa90ddacadfc50d2d av-styling- av-img-linked avia-align-center  avia-builder-el-1  el_before_av_button_big  avia-builder-el-no-sibling '   itemprop=\"image\" itemscope=\"itemscope\" itemtype=\"https:\/\/schema.org\/ImageObject\" ><div class=\"avia-image-container-inner\"><div class=\"avia-image-overlay-wrap\"><a href=\"https:\/\/alatis.eu\/en\/the-partners\/\" class='avia_image '  aria-label='Henri Michel REYNAUD'><img decoding=\"async\" fetchpriority=\"high\" class='wp-image-6615 avia-img-lazy-loading-not-6615 avia_image ' src=\"https:\/\/i0.wp.com\/alatis.eu\/wp-content\/uploads\/2025\/11\/Henri-Michel-REYNAUD.png?fit=945%2C1053&ssl=1\" alt='' title='Henri Michel REYNAUD'  height=\"1053\" width=\"945\"  itemprop=\"thumbnailUrl\" srcset=\"https:\/\/i0.wp.com\/alatis.eu\/wp-content\/uploads\/2025\/11\/Henri-Michel-REYNAUD.png?w=945&amp;ssl=1 945w, https:\/\/i0.wp.com\/alatis.eu\/wp-content\/uploads\/2025\/11\/Henri-Michel-REYNAUD.png?resize=269%2C300&amp;ssl=1 269w, https:\/\/i0.wp.com\/alatis.eu\/wp-content\/uploads\/2025\/11\/Henri-Michel-REYNAUD.png?resize=924%2C1030&amp;ssl=1 924w, https:\/\/i0.wp.com\/alatis.eu\/wp-content\/uploads\/2025\/11\/Henri-Michel-REYNAUD.png?resize=768%2C856&amp;ssl=1 768w, https:\/\/i0.wp.com\/alatis.eu\/wp-content\/uploads\/2025\/11\/Henri-Michel-REYNAUD.png?resize=600%2C669&amp;ssl=1 600w, https:\/\/i0.wp.com\/alatis.eu\/wp-content\/uploads\/2025\/11\/Henri-Michel-REYNAUD.png?resize=633%2C705&amp;ssl=1 633w\" sizes=\"(max-width: 945px) 100vw, 945px\" \/><\/a><\/div><\/div><\/div><br \/>\n<div  class='avia-button-wrap avia-button-center  avia-builder-el-2  el_after_av_image  avia-builder-el-last '>\n<style type=\"text\/css\" data-created_by=\"avia_inline_auto\" id=\"style-css-av-mi7gtgbx-451aa920329f83238713b0ef9d2a429e\">\n#top #wrap_all .avia-button.av-mi7gtgbx-451aa920329f83238713b0ef9d2a429e{\nbackground-color:#152699;\nborder-color:#152699;\ntransition:all 0.4s ease-in-out;\nfont-size:17px;\n}\n#top #wrap_all .avia-button.av-mi7gtgbx-451aa920329f83238713b0ef9d2a429e:hover{\nbackground-color:#94ace0;\ncolor:white;\ntransition:all 0.4s ease-in-out;\n}\n#top #wrap_all .avia-button.av-mi7gtgbx-451aa920329f83238713b0ef9d2a429e:hover .avia-svg-icon svg:first-child{\nfill:white;\nstroke:white;\n}\n<\/style>\n<a href='' class='avia-font-color-theme-color avia-button avia-button-fullwidth av-mi7gtgbx-451aa920329f83238713b0ef9d2a429e avia-icon_select-no avia-color-custom'   aria-label=\"Henri Michel REYNAUD\"><span class='avia_iconbox_title' >Henri Michel REYNAUD<\/span><\/a><\/div><\/p><\/div>\n<style type=\"text\/css\" data-created_by=\"avia_inline_auto\" id=\"style-css-av-701cev-6f8ffde5eb19c769b1725dd1862a9501\">\n.flex_column.av-701cev-6f8ffde5eb19c769b1725dd1862a9501{\nborder-radius:0px 0px 0px 0px;\npadding:0px 0px 0px 0px;\n}\n<\/style>\n<div  class='flex_column av-701cev-6f8ffde5eb19c769b1725dd1862a9501 av_three_fourth  avia-builder-el-3  el_after_av_one_fourth  el_before_av_sidebar  flex_column_div av-zero-column-padding  '     ><style type=\"text\/css\" data-created_by=\"avia_inline_auto\" id=\"style-css-av-lzsiuuj4-c484c548e9c3677a8fa95cefbcba4f28\">\n#top .av_textblock_section.av-lzsiuuj4-c484c548e9c3677a8fa95cefbcba4f28 .avia_textblock{\nfont-size:18px;\n}\n<\/style>\n<section  class='av_textblock_section av-lzsiuuj4-c484c548e9c3677a8fa95cefbcba4f28 '   itemscope=\"itemscope\" itemtype=\"https:\/\/schema.org\/CreativeWork\" ><div class='avia_textblock'  itemprop=\"text\" ><h1 style=\"text-align: center; text-transform: none;\">Henri Michel REYNAUD<\/h1>\n<h2 style=\"text-align: center; text-transform: none;\">Attorney-at-law, Representative before the EUIPO (European trademarks and designs)<\/h2>\n<\/div><\/section><br \/>\n<div  class='hr av-5l5n1z-82023e1846a457c53b8bca0f64d774a5 hr-default  avia-builder-el-5  el_after_av_textblock  el_before_av_textblock '><span class='hr-inner '><span class=\"hr-inner-style\"><\/span><\/span><\/div><br \/>\n<section  class='av_textblock_section av-lzsiwpxl-885a1fa238fb99f5c26a599fc85ab51d '   itemscope=\"itemscope\" itemtype=\"https:\/\/schema.org\/CreativeWork\" ><div class='avia_textblock'  itemprop=\"text\" ><p style=\"text-align: justify;\">Henri Michel REYNAUD began his career 26 years ago with a renowned Parisian firm of Industrial Property Attorneys, before becoming a lawyer after 8 years&#8217; experience as an IP attorney.<br \/>\nHe then joined Cabinet SARRUT, founded in 1946 by Jean SARRUT, Jean MONNET&#8217;s right-hand man, and developed the Intellectual Property department in 2005.<br \/>\nA partner in the firm the following year, he is an expert in all areas of intellectual property, with a particular taste for new technologies (AI, Blockchain, web 3.0).<br \/>\nHenri Michel REYNAUD taught this subject at the FACO (Facult\u00e9 libre de Droit et d&#8217;Economie-Gestion) for 7 years, wrote numerous articles and gave many lectures in France and abroad.<br \/>\nHe was appointed Intellectual Property expert by the OECD in 2015, and on this occasion gave a series of lectures in Astana, Kazakhstan, as part of the Eurasian Competitiveness Program.<br \/>\nAlthough Henri Michel REYNAUD&#8217;s clients are active in a wide range of industries (pharmaceuticals, transport, luxury goods, agri-foodstuffs, retail), he has also specialized in the protection of well-known brand names, particularly in the arts and cinema.<br \/>\nHis practice encompasses both consulting and litigation.<br \/>\nHenri Michel REYNAUD is a member of several associations:<br \/>\nPTMG\u00a0(Pharmaceutical Trademark Group)<br \/>\nAPRAM\u00a0(Association des praticiens du droit des marques)<br \/>\nMARQUES (Association de praticiens internationaux en mati\u00e8re de Marques)<\/p>\n<p>To contact Henri Michel REYNAUD: hm.reynaud@alatis.eu<\/p>\n<\/div><\/section><br \/>\n<div  class='avia-button-wrap av-3sk3x3-209a995acb016d4860b55b74af06bb8a-wrap avia-button-center  avia-builder-el-7  el_after_av_textblock  avia-builder-el-last '><a href='https:\/\/alatis.eu\/en\/the-partners\/'  class='avia-button av-3sk3x3-209a995acb016d4860b55b74af06bb8a av-link-btn avia-icon_select-yes-left-icon avia-size-small avia-position-center avia-color-theme-color'   aria-label=\"BACK\"><span class='avia_button_icon avia_button_icon_left avia-iconfont avia-font-entypo-fontello' data-av_icon='\ue87c' data-av_iconfont='entypo-fontello' ><\/span><span class='avia_iconbox_title' >BACK<\/span><\/a><\/div><\/p><\/div><\/p>\n\n","protected":false},"excerpt":{"rendered":"","protected":false},"author":1,"featured_media":0,"parent":0,"menu_order":0,"comment_status":"closed","ping_status":"closed","template":"","meta":{"jetpack_post_was_ever_published":false,"footnotes":""},"class_list":["post-5975","page","type-page","status-publish","hentry"],"yoast_head":"<!-- This site is optimized with the Yoast SEO plugin v26.6 - https:\/\/yoast.com\/wordpress\/plugins\/seo\/ -->\n<title>Henri Michel REYNAUD | ALATIS<\/title>\n<meta name=\"robots\" content=\"index, follow, max-snippet:-1, max-image-preview:large, max-video-preview:-1\" \/>\n<link rel=\"canonical\" href=\"https:\/\/alatis.eu\/en\/henri-michel-reynaud\/\" \/>\n<meta property=\"og:locale\" content=\"en_US\" \/>\n<meta property=\"og:type\" content=\"article\" \/>\n<meta property=\"og:title\" content=\"Henri Michel REYNAUD | ALATIS\" \/>\n<meta property=\"og:url\" content=\"https:\/\/alatis.eu\/en\/henri-michel-reynaud\/\" \/>\n<meta property=\"og:site_name\" content=\"ALATIS\" \/>\n<meta property=\"article:publisher\" content=\"https:\/\/www.facebook.com\/alatis.eu\/\" \/>\n<meta property=\"article:modified_time\" content=\"2025-11-20T13:27:33+00:00\" \/>\n<meta name=\"twitter:card\" content=\"summary_large_image\" \/>\n<meta name=\"twitter:site\" content=\"@alatis_eu\" \/>\n<meta name=\"twitter:label1\" content=\"Est. reading time\" \/>\n\t<meta name=\"twitter:data1\" content=\"2 minutes\" \/>\n<script type=\"application\/ld+json\" class=\"yoast-schema-graph\">{\"@context\":\"https:\/\/schema.org\",\"@graph\":[{\"@type\":\"WebPage\",\"@id\":\"https:\/\/alatis.eu\/en\/henri-michel-reynaud\/\",\"url\":\"https:\/\/alatis.eu\/en\/henri-michel-reynaud\/\",\"name\":\"Henri Michel REYNAUD | ALATIS\",\"isPartOf\":{\"@id\":\"https:\/\/alatis.eu\/#website\"},\"datePublished\":\"2024-08-13T14:34:12+00:00\",\"dateModified\":\"2025-11-20T13:27:33+00:00\",\"breadcrumb\":{\"@id\":\"https:\/\/alatis.eu\/en\/henri-michel-reynaud\/#breadcrumb\"},\"inLanguage\":\"en-US\",\"potentialAction\":[{\"@type\":\"ReadAction\",\"target\":[\"https:\/\/alatis.eu\/en\/henri-michel-reynaud\/\"]}]},{\"@type\":\"BreadcrumbList\",\"@id\":\"https:\/\/alatis.eu\/en\/henri-michel-reynaud\/#breadcrumb\",\"itemListElement\":[{\"@type\":\"ListItem\",\"position\":1,\"name\":\"Accueil\",\"item\":\"https:\/\/alatis.eu\/en\/\"},{\"@type\":\"ListItem\",\"position\":2,\"name\":\"Henri Michel REYNAUD\"}]},{\"@type\":\"WebSite\",\"@id\":\"https:\/\/alatis.eu\/#website\",\"url\":\"https:\/\/alatis.eu\/\",\"name\":\"ALATIS\",\"description\":\"R\u00e9seau d&#039;experts en propri\u00e9t\u00e9 intellectuelle, multidisciplinaire et pan-europ\u00e9en\",\"potentialAction\":[{\"@type\":\"SearchAction\",\"target\":{\"@type\":\"EntryPoint\",\"urlTemplate\":\"https:\/\/alatis.eu\/?s={search_term_string}\"},\"query-input\":{\"@type\":\"PropertyValueSpecification\",\"valueRequired\":true,\"valueName\":\"search_term_string\"}}],\"inLanguage\":\"en-US\"}]}<\/script>\n<!-- \/ Yoast SEO plugin. -->","yoast_head_json":{"title":"Henri Michel REYNAUD | ALATIS","robots":{"index":"index","follow":"follow","max-snippet":"max-snippet:-1","max-image-preview":"max-image-preview:large","max-video-preview":"max-video-preview:-1"},"canonical":"https:\/\/alatis.eu\/en\/henri-michel-reynaud\/","og_locale":"en_US","og_type":"article","og_title":"Henri Michel REYNAUD | ALATIS","og_url":"https:\/\/alatis.eu\/en\/henri-michel-reynaud\/","og_site_name":"ALATIS","article_publisher":"https:\/\/www.facebook.com\/alatis.eu\/","article_modified_time":"2025-11-20T13:27:33+00:00","twitter_card":"summary_large_image","twitter_site":"@alatis_eu","twitter_misc":{"Est. reading time":"2 minutes"},"schema":{"@context":"https:\/\/schema.org","@graph":[{"@type":"WebPage","@id":"https:\/\/alatis.eu\/en\/henri-michel-reynaud\/","url":"https:\/\/alatis.eu\/en\/henri-michel-reynaud\/","name":"Henri Michel REYNAUD | ALATIS","isPartOf":{"@id":"https:\/\/alatis.eu\/#website"},"datePublished":"2024-08-13T14:34:12+00:00","dateModified":"2025-11-20T13:27:33+00:00","breadcrumb":{"@id":"https:\/\/alatis.eu\/en\/henri-michel-reynaud\/#breadcrumb"},"inLanguage":"en-US","potentialAction":[{"@type":"ReadAction","target":["https:\/\/alatis.eu\/en\/henri-michel-reynaud\/"]}]},{"@type":"BreadcrumbList","@id":"https:\/\/alatis.eu\/en\/henri-michel-reynaud\/#breadcrumb","itemListElement":[{"@type":"ListItem","position":1,"name":"Accueil","item":"https:\/\/alatis.eu\/en\/"},{"@type":"ListItem","position":2,"name":"Henri Michel REYNAUD"}]},{"@type":"WebSite","@id":"https:\/\/alatis.eu\/#website","url":"https:\/\/alatis.eu\/","name":"ALATIS","description":"R\u00e9seau d&#039;experts en propri\u00e9t\u00e9 intellectuelle, multidisciplinaire et pan-europ\u00e9en","potentialAction":[{"@type":"SearchAction","target":{"@type":"EntryPoint","urlTemplate":"https:\/\/alatis.eu\/?s={search_term_string}"},"query-input":{"@type":"PropertyValueSpecification","valueRequired":true,"valueName":"search_term_string"}}],"inLanguage":"en-US"}]}},"jetpack_sharing_enabled":true,"jetpack_shortlink":"https:\/\/wp.me\/P8b6Fp-1yn","jetpack-related-posts":[],"_links":{"self":[{"href":"https:\/\/alatis.eu\/en\/wp-json\/wp\/v2\/pages\/5975","targetHints":{"allow":["GET"]}}],"collection":[{"href":"https:\/\/alatis.eu\/en\/wp-json\/wp\/v2\/pages"}],"about":[{"href":"https:\/\/alatis.eu\/en\/wp-json\/wp\/v2\/types\/page"}],"author":[{"embeddable":true,"href":"https:\/\/alatis.eu\/en\/wp-json\/wp\/v2\/users\/1"}],"replies":[{"embeddable":true,"href":"https:\/\/alatis.eu\/en\/wp-json\/wp\/v2\/comments?post=5975"}],"version-history":[{"count":5,"href":"https:\/\/alatis.eu\/en\/wp-json\/wp\/v2\/pages\/5975\/revisions"}],"predecessor-version":[{"id":6999,"href":"https:\/\/alatis.eu\/en\/wp-json\/wp\/v2\/pages\/5975\/revisions\/6999"}],"wp:attachment":[{"href":"https:\/\/alatis.eu\/en\/wp-json\/wp\/v2\/media?parent=5975"}],"curies":[{"name":"wp","href":"https:\/\/api.w.org\/{rel}","templated":true}]}}