{"id":6061,"date":"2024-10-13T11:24:44","date_gmt":"2024-10-13T09:24:44","guid":{"rendered":"https:\/\/alatis.eu\/?page_id=6061"},"modified":"2025-11-20T14:19:01","modified_gmt":"2025-11-20T13:19:01","slug":"helene-laville-fiorucci","status":"publish","type":"page","link":"https:\/\/alatis.eu\/en\/helene-laville-fiorucci\/","title":{"rendered":"H\u00e9l\u00e8ne LAVILLE FIORUCCI"},"content":{"rendered":"\n<style type=\"text\/css\" data-created_by=\"avia_inline_auto\" id=\"style-css-av-bhge0d-4664b89c125dc29655976ce72faf0a93\">\n.flex_column.av-bhge0d-4664b89c125dc29655976ce72faf0a93{\nborder-radius:0px 0px 0px 0px;\npadding:0px 0px 0px 0px;\n}\n<\/style>\n<div  class='flex_column av-bhge0d-4664b89c125dc29655976ce72faf0a93 av_one_fourth  avia-builder-el-0  el_before_av_three_fourth  avia-builder-el-first  first flex_column_div av-zero-column-padding  '     ><p>\n<style type=\"text\/css\" data-created_by=\"avia_inline_auto\" id=\"style-css-av-mi7ghywg-fe94d61e1541862ed7e8f89c363fa499\">\n.avia-image-container.av-mi7ghywg-fe94d61e1541862ed7e8f89c363fa499 img.avia_image{\nbox-shadow:none;\n}\n.avia-image-container.av-mi7ghywg-fe94d61e1541862ed7e8f89c363fa499 .av-image-caption-overlay-center{\ncolor:#ffffff;\n}\n<\/style>\n<div  class='avia-image-container av-mi7ghywg-fe94d61e1541862ed7e8f89c363fa499 av-styling- av-img-linked avia-align-center  avia-builder-el-1  el_before_av_button_big  avia-builder-el-no-sibling '   itemprop=\"image\" itemscope=\"itemscope\" itemtype=\"https:\/\/schema.org\/ImageObject\" ><div class=\"avia-image-container-inner\"><div class=\"avia-image-overlay-wrap\"><a href=\"https:\/\/alatis.eu\/en\/the-partners\/\" class='avia_image '  aria-label='H\u00e9l\u00e8ne LAVAILLE FIORUCCI'><img decoding=\"async\" fetchpriority=\"high\" class='wp-image-6613 avia-img-lazy-loading-not-6613 avia_image ' src=\"https:\/\/i0.wp.com\/alatis.eu\/wp-content\/uploads\/2025\/11\/Helene-LAVAILLE-FIORUCCI.png?fit=945%2C1053&ssl=1\" alt='' title='H\u00e9l\u00e8ne LAVAILLE FIORUCCI'  height=\"1053\" width=\"945\"  itemprop=\"thumbnailUrl\" srcset=\"https:\/\/i0.wp.com\/alatis.eu\/wp-content\/uploads\/2025\/11\/Helene-LAVAILLE-FIORUCCI.png?w=945&amp;ssl=1 945w, https:\/\/i0.wp.com\/alatis.eu\/wp-content\/uploads\/2025\/11\/Helene-LAVAILLE-FIORUCCI.png?resize=269%2C300&amp;ssl=1 269w, https:\/\/i0.wp.com\/alatis.eu\/wp-content\/uploads\/2025\/11\/Helene-LAVAILLE-FIORUCCI.png?resize=924%2C1030&amp;ssl=1 924w, https:\/\/i0.wp.com\/alatis.eu\/wp-content\/uploads\/2025\/11\/Helene-LAVAILLE-FIORUCCI.png?resize=768%2C856&amp;ssl=1 768w, https:\/\/i0.wp.com\/alatis.eu\/wp-content\/uploads\/2025\/11\/Helene-LAVAILLE-FIORUCCI.png?resize=600%2C669&amp;ssl=1 600w, https:\/\/i0.wp.com\/alatis.eu\/wp-content\/uploads\/2025\/11\/Helene-LAVAILLE-FIORUCCI.png?resize=633%2C705&amp;ssl=1 633w\" sizes=\"(max-width: 945px) 100vw, 945px\" \/><\/a><\/div><\/div><\/div><br \/>\n<div  class='avia-button-wrap avia-button-center  avia-builder-el-2  el_after_av_image  avia-builder-el-last '>\n<style type=\"text\/css\" data-created_by=\"avia_inline_auto\" id=\"style-css-av-mi7ghftl-5c514049c31ac62696ed6334ad4dce26\">\n#top #wrap_all .avia-button.av-mi7ghftl-5c514049c31ac62696ed6334ad4dce26{\nbackground-color:#152699;\nborder-color:#152699;\ntransition:all 0.4s ease-in-out;\nfont-size:17px;\n}\n#top #wrap_all .avia-button.av-mi7ghftl-5c514049c31ac62696ed6334ad4dce26:hover{\nbackground-color:#94ace0;\ncolor:white;\ntransition:all 0.4s ease-in-out;\n}\n#top #wrap_all .avia-button.av-mi7ghftl-5c514049c31ac62696ed6334ad4dce26:hover .avia-svg-icon svg:first-child{\nfill:white;\nstroke:white;\n}\n<\/style>\n<a href='' class='avia-font-color-theme-color avia-button avia-button-fullwidth av-mi7ghftl-5c514049c31ac62696ed6334ad4dce26 avia-icon_select-no avia-color-custom'   aria-label=\"H\u00e9l\u00e8ne LAVAILLE FIORUCCI\"><span class='avia_iconbox_title' >H\u00e9l\u00e8ne LAVAILLE FIORUCCI<\/span><\/a><\/div><\/p><\/div>\n<style type=\"text\/css\" data-created_by=\"avia_inline_auto\" id=\"style-css-av-6ucvd9-30355bfc77e96f5d5a80b271eb64582d\">\n.flex_column.av-6ucvd9-30355bfc77e96f5d5a80b271eb64582d{\nborder-radius:0px 0px 0px 0px;\npadding:0px 0px 0px 0px;\n}\n<\/style>\n<div  class='flex_column av-6ucvd9-30355bfc77e96f5d5a80b271eb64582d av_three_fourth  avia-builder-el-3  el_after_av_one_fourth  el_before_av_sidebar  flex_column_div av-zero-column-padding  '     ><style type=\"text\/css\" data-created_by=\"avia_inline_auto\" id=\"style-css-av-m27dp40i-709abf8e4c28edfb2a06531a00bb4ec3\">\n#top .av_textblock_section.av-m27dp40i-709abf8e4c28edfb2a06531a00bb4ec3 .avia_textblock{\nfont-size:18px;\n}\n<\/style>\n<section  class='av_textblock_section av-m27dp40i-709abf8e4c28edfb2a06531a00bb4ec3 '   itemscope=\"itemscope\" itemtype=\"https:\/\/schema.org\/CreativeWork\" ><div class='avia_textblock'  itemprop=\"text\" ><h1 style=\"text-align: center; text-transform: none;\">European Patent Attorney, US Patent Agent<\/h1>\n<\/div><\/section><br \/>\n<section  class='av_textblock_section av-m27dptdy-12f1f47f2edbb9760b34debbd136330d '   itemscope=\"itemscope\" itemtype=\"https:\/\/schema.org\/CreativeWork\" ><div class='avia_textblock'  itemprop=\"text\" ><p>Helene<span class=\"Apple-converted-space\">\u00a0 <\/span>has over 20 years of experience in intellectual property law. She holds a degree in Pharmacology and Molecular Biology from Polytech Sophia Nice (2002) and a law degree specializing in Patent, Trademark, and Design Laws from CEIPI Strasbourg (2003). She has passed the European Qualifying Examination (EPO, 2006), the French Qualifying Examination (INPI, 2012), and the U.S. Patent Bar (USPTO, 2016).<\/p>\n<p>She has spent a significant portion of her career working <b>in-house within the industry (France and USA)<\/b>, which gives her a deep understanding of <b>R&amp;D processes <\/b>and <b>practical IP strategy<\/b>. This extensive in-house experience allows her to deliver unique value by effectively bridging the gaps between legal expertise, R&amp;D and commercial realities. Her practice focuses on <b>Chemistry, Biotechnology, and Pharmacy<\/b>.<\/p>\n<p>H\u00e9l\u00e8ne accompanies a diverse range of clients, from <b>startups <\/b>to <b>multinational corporations<\/b>, as well as <b>U.S. universities<\/b>, providing strategic IP guidance tailored to their needs.<b><span class=\"Apple-converted-space\">\u00a0<\/span><\/b><\/p>\n<p>She is fluent in English and French.<\/p>\n<p>To contact H\u00e9l\u00e8ne LAVILLE FIORUCCI :\u00a0<a href=\"mailto:helene.fiorucci@alatis.eu\">helene.fiorucci@alatis.eu<\/a><\/p>\n<\/div><\/section><br \/>\n<div  class='avia-button-wrap av-3v1hkt-f85ed8b6b5fff22439749b746ec1adc3-wrap avia-button-center  avia-builder-el-6  el_after_av_textblock  avia-builder-el-last '><a href='https:\/\/alatis.eu\/en\/the-partners\/'  class='avia-button av-3v1hkt-f85ed8b6b5fff22439749b746ec1adc3 av-link-btn avia-icon_select-yes-left-icon avia-size-small avia-position-center avia-color-theme-color'   aria-label=\"BACK\"><span class='avia_button_icon avia_button_icon_left avia-iconfont avia-font-entypo-fontello' data-av_icon='\ue87c' data-av_iconfont='entypo-fontello' ><\/span><span class='avia_iconbox_title' >BACK<\/span><\/a><\/div><\/p><\/div><\/p>\n","protected":false},"excerpt":{"rendered":"","protected":false},"author":1,"featured_media":0,"parent":0,"menu_order":0,"comment_status":"closed","ping_status":"closed","template":"","meta":{"jetpack_post_was_ever_published":false,"footnotes":""},"class_list":["post-6061","page","type-page","status-publish","hentry"],"yoast_head":"<!-- This site is optimized with the Yoast SEO plugin v26.6 - https:\/\/yoast.com\/wordpress\/plugins\/seo\/ -->\n<title>H\u00e9l\u00e8ne LAVILLE FIORUCCI | ALATIS<\/title>\n<meta name=\"robots\" content=\"index, follow, max-snippet:-1, max-image-preview:large, max-video-preview:-1\" \/>\n<link rel=\"canonical\" href=\"https:\/\/alatis.eu\/en\/helene-laville-fiorucci\/\" \/>\n<meta property=\"og:locale\" content=\"en_US\" \/>\n<meta property=\"og:type\" content=\"article\" \/>\n<meta property=\"og:title\" content=\"H\u00e9l\u00e8ne LAVILLE FIORUCCI | ALATIS\" \/>\n<meta property=\"og:url\" content=\"https:\/\/alatis.eu\/en\/helene-laville-fiorucci\/\" \/>\n<meta property=\"og:site_name\" content=\"ALATIS\" \/>\n<meta property=\"article:publisher\" content=\"https:\/\/www.facebook.com\/alatis.eu\/\" \/>\n<meta property=\"article:modified_time\" content=\"2025-11-20T13:19:01+00:00\" \/>\n<meta name=\"twitter:card\" content=\"summary_large_image\" \/>\n<meta name=\"twitter:site\" content=\"@alatis_eu\" \/>\n<meta name=\"twitter:label1\" content=\"Est. reading time\" \/>\n\t<meta name=\"twitter:data1\" content=\"2 minutes\" \/>\n<script type=\"application\/ld+json\" class=\"yoast-schema-graph\">{\"@context\":\"https:\/\/schema.org\",\"@graph\":[{\"@type\":\"WebPage\",\"@id\":\"https:\/\/alatis.eu\/en\/helene-laville-fiorucci\/\",\"url\":\"https:\/\/alatis.eu\/en\/helene-laville-fiorucci\/\",\"name\":\"H\u00e9l\u00e8ne LAVILLE FIORUCCI | ALATIS\",\"isPartOf\":{\"@id\":\"https:\/\/alatis.eu\/#website\"},\"datePublished\":\"2024-10-13T09:24:44+00:00\",\"dateModified\":\"2025-11-20T13:19:01+00:00\",\"breadcrumb\":{\"@id\":\"https:\/\/alatis.eu\/en\/helene-laville-fiorucci\/#breadcrumb\"},\"inLanguage\":\"en-US\",\"potentialAction\":[{\"@type\":\"ReadAction\",\"target\":[\"https:\/\/alatis.eu\/en\/helene-laville-fiorucci\/\"]}]},{\"@type\":\"BreadcrumbList\",\"@id\":\"https:\/\/alatis.eu\/en\/helene-laville-fiorucci\/#breadcrumb\",\"itemListElement\":[{\"@type\":\"ListItem\",\"position\":1,\"name\":\"Accueil\",\"item\":\"https:\/\/alatis.eu\/en\/\"},{\"@type\":\"ListItem\",\"position\":2,\"name\":\"H\u00e9l\u00e8ne LAVILLE FIORUCCI\"}]},{\"@type\":\"WebSite\",\"@id\":\"https:\/\/alatis.eu\/#website\",\"url\":\"https:\/\/alatis.eu\/\",\"name\":\"ALATIS\",\"description\":\"R\u00e9seau d&#039;experts en propri\u00e9t\u00e9 intellectuelle, multidisciplinaire et pan-europ\u00e9en\",\"potentialAction\":[{\"@type\":\"SearchAction\",\"target\":{\"@type\":\"EntryPoint\",\"urlTemplate\":\"https:\/\/alatis.eu\/?s={search_term_string}\"},\"query-input\":{\"@type\":\"PropertyValueSpecification\",\"valueRequired\":true,\"valueName\":\"search_term_string\"}}],\"inLanguage\":\"en-US\"}]}<\/script>\n<!-- \/ Yoast SEO plugin. -->","yoast_head_json":{"title":"H\u00e9l\u00e8ne LAVILLE FIORUCCI | ALATIS","robots":{"index":"index","follow":"follow","max-snippet":"max-snippet:-1","max-image-preview":"max-image-preview:large","max-video-preview":"max-video-preview:-1"},"canonical":"https:\/\/alatis.eu\/en\/helene-laville-fiorucci\/","og_locale":"en_US","og_type":"article","og_title":"H\u00e9l\u00e8ne LAVILLE FIORUCCI | ALATIS","og_url":"https:\/\/alatis.eu\/en\/helene-laville-fiorucci\/","og_site_name":"ALATIS","article_publisher":"https:\/\/www.facebook.com\/alatis.eu\/","article_modified_time":"2025-11-20T13:19:01+00:00","twitter_card":"summary_large_image","twitter_site":"@alatis_eu","twitter_misc":{"Est. reading time":"2 minutes"},"schema":{"@context":"https:\/\/schema.org","@graph":[{"@type":"WebPage","@id":"https:\/\/alatis.eu\/en\/helene-laville-fiorucci\/","url":"https:\/\/alatis.eu\/en\/helene-laville-fiorucci\/","name":"H\u00e9l\u00e8ne LAVILLE FIORUCCI | ALATIS","isPartOf":{"@id":"https:\/\/alatis.eu\/#website"},"datePublished":"2024-10-13T09:24:44+00:00","dateModified":"2025-11-20T13:19:01+00:00","breadcrumb":{"@id":"https:\/\/alatis.eu\/en\/helene-laville-fiorucci\/#breadcrumb"},"inLanguage":"en-US","potentialAction":[{"@type":"ReadAction","target":["https:\/\/alatis.eu\/en\/helene-laville-fiorucci\/"]}]},{"@type":"BreadcrumbList","@id":"https:\/\/alatis.eu\/en\/helene-laville-fiorucci\/#breadcrumb","itemListElement":[{"@type":"ListItem","position":1,"name":"Accueil","item":"https:\/\/alatis.eu\/en\/"},{"@type":"ListItem","position":2,"name":"H\u00e9l\u00e8ne LAVILLE FIORUCCI"}]},{"@type":"WebSite","@id":"https:\/\/alatis.eu\/#website","url":"https:\/\/alatis.eu\/","name":"ALATIS","description":"R\u00e9seau d&#039;experts en propri\u00e9t\u00e9 intellectuelle, multidisciplinaire et pan-europ\u00e9en","potentialAction":[{"@type":"SearchAction","target":{"@type":"EntryPoint","urlTemplate":"https:\/\/alatis.eu\/?s={search_term_string}"},"query-input":{"@type":"PropertyValueSpecification","valueRequired":true,"valueName":"search_term_string"}}],"inLanguage":"en-US"}]}},"jetpack_sharing_enabled":true,"jetpack_shortlink":"https:\/\/wp.me\/P8b6Fp-1zL","jetpack-related-posts":[],"_links":{"self":[{"href":"https:\/\/alatis.eu\/en\/wp-json\/wp\/v2\/pages\/6061","targetHints":{"allow":["GET"]}}],"collection":[{"href":"https:\/\/alatis.eu\/en\/wp-json\/wp\/v2\/pages"}],"about":[{"href":"https:\/\/alatis.eu\/en\/wp-json\/wp\/v2\/types\/page"}],"author":[{"embeddable":true,"href":"https:\/\/alatis.eu\/en\/wp-json\/wp\/v2\/users\/1"}],"replies":[{"embeddable":true,"href":"https:\/\/alatis.eu\/en\/wp-json\/wp\/v2\/comments?post=6061"}],"version-history":[{"count":4,"href":"https:\/\/alatis.eu\/en\/wp-json\/wp\/v2\/pages\/6061\/revisions"}],"predecessor-version":[{"id":6988,"href":"https:\/\/alatis.eu\/en\/wp-json\/wp\/v2\/pages\/6061\/revisions\/6988"}],"wp:attachment":[{"href":"https:\/\/alatis.eu\/en\/wp-json\/wp\/v2\/media?parent=6061"}],"curies":[{"name":"wp","href":"https:\/\/api.w.org\/{rel}","templated":true}]}}