{"id":6293,"date":"2025-02-20T10:44:35","date_gmt":"2025-02-20T09:44:35","guid":{"rendered":"https:\/\/alatis.eu\/?page_id=6293"},"modified":"2025-11-20T14:10:57","modified_gmt":"2025-11-20T13:10:57","slug":"aurelien-huisman","status":"publish","type":"page","link":"https:\/\/alatis.eu\/en\/aurelien-huisman\/","title":{"rendered":"Aur\u00e9lien HUISMAN"},"content":{"rendered":"\n<style type=\"text\/css\" data-created_by=\"avia_inline_auto\" id=\"style-css-av-8wj239-e6fc7d462855dd0f4c56c9fd990caf80\">\n.flex_column.av-8wj239-e6fc7d462855dd0f4c56c9fd990caf80{\nborder-radius:0px 0px 0px 0px;\npadding:0px 0px 0px 0px;\n}\n<\/style>\n<div  class='flex_column av-8wj239-e6fc7d462855dd0f4c56c9fd990caf80 av_one_fourth  avia-builder-el-0  el_before_av_three_fourth  avia-builder-el-first  first flex_column_div av-zero-column-padding  '     ><p>\n<style type=\"text\/css\" data-created_by=\"avia_inline_auto\" id=\"style-css-av-mi7g7jgb-9e3327cb65e37a970ee83968ae59ce34\">\n.avia-image-container.av-mi7g7jgb-9e3327cb65e37a970ee83968ae59ce34 img.avia_image{\nbox-shadow:none;\n}\n.avia-image-container.av-mi7g7jgb-9e3327cb65e37a970ee83968ae59ce34 .av-image-caption-overlay-center{\ncolor:#ffffff;\n}\n<\/style>\n<div  class='avia-image-container av-mi7g7jgb-9e3327cb65e37a970ee83968ae59ce34 av-styling- av-img-linked avia-align-center  avia-builder-el-1  el_before_av_button_big  avia-builder-el-no-sibling '   itemprop=\"image\" itemscope=\"itemscope\" itemtype=\"https:\/\/schema.org\/ImageObject\" ><div class=\"avia-image-container-inner\"><div class=\"avia-image-overlay-wrap\"><a href=\"https:\/\/alatis.eu\/en\/the-partners\/\" class='avia_image '  aria-label='Aur\u00e9lien HUISMAN'><img decoding=\"async\" fetchpriority=\"high\" class='wp-image-6607 avia-img-lazy-loading-not-6607 avia_image ' src=\"https:\/\/i0.wp.com\/alatis.eu\/wp-content\/uploads\/2025\/11\/Aurelien-HUISMAN.png?fit=945%2C1053&ssl=1\" alt='' title='Aur\u00e9lien HUISMAN'  height=\"1053\" width=\"945\"  itemprop=\"thumbnailUrl\" srcset=\"https:\/\/i0.wp.com\/alatis.eu\/wp-content\/uploads\/2025\/11\/Aurelien-HUISMAN.png?w=945&amp;ssl=1 945w, https:\/\/i0.wp.com\/alatis.eu\/wp-content\/uploads\/2025\/11\/Aurelien-HUISMAN.png?resize=269%2C300&amp;ssl=1 269w, https:\/\/i0.wp.com\/alatis.eu\/wp-content\/uploads\/2025\/11\/Aurelien-HUISMAN.png?resize=924%2C1030&amp;ssl=1 924w, https:\/\/i0.wp.com\/alatis.eu\/wp-content\/uploads\/2025\/11\/Aurelien-HUISMAN.png?resize=768%2C856&amp;ssl=1 768w, https:\/\/i0.wp.com\/alatis.eu\/wp-content\/uploads\/2025\/11\/Aurelien-HUISMAN.png?resize=600%2C669&amp;ssl=1 600w, https:\/\/i0.wp.com\/alatis.eu\/wp-content\/uploads\/2025\/11\/Aurelien-HUISMAN.png?resize=633%2C705&amp;ssl=1 633w\" sizes=\"(max-width: 945px) 100vw, 945px\" \/><\/a><\/div><\/div><\/div><br \/>\n<div  class='avia-button-wrap avia-button-center  avia-builder-el-2  el_after_av_image  avia-builder-el-last '>\n<style type=\"text\/css\" data-created_by=\"avia_inline_auto\" id=\"style-css-av-mi7g6hq5-870180904f7fa4956e0af7fbae188d67\">\n#top #wrap_all .avia-button.av-mi7g6hq5-870180904f7fa4956e0af7fbae188d67{\nbackground-color:#152699;\nborder-color:#152699;\ntransition:all 0.4s ease-in-out;\nfont-size:17px;\n}\n#top #wrap_all .avia-button.av-mi7g6hq5-870180904f7fa4956e0af7fbae188d67:hover{\nbackground-color:#94ace0;\ncolor:white;\ntransition:all 0.4s ease-in-out;\n}\n#top #wrap_all .avia-button.av-mi7g6hq5-870180904f7fa4956e0af7fbae188d67:hover .avia-svg-icon svg:first-child{\nfill:white;\nstroke:white;\n}\n<\/style>\n<a href='' class='avia-font-color-theme-color avia-button avia-button-fullwidth av-mi7g6hq5-870180904f7fa4956e0af7fbae188d67 avia-icon_select-no avia-color-custom'   aria-label=\"Aur\u00e9lien HUISMAN\"><span class='avia_iconbox_title' >Aur\u00e9lien HUISMAN<\/span><\/a><\/div><\/p><\/div>\n\n<style type=\"text\/css\" data-created_by=\"avia_inline_auto\" id=\"style-css-av-80v0f9-57d6ae3bae7b3ca65f7277b0b76b34dc\">\n.flex_column.av-80v0f9-57d6ae3bae7b3ca65f7277b0b76b34dc{\nborder-radius:0px 0px 0px 0px;\npadding:0px 0px 0px 0px;\n}\n<\/style>\n<div  class='flex_column av-80v0f9-57d6ae3bae7b3ca65f7277b0b76b34dc av_three_fourth  avia-builder-el-3  el_after_av_one_fourth  el_before_av_sidebar  flex_column_div av-zero-column-padding  '     ><style type=\"text\/css\" data-created_by=\"avia_inline_auto\" id=\"style-css-av-m7d5jtwl-4493f118b1e5755e324dc07917500691\">\n#top .av_textblock_section.av-m7d5jtwl-4493f118b1e5755e324dc07917500691 .avia_textblock{\nfont-size:18px;\n}\n<\/style>\n<section  class='av_textblock_section av-m7d5jtwl-4493f118b1e5755e324dc07917500691 '   itemscope=\"itemscope\" itemtype=\"https:\/\/schema.org\/CreativeWork\" ><div class='avia_textblock'  itemprop=\"text\" ><h1 style=\"text-align: center; text-transform: none;\">French &amp; European Patent Attorney &#8211; Representative before the Unified Patent Court (UPC)<\/h1>\n<\/div><\/section><br \/>\n<section  class='av_textblock_section av-m7d5n8u6-76678f98ee53f12a490a0f254385d5df '   itemscope=\"itemscope\" itemtype=\"https:\/\/schema.org\/CreativeWork\" ><div class='avia_textblock'  itemprop=\"text\" ><p><span class=\"Apple-converted-space\">\u00a0<\/span>Aur\u00e9lien HUISMAN holds an engineering degree from the \u00c9cole Sup\u00e9rieure de Physique et de Chimie Industrielles de la Ville de Paris (ESPCI) and a master\u2019s degree in materials science from Imperial College London. He also holds the International Studies Diploma in Intellectual Property with a specialization in &#8220;invention patents&#8221; from the Center for International Intellectual Property Studies (CEIPI) and graduated from the University of Strasbourg in &#8220;Patent Litigation in Europe&#8221;. Aur\u00e9lien is combining a dual expertise in science and law.<br \/>\nAur\u00e9lien HUISMAN began his career in the field of industrial property in 2006 as a patent engineer at renowned consulting firms in Paris. In 2012, he founded NOVITECH, a firm specializing in invention patents, before joining the multidisciplinary international network ALATIS at the end of 2024.<br \/>\nIn addition to his activity as a Patent Attorney, Aur\u00e9lien HUISMAN is a regular lecturer in the accelerated CEIPI program and the training program of the French Association of Industrial Property Specialists (ASPI).<br \/>\nHis expertise caters to a diverse clientele: start-ups, SMEs, and multinational companies operating in various sectors such as electronics, automotive, computer-implemented inventions, optics, medical devices, materials, civil engineering, green technologies, office equipment, industrial processes, packaging, cosmetics, perfumery, robotics, electrical engineering, home automation, and more.<br \/>\nAur\u00e9lien HUISMAN handles all aspects related to patent law in France, Europe, and internationally, including:<br \/>\nAcquisition of rights: Developing protection strategies, patentability analyses, drafting patent applications, and managing procedures in various legal frameworks.<br \/>\nExploitation of rights: Negotiating and drafting contracts (assignments, licenses, research partnerships, co-development) at both national and global levels.<br \/>\nDefense of rights: Managing complex litigation, including oppositions (before the EPO and INPI), infringement or validity disputes, as well as issues related to employee inventions.<br \/>\nStrategic support: Establishing internal monitoring procedures, identifying and declaring inventions, managing employee inventor compensation, with a vision that incorporates international intellectual property challenges.<\/p>\n<p>To contact Aur\u00e9lien HUISMAN :\u00a0<a href=\"mailto:aurelien.huisman@alatis.eu\">aurelien.huisman@alatis.eu<\/a><\/p>\n<\/div><\/section><br \/>\n<div  class='avia-button-wrap av-3t54c5-620c20b5404994de9d037f79cdd73c50-wrap avia-button-center  avia-builder-el-6  el_after_av_textblock  avia-builder-el-last '><a href='https:\/\/alatis.eu\/en\/the-partners\/'  class='avia-button av-3t54c5-620c20b5404994de9d037f79cdd73c50 av-link-btn avia-icon_select-yes-left-icon avia-size-small avia-position-center avia-color-theme-color'   aria-label=\"BACK\"><span class='avia_button_icon avia_button_icon_left avia-iconfont avia-font-entypo-fontello' data-av_icon='\ue87c' data-av_iconfont='entypo-fontello' ><\/span><span class='avia_iconbox_title' >BACK<\/span><\/a><\/div><\/p><\/div><\/p>\n","protected":false},"excerpt":{"rendered":"","protected":false},"author":1,"featured_media":0,"parent":0,"menu_order":0,"comment_status":"closed","ping_status":"closed","template":"","meta":{"jetpack_post_was_ever_published":false,"footnotes":""},"class_list":["post-6293","page","type-page","status-publish","hentry"],"yoast_head":"<!-- This site is optimized with the Yoast SEO plugin v26.6 - https:\/\/yoast.com\/wordpress\/plugins\/seo\/ -->\n<title>Aur\u00e9lien HUISMAN | ALATIS<\/title>\n<meta name=\"robots\" content=\"index, follow, max-snippet:-1, max-image-preview:large, max-video-preview:-1\" \/>\n<link rel=\"canonical\" href=\"https:\/\/alatis.eu\/en\/aurelien-huisman\/\" \/>\n<meta property=\"og:locale\" content=\"en_US\" \/>\n<meta property=\"og:type\" content=\"article\" \/>\n<meta property=\"og:title\" content=\"Aur\u00e9lien HUISMAN | ALATIS\" \/>\n<meta property=\"og:url\" content=\"https:\/\/alatis.eu\/en\/aurelien-huisman\/\" \/>\n<meta property=\"og:site_name\" content=\"ALATIS\" \/>\n<meta property=\"article:publisher\" content=\"https:\/\/www.facebook.com\/alatis.eu\/\" \/>\n<meta property=\"article:modified_time\" content=\"2025-11-20T13:10:57+00:00\" \/>\n<meta name=\"twitter:card\" content=\"summary_large_image\" \/>\n<meta name=\"twitter:site\" content=\"@alatis_eu\" \/>\n<meta name=\"twitter:label1\" content=\"Est. reading time\" \/>\n\t<meta name=\"twitter:data1\" content=\"2 minutes\" \/>\n<script type=\"application\/ld+json\" class=\"yoast-schema-graph\">{\"@context\":\"https:\/\/schema.org\",\"@graph\":[{\"@type\":\"WebPage\",\"@id\":\"https:\/\/alatis.eu\/en\/aurelien-huisman\/\",\"url\":\"https:\/\/alatis.eu\/en\/aurelien-huisman\/\",\"name\":\"Aur\u00e9lien HUISMAN | ALATIS\",\"isPartOf\":{\"@id\":\"https:\/\/alatis.eu\/#website\"},\"datePublished\":\"2025-02-20T09:44:35+00:00\",\"dateModified\":\"2025-11-20T13:10:57+00:00\",\"breadcrumb\":{\"@id\":\"https:\/\/alatis.eu\/en\/aurelien-huisman\/#breadcrumb\"},\"inLanguage\":\"en-US\",\"potentialAction\":[{\"@type\":\"ReadAction\",\"target\":[\"https:\/\/alatis.eu\/en\/aurelien-huisman\/\"]}]},{\"@type\":\"BreadcrumbList\",\"@id\":\"https:\/\/alatis.eu\/en\/aurelien-huisman\/#breadcrumb\",\"itemListElement\":[{\"@type\":\"ListItem\",\"position\":1,\"name\":\"Accueil\",\"item\":\"https:\/\/alatis.eu\/en\/\"},{\"@type\":\"ListItem\",\"position\":2,\"name\":\"Aur\u00e9lien HUISMAN\"}]},{\"@type\":\"WebSite\",\"@id\":\"https:\/\/alatis.eu\/#website\",\"url\":\"https:\/\/alatis.eu\/\",\"name\":\"ALATIS\",\"description\":\"R\u00e9seau d&#039;experts en propri\u00e9t\u00e9 intellectuelle, multidisciplinaire et pan-europ\u00e9en\",\"potentialAction\":[{\"@type\":\"SearchAction\",\"target\":{\"@type\":\"EntryPoint\",\"urlTemplate\":\"https:\/\/alatis.eu\/?s={search_term_string}\"},\"query-input\":{\"@type\":\"PropertyValueSpecification\",\"valueRequired\":true,\"valueName\":\"search_term_string\"}}],\"inLanguage\":\"en-US\"}]}<\/script>\n<!-- \/ Yoast SEO plugin. -->","yoast_head_json":{"title":"Aur\u00e9lien HUISMAN | ALATIS","robots":{"index":"index","follow":"follow","max-snippet":"max-snippet:-1","max-image-preview":"max-image-preview:large","max-video-preview":"max-video-preview:-1"},"canonical":"https:\/\/alatis.eu\/en\/aurelien-huisman\/","og_locale":"en_US","og_type":"article","og_title":"Aur\u00e9lien HUISMAN | ALATIS","og_url":"https:\/\/alatis.eu\/en\/aurelien-huisman\/","og_site_name":"ALATIS","article_publisher":"https:\/\/www.facebook.com\/alatis.eu\/","article_modified_time":"2025-11-20T13:10:57+00:00","twitter_card":"summary_large_image","twitter_site":"@alatis_eu","twitter_misc":{"Est. reading time":"2 minutes"},"schema":{"@context":"https:\/\/schema.org","@graph":[{"@type":"WebPage","@id":"https:\/\/alatis.eu\/en\/aurelien-huisman\/","url":"https:\/\/alatis.eu\/en\/aurelien-huisman\/","name":"Aur\u00e9lien HUISMAN | ALATIS","isPartOf":{"@id":"https:\/\/alatis.eu\/#website"},"datePublished":"2025-02-20T09:44:35+00:00","dateModified":"2025-11-20T13:10:57+00:00","breadcrumb":{"@id":"https:\/\/alatis.eu\/en\/aurelien-huisman\/#breadcrumb"},"inLanguage":"en-US","potentialAction":[{"@type":"ReadAction","target":["https:\/\/alatis.eu\/en\/aurelien-huisman\/"]}]},{"@type":"BreadcrumbList","@id":"https:\/\/alatis.eu\/en\/aurelien-huisman\/#breadcrumb","itemListElement":[{"@type":"ListItem","position":1,"name":"Accueil","item":"https:\/\/alatis.eu\/en\/"},{"@type":"ListItem","position":2,"name":"Aur\u00e9lien HUISMAN"}]},{"@type":"WebSite","@id":"https:\/\/alatis.eu\/#website","url":"https:\/\/alatis.eu\/","name":"ALATIS","description":"R\u00e9seau d&#039;experts en propri\u00e9t\u00e9 intellectuelle, multidisciplinaire et pan-europ\u00e9en","potentialAction":[{"@type":"SearchAction","target":{"@type":"EntryPoint","urlTemplate":"https:\/\/alatis.eu\/?s={search_term_string}"},"query-input":{"@type":"PropertyValueSpecification","valueRequired":true,"valueName":"search_term_string"}}],"inLanguage":"en-US"}]}},"jetpack_sharing_enabled":true,"jetpack_shortlink":"https:\/\/wp.me\/P8b6Fp-1Dv","jetpack-related-posts":[],"_links":{"self":[{"href":"https:\/\/alatis.eu\/en\/wp-json\/wp\/v2\/pages\/6293","targetHints":{"allow":["GET"]}}],"collection":[{"href":"https:\/\/alatis.eu\/en\/wp-json\/wp\/v2\/pages"}],"about":[{"href":"https:\/\/alatis.eu\/en\/wp-json\/wp\/v2\/types\/page"}],"author":[{"embeddable":true,"href":"https:\/\/alatis.eu\/en\/wp-json\/wp\/v2\/users\/1"}],"replies":[{"embeddable":true,"href":"https:\/\/alatis.eu\/en\/wp-json\/wp\/v2\/comments?post=6293"}],"version-history":[{"count":6,"href":"https:\/\/alatis.eu\/en\/wp-json\/wp\/v2\/pages\/6293\/revisions"}],"predecessor-version":[{"id":6980,"href":"https:\/\/alatis.eu\/en\/wp-json\/wp\/v2\/pages\/6293\/revisions\/6980"}],"wp:attachment":[{"href":"https:\/\/alatis.eu\/en\/wp-json\/wp\/v2\/media?parent=6293"}],"curies":[{"name":"wp","href":"https:\/\/api.w.org\/{rel}","templated":true}]}}