{"id":7311,"date":"2025-11-24T12:40:11","date_gmt":"2025-11-24T11:40:11","guid":{"rendered":"https:\/\/alatis.eu\/?page_id=7311"},"modified":"2025-11-24T13:38:09","modified_gmt":"2025-11-24T12:38:09","slug":"business-and-commercial-law","status":"publish","type":"page","link":"https:\/\/alatis.eu\/en\/areas-of-expertise\/business-and-commercial-law\/","title":{"rendered":"BUSINESS AND COMMERCIAL LAW"},"content":{"rendered":"\n<style type=\"text\/css\" data-created_by=\"avia_inline_auto\" id=\"style-css-av-mid2h450-488588984777e846a3fefc112a928b22\">\n#top .av_textblock_section.av-mid2h450-488588984777e846a3fefc112a928b22 .avia_textblock{\nfont-size:26px;\n}\n<\/style>\n<section  class='av_textblock_section av-mid2h450-488588984777e846a3fefc112a928b22 '   itemscope=\"itemscope\" itemtype=\"https:\/\/schema.org\/CreativeWork\" ><div class='avia_textblock'  itemprop=\"text\" ><h1 style=\"text-align: center;\">Our expertise in BUSINESS AND COMMERCIAL LAW.<\/h1>\n<\/div><\/section>\n<div  class='hr av-7ct4db-cda8a5806a219d52bcf56f14815980e3 hr-short  avia-builder-el-1  el_after_av_textblock  el_before_av_one_fourth  hr-center'><span class='hr-inner '><span class=\"hr-inner-style\"><\/span><\/span><\/div>\n\n<style type=\"text\/css\" data-created_by=\"avia_inline_auto\" id=\"style-css-av-5x8zdr-c4486ed6911d8de5a1e1eccd964df018\">\n.flex_column.av-5x8zdr-c4486ed6911d8de5a1e1eccd964df018{\nborder-radius:0px 0px 0px 0px;\npadding:0px 0px 0px 0px;\n}\n<\/style>\n<div  class='flex_column av-5x8zdr-c4486ed6911d8de5a1e1eccd964df018 av_one_fourth  avia-builder-el-2  el_after_av_hr  el_before_av_one_half  first flex_column_div av-zero-column-padding  '     ><\/div>\n\n<style type=\"text\/css\" data-created_by=\"avia_inline_auto\" id=\"style-css-av-4i37db-a8c132c82f3b7973f8654b3f3fa77b96\">\n.flex_column.av-4i37db-a8c132c82f3b7973f8654b3f3fa77b96{\nborder-radius:0px 0px 0px 0px;\npadding:0px 0px 0px 0px;\n}\n<\/style>\n<div  class='flex_column av-4i37db-a8c132c82f3b7973f8654b3f3fa77b96 av_one_half  avia-builder-el-3  el_after_av_one_fourth  el_before_av_one_fourth  flex_column_div av-zero-column-padding  '     ><section  class='av_textblock_section av-mid2rnk3-504ce3fa58026fe6702b7d43b9ad9a77 '   itemscope=\"itemscope\" itemtype=\"https:\/\/schema.org\/CreativeWork\" ><div class='avia_textblock'  itemprop=\"text\" ><ul>\n<li>Are you looking to start your own company and need articles of incorporation ?<\/li>\n<\/ul>\n<ul>\n<li>Are you a consumer in a dispute with a business?<\/li>\n<\/ul>\n<ul>\n<li>Are you experiencing unfair competition from one of your competitors?<\/li>\n<\/ul>\n<ul>\n<li>Do you need to draft and negotiate commercial contracts?<\/li>\n<\/ul>\n<ul>\n<li>Do you want to communicate confidentially with a business partner?<\/li>\n<\/ul>\n<p style=\"text-align: justify;\">Business law governs all your commercial operations and the life of your organization, whether it concerns company law, commercial contracts, tax law, or labor law.<\/p>\n<\/div><\/section><\/div>\n\n<style type=\"text\/css\" data-created_by=\"avia_inline_auto\" id=\"style-css-av-2w9stb-c6ebd2c51681eefd52a2240ee94b8725\">\n.flex_column.av-2w9stb-c6ebd2c51681eefd52a2240ee94b8725{\nborder-radius:0px 0px 0px 0px;\npadding:0px 0px 0px 0px;\n}\n<\/style>\n<div  class='flex_column av-2w9stb-c6ebd2c51681eefd52a2240ee94b8725 av_one_fourth  avia-builder-el-5  el_after_av_one_half  el_before_av_button  flex_column_div av-zero-column-padding  '     ><\/div>\n<div  class='avia-button-wrap av-mid4t5fj-4c79ca681130dee4d75435a2a6872b39-wrap avia-button-center  avia-builder-el-6  el_after_av_one_fourth  avia-builder-el-last '><a href='https:\/\/alatis.eu\/en\/areas-of-expertise\/'  class='avia-button av-mid4t5fj-4c79ca681130dee4d75435a2a6872b39 av-link-btn avia-icon_select-yes-left-icon avia-size-small avia-position-center avia-color-theme-color'   aria-label=\"BACK\"><span class='avia_button_icon avia_button_icon_left avia-iconfont avia-font-entypo-fontello' data-av_icon='\ue87c' data-av_iconfont='entypo-fontello' ><\/span><span class='avia_iconbox_title' >BACK<\/span><\/a><\/div>\n","protected":false},"excerpt":{"rendered":"","protected":false},"author":2,"featured_media":0,"parent":796,"menu_order":0,"comment_status":"closed","ping_status":"closed","template":"","meta":{"jetpack_post_was_ever_published":false,"footnotes":""},"class_list":["post-7311","page","type-page","status-publish","hentry"],"yoast_head":"<!-- This site is optimized with the Yoast SEO plugin v26.6 - https:\/\/yoast.com\/wordpress\/plugins\/seo\/ -->\n<title>Our expertise in copyright | Alatis Network<\/title>\n<meta name=\"description\" content=\"Alatis&#039; Copyrights division supports, advises and defends your trademarks in France, in Switzerland, in the European Union and internationally.\" \/>\n<meta name=\"robots\" content=\"index, follow, max-snippet:-1, max-image-preview:large, max-video-preview:-1\" \/>\n<link rel=\"canonical\" href=\"https:\/\/alatis.eu\/en\/areas-of-expertise\/business-and-commercial-law\/\" \/>\n<meta property=\"og:locale\" content=\"en_US\" \/>\n<meta property=\"og:type\" content=\"article\" \/>\n<meta property=\"og:title\" content=\"Our expertise in copyright | Alatis Network\" \/>\n<meta property=\"og:description\" content=\"Alatis&#039; Copyrights division supports, advises and defends your trademarks in France, in Switzerland, in the European Union and internationally.\" \/>\n<meta property=\"og:url\" content=\"https:\/\/alatis.eu\/en\/areas-of-expertise\/business-and-commercial-law\/\" \/>\n<meta property=\"og:site_name\" content=\"ALATIS\" \/>\n<meta property=\"article:publisher\" content=\"https:\/\/www.facebook.com\/alatis.eu\/\" \/>\n<meta property=\"article:modified_time\" content=\"2025-11-24T12:38:09+00:00\" \/>\n<meta name=\"twitter:card\" content=\"summary_large_image\" \/>\n<meta name=\"twitter:site\" content=\"@alatis_eu\" \/>\n<meta name=\"twitter:label1\" content=\"Est. reading time\" \/>\n\t<meta name=\"twitter:data1\" content=\"1 minute\" \/>\n<script type=\"application\/ld+json\" class=\"yoast-schema-graph\">{\"@context\":\"https:\/\/schema.org\",\"@graph\":[{\"@type\":\"WebPage\",\"@id\":\"https:\/\/alatis.eu\/en\/areas-of-expertise\/business-and-commercial-law\/\",\"url\":\"https:\/\/alatis.eu\/en\/areas-of-expertise\/business-and-commercial-law\/\",\"name\":\"Our expertise in copyright | Alatis Network\",\"isPartOf\":{\"@id\":\"https:\/\/alatis.eu\/#website\"},\"datePublished\":\"2025-11-24T11:40:11+00:00\",\"dateModified\":\"2025-11-24T12:38:09+00:00\",\"description\":\"Alatis' Copyrights division supports, advises and defends your trademarks in France, in Switzerland, in the European Union and internationally.\",\"breadcrumb\":{\"@id\":\"https:\/\/alatis.eu\/en\/areas-of-expertise\/business-and-commercial-law\/#breadcrumb\"},\"inLanguage\":\"en-US\",\"potentialAction\":[{\"@type\":\"ReadAction\",\"target\":[\"https:\/\/alatis.eu\/en\/areas-of-expertise\/business-and-commercial-law\/\"]}]},{\"@type\":\"BreadcrumbList\",\"@id\":\"https:\/\/alatis.eu\/en\/areas-of-expertise\/business-and-commercial-law\/#breadcrumb\",\"itemListElement\":[{\"@type\":\"ListItem\",\"position\":1,\"name\":\"Accueil\",\"item\":\"https:\/\/alatis.eu\/en\/\"},{\"@type\":\"ListItem\",\"position\":2,\"name\":\"OUR AREAS OF EXPERTISE\",\"item\":\"https:\/\/alatis.eu\/en\/areas-of-expertise\/\"},{\"@type\":\"ListItem\",\"position\":3,\"name\":\"BUSINESS AND COMMERCIAL LAW\"}]},{\"@type\":\"WebSite\",\"@id\":\"https:\/\/alatis.eu\/#website\",\"url\":\"https:\/\/alatis.eu\/\",\"name\":\"ALATIS\",\"description\":\"R\u00e9seau d&#039;experts en propri\u00e9t\u00e9 intellectuelle, multidisciplinaire et pan-europ\u00e9en\",\"potentialAction\":[{\"@type\":\"SearchAction\",\"target\":{\"@type\":\"EntryPoint\",\"urlTemplate\":\"https:\/\/alatis.eu\/?s={search_term_string}\"},\"query-input\":{\"@type\":\"PropertyValueSpecification\",\"valueRequired\":true,\"valueName\":\"search_term_string\"}}],\"inLanguage\":\"en-US\"}]}<\/script>\n<!-- \/ Yoast SEO plugin. -->","yoast_head_json":{"title":"Our expertise in copyright | Alatis Network","description":"Alatis' Copyrights division supports, advises and defends your trademarks in France, in Switzerland, in the European Union and internationally.","robots":{"index":"index","follow":"follow","max-snippet":"max-snippet:-1","max-image-preview":"max-image-preview:large","max-video-preview":"max-video-preview:-1"},"canonical":"https:\/\/alatis.eu\/en\/areas-of-expertise\/business-and-commercial-law\/","og_locale":"en_US","og_type":"article","og_title":"Our expertise in copyright | Alatis Network","og_description":"Alatis' Copyrights division supports, advises and defends your trademarks in France, in Switzerland, in the European Union and internationally.","og_url":"https:\/\/alatis.eu\/en\/areas-of-expertise\/business-and-commercial-law\/","og_site_name":"ALATIS","article_publisher":"https:\/\/www.facebook.com\/alatis.eu\/","article_modified_time":"2025-11-24T12:38:09+00:00","twitter_card":"summary_large_image","twitter_site":"@alatis_eu","twitter_misc":{"Est. reading time":"1 minute"},"schema":{"@context":"https:\/\/schema.org","@graph":[{"@type":"WebPage","@id":"https:\/\/alatis.eu\/en\/areas-of-expertise\/business-and-commercial-law\/","url":"https:\/\/alatis.eu\/en\/areas-of-expertise\/business-and-commercial-law\/","name":"Our expertise in copyright | Alatis Network","isPartOf":{"@id":"https:\/\/alatis.eu\/#website"},"datePublished":"2025-11-24T11:40:11+00:00","dateModified":"2025-11-24T12:38:09+00:00","description":"Alatis' Copyrights division supports, advises and defends your trademarks in France, in Switzerland, in the European Union and internationally.","breadcrumb":{"@id":"https:\/\/alatis.eu\/en\/areas-of-expertise\/business-and-commercial-law\/#breadcrumb"},"inLanguage":"en-US","potentialAction":[{"@type":"ReadAction","target":["https:\/\/alatis.eu\/en\/areas-of-expertise\/business-and-commercial-law\/"]}]},{"@type":"BreadcrumbList","@id":"https:\/\/alatis.eu\/en\/areas-of-expertise\/business-and-commercial-law\/#breadcrumb","itemListElement":[{"@type":"ListItem","position":1,"name":"Accueil","item":"https:\/\/alatis.eu\/en\/"},{"@type":"ListItem","position":2,"name":"OUR AREAS OF EXPERTISE","item":"https:\/\/alatis.eu\/en\/areas-of-expertise\/"},{"@type":"ListItem","position":3,"name":"BUSINESS AND COMMERCIAL LAW"}]},{"@type":"WebSite","@id":"https:\/\/alatis.eu\/#website","url":"https:\/\/alatis.eu\/","name":"ALATIS","description":"R\u00e9seau d&#039;experts en propri\u00e9t\u00e9 intellectuelle, multidisciplinaire et pan-europ\u00e9en","potentialAction":[{"@type":"SearchAction","target":{"@type":"EntryPoint","urlTemplate":"https:\/\/alatis.eu\/?s={search_term_string}"},"query-input":{"@type":"PropertyValueSpecification","valueRequired":true,"valueName":"search_term_string"}}],"inLanguage":"en-US"}]}},"jetpack_sharing_enabled":true,"jetpack_shortlink":"https:\/\/wp.me\/P8b6Fp-1TV","jetpack-related-posts":[],"_links":{"self":[{"href":"https:\/\/alatis.eu\/en\/wp-json\/wp\/v2\/pages\/7311","targetHints":{"allow":["GET"]}}],"collection":[{"href":"https:\/\/alatis.eu\/en\/wp-json\/wp\/v2\/pages"}],"about":[{"href":"https:\/\/alatis.eu\/en\/wp-json\/wp\/v2\/types\/page"}],"author":[{"embeddable":true,"href":"https:\/\/alatis.eu\/en\/wp-json\/wp\/v2\/users\/2"}],"replies":[{"embeddable":true,"href":"https:\/\/alatis.eu\/en\/wp-json\/wp\/v2\/comments?post=7311"}],"version-history":[{"count":4,"href":"https:\/\/alatis.eu\/en\/wp-json\/wp\/v2\/pages\/7311\/revisions"}],"predecessor-version":[{"id":7334,"href":"https:\/\/alatis.eu\/en\/wp-json\/wp\/v2\/pages\/7311\/revisions\/7334"}],"up":[{"embeddable":true,"href":"https:\/\/alatis.eu\/en\/wp-json\/wp\/v2\/pages\/796"}],"wp:attachment":[{"href":"https:\/\/alatis.eu\/en\/wp-json\/wp\/v2\/media?parent=7311"}],"curies":[{"name":"wp","href":"https:\/\/api.w.org\/{rel}","templated":true}]}}