{"id":7393,"date":"2025-11-25T14:36:28","date_gmt":"2025-11-25T13:36:28","guid":{"rendered":"https:\/\/alatis.eu\/?page_id=7393"},"modified":"2025-12-30T10:40:42","modified_gmt":"2025-12-30T09:40:42","slug":"news-2","status":"publish","type":"page","link":"https:\/\/alatis.eu\/en\/news-2\/","title":{"rendered":"NEWS"},"content":{"rendered":"\n<style type=\"text\/css\" data-created_by=\"avia_inline_auto\" id=\"style-css-av-3a2ue9-2379944e2d6f4ce8dcde916172571d7b\">\n.flex_column.av-3a2ue9-2379944e2d6f4ce8dcde916172571d7b{\nborder-radius:0px 0px 0px 0px;\npadding:0px 0px 0px 0px;\n}\n<\/style>\n<div  class='flex_column av-3a2ue9-2379944e2d6f4ce8dcde916172571d7b av_one_full  avia-builder-el-0  avia-builder-el-no-sibling  first flex_column_div av-zero-column-padding  '     ><style type=\"text\/css\" data-created_by=\"avia_inline_auto\" id=\"style-css-av-miemcq3a-c35420308f5636af61eda87046d12952\">\n.av_textblock_section.av-miemcq3a-c35420308f5636af61eda87046d12952{\nbackground-color:#ffffff;\n}\n#top .av_textblock_section.av-miemcq3a-c35420308f5636af61eda87046d12952 .avia_textblock{\nfont-size:25px;\n}\n<\/style>\n<section  class='av_textblock_section av-miemcq3a-c35420308f5636af61eda87046d12952 '   itemscope=\"itemscope\" itemtype=\"https:\/\/schema.org\/CreativeWork\" ><div class='avia_textblock av_inherit_color'  itemprop=\"text\" ><h1 style=\"text-align: center;\">NEWS<\/h1>\n<\/div><\/section><br \/>\n<div id='av-masonry-1' class='av-masonry av-miem40y7-7c0aca1b8aea4d5317cdfb585ac1f808 noHover av-fixed-size av-large-gap av-hover-overlay- av-masonry-animation-active av-masonry-col-4 av-caption-always av-caption-style- av-masonry-entries ' data-post_id=\"7393\"><div class=\"av-masonry-container isotope av-js-disabled\"><div class='av-masonry-entry isotope-item av-masonry-item-no-image '><\/div><a href=\"https:\/\/alatis.eu\/en\/margiela-wins-rival-invalidations\/\"  id='av-masonry-1-item-8009' data-av-masonry-item='8009' class='av-masonry-entry isotope-item post-8009 post type-post status-publish format-standard has-post-thumbnail hentry category-intellectual-property  av-masonry-item-with-image' title=\"Tokyo,,Japan,-,July,9,,2025:,Front,Of,A,Maison\"   itemscope=\"itemscope\" itemtype=\"https:\/\/schema.org\/CreativeWork\" ><div class='av-inner-masonry-sizer'><\/div><figure class='av-inner-masonry main_color'><div class=\"av-masonry-outerimage-container\"><div class='av-masonry-image-container' style=\"background-image: url(https:\/\/i0.wp.com\/alatis.eu\/wp-content\/uploads\/2026\/03\/margiela-wins-rival-invalidations-e1774951619634.jpg?fit=705%2C277&ssl=1);\"  title=\"Tokyo,,Japan,-,July,9,,2025:,Front,Of,A,Maison\" ><\/div><\/div><figcaption class='av-inner-masonry-content site-background'><div class='av-inner-masonry-content-pos'><div class='av-inner-masonry-content-pos-content'><div class='avia-arrow'><\/div><h3 class='av-masonry-entry-title entry-title '  itemprop=\"headline\" >Margiela wins rival invalidations over Japanese-inspired split-toe design<\/h3><span class='av-masonry-date meta-color updated'>March 31, 2026<\/span><span class=\"av-masonry-text-sep text-sep-author\">\/<\/span><span class='av-masonry-author meta-color author'><span class='fn'>by ALATIS<\/span><\/span><\/div><\/div><\/figcaption><\/figure><\/a><!--end av-masonry entry--><a href=\"https:\/\/alatis.eu\/en\/the-tabi-design-cases-before-the-euipo\/\"  id='av-masonry-1-item-7997' data-av-masonry-item='7997' class='av-masonry-entry isotope-item post-7997 post type-post status-publish format-standard has-post-thumbnail hentry category-intellectual-property  av-masonry-item-with-image' title=\"Male,Mature,Tailor,Works,In,Luxury,Designer,Atelier,Or,Tailoring\"   itemscope=\"itemscope\" itemtype=\"https:\/\/schema.org\/CreativeWork\" ><div class='av-inner-masonry-sizer'><\/div><figure class='av-inner-masonry main_color'><div class=\"av-masonry-outerimage-container\"><div class='av-masonry-image-container' style=\"background-image: url(https:\/\/i0.wp.com\/alatis.eu\/wp-content\/uploads\/2026\/03\/the-tabi-design-cases-before-the-euipo-2-e1774435564796.jpg?fit=705%2C309&ssl=1);\"  title=\"Male,Mature,Tailor,Works,In,Luxury,Designer,Atelier,Or,Tailoring\" ><\/div><\/div><figcaption class='av-inner-masonry-content site-background'><div class='av-inner-masonry-content-pos'><div class='av-inner-masonry-content-pos-content'><div class='avia-arrow'><\/div><h3 class='av-masonry-entry-title entry-title '  itemprop=\"headline\" >The \u201cTabi\u201d Design Cases before the EUIPO: When Prior Fashion Becomes Prior Art<\/h3><span class='av-masonry-date meta-color updated'>March 24, 2026<\/span><span class=\"av-masonry-text-sep text-sep-author\">\/<\/span><span class='av-masonry-author meta-color author'><span class='fn'>by ALATIS<\/span><\/span><\/div><\/div><\/figcaption><\/figure><\/a><!--end av-masonry entry--><a href=\"https:\/\/alatis.eu\/en\/cigis-new-eu-protection\/\"  id='av-masonry-1-item-7984' data-av-masonry-item='7984' class='av-masonry-entry isotope-item post-7984 post type-post status-publish format-standard has-post-thumbnail hentry category-indication-geographique category-news  av-masonry-item-with-image' title=\"Geospatial,Analyst,-,Cartographer,Using,Tablet,Analyzing,Gis,Lidar,Point\"   itemscope=\"itemscope\" itemtype=\"https:\/\/schema.org\/CreativeWork\" ><div class='av-inner-masonry-sizer'><\/div><figure class='av-inner-masonry main_color'><div class=\"av-masonry-outerimage-container\"><div class='av-masonry-image-container' style=\"background-image: url(https:\/\/i0.wp.com\/alatis.eu\/wp-content\/uploads\/2026\/03\/igpai-nouvelle-protection-europeenne_cut.jpg?fit=560%2C270&ssl=1);\"  title=\"Geospatial,Analyst,-,Cartographer,Using,Tablet,Analyzing,Gis,Lidar,Point\" ><\/div><\/div><figcaption class='av-inner-masonry-content site-background'><div class='av-inner-masonry-content-pos'><div class='av-inner-masonry-content-pos-content'><div class='avia-arrow'><\/div><h3 class='av-masonry-entry-title entry-title '  itemprop=\"headline\" >Geographical Indications for Craft and Industrial Products (CIGIs) : A new EU Protection<\/h3><span class='av-masonry-date meta-color updated'>March 5, 2026<\/span><span class=\"av-masonry-text-sep text-sep-author\">\/<\/span><span class='av-masonry-author meta-color author'><span class='fn'>by ALATIS<\/span><\/span><\/div><\/div><\/figcaption><\/figure><\/a><!--end av-masonry entry--><a href=\"https:\/\/alatis.eu\/en\/new-international-trademark-classification-2026\/\"  id='av-masonry-1-item-7921' data-av-masonry-item='7921' class='av-masonry-entry isotope-item post-7921 post type-post status-publish format-standard has-post-thumbnail hentry category-news  av-masonry-item-with-image' title=\"Digital,File,Structure,Showing,Folder,Organization,,File,Hierarchy,,And,Document\"   itemscope=\"itemscope\" itemtype=\"https:\/\/schema.org\/CreativeWork\" ><div class='av-inner-masonry-sizer'><\/div><figure class='av-inner-masonry main_color'><div class=\"av-masonry-outerimage-container\"><div class='av-masonry-image-container' style=\"background-image: url(https:\/\/i0.wp.com\/alatis.eu\/wp-content\/uploads\/2026\/01\/nouvelle-classification-internationale-des-marques-2026.jpg?fit=705%2C431&ssl=1);\"  title=\"Digital,File,Structure,Showing,Folder,Organization,,File,Hierarchy,,And,Document\" ><\/div><\/div><figcaption class='av-inner-masonry-content site-background'><div class='av-inner-masonry-content-pos'><div class='av-inner-masonry-content-pos-content'><div class='avia-arrow'><\/div><h3 class='av-masonry-entry-title entry-title '  itemprop=\"headline\" >The New International Trademark Classification 2026: Key Takeaways<\/h3><span class='av-masonry-date meta-color updated'>January 23, 2026<\/span><span class=\"av-masonry-text-sep text-sep-author\">\/<\/span><span class='av-masonry-author meta-color author'><span class='fn'>by ALATIS<\/span><\/span><\/div><\/div><\/figcaption><\/figure><\/a><!--end av-masonry entry--><a href=\"https:\/\/alatis.eu\/en\/happy-new-year-2026\/\"  id='av-masonry-1-item-7776' data-av-masonry-item='7776' class='av-masonry-entry isotope-item post-7776 post type-post status-publish format-standard has-post-thumbnail hentry category-news  av-masonry-item-with-image' title=\"voeux 2025\"   itemscope=\"itemscope\" itemtype=\"https:\/\/schema.org\/CreativeWork\" ><div class='av-inner-masonry-sizer'><\/div><figure class='av-inner-masonry main_color'><div class=\"av-masonry-outerimage-container\"><div class='av-masonry-image-container' style=\"background-image: url(https:\/\/i0.wp.com\/alatis.eu\/wp-content\/uploads\/2025\/12\/voeux-2025-e1767003102560.jpg?fit=705%2C319&ssl=1);\"  title=\"voeux 2025\" ><\/div><\/div><figcaption class='av-inner-masonry-content site-background'><div class='av-inner-masonry-content-pos'><div class='av-inner-masonry-content-pos-content'><div class='avia-arrow'><\/div><h3 class='av-masonry-entry-title entry-title '  itemprop=\"headline\" >Happy New Year 2026!<\/h3><span class='av-masonry-date meta-color updated'>December 29, 2025<\/span><span class=\"av-masonry-text-sep text-sep-author\">\/<\/span><span class='av-masonry-author meta-color author'><span class='fn'>by ALATIS<\/span><\/span><\/div><\/div><\/figcaption><\/figure><\/a><!--end av-masonry entry--><a href=\"https:\/\/alatis.eu\/en\/epo-drawings-in-colour-and-greyscale\/\"  id='av-masonry-1-item-6494' data-av-masonry-item='6494' class='av-masonry-entry isotope-item post-6494 post type-post status-publish format-standard has-post-thumbnail hentry category-brevets-en  av-masonry-item-with-image' title=\"Construction,Of,Three-dimensional,Polygons,According,To,The,Rules,Of,Descriptive\"   itemscope=\"itemscope\" itemtype=\"https:\/\/schema.org\/CreativeWork\" ><div class='av-inner-masonry-sizer'><\/div><figure class='av-inner-masonry main_color'><div class=\"av-masonry-outerimage-container\"><div class='av-masonry-image-container' style=\"background-image: url(https:\/\/i0.wp.com\/alatis.eu\/wp-content\/uploads\/2025\/09\/epo-drawings-in-colour-and-greyscale.jpg?fit=705%2C470&ssl=1);\"  title=\"Construction,Of,Three-dimensional,Polygons,According,To,The,Rules,Of,Descriptive\" ><\/div><\/div><figcaption class='av-inner-masonry-content site-background'><div class='av-inner-masonry-content-pos'><div class='av-inner-masonry-content-pos-content'><div class='avia-arrow'><\/div><h3 class='av-masonry-entry-title entry-title '  itemprop=\"headline\" >Notice from the EPO concerning drawings in colour and greyscale<\/h3><span class='av-masonry-date meta-color updated'>September 26, 2025<\/span><span class=\"av-masonry-text-sep text-sep-author\">\/<\/span><span class='av-masonry-author meta-color author'><span class='fn'>by ALATIS<\/span><\/span><\/div><\/div><\/figcaption><\/figure><\/a><!--end av-masonry entry--><a href=\"https:\/\/alatis.eu\/en\/intellectual-property-department-sarrut-avocats-henri-michel-reynaud\/\"  id='av-masonry-1-item-6466' data-av-masonry-item='6466' class='av-masonry-entry isotope-item post-6466 post type-post status-publish format-standard has-post-thumbnail hentry category-temoignages-en  av-masonry-item-with-image' title=\"reynaud\"   itemscope=\"itemscope\" itemtype=\"https:\/\/schema.org\/CreativeWork\" ><div class='av-inner-masonry-sizer'><\/div><figure class='av-inner-masonry main_color'><div class=\"av-masonry-outerimage-container\"><div class='av-masonry-image-container' style=\"background-image: url(https:\/\/i0.wp.com\/alatis.eu\/wp-content\/uploads\/2024\/02\/reynaud.jpg?fit=470%2C705&ssl=1);\"  title=\"reynaud\" ><\/div><\/div><figcaption class='av-inner-masonry-content site-background'><div class='av-inner-masonry-content-pos'><div class='av-inner-masonry-content-pos-content'><div class='avia-arrow'><\/div><h3 class='av-masonry-entry-title entry-title '  itemprop=\"headline\" >ALTA ALATIS PATENT is pleased to announce the integration of the Intellectual Property department of SARRUT AVOCATS, led by Henri Michel REYNAUD<\/h3><span class='av-masonry-date meta-color updated'>September 4, 2025<\/span><span class=\"av-masonry-text-sep text-sep-author\">\/<\/span><span class='av-masonry-author meta-color author'><span class='fn'>by ALATIS<\/span><\/span><\/div><\/div><\/figcaption><\/figure><\/a><!--end av-masonry entry--><a href=\"https:\/\/alatis.eu\/en\/guide-to-trademark-genuine-use-in-the-eu\/\"  id='av-masonry-1-item-6423' data-av-masonry-item='6423' class='av-masonry-entry isotope-item post-6423 post type-post status-publish format-standard has-post-thumbnail hentry category-trademark  av-masonry-item-with-image' title=\"Intellectual,Copyright,Concept.,Patents,And,Intellectual,Property,Protection,Law,And\"   itemscope=\"itemscope\" itemtype=\"https:\/\/schema.org\/CreativeWork\" ><div class='av-inner-masonry-sizer'><\/div><figure class='av-inner-masonry main_color'><div class=\"av-masonry-outerimage-container\"><div class='av-masonry-image-container' style=\"background-image: url(https:\/\/i0.wp.com\/alatis.eu\/wp-content\/uploads\/2025\/07\/guide-to-trademark-genuine-use-in-the-eu.jpg?fit=705%2C470&ssl=1);\"  title=\"Intellectual,Copyright,Concept.,Patents,And,Intellectual,Property,Protection,Law,And\" ><\/div><\/div><figcaption class='av-inner-masonry-content site-background'><div class='av-inner-masonry-content-pos'><div class='av-inner-masonry-content-pos-content'><div class='avia-arrow'><\/div><h3 class='av-masonry-entry-title entry-title '  itemprop=\"headline\" >Your comprehensive guide to trademark genuine use in the EU<\/h3><span class='av-masonry-date meta-color updated'>July 17, 2025<\/span><span class=\"av-masonry-text-sep text-sep-author\">\/<\/span><span class='av-masonry-author meta-color author'><span class='fn'>by ALATIS<\/span><\/span><\/div><\/div><\/figcaption><\/figure><\/a><!--end av-masonry entry--><\/div><a class='av-masonry-pagination av-masonry-load-more' href='#load-more'  data-link='category'  data-term_rel='IN'  data-wc_prod_visible=''  data-wc_prod_hidden='hide'  data-wc_prod_featured=''  data-wc_prod_sale=''  data-prod_order_by=''  data-prod_order=''  data-date_filter=''  data-date_filter_start=''  data-date_filter_end=''  data-date_filter_format='yy\/mm\/dd'  data-period_filter_unit_1='1'  data-period_filter_unit_2='year'  data-page_element_filter=''  data-sort='no'  data-query_orderby='date'  data-query_order='DESC'  data-caption_elements='title'  data-caption_styling=''  data-caption_display='always'  data-img_copyright=''  data-size='fixed'  data-orientation=''  data-image_size='masonry'  data-gap='large'  data-columns='4'  data-av-desktop-columns=''  data-av-medium-columns=''  data-av-small-columns=''  data-av-mini-columns=''  data-items='8'  data-paginate='load_more'  data-color=''  data-custom_bg=''  data-img_copyright_font=''  data-av-desktop-font-img_copyright_font=''  data-av-medium-font-img_copyright_font=''  data-av-small-font-img_copyright_font=''  data-av-mini-font-img_copyright_font=''  data-img_copyright_color=''  data-img_copyright_bg=''  data-animation='active'  data-animation_duration=''  data-animation_custom_bg_color=''  data-animation_custom_bg_color_multi_list=''  data-animation_z_index_curtain='100'  data-overlay_fx=''  data-img_scrset=''  data-lazy_loading='disabled'  data-av-desktop-hide=''  data-av-medium-hide=''  data-av-small-hide=''  data-av-mini-hide=''  data-alb_description=''  data-id=''  data-custom_class=''  data-template_class=''  data-av_uid='av-miem40y7'  data-sc_version='1.0'  data-ids=''  data-action=''  data-post_type='post, page, attachment, revision, nav_menu_item, custom_css, customize_changeset, oembed_cache, user_request, wp_block, wp_template, wp_template_part, wp_global_styles, wp_navigation, wp_font_family, wp_font_face, alb_custom_layout, avia_framework_post, feedback, portfolio, jp_mem_plan, memberships_coupon, memberships_gift, jp_pay_order, jp_pay_product'  data-offset='0'  data-container_links='active'  data-link_dest=''  data-lightbox_text=''  data-container_class='av-masonry-entries'  data-auto_ratio='1.7'  data-set_breadcrumb='1'  data-custom_markup=''  data-taxonomy='category'  data-categories='60,65,71,48,5,70,18'  data-avno='aa3cce3547'>Load more<\/a><\/div><\/p><\/div>\n","protected":false},"excerpt":{"rendered":"","protected":false},"author":2,"featured_media":0,"parent":0,"menu_order":0,"comment_status":"closed","ping_status":"closed","template":"","meta":{"jetpack_post_was_ever_published":false,"footnotes":""},"class_list":["post-7393","page","type-page","status-publish","hentry"],"yoast_head":"<!-- This site is optimized with the Yoast SEO plugin v26.6 - https:\/\/yoast.com\/wordpress\/plugins\/seo\/ -->\n<title>Actualit\u00e9s &amp; Publications sur la Propri\u00e9t\u00e9 Intellectuelle<\/title>\n<meta name=\"description\" content=\"Gr\u00e2ce \u00e0 sa veille juridique r\u00e9guli\u00e8re, ALATIS vous tient inform\u00e9 de toute l&#039;actualit\u00e9 et des publications sur la Propri\u00e9t\u00e9 intellectuelle.\" \/>\n<meta name=\"robots\" content=\"index, follow, max-snippet:-1, max-image-preview:large, max-video-preview:-1\" \/>\n<link rel=\"canonical\" href=\"https:\/\/alatis.eu\/en\/news-2\/\" \/>\n<meta property=\"og:locale\" content=\"en_US\" \/>\n<meta property=\"og:type\" content=\"article\" \/>\n<meta property=\"og:title\" content=\"Actualit\u00e9s &amp; Publications sur la Propri\u00e9t\u00e9 Intellectuelle\" \/>\n<meta property=\"og:description\" content=\"Gr\u00e2ce \u00e0 sa veille juridique r\u00e9guli\u00e8re, ALATIS vous tient inform\u00e9 de toute l&#039;actualit\u00e9 et des publications sur la Propri\u00e9t\u00e9 intellectuelle.\" \/>\n<meta property=\"og:url\" content=\"https:\/\/alatis.eu\/en\/news-2\/\" \/>\n<meta property=\"og:site_name\" content=\"ALATIS\" \/>\n<meta property=\"article:publisher\" content=\"https:\/\/www.facebook.com\/alatis.eu\/\" \/>\n<meta property=\"article:modified_time\" content=\"2025-12-30T09:40:42+00:00\" \/>\n<meta name=\"twitter:card\" content=\"summary_large_image\" \/>\n<meta name=\"twitter:site\" content=\"@alatis_eu\" \/>\n<meta name=\"twitter:label1\" content=\"Est. reading time\" \/>\n\t<meta name=\"twitter:data1\" content=\"1 minute\" \/>\n<script type=\"application\/ld+json\" class=\"yoast-schema-graph\">{\"@context\":\"https:\/\/schema.org\",\"@graph\":[{\"@type\":\"WebPage\",\"@id\":\"https:\/\/alatis.eu\/en\/news-2\/\",\"url\":\"https:\/\/alatis.eu\/en\/news-2\/\",\"name\":\"Actualit\u00e9s & Publications sur la Propri\u00e9t\u00e9 Intellectuelle\",\"isPartOf\":{\"@id\":\"https:\/\/alatis.eu\/#website\"},\"datePublished\":\"2025-11-25T13:36:28+00:00\",\"dateModified\":\"2025-12-30T09:40:42+00:00\",\"description\":\"Gr\u00e2ce \u00e0 sa veille juridique r\u00e9guli\u00e8re, ALATIS vous tient inform\u00e9 de toute l'actualit\u00e9 et des publications sur la Propri\u00e9t\u00e9 intellectuelle.\",\"breadcrumb\":{\"@id\":\"https:\/\/alatis.eu\/en\/news-2\/#breadcrumb\"},\"inLanguage\":\"en-US\",\"potentialAction\":[{\"@type\":\"ReadAction\",\"target\":[\"https:\/\/alatis.eu\/en\/news-2\/\"]}]},{\"@type\":\"BreadcrumbList\",\"@id\":\"https:\/\/alatis.eu\/en\/news-2\/#breadcrumb\",\"itemListElement\":[{\"@type\":\"ListItem\",\"position\":1,\"name\":\"Accueil\",\"item\":\"https:\/\/alatis.eu\/en\/\"},{\"@type\":\"ListItem\",\"position\":2,\"name\":\"NEWS\"}]},{\"@type\":\"WebSite\",\"@id\":\"https:\/\/alatis.eu\/#website\",\"url\":\"https:\/\/alatis.eu\/\",\"name\":\"ALATIS\",\"description\":\"R\u00e9seau d&#039;experts en propri\u00e9t\u00e9 intellectuelle, multidisciplinaire et pan-europ\u00e9en\",\"potentialAction\":[{\"@type\":\"SearchAction\",\"target\":{\"@type\":\"EntryPoint\",\"urlTemplate\":\"https:\/\/alatis.eu\/?s={search_term_string}\"},\"query-input\":{\"@type\":\"PropertyValueSpecification\",\"valueRequired\":true,\"valueName\":\"search_term_string\"}}],\"inLanguage\":\"en-US\"}]}<\/script>\n<!-- \/ Yoast SEO plugin. -->","yoast_head_json":{"title":"Actualit\u00e9s & Publications sur la Propri\u00e9t\u00e9 Intellectuelle","description":"Gr\u00e2ce \u00e0 sa veille juridique r\u00e9guli\u00e8re, ALATIS vous tient inform\u00e9 de toute l'actualit\u00e9 et des publications sur la Propri\u00e9t\u00e9 intellectuelle.","robots":{"index":"index","follow":"follow","max-snippet":"max-snippet:-1","max-image-preview":"max-image-preview:large","max-video-preview":"max-video-preview:-1"},"canonical":"https:\/\/alatis.eu\/en\/news-2\/","og_locale":"en_US","og_type":"article","og_title":"Actualit\u00e9s & Publications sur la Propri\u00e9t\u00e9 Intellectuelle","og_description":"Gr\u00e2ce \u00e0 sa veille juridique r\u00e9guli\u00e8re, ALATIS vous tient inform\u00e9 de toute l'actualit\u00e9 et des publications sur la Propri\u00e9t\u00e9 intellectuelle.","og_url":"https:\/\/alatis.eu\/en\/news-2\/","og_site_name":"ALATIS","article_publisher":"https:\/\/www.facebook.com\/alatis.eu\/","article_modified_time":"2025-12-30T09:40:42+00:00","twitter_card":"summary_large_image","twitter_site":"@alatis_eu","twitter_misc":{"Est. reading time":"1 minute"},"schema":{"@context":"https:\/\/schema.org","@graph":[{"@type":"WebPage","@id":"https:\/\/alatis.eu\/en\/news-2\/","url":"https:\/\/alatis.eu\/en\/news-2\/","name":"Actualit\u00e9s & Publications sur la Propri\u00e9t\u00e9 Intellectuelle","isPartOf":{"@id":"https:\/\/alatis.eu\/#website"},"datePublished":"2025-11-25T13:36:28+00:00","dateModified":"2025-12-30T09:40:42+00:00","description":"Gr\u00e2ce \u00e0 sa veille juridique r\u00e9guli\u00e8re, ALATIS vous tient inform\u00e9 de toute l'actualit\u00e9 et des publications sur la Propri\u00e9t\u00e9 intellectuelle.","breadcrumb":{"@id":"https:\/\/alatis.eu\/en\/news-2\/#breadcrumb"},"inLanguage":"en-US","potentialAction":[{"@type":"ReadAction","target":["https:\/\/alatis.eu\/en\/news-2\/"]}]},{"@type":"BreadcrumbList","@id":"https:\/\/alatis.eu\/en\/news-2\/#breadcrumb","itemListElement":[{"@type":"ListItem","position":1,"name":"Accueil","item":"https:\/\/alatis.eu\/en\/"},{"@type":"ListItem","position":2,"name":"NEWS"}]},{"@type":"WebSite","@id":"https:\/\/alatis.eu\/#website","url":"https:\/\/alatis.eu\/","name":"ALATIS","description":"R\u00e9seau d&#039;experts en propri\u00e9t\u00e9 intellectuelle, multidisciplinaire et pan-europ\u00e9en","potentialAction":[{"@type":"SearchAction","target":{"@type":"EntryPoint","urlTemplate":"https:\/\/alatis.eu\/?s={search_term_string}"},"query-input":{"@type":"PropertyValueSpecification","valueRequired":true,"valueName":"search_term_string"}}],"inLanguage":"en-US"}]}},"jetpack_sharing_enabled":true,"jetpack_shortlink":"https:\/\/wp.me\/P8b6Fp-1Vf","jetpack-related-posts":[],"_links":{"self":[{"href":"https:\/\/alatis.eu\/en\/wp-json\/wp\/v2\/pages\/7393","targetHints":{"allow":["GET"]}}],"collection":[{"href":"https:\/\/alatis.eu\/en\/wp-json\/wp\/v2\/pages"}],"about":[{"href":"https:\/\/alatis.eu\/en\/wp-json\/wp\/v2\/types\/page"}],"author":[{"embeddable":true,"href":"https:\/\/alatis.eu\/en\/wp-json\/wp\/v2\/users\/2"}],"replies":[{"embeddable":true,"href":"https:\/\/alatis.eu\/en\/wp-json\/wp\/v2\/comments?post=7393"}],"version-history":[{"count":6,"href":"https:\/\/alatis.eu\/en\/wp-json\/wp\/v2\/pages\/7393\/revisions"}],"predecessor-version":[{"id":7808,"href":"https:\/\/alatis.eu\/en\/wp-json\/wp\/v2\/pages\/7393\/revisions\/7808"}],"wp:attachment":[{"href":"https:\/\/alatis.eu\/en\/wp-json\/wp\/v2\/media?parent=7393"}],"curies":[{"name":"wp","href":"https:\/\/api.w.org\/{rel}","templated":true}]}}