{"id":7584,"date":"2025-12-10T14:32:55","date_gmt":"2025-12-10T13:32:55","guid":{"rendered":"https:\/\/alatis.eu\/?page_id=7584"},"modified":"2025-12-10T14:54:28","modified_gmt":"2025-12-10T13:54:28","slug":"pierre-bruneau","status":"publish","type":"page","link":"https:\/\/alatis.eu\/en\/pierre-bruneau\/","title":{"rendered":"Pierre BRUNEAU"},"content":{"rendered":"\n<style type=\"text\/css\" data-created_by=\"avia_inline_auto\" id=\"style-css-av-44e8o0-4d86545756cb62498d4f4dc8ea8cb19c\">\n.flex_column.av-44e8o0-4d86545756cb62498d4f4dc8ea8cb19c{\ntransform:scale(1.1);\nz-index:5;\nborder-radius:0px 0px 0px 0px;\npadding:0px 0px 0px 0px;\n}\n<\/style>\n<div  class='flex_column av-44e8o0-4d86545756cb62498d4f4dc8ea8cb19c av_one_fourth  avia-builder-el-0  el_before_av_three_fourth  avia-builder-el-first  first flex_column_div av-zero-column-padding  '     ><p>\n<style type=\"text\/css\" data-created_by=\"avia_inline_auto\" id=\"style-css-av-mj01rdt2-bb104588c3093b4908dafadf9bef720b\">\n.avia-image-container.av-mj01rdt2-bb104588c3093b4908dafadf9bef720b img.avia_image{\nbox-shadow:none;\n}\n.avia-image-container.av-mj01rdt2-bb104588c3093b4908dafadf9bef720b .av-image-caption-overlay-center{\ncolor:#ffffff;\n}\n<\/style>\n<div  class='avia-image-container av-mj01rdt2-bb104588c3093b4908dafadf9bef720b av-styling- avia-align-center  avia-builder-el-1  el_before_av_button_big  avia-builder-el-no-sibling '   itemprop=\"image\" itemscope=\"itemscope\" itemtype=\"https:\/\/schema.org\/ImageObject\" ><div class=\"avia-image-container-inner\"><div class=\"avia-image-overlay-wrap\"><img decoding=\"async\" fetchpriority=\"high\" class='wp-image-7442 avia-img-lazy-loading-not-7442 avia_image ' src=\"https:\/\/i0.wp.com\/alatis.eu\/wp-content\/uploads\/2025\/12\/Pierre-BRUNEAU.png?fit=945%2C1053&ssl=1\" alt='' title='Pierre BRUNEAU'  height=\"1053\" width=\"945\"  itemprop=\"thumbnailUrl\" srcset=\"https:\/\/i0.wp.com\/alatis.eu\/wp-content\/uploads\/2025\/12\/Pierre-BRUNEAU.png?w=945&amp;ssl=1 945w, https:\/\/i0.wp.com\/alatis.eu\/wp-content\/uploads\/2025\/12\/Pierre-BRUNEAU.png?resize=269%2C300&amp;ssl=1 269w, https:\/\/i0.wp.com\/alatis.eu\/wp-content\/uploads\/2025\/12\/Pierre-BRUNEAU.png?resize=924%2C1030&amp;ssl=1 924w, https:\/\/i0.wp.com\/alatis.eu\/wp-content\/uploads\/2025\/12\/Pierre-BRUNEAU.png?resize=768%2C856&amp;ssl=1 768w, https:\/\/i0.wp.com\/alatis.eu\/wp-content\/uploads\/2025\/12\/Pierre-BRUNEAU.png?resize=600%2C669&amp;ssl=1 600w, https:\/\/i0.wp.com\/alatis.eu\/wp-content\/uploads\/2025\/12\/Pierre-BRUNEAU.png?resize=633%2C705&amp;ssl=1 633w\" sizes=\"(max-width: 945px) 100vw, 945px\" \/><\/div><\/div><\/div><br \/>\n<div  class='avia-button-wrap avia-button-center  avia-builder-el-2  el_after_av_image  avia-builder-el-last '>\n<style type=\"text\/css\" data-created_by=\"avia_inline_auto\" id=\"style-css-av-mj01q27l-2ce99d5ac44e4265adde32a4b73b8c7b\">\n#top #wrap_all .avia-button.av-mj01q27l-2ce99d5ac44e4265adde32a4b73b8c7b{\nbackground-color:#152699;\nborder-color:#152699;\ntransition:all 0.4s ease-in-out;\nfont-size:17px;\n}\n#top #wrap_all .avia-button.av-mj01q27l-2ce99d5ac44e4265adde32a4b73b8c7b:hover{\nbackground-color:#94ace0;\ncolor:white;\ntransition:all 0.4s ease-in-out;\n}\n#top #wrap_all .avia-button.av-mj01q27l-2ce99d5ac44e4265adde32a4b73b8c7b:hover .avia-svg-icon svg:first-child{\nfill:white;\nstroke:white;\n}\n<\/style>\n<a href='' class='avia-font-color-theme-color avia-button avia-button-fullwidth av-mj01q27l-2ce99d5ac44e4265adde32a4b73b8c7b avia-icon_select-no avia-color-custom'   aria-label=\"Pierre BRUNEAU\"><span class='avia_iconbox_title' >Pierre BRUNEAU<\/span><\/a><\/div><\/p><\/div>\n\n<style type=\"text\/css\" data-created_by=\"avia_inline_auto\" id=\"style-css-av-27z3ts-e4f5e8a74d8f8a96103ca01f4ad669ea\">\n.flex_column.av-27z3ts-e4f5e8a74d8f8a96103ca01f4ad669ea{\nborder-radius:0px 0px 0px 0px;\npadding:0px 0px 0px 0px;\n}\n<\/style>\n<div  class='flex_column av-27z3ts-e4f5e8a74d8f8a96103ca01f4ad669ea av_three_fourth  avia-builder-el-3  el_after_av_one_fourth  avia-builder-el-last  flex_column_div av-zero-column-padding  '     ><style type=\"text\/css\" data-created_by=\"avia_inline_auto\" id=\"style-css-av-mj01qqgk-b962aed258bb2ee23161f2e2edfb0a61\">\n#top .av_textblock_section.av-mj01qqgk-b962aed258bb2ee23161f2e2edfb0a61 .avia_textblock{\nfont-size:18px;\n}\n<\/style>\n<section  class='av_textblock_section av-mj01qqgk-b962aed258bb2ee23161f2e2edfb0a61 '   itemscope=\"itemscope\" itemtype=\"https:\/\/schema.org\/CreativeWork\" ><div class='avia_textblock'  itemprop=\"text\" ><h1 style=\"text-align: center; text-transform: none;\">Patent Engineer, European Patent Attorney<\/h1>\n<\/div><\/section><br \/>\n<section  class='av_textblock_section av-mj01tlm8-7f9ad493c92b463a84cc967bd3967321 '   itemscope=\"itemscope\" itemtype=\"https:\/\/schema.org\/CreativeWork\" ><div class='avia_textblock'  itemprop=\"text\" ><p><b>Pierre BRUNEAU<\/b> is a European Patent Attorney and a graduate of the Centre for International Intellectual Property Studies (CEIPI), where he earned the Diploma in International Intellectual Property Studies, specializing in patent law. He also holds a Master\u2019s degree in Neuroscience from Sorbonne Universit\u00e9, reflecting his interdisciplinary scientific background spanning biophysics, modeling, and engineering.<\/p>\n<p>He began his career in intellectual property in 2017 by joining NOVITECH, where he currently practices as a patent engineer and European Patent Attorney. His work spans the full spectrum of patent law, both in advisory and contentious matters.<\/p>\n<p>Pierre BRUNEAU works in a wide range of technical fields, with particular expertise in <b>physics, optics, mechanics, electronics, imaging<\/b>, and <b>biomedical devices<\/b>. His early research experience in France (ICM) and the United States (UCLA) allows him to handle complex inventions at the crossroads of life sciences and technology.<\/p>\n<p><b>His work includes<\/b>:<\/p>\n<ul>\n<li><b>Patent acquisition<\/b>: patentability studies, drafting, and prosecution before national and international offices;<\/li>\n<li><b>Rights exploitation<\/b>: licensing, collaboration agreements, IP audits;<\/li>\n<li><b>Rights defense<\/b>: oppositions before the EPO, validity and infringement analyses, FTO opinions.<\/li>\n<\/ul>\n<p>With a sharp analytical mindset and strong adaptability, Pierre BRUNEAU delivers tailored protection strategies aligned with his clients\u2019 technological and business challenges.<\/p>\n<\/div><\/section><br \/>\n<div  class='avia-button-wrap av-mj02m209-e0dd3a0ce1c7f29c62d97952cff7168b-wrap avia-button-center  avia-builder-el-6  el_after_av_textblock  avia-builder-el-last '><a href='https:\/\/alatis.eu\/en\/the-collaborators\/'  class='avia-button av-mj02m209-e0dd3a0ce1c7f29c62d97952cff7168b av-link-btn avia-icon_select-yes-left-icon avia-size-small avia-position-center avia-color-theme-color'   aria-label=\"BACK\"><span class='avia_button_icon avia_button_icon_left avia-iconfont avia-font-entypo-fontello' data-av_icon='\ue87c' data-av_iconfont='entypo-fontello' ><\/span><span class='avia_iconbox_title' >BACK<\/span><\/a><\/div><\/p><\/div>\n","protected":false},"excerpt":{"rendered":"","protected":false},"author":2,"featured_media":0,"parent":0,"menu_order":0,"comment_status":"closed","ping_status":"closed","template":"","meta":{"jetpack_post_was_ever_published":false,"footnotes":""},"class_list":["post-7584","page","type-page","status-publish","hentry"],"yoast_head":"<!-- This site is optimized with the Yoast SEO plugin v26.6 - https:\/\/yoast.com\/wordpress\/plugins\/seo\/ -->\n<title>Pierre BRUNEAU | ALATIS<\/title>\n<meta name=\"robots\" content=\"index, follow, max-snippet:-1, max-image-preview:large, max-video-preview:-1\" \/>\n<link rel=\"canonical\" href=\"https:\/\/alatis.eu\/en\/pierre-bruneau\/\" \/>\n<meta property=\"og:locale\" content=\"en_US\" \/>\n<meta property=\"og:type\" content=\"article\" \/>\n<meta property=\"og:title\" content=\"Pierre BRUNEAU | ALATIS\" \/>\n<meta property=\"og:url\" content=\"https:\/\/alatis.eu\/en\/pierre-bruneau\/\" \/>\n<meta property=\"og:site_name\" content=\"ALATIS\" \/>\n<meta property=\"article:publisher\" content=\"https:\/\/www.facebook.com\/alatis.eu\/\" \/>\n<meta property=\"article:modified_time\" content=\"2025-12-10T13:54:28+00:00\" \/>\n<meta name=\"twitter:card\" content=\"summary_large_image\" \/>\n<meta name=\"twitter:site\" content=\"@alatis_eu\" \/>\n<meta name=\"twitter:label1\" content=\"Est. reading time\" \/>\n\t<meta name=\"twitter:data1\" content=\"2 minutes\" \/>\n<script type=\"application\/ld+json\" class=\"yoast-schema-graph\">{\"@context\":\"https:\/\/schema.org\",\"@graph\":[{\"@type\":\"WebPage\",\"@id\":\"https:\/\/alatis.eu\/en\/pierre-bruneau\/\",\"url\":\"https:\/\/alatis.eu\/en\/pierre-bruneau\/\",\"name\":\"Pierre BRUNEAU | ALATIS\",\"isPartOf\":{\"@id\":\"https:\/\/alatis.eu\/#website\"},\"datePublished\":\"2025-12-10T13:32:55+00:00\",\"dateModified\":\"2025-12-10T13:54:28+00:00\",\"breadcrumb\":{\"@id\":\"https:\/\/alatis.eu\/en\/pierre-bruneau\/#breadcrumb\"},\"inLanguage\":\"en-US\",\"potentialAction\":[{\"@type\":\"ReadAction\",\"target\":[\"https:\/\/alatis.eu\/en\/pierre-bruneau\/\"]}]},{\"@type\":\"BreadcrumbList\",\"@id\":\"https:\/\/alatis.eu\/en\/pierre-bruneau\/#breadcrumb\",\"itemListElement\":[{\"@type\":\"ListItem\",\"position\":1,\"name\":\"Accueil\",\"item\":\"https:\/\/alatis.eu\/en\/\"},{\"@type\":\"ListItem\",\"position\":2,\"name\":\"Pierre BRUNEAU\"}]},{\"@type\":\"WebSite\",\"@id\":\"https:\/\/alatis.eu\/#website\",\"url\":\"https:\/\/alatis.eu\/\",\"name\":\"ALATIS\",\"description\":\"R\u00e9seau d&#039;experts en propri\u00e9t\u00e9 intellectuelle, multidisciplinaire et pan-europ\u00e9en\",\"potentialAction\":[{\"@type\":\"SearchAction\",\"target\":{\"@type\":\"EntryPoint\",\"urlTemplate\":\"https:\/\/alatis.eu\/?s={search_term_string}\"},\"query-input\":{\"@type\":\"PropertyValueSpecification\",\"valueRequired\":true,\"valueName\":\"search_term_string\"}}],\"inLanguage\":\"en-US\"}]}<\/script>\n<!-- \/ Yoast SEO plugin. -->","yoast_head_json":{"title":"Pierre BRUNEAU | ALATIS","robots":{"index":"index","follow":"follow","max-snippet":"max-snippet:-1","max-image-preview":"max-image-preview:large","max-video-preview":"max-video-preview:-1"},"canonical":"https:\/\/alatis.eu\/en\/pierre-bruneau\/","og_locale":"en_US","og_type":"article","og_title":"Pierre BRUNEAU | ALATIS","og_url":"https:\/\/alatis.eu\/en\/pierre-bruneau\/","og_site_name":"ALATIS","article_publisher":"https:\/\/www.facebook.com\/alatis.eu\/","article_modified_time":"2025-12-10T13:54:28+00:00","twitter_card":"summary_large_image","twitter_site":"@alatis_eu","twitter_misc":{"Est. reading time":"2 minutes"},"schema":{"@context":"https:\/\/schema.org","@graph":[{"@type":"WebPage","@id":"https:\/\/alatis.eu\/en\/pierre-bruneau\/","url":"https:\/\/alatis.eu\/en\/pierre-bruneau\/","name":"Pierre BRUNEAU | ALATIS","isPartOf":{"@id":"https:\/\/alatis.eu\/#website"},"datePublished":"2025-12-10T13:32:55+00:00","dateModified":"2025-12-10T13:54:28+00:00","breadcrumb":{"@id":"https:\/\/alatis.eu\/en\/pierre-bruneau\/#breadcrumb"},"inLanguage":"en-US","potentialAction":[{"@type":"ReadAction","target":["https:\/\/alatis.eu\/en\/pierre-bruneau\/"]}]},{"@type":"BreadcrumbList","@id":"https:\/\/alatis.eu\/en\/pierre-bruneau\/#breadcrumb","itemListElement":[{"@type":"ListItem","position":1,"name":"Accueil","item":"https:\/\/alatis.eu\/en\/"},{"@type":"ListItem","position":2,"name":"Pierre BRUNEAU"}]},{"@type":"WebSite","@id":"https:\/\/alatis.eu\/#website","url":"https:\/\/alatis.eu\/","name":"ALATIS","description":"R\u00e9seau d&#039;experts en propri\u00e9t\u00e9 intellectuelle, multidisciplinaire et pan-europ\u00e9en","potentialAction":[{"@type":"SearchAction","target":{"@type":"EntryPoint","urlTemplate":"https:\/\/alatis.eu\/?s={search_term_string}"},"query-input":{"@type":"PropertyValueSpecification","valueRequired":true,"valueName":"search_term_string"}}],"inLanguage":"en-US"}]}},"jetpack_sharing_enabled":true,"jetpack_shortlink":"https:\/\/wp.me\/P8b6Fp-1Yk","jetpack-related-posts":[],"_links":{"self":[{"href":"https:\/\/alatis.eu\/en\/wp-json\/wp\/v2\/pages\/7584","targetHints":{"allow":["GET"]}}],"collection":[{"href":"https:\/\/alatis.eu\/en\/wp-json\/wp\/v2\/pages"}],"about":[{"href":"https:\/\/alatis.eu\/en\/wp-json\/wp\/v2\/types\/page"}],"author":[{"embeddable":true,"href":"https:\/\/alatis.eu\/en\/wp-json\/wp\/v2\/users\/2"}],"replies":[{"embeddable":true,"href":"https:\/\/alatis.eu\/en\/wp-json\/wp\/v2\/comments?post=7584"}],"version-history":[{"count":4,"href":"https:\/\/alatis.eu\/en\/wp-json\/wp\/v2\/pages\/7584\/revisions"}],"predecessor-version":[{"id":7614,"href":"https:\/\/alatis.eu\/en\/wp-json\/wp\/v2\/pages\/7584\/revisions\/7614"}],"wp:attachment":[{"href":"https:\/\/alatis.eu\/en\/wp-json\/wp\/v2\/media?parent=7584"}],"curies":[{"name":"wp","href":"https:\/\/api.w.org\/{rel}","templated":true}]}}