{"id":7595,"date":"2025-12-10T14:42:12","date_gmt":"2025-12-10T13:42:12","guid":{"rendered":"https:\/\/alatis.eu\/?page_id=7595"},"modified":"2025-12-10T14:53:37","modified_gmt":"2025-12-10T13:53:37","slug":"clement-deviers","status":"publish","type":"page","link":"https:\/\/alatis.eu\/en\/clement-deviers\/","title":{"rendered":"Cl\u00e9ment DEVIERS"},"content":{"rendered":"\n<style type=\"text\/css\" data-created_by=\"avia_inline_auto\" id=\"style-css-av-7k1raz-298fdd84b0765af7a7469a3c88755d90\">\n.flex_column.av-7k1raz-298fdd84b0765af7a7469a3c88755d90{\ntransform:scale(1.1);\nz-index:5;\nborder-radius:0px 0px 0px 0px;\npadding:0px 0px 0px 0px;\n}\n<\/style>\n<div  class='flex_column av-7k1raz-298fdd84b0765af7a7469a3c88755d90 av_one_fourth  avia-builder-el-0  el_before_av_three_fourth  avia-builder-el-first  first flex_column_div av-zero-column-padding  '     ><p>\n<style type=\"text\/css\" data-created_by=\"avia_inline_auto\" id=\"style-css-av-mj0262hi-37f959b1bf293714714a05b65c7b4708\">\n.avia-image-container.av-mj0262hi-37f959b1bf293714714a05b65c7b4708 img.avia_image{\nbox-shadow:none;\n}\n.avia-image-container.av-mj0262hi-37f959b1bf293714714a05b65c7b4708 .av-image-caption-overlay-center{\ncolor:#ffffff;\n}\n<\/style>\n<div  class='avia-image-container av-mj0262hi-37f959b1bf293714714a05b65c7b4708 av-styling- avia-align-center  avia-builder-el-1  el_before_av_button_big  avia-builder-el-no-sibling '   itemprop=\"image\" itemscope=\"itemscope\" itemtype=\"https:\/\/schema.org\/ImageObject\" ><div class=\"avia-image-container-inner\"><div class=\"avia-image-overlay-wrap\"><img decoding=\"async\" fetchpriority=\"high\" class='wp-image-7036 avia-img-lazy-loading-not-7036 avia_image ' src=\"https:\/\/i0.wp.com\/alatis.eu\/wp-content\/uploads\/2025\/11\/Clement-Deviens.png?fit=945%2C1053&ssl=1\" alt='' title='Cl\u00e9ment Deviens'  height=\"1053\" width=\"945\"  itemprop=\"thumbnailUrl\" srcset=\"https:\/\/i0.wp.com\/alatis.eu\/wp-content\/uploads\/2025\/11\/Clement-Deviens.png?w=945&amp;ssl=1 945w, https:\/\/i0.wp.com\/alatis.eu\/wp-content\/uploads\/2025\/11\/Clement-Deviens.png?resize=269%2C300&amp;ssl=1 269w, https:\/\/i0.wp.com\/alatis.eu\/wp-content\/uploads\/2025\/11\/Clement-Deviens.png?resize=924%2C1030&amp;ssl=1 924w, https:\/\/i0.wp.com\/alatis.eu\/wp-content\/uploads\/2025\/11\/Clement-Deviens.png?resize=768%2C856&amp;ssl=1 768w, https:\/\/i0.wp.com\/alatis.eu\/wp-content\/uploads\/2025\/11\/Clement-Deviens.png?resize=600%2C669&amp;ssl=1 600w, https:\/\/i0.wp.com\/alatis.eu\/wp-content\/uploads\/2025\/11\/Clement-Deviens.png?resize=633%2C705&amp;ssl=1 633w\" sizes=\"(max-width: 945px) 100vw, 945px\" \/><\/div><\/div><\/div><br \/>\n<div  class='avia-button-wrap avia-button-center  avia-builder-el-2  el_after_av_image  avia-builder-el-last '>\n<style type=\"text\/css\" data-created_by=\"avia_inline_auto\" id=\"style-css-av-mj025hq5-7a869b1e55b4f2b477f51719a9f56a33\">\n#top #wrap_all .avia-button.av-mj025hq5-7a869b1e55b4f2b477f51719a9f56a33{\nbackground-color:#152699;\nborder-color:#152699;\ntransition:all 0.4s ease-in-out;\nfont-size:17px;\n}\n#top #wrap_all .avia-button.av-mj025hq5-7a869b1e55b4f2b477f51719a9f56a33:hover{\nbackground-color:#94ace0;\ncolor:white;\ntransition:all 0.4s ease-in-out;\n}\n#top #wrap_all .avia-button.av-mj025hq5-7a869b1e55b4f2b477f51719a9f56a33:hover .avia-svg-icon svg:first-child{\nfill:white;\nstroke:white;\n}\n<\/style>\n<a href='' class='avia-font-color-theme-color avia-button avia-button-fullwidth av-mj025hq5-7a869b1e55b4f2b477f51719a9f56a33 avia-icon_select-no avia-color-custom'   aria-label=\"Cl\u00e9ment DEVIERS\"><span class='avia_iconbox_title' >Cl\u00e9ment DEVIERS<\/span><\/a><\/div><\/p><\/div>\n\n<style type=\"text\/css\" data-created_by=\"avia_inline_auto\" id=\"style-css-av-5gg4wr-1c8056dfb163f6a82818eaecae91398b\">\n.flex_column.av-5gg4wr-1c8056dfb163f6a82818eaecae91398b{\nborder-radius:0px 0px 0px 0px;\npadding:0px 0px 0px 0px;\n}\n<\/style>\n<div  class='flex_column av-5gg4wr-1c8056dfb163f6a82818eaecae91398b av_three_fourth  avia-builder-el-3  el_after_av_one_fourth  avia-builder-el-last  flex_column_div av-zero-column-padding  '     ><style type=\"text\/css\" data-created_by=\"avia_inline_auto\" id=\"style-css-av-4nwtvv-24a225a3d47b3bf336327a4a77ca8584\">\n#top .av_textblock_section.av-4nwtvv-24a225a3d47b3bf336327a4a77ca8584 .avia_textblock{\nfont-size:18px;\n}\n<\/style>\n<section  class='av_textblock_section av-4nwtvv-24a225a3d47b3bf336327a4a77ca8584 '   itemscope=\"itemscope\" itemtype=\"https:\/\/schema.org\/CreativeWork\" ><div class='avia_textblock'  itemprop=\"text\" ><h1 style=\"text-align: center; text-transform: none;\">Patent Engineer, European Patent Attorney<\/h1>\n<\/div><\/section><br \/>\n<section  class='av_textblock_section av-mj0254qa-eb6b1a7d9f9e196e0b1949bec53095a8 '   itemscope=\"itemscope\" itemtype=\"https:\/\/schema.org\/CreativeWork\" ><div class='avia_textblock'  itemprop=\"text\" ><p>Cl\u00e9ment DEVIERS is a qualified representative before the European Patent Office (EPO) and a Representative before the Unified Patent Court (UPC). He is a generalist patent engineer, holding a dual French-German degree from EPF \u2013 Graduate School of Engineering and the University of Applied Sciences in Munich, specializing in automation and production.<\/p>\n<p>Cl\u00e9ment DEVIERS also has a strong legal background and is a graduate of the Diploma in Intellectual Property from the Centre for International Intellectual Property Studies (CEIPI) in Strasbourg. He holds a Diploma from CEIPI (D.U. Patents &amp; Trademarks) and an LL.M. in Intellectual Property and Competition Law from the Munich Intellectual Property Law Center (MIPLC).<\/p>\n<p>He assists his clients across a wide range of services: patentability studies, freedom-to-operate analyses, due diligence, drafting patent applications, and prosecution in various technical fields, including aeronautics, automotive parts, mechanical engineering, electrical engineering, industrial processes, electrical connectors, and agricultural machinery.<\/p>\n<p>Before joining the ALATIS network, Cl\u00e9ment DEVIERS worked for over seven years as a patent engineer in both private practice and industry, drafting numerous patent applications for renowned clients such as Safran, Airbus, Alstom Grid, and Kuhn. Cl\u00e9ment DEVIERS also worked independently for several years as an entrepreneur specializing in the translation of patent texts and claims between English, German, and French.<\/p>\n<\/div><\/section><br \/>\n<div  class='avia-button-wrap av-mj02l0cc-db0d0ed76d6f423e5a41455ea95d5de8-wrap avia-button-center  avia-builder-el-6  el_after_av_textblock  avia-builder-el-last '><a href='https:\/\/alatis.eu\/en\/the-collaborators\/'  class='avia-button av-mj02l0cc-db0d0ed76d6f423e5a41455ea95d5de8 av-link-btn avia-icon_select-yes-left-icon avia-size-small avia-position-center avia-color-theme-color'   aria-label=\"BACK\"><span class='avia_button_icon avia_button_icon_left avia-iconfont avia-font-entypo-fontello' data-av_icon='\ue87c' data-av_iconfont='entypo-fontello' ><\/span><span class='avia_iconbox_title' >BACK<\/span><\/a><\/div><\/p><\/div>\n","protected":false},"excerpt":{"rendered":"","protected":false},"author":2,"featured_media":0,"parent":0,"menu_order":0,"comment_status":"closed","ping_status":"closed","template":"","meta":{"jetpack_post_was_ever_published":false,"footnotes":""},"class_list":["post-7595","page","type-page","status-publish","hentry"],"yoast_head":"<!-- This site is optimized with the Yoast SEO plugin v26.6 - https:\/\/yoast.com\/wordpress\/plugins\/seo\/ -->\n<title>Cl\u00e9ment DEVIERS | ALATIS<\/title>\n<meta name=\"robots\" content=\"index, follow, max-snippet:-1, max-image-preview:large, max-video-preview:-1\" \/>\n<link rel=\"canonical\" href=\"https:\/\/alatis.eu\/en\/clement-deviers\/\" \/>\n<meta property=\"og:locale\" content=\"en_US\" \/>\n<meta property=\"og:type\" content=\"article\" \/>\n<meta property=\"og:title\" content=\"Cl\u00e9ment DEVIERS | ALATIS\" \/>\n<meta property=\"og:url\" content=\"https:\/\/alatis.eu\/en\/clement-deviers\/\" \/>\n<meta property=\"og:site_name\" content=\"ALATIS\" \/>\n<meta property=\"article:publisher\" content=\"https:\/\/www.facebook.com\/alatis.eu\/\" \/>\n<meta property=\"article:modified_time\" content=\"2025-12-10T13:53:37+00:00\" \/>\n<meta name=\"twitter:card\" content=\"summary_large_image\" \/>\n<meta name=\"twitter:site\" content=\"@alatis_eu\" \/>\n<meta name=\"twitter:label1\" content=\"Est. reading time\" \/>\n\t<meta name=\"twitter:data1\" content=\"2 minutes\" \/>\n<script type=\"application\/ld+json\" class=\"yoast-schema-graph\">{\"@context\":\"https:\/\/schema.org\",\"@graph\":[{\"@type\":\"WebPage\",\"@id\":\"https:\/\/alatis.eu\/en\/clement-deviers\/\",\"url\":\"https:\/\/alatis.eu\/en\/clement-deviers\/\",\"name\":\"Cl\u00e9ment DEVIERS | ALATIS\",\"isPartOf\":{\"@id\":\"https:\/\/alatis.eu\/#website\"},\"datePublished\":\"2025-12-10T13:42:12+00:00\",\"dateModified\":\"2025-12-10T13:53:37+00:00\",\"breadcrumb\":{\"@id\":\"https:\/\/alatis.eu\/en\/clement-deviers\/#breadcrumb\"},\"inLanguage\":\"en-US\",\"potentialAction\":[{\"@type\":\"ReadAction\",\"target\":[\"https:\/\/alatis.eu\/en\/clement-deviers\/\"]}]},{\"@type\":\"BreadcrumbList\",\"@id\":\"https:\/\/alatis.eu\/en\/clement-deviers\/#breadcrumb\",\"itemListElement\":[{\"@type\":\"ListItem\",\"position\":1,\"name\":\"Accueil\",\"item\":\"https:\/\/alatis.eu\/en\/\"},{\"@type\":\"ListItem\",\"position\":2,\"name\":\"Cl\u00e9ment DEVIERS\"}]},{\"@type\":\"WebSite\",\"@id\":\"https:\/\/alatis.eu\/#website\",\"url\":\"https:\/\/alatis.eu\/\",\"name\":\"ALATIS\",\"description\":\"R\u00e9seau d&#039;experts en propri\u00e9t\u00e9 intellectuelle, multidisciplinaire et pan-europ\u00e9en\",\"potentialAction\":[{\"@type\":\"SearchAction\",\"target\":{\"@type\":\"EntryPoint\",\"urlTemplate\":\"https:\/\/alatis.eu\/?s={search_term_string}\"},\"query-input\":{\"@type\":\"PropertyValueSpecification\",\"valueRequired\":true,\"valueName\":\"search_term_string\"}}],\"inLanguage\":\"en-US\"}]}<\/script>\n<!-- \/ Yoast SEO plugin. -->","yoast_head_json":{"title":"Cl\u00e9ment DEVIERS | ALATIS","robots":{"index":"index","follow":"follow","max-snippet":"max-snippet:-1","max-image-preview":"max-image-preview:large","max-video-preview":"max-video-preview:-1"},"canonical":"https:\/\/alatis.eu\/en\/clement-deviers\/","og_locale":"en_US","og_type":"article","og_title":"Cl\u00e9ment DEVIERS | ALATIS","og_url":"https:\/\/alatis.eu\/en\/clement-deviers\/","og_site_name":"ALATIS","article_publisher":"https:\/\/www.facebook.com\/alatis.eu\/","article_modified_time":"2025-12-10T13:53:37+00:00","twitter_card":"summary_large_image","twitter_site":"@alatis_eu","twitter_misc":{"Est. reading time":"2 minutes"},"schema":{"@context":"https:\/\/schema.org","@graph":[{"@type":"WebPage","@id":"https:\/\/alatis.eu\/en\/clement-deviers\/","url":"https:\/\/alatis.eu\/en\/clement-deviers\/","name":"Cl\u00e9ment DEVIERS | ALATIS","isPartOf":{"@id":"https:\/\/alatis.eu\/#website"},"datePublished":"2025-12-10T13:42:12+00:00","dateModified":"2025-12-10T13:53:37+00:00","breadcrumb":{"@id":"https:\/\/alatis.eu\/en\/clement-deviers\/#breadcrumb"},"inLanguage":"en-US","potentialAction":[{"@type":"ReadAction","target":["https:\/\/alatis.eu\/en\/clement-deviers\/"]}]},{"@type":"BreadcrumbList","@id":"https:\/\/alatis.eu\/en\/clement-deviers\/#breadcrumb","itemListElement":[{"@type":"ListItem","position":1,"name":"Accueil","item":"https:\/\/alatis.eu\/en\/"},{"@type":"ListItem","position":2,"name":"Cl\u00e9ment DEVIERS"}]},{"@type":"WebSite","@id":"https:\/\/alatis.eu\/#website","url":"https:\/\/alatis.eu\/","name":"ALATIS","description":"R\u00e9seau d&#039;experts en propri\u00e9t\u00e9 intellectuelle, multidisciplinaire et pan-europ\u00e9en","potentialAction":[{"@type":"SearchAction","target":{"@type":"EntryPoint","urlTemplate":"https:\/\/alatis.eu\/?s={search_term_string}"},"query-input":{"@type":"PropertyValueSpecification","valueRequired":true,"valueName":"search_term_string"}}],"inLanguage":"en-US"}]}},"jetpack_sharing_enabled":true,"jetpack_shortlink":"https:\/\/wp.me\/P8b6Fp-1Yv","jetpack-related-posts":[],"_links":{"self":[{"href":"https:\/\/alatis.eu\/en\/wp-json\/wp\/v2\/pages\/7595","targetHints":{"allow":["GET"]}}],"collection":[{"href":"https:\/\/alatis.eu\/en\/wp-json\/wp\/v2\/pages"}],"about":[{"href":"https:\/\/alatis.eu\/en\/wp-json\/wp\/v2\/types\/page"}],"author":[{"embeddable":true,"href":"https:\/\/alatis.eu\/en\/wp-json\/wp\/v2\/users\/2"}],"replies":[{"embeddable":true,"href":"https:\/\/alatis.eu\/en\/wp-json\/wp\/v2\/comments?post=7595"}],"version-history":[{"count":3,"href":"https:\/\/alatis.eu\/en\/wp-json\/wp\/v2\/pages\/7595\/revisions"}],"predecessor-version":[{"id":7648,"href":"https:\/\/alatis.eu\/en\/wp-json\/wp\/v2\/pages\/7595\/revisions\/7648"}],"wp:attachment":[{"href":"https:\/\/alatis.eu\/en\/wp-json\/wp\/v2\/media?parent=7595"}],"curies":[{"name":"wp","href":"https:\/\/api.w.org\/{rel}","templated":true}]}}