{"id":7605,"date":"2025-12-10T14:49:28","date_gmt":"2025-12-10T13:49:28","guid":{"rendered":"https:\/\/alatis.eu\/?page_id=7605"},"modified":"2025-12-10T14:51:35","modified_gmt":"2025-12-10T13:51:35","slug":"mourad-mezaguer","status":"publish","type":"page","link":"https:\/\/alatis.eu\/en\/mourad-mezaguer\/","title":{"rendered":"Mourad MEZAGUER"},"content":{"rendered":"\n<style type=\"text\/css\" data-created_by=\"avia_inline_auto\" id=\"style-css-av-5o3rr9-71253af3ad9855b99a7d3a22116b56a2\">\n.flex_column.av-5o3rr9-71253af3ad9855b99a7d3a22116b56a2{\ntransform:scale(1.1);\nz-index:5;\nborder-radius:0px 0px 0px 0px;\npadding:0px 0px 0px 0px;\n}\n<\/style>\n<div  class='flex_column av-5o3rr9-71253af3ad9855b99a7d3a22116b56a2 av_one_fourth  avia-builder-el-0  el_before_av_three_fourth  avia-builder-el-first  first flex_column_div av-zero-column-padding  '     ><p>\n<style type=\"text\/css\" data-created_by=\"avia_inline_auto\" id=\"style-css-av-mj02fl8w-66767038edcc6b6cf39905f24d597504\">\n.avia-image-container.av-mj02fl8w-66767038edcc6b6cf39905f24d597504 img.avia_image{\nbox-shadow:none;\n}\n.avia-image-container.av-mj02fl8w-66767038edcc6b6cf39905f24d597504 .av-image-caption-overlay-center{\ncolor:#ffffff;\n}\n<\/style>\n<div  class='avia-image-container av-mj02fl8w-66767038edcc6b6cf39905f24d597504 av-styling- avia-align-center  avia-builder-el-1  el_before_av_button_big  avia-builder-el-no-sibling '   itemprop=\"image\" itemscope=\"itemscope\" itemtype=\"https:\/\/schema.org\/ImageObject\" ><div class=\"avia-image-container-inner\"><div class=\"avia-image-overlay-wrap\"><img decoding=\"async\" fetchpriority=\"high\" class='wp-image-7440 avia-img-lazy-loading-not-7440 avia_image ' src=\"https:\/\/i0.wp.com\/alatis.eu\/wp-content\/uploads\/2025\/12\/Mourad-MEZAGUER.png?fit=945%2C1053&ssl=1\" alt='' title='Mourad MEZAGUER'  height=\"1053\" width=\"945\"  itemprop=\"thumbnailUrl\" srcset=\"https:\/\/i0.wp.com\/alatis.eu\/wp-content\/uploads\/2025\/12\/Mourad-MEZAGUER.png?w=945&amp;ssl=1 945w, https:\/\/i0.wp.com\/alatis.eu\/wp-content\/uploads\/2025\/12\/Mourad-MEZAGUER.png?resize=269%2C300&amp;ssl=1 269w, https:\/\/i0.wp.com\/alatis.eu\/wp-content\/uploads\/2025\/12\/Mourad-MEZAGUER.png?resize=924%2C1030&amp;ssl=1 924w, https:\/\/i0.wp.com\/alatis.eu\/wp-content\/uploads\/2025\/12\/Mourad-MEZAGUER.png?resize=768%2C856&amp;ssl=1 768w, https:\/\/i0.wp.com\/alatis.eu\/wp-content\/uploads\/2025\/12\/Mourad-MEZAGUER.png?resize=600%2C669&amp;ssl=1 600w, https:\/\/i0.wp.com\/alatis.eu\/wp-content\/uploads\/2025\/12\/Mourad-MEZAGUER.png?resize=633%2C705&amp;ssl=1 633w\" sizes=\"(max-width: 945px) 100vw, 945px\" \/><\/div><\/div><\/div><br \/>\n<div  class='avia-button-wrap avia-button-center  avia-builder-el-2  el_after_av_image  avia-builder-el-last '>\n<style type=\"text\/css\" data-created_by=\"avia_inline_auto\" id=\"style-css-av-mj02f8uo-73ee69c8868eba93ec2c71df4186a789\">\n#top #wrap_all .avia-button.av-mj02f8uo-73ee69c8868eba93ec2c71df4186a789{\nbackground-color:#152699;\nborder-color:#152699;\ntransition:all 0.4s ease-in-out;\nfont-size:17px;\n}\n#top #wrap_all .avia-button.av-mj02f8uo-73ee69c8868eba93ec2c71df4186a789:hover{\nbackground-color:#94ace0;\ncolor:white;\ntransition:all 0.4s ease-in-out;\n}\n#top #wrap_all .avia-button.av-mj02f8uo-73ee69c8868eba93ec2c71df4186a789:hover .avia-svg-icon svg:first-child{\nfill:white;\nstroke:white;\n}\n<\/style>\n<a href='' class='avia-font-color-theme-color avia-button avia-button-fullwidth av-mj02f8uo-73ee69c8868eba93ec2c71df4186a789 avia-icon_select-no avia-color-custom'   aria-label=\"Mourad MEZAGUER\"><span class='avia_iconbox_title' >Mourad MEZAGUER<\/span><\/a><\/div><\/p><\/div>\n\n<style type=\"text\/css\" data-created_by=\"avia_inline_auto\" id=\"style-css-av-4nn6o5-bb9449efa2be334894ba3fed9eae5035\">\n.flex_column.av-4nn6o5-bb9449efa2be334894ba3fed9eae5035{\nborder-radius:0px 0px 0px 0px;\npadding:0px 0px 0px 0px;\n}\n<\/style>\n<div  class='flex_column av-4nn6o5-bb9449efa2be334894ba3fed9eae5035 av_three_fourth  avia-builder-el-3  el_after_av_one_fourth  avia-builder-el-last  flex_column_div av-zero-column-padding  '     ><style type=\"text\/css\" data-created_by=\"avia_inline_auto\" id=\"style-css-av-mj02ezqm-c11b80f4be31263c5a9a6c7ef6e0a836\">\n#top .av_textblock_section.av-mj02ezqm-c11b80f4be31263c5a9a6c7ef6e0a836 .avia_textblock{\nfont-size:18px;\n}\n<\/style>\n<section  class='av_textblock_section av-mj02ezqm-c11b80f4be31263c5a9a6c7ef6e0a836 '   itemscope=\"itemscope\" itemtype=\"https:\/\/schema.org\/CreativeWork\" ><div class='avia_textblock'  itemprop=\"text\" ><h1 style=\"text-align: center; text-transform: none;\">Patent Engineer, PhD in Microelectronics<\/h1>\n<\/div><\/section><br \/>\n<section  class='av_textblock_section av-mj02e5w5-0fad3ab0f85ae2ae9c8319c69ef7715a '   itemscope=\"itemscope\" itemtype=\"https:\/\/schema.org\/CreativeWork\" ><div class='avia_textblock'  itemprop=\"text\" ><p><b>Mourad MEZAGUER<\/b> holds a PhD in Microelectronics from CEA-LETI and Universit\u00e9 Grenoble Alpes, as well as two Master&#8217;s degrees in Physics from Sorbonne Universit\u00e9 (Condensed Matter Physics) and the University of Science and Technology Houari Boumedi\u00e8ne (Theoretical Physics). This academic background provides him with deep scientific expertise in quantum physics, microelectronics, and nanotechnology.<\/p>\n<p>He began his career in intellectual property in 2024 as a patent engineer at NOVITECH, following over five years of applied research at CEA-LETI, a leading center for technological innovation. His research focused on advanced microelectronic devices, particularly involving lithography, semiconductor physics, and materials engineering.<\/p>\n<p>Fluent in Arabic, French, and English, he combines rigorous scientific knowledge with international openness. He now assists a diverse clientele in protecting their cutting-edge innovations, particularly in sectors such as electronic components, optics, photonics, and applied physics.<\/p>\n<p><b>His activities cover all aspects of patent law<\/b> in France, Europe, and internationally:<\/p>\n<ul>\n<li><b>Rights acquisition<\/b>: patentability assessments, drafting of patent applications, and prosecution;<\/li>\n<li><b>Rights exploitation<\/b>: support in technology contracts (assignments, licenses, collaborations);<\/li>\n<li><b>Rights enforcement<\/b>: FTO analyses, responses to office actions, participation in EPO oppositions.<\/li>\n<\/ul>\n<p>With his combined academic and industrial experience, Mourad MEZAGUER is a key advisor for securing high-tech inventions at the intersection of research and innovation.<\/p>\n<\/div><\/section><br \/>\n<div  class='avia-button-wrap av-mj02hgvw-c9c31c8d67b1247c348e70799841c697-wrap avia-button-center  avia-builder-el-6  el_after_av_textblock  avia-builder-el-last '><a href='https:\/\/alatis.eu\/en\/the-collaborators\/'  class='avia-button av-mj02hgvw-c9c31c8d67b1247c348e70799841c697 av-link-btn avia-icon_select-yes-left-icon avia-size-small avia-position-center avia-color-theme-color'   aria-label=\"BACK\"><span class='avia_button_icon avia_button_icon_left avia-iconfont avia-font-entypo-fontello' data-av_icon='\ue87c' data-av_iconfont='entypo-fontello' ><\/span><span class='avia_iconbox_title' >BACK<\/span><\/a><\/div><\/p><\/div>\n","protected":false},"excerpt":{"rendered":"","protected":false},"author":2,"featured_media":0,"parent":0,"menu_order":0,"comment_status":"closed","ping_status":"closed","template":"","meta":{"jetpack_post_was_ever_published":false,"footnotes":""},"class_list":["post-7605","page","type-page","status-publish","hentry"],"yoast_head":"<!-- This site is optimized with the Yoast SEO plugin v26.6 - https:\/\/yoast.com\/wordpress\/plugins\/seo\/ -->\n<title>Mourad MEZAGUER | ALATIS<\/title>\n<meta name=\"robots\" content=\"index, follow, max-snippet:-1, max-image-preview:large, max-video-preview:-1\" \/>\n<link rel=\"canonical\" href=\"https:\/\/alatis.eu\/en\/mourad-mezaguer\/\" \/>\n<meta property=\"og:locale\" content=\"en_US\" \/>\n<meta property=\"og:type\" content=\"article\" \/>\n<meta property=\"og:title\" content=\"Mourad MEZAGUER | ALATIS\" \/>\n<meta property=\"og:url\" content=\"https:\/\/alatis.eu\/en\/mourad-mezaguer\/\" \/>\n<meta property=\"og:site_name\" content=\"ALATIS\" \/>\n<meta property=\"article:publisher\" content=\"https:\/\/www.facebook.com\/alatis.eu\/\" \/>\n<meta property=\"article:modified_time\" content=\"2025-12-10T13:51:35+00:00\" \/>\n<meta name=\"twitter:card\" content=\"summary_large_image\" \/>\n<meta name=\"twitter:site\" content=\"@alatis_eu\" \/>\n<meta name=\"twitter:label1\" content=\"Est. reading time\" \/>\n\t<meta name=\"twitter:data1\" content=\"2 minutes\" \/>\n<script type=\"application\/ld+json\" class=\"yoast-schema-graph\">{\"@context\":\"https:\/\/schema.org\",\"@graph\":[{\"@type\":\"WebPage\",\"@id\":\"https:\/\/alatis.eu\/en\/mourad-mezaguer\/\",\"url\":\"https:\/\/alatis.eu\/en\/mourad-mezaguer\/\",\"name\":\"Mourad MEZAGUER | ALATIS\",\"isPartOf\":{\"@id\":\"https:\/\/alatis.eu\/#website\"},\"datePublished\":\"2025-12-10T13:49:28+00:00\",\"dateModified\":\"2025-12-10T13:51:35+00:00\",\"breadcrumb\":{\"@id\":\"https:\/\/alatis.eu\/en\/mourad-mezaguer\/#breadcrumb\"},\"inLanguage\":\"en-US\",\"potentialAction\":[{\"@type\":\"ReadAction\",\"target\":[\"https:\/\/alatis.eu\/en\/mourad-mezaguer\/\"]}]},{\"@type\":\"BreadcrumbList\",\"@id\":\"https:\/\/alatis.eu\/en\/mourad-mezaguer\/#breadcrumb\",\"itemListElement\":[{\"@type\":\"ListItem\",\"position\":1,\"name\":\"Accueil\",\"item\":\"https:\/\/alatis.eu\/en\/\"},{\"@type\":\"ListItem\",\"position\":2,\"name\":\"Mourad MEZAGUER\"}]},{\"@type\":\"WebSite\",\"@id\":\"https:\/\/alatis.eu\/#website\",\"url\":\"https:\/\/alatis.eu\/\",\"name\":\"ALATIS\",\"description\":\"R\u00e9seau d&#039;experts en propri\u00e9t\u00e9 intellectuelle, multidisciplinaire et pan-europ\u00e9en\",\"potentialAction\":[{\"@type\":\"SearchAction\",\"target\":{\"@type\":\"EntryPoint\",\"urlTemplate\":\"https:\/\/alatis.eu\/?s={search_term_string}\"},\"query-input\":{\"@type\":\"PropertyValueSpecification\",\"valueRequired\":true,\"valueName\":\"search_term_string\"}}],\"inLanguage\":\"en-US\"}]}<\/script>\n<!-- \/ Yoast SEO plugin. -->","yoast_head_json":{"title":"Mourad MEZAGUER | ALATIS","robots":{"index":"index","follow":"follow","max-snippet":"max-snippet:-1","max-image-preview":"max-image-preview:large","max-video-preview":"max-video-preview:-1"},"canonical":"https:\/\/alatis.eu\/en\/mourad-mezaguer\/","og_locale":"en_US","og_type":"article","og_title":"Mourad MEZAGUER | ALATIS","og_url":"https:\/\/alatis.eu\/en\/mourad-mezaguer\/","og_site_name":"ALATIS","article_publisher":"https:\/\/www.facebook.com\/alatis.eu\/","article_modified_time":"2025-12-10T13:51:35+00:00","twitter_card":"summary_large_image","twitter_site":"@alatis_eu","twitter_misc":{"Est. reading time":"2 minutes"},"schema":{"@context":"https:\/\/schema.org","@graph":[{"@type":"WebPage","@id":"https:\/\/alatis.eu\/en\/mourad-mezaguer\/","url":"https:\/\/alatis.eu\/en\/mourad-mezaguer\/","name":"Mourad MEZAGUER | ALATIS","isPartOf":{"@id":"https:\/\/alatis.eu\/#website"},"datePublished":"2025-12-10T13:49:28+00:00","dateModified":"2025-12-10T13:51:35+00:00","breadcrumb":{"@id":"https:\/\/alatis.eu\/en\/mourad-mezaguer\/#breadcrumb"},"inLanguage":"en-US","potentialAction":[{"@type":"ReadAction","target":["https:\/\/alatis.eu\/en\/mourad-mezaguer\/"]}]},{"@type":"BreadcrumbList","@id":"https:\/\/alatis.eu\/en\/mourad-mezaguer\/#breadcrumb","itemListElement":[{"@type":"ListItem","position":1,"name":"Accueil","item":"https:\/\/alatis.eu\/en\/"},{"@type":"ListItem","position":2,"name":"Mourad MEZAGUER"}]},{"@type":"WebSite","@id":"https:\/\/alatis.eu\/#website","url":"https:\/\/alatis.eu\/","name":"ALATIS","description":"R\u00e9seau d&#039;experts en propri\u00e9t\u00e9 intellectuelle, multidisciplinaire et pan-europ\u00e9en","potentialAction":[{"@type":"SearchAction","target":{"@type":"EntryPoint","urlTemplate":"https:\/\/alatis.eu\/?s={search_term_string}"},"query-input":{"@type":"PropertyValueSpecification","valueRequired":true,"valueName":"search_term_string"}}],"inLanguage":"en-US"}]}},"jetpack_sharing_enabled":true,"jetpack_shortlink":"https:\/\/wp.me\/P8b6Fp-1YF","jetpack-related-posts":[],"_links":{"self":[{"href":"https:\/\/alatis.eu\/en\/wp-json\/wp\/v2\/pages\/7605","targetHints":{"allow":["GET"]}}],"collection":[{"href":"https:\/\/alatis.eu\/en\/wp-json\/wp\/v2\/pages"}],"about":[{"href":"https:\/\/alatis.eu\/en\/wp-json\/wp\/v2\/types\/page"}],"author":[{"embeddable":true,"href":"https:\/\/alatis.eu\/en\/wp-json\/wp\/v2\/users\/2"}],"replies":[{"embeddable":true,"href":"https:\/\/alatis.eu\/en\/wp-json\/wp\/v2\/comments?post=7605"}],"version-history":[{"count":3,"href":"https:\/\/alatis.eu\/en\/wp-json\/wp\/v2\/pages\/7605\/revisions"}],"predecessor-version":[{"id":7616,"href":"https:\/\/alatis.eu\/en\/wp-json\/wp\/v2\/pages\/7605\/revisions\/7616"}],"wp:attachment":[{"href":"https:\/\/alatis.eu\/en\/wp-json\/wp\/v2\/media?parent=7605"}],"curies":[{"name":"wp","href":"https:\/\/api.w.org\/{rel}","templated":true}]}}