{"id":7649,"date":"2025-12-12T10:29:15","date_gmt":"2025-12-12T09:29:15","guid":{"rendered":"https:\/\/alatis.eu\/?page_id=7649"},"modified":"2025-12-12T10:30:17","modified_gmt":"2025-12-12T09:30:17","slug":"florence-brout","status":"publish","type":"page","link":"https:\/\/alatis.eu\/en\/florence-brout\/","title":{"rendered":"Florence BROUT"},"content":{"rendered":"\n<style type=\"text\/css\" data-created_by=\"avia_inline_auto\" id=\"style-css-av-5mubzl-e509533602276fdabfb37ce13096050b\">\n.flex_column.av-5mubzl-e509533602276fdabfb37ce13096050b{\ntransform:scale(1.1);\nz-index:5;\nborder-radius:0px 0px 0px 0px;\npadding:0px 0px 0px 0px;\n}\n<\/style>\n<div  class='flex_column av-5mubzl-e509533602276fdabfb37ce13096050b av_one_fourth  avia-builder-el-0  el_before_av_three_fourth  avia-builder-el-first  first flex_column_div av-zero-column-padding  '     ><p>\n<style type=\"text\/css\" data-created_by=\"avia_inline_auto\" id=\"style-css-av-mj2o0oxm-449c7d8e5c59c78c6d2add6cafaadbd9\">\n.avia-image-container.av-mj2o0oxm-449c7d8e5c59c78c6d2add6cafaadbd9 img.avia_image{\nbox-shadow:none;\n}\n.avia-image-container.av-mj2o0oxm-449c7d8e5c59c78c6d2add6cafaadbd9 .av-image-caption-overlay-center{\ncolor:#ffffff;\n}\n<\/style>\n<div  class='avia-image-container av-mj2o0oxm-449c7d8e5c59c78c6d2add6cafaadbd9 av-styling- avia-align-center  avia-builder-el-1  el_before_av_button_big  avia-builder-el-no-sibling '   itemprop=\"image\" itemscope=\"itemscope\" itemtype=\"https:\/\/schema.org\/ImageObject\" ><div class=\"avia-image-container-inner\"><div class=\"avia-image-overlay-wrap\"><img decoding=\"async\" fetchpriority=\"high\" class='wp-image-7436 avia-img-lazy-loading-not-7436 avia_image ' src=\"https:\/\/i0.wp.com\/alatis.eu\/wp-content\/uploads\/2025\/12\/Florence-BROUT.png?fit=945%2C1053&ssl=1\" alt='' title='Florence BROUT'  height=\"1053\" width=\"945\"  itemprop=\"thumbnailUrl\" srcset=\"https:\/\/i0.wp.com\/alatis.eu\/wp-content\/uploads\/2025\/12\/Florence-BROUT.png?w=945&amp;ssl=1 945w, https:\/\/i0.wp.com\/alatis.eu\/wp-content\/uploads\/2025\/12\/Florence-BROUT.png?resize=269%2C300&amp;ssl=1 269w, https:\/\/i0.wp.com\/alatis.eu\/wp-content\/uploads\/2025\/12\/Florence-BROUT.png?resize=924%2C1030&amp;ssl=1 924w, https:\/\/i0.wp.com\/alatis.eu\/wp-content\/uploads\/2025\/12\/Florence-BROUT.png?resize=768%2C856&amp;ssl=1 768w, https:\/\/i0.wp.com\/alatis.eu\/wp-content\/uploads\/2025\/12\/Florence-BROUT.png?resize=600%2C669&amp;ssl=1 600w, https:\/\/i0.wp.com\/alatis.eu\/wp-content\/uploads\/2025\/12\/Florence-BROUT.png?resize=633%2C705&amp;ssl=1 633w\" sizes=\"(max-width: 945px) 100vw, 945px\" \/><\/div><\/div><\/div><br \/>\n<div  class='avia-button-wrap avia-button-center  avia-builder-el-2  el_after_av_image  avia-builder-el-last '>\n<style type=\"text\/css\" data-created_by=\"avia_inline_auto\" id=\"style-css-av-mj2o09s4-6151c7d59217fa1640da24fd8f5b1cbf\">\n#top #wrap_all .avia-button.av-mj2o09s4-6151c7d59217fa1640da24fd8f5b1cbf{\nbackground-color:#152699;\nborder-color:#152699;\ntransition:all 0.4s ease-in-out;\nfont-size:17px;\n}\n#top #wrap_all .avia-button.av-mj2o09s4-6151c7d59217fa1640da24fd8f5b1cbf:hover{\nbackground-color:#94ace0;\ncolor:white;\ntransition:all 0.4s ease-in-out;\n}\n#top #wrap_all .avia-button.av-mj2o09s4-6151c7d59217fa1640da24fd8f5b1cbf:hover .avia-svg-icon svg:first-child{\nfill:white;\nstroke:white;\n}\n<\/style>\n<a href='' class='avia-font-color-theme-color avia-button avia-button-fullwidth av-mj2o09s4-6151c7d59217fa1640da24fd8f5b1cbf avia-icon_select-no avia-color-custom'   aria-label=\"Florence BROUT\"><span class='avia_iconbox_title' >Florence BROUT<\/span><\/a><\/div><\/p><\/div>\n\n<style type=\"text\/css\" data-created_by=\"avia_inline_auto\" id=\"style-css-av-3tnkyp-d9d34c65062e6877f7cb0f0163bbc8e8\">\n.flex_column.av-3tnkyp-d9d34c65062e6877f7cb0f0163bbc8e8{\nborder-radius:0px 0px 0px 0px;\npadding:0px 0px 0px 0px;\n}\n<\/style>\n<div  class='flex_column av-3tnkyp-d9d34c65062e6877f7cb0f0163bbc8e8 av_three_fourth  avia-builder-el-3  el_after_av_one_fourth  avia-builder-el-last  flex_column_div av-zero-column-padding  '     ><style type=\"text\/css\" data-created_by=\"avia_inline_auto\" id=\"style-css-av-mj2nzh5t-a1effe20c29ea21b68b3f44ff1d052aa\">\n#top .av_textblock_section.av-mj2nzh5t-a1effe20c29ea21b68b3f44ff1d052aa .avia_textblock{\nfont-size:18px;\n}\n<\/style>\n<section  class='av_textblock_section av-mj2nzh5t-a1effe20c29ea21b68b3f44ff1d052aa '   itemscope=\"itemscope\" itemtype=\"https:\/\/schema.org\/CreativeWork\" ><div class='avia_textblock'  itemprop=\"text\" ><h1 style=\"text-align: center; text-transform: none;\">Senior Paralegal<\/h1>\n<\/div><\/section><br \/>\n<section  class='av_textblock_section av-mj2nzw0d-a60a69259f19050137ec2a39b33e987d '   itemscope=\"itemscope\" itemtype=\"https:\/\/schema.org\/CreativeWork\" ><div class='avia_textblock'  itemprop=\"text\" ><p><b>Florence BROUT<\/b> serves as a patent administrative assistant at NOVITECH, bringing with her nearly ten years of experience in the intellectual property field. She first held this position from 2014 to 2017 and rejoined NOVITECH in 2023 after several international experiences.<\/p>\n<p>Her key skills include:<\/p>\n<ul>\n<li><b>Handling patent procedures<\/b> (INPI, EPO, WIPO): filings, prosecution, validations;<\/li>\n<li><b>Drafting and formatting legal documents<\/b> within strict deadlines;<\/li>\n<li><b>Tracking patent portfolios<\/b> and coordinating with agents;<\/li>\n<li><b>Updating IP management tools<\/b>.<\/li>\n<\/ul>\n<p>Fluent in French, English, and Spanish, <b>Florence BROUT<\/b> is valued for her versatility, time management, and reliability. She plays a central role in ensuring the smooth administrative execution of patent processes.<\/p>\n<\/div><\/section><br \/>\n<div  class='avia-button-wrap av-3826up-45e6405187b27996bc5ece8401c2a715-wrap avia-button-center  avia-builder-el-6  el_after_av_textblock  avia-builder-el-last '><a href='https:\/\/alatis.eu\/en\/the-collaborators\/'  class='avia-button av-3826up-45e6405187b27996bc5ece8401c2a715 av-link-btn avia-icon_select-yes-left-icon avia-size-small avia-position-center avia-color-theme-color'   aria-label=\"BACK\"><span class='avia_button_icon avia_button_icon_left avia-iconfont avia-font-entypo-fontello' data-av_icon='\ue87c' data-av_iconfont='entypo-fontello' ><\/span><span class='avia_iconbox_title' >BACK<\/span><\/a><\/div><\/p><\/div>\n","protected":false},"excerpt":{"rendered":"","protected":false},"author":2,"featured_media":0,"parent":0,"menu_order":0,"comment_status":"closed","ping_status":"closed","template":"","meta":{"jetpack_post_was_ever_published":false,"footnotes":""},"class_list":["post-7649","page","type-page","status-publish","hentry"],"yoast_head":"<!-- This site is optimized with the Yoast SEO plugin v26.6 - https:\/\/yoast.com\/wordpress\/plugins\/seo\/ -->\n<title>Florence BROUT | ALATIS<\/title>\n<meta name=\"robots\" content=\"index, follow, max-snippet:-1, max-image-preview:large, max-video-preview:-1\" \/>\n<link rel=\"canonical\" href=\"https:\/\/alatis.eu\/en\/florence-brout\/\" \/>\n<meta property=\"og:locale\" content=\"en_US\" \/>\n<meta property=\"og:type\" content=\"article\" \/>\n<meta property=\"og:title\" content=\"Florence BROUT | ALATIS\" \/>\n<meta property=\"og:url\" content=\"https:\/\/alatis.eu\/en\/florence-brout\/\" \/>\n<meta property=\"og:site_name\" content=\"ALATIS\" \/>\n<meta property=\"article:publisher\" content=\"https:\/\/www.facebook.com\/alatis.eu\/\" \/>\n<meta property=\"article:modified_time\" content=\"2025-12-12T09:30:17+00:00\" \/>\n<meta name=\"twitter:card\" content=\"summary_large_image\" \/>\n<meta name=\"twitter:site\" content=\"@alatis_eu\" \/>\n<meta name=\"twitter:label1\" content=\"Est. reading time\" \/>\n\t<meta name=\"twitter:data1\" content=\"1 minute\" \/>\n<script type=\"application\/ld+json\" class=\"yoast-schema-graph\">{\"@context\":\"https:\/\/schema.org\",\"@graph\":[{\"@type\":\"WebPage\",\"@id\":\"https:\/\/alatis.eu\/en\/florence-brout\/\",\"url\":\"https:\/\/alatis.eu\/en\/florence-brout\/\",\"name\":\"Florence BROUT | ALATIS\",\"isPartOf\":{\"@id\":\"https:\/\/alatis.eu\/#website\"},\"datePublished\":\"2025-12-12T09:29:15+00:00\",\"dateModified\":\"2025-12-12T09:30:17+00:00\",\"breadcrumb\":{\"@id\":\"https:\/\/alatis.eu\/en\/florence-brout\/#breadcrumb\"},\"inLanguage\":\"en-US\",\"potentialAction\":[{\"@type\":\"ReadAction\",\"target\":[\"https:\/\/alatis.eu\/en\/florence-brout\/\"]}]},{\"@type\":\"BreadcrumbList\",\"@id\":\"https:\/\/alatis.eu\/en\/florence-brout\/#breadcrumb\",\"itemListElement\":[{\"@type\":\"ListItem\",\"position\":1,\"name\":\"Accueil\",\"item\":\"https:\/\/alatis.eu\/en\/\"},{\"@type\":\"ListItem\",\"position\":2,\"name\":\"Florence BROUT\"}]},{\"@type\":\"WebSite\",\"@id\":\"https:\/\/alatis.eu\/#website\",\"url\":\"https:\/\/alatis.eu\/\",\"name\":\"ALATIS\",\"description\":\"R\u00e9seau d&#039;experts en propri\u00e9t\u00e9 intellectuelle, multidisciplinaire et pan-europ\u00e9en\",\"potentialAction\":[{\"@type\":\"SearchAction\",\"target\":{\"@type\":\"EntryPoint\",\"urlTemplate\":\"https:\/\/alatis.eu\/?s={search_term_string}\"},\"query-input\":{\"@type\":\"PropertyValueSpecification\",\"valueRequired\":true,\"valueName\":\"search_term_string\"}}],\"inLanguage\":\"en-US\"}]}<\/script>\n<!-- \/ Yoast SEO plugin. -->","yoast_head_json":{"title":"Florence BROUT | ALATIS","robots":{"index":"index","follow":"follow","max-snippet":"max-snippet:-1","max-image-preview":"max-image-preview:large","max-video-preview":"max-video-preview:-1"},"canonical":"https:\/\/alatis.eu\/en\/florence-brout\/","og_locale":"en_US","og_type":"article","og_title":"Florence BROUT | ALATIS","og_url":"https:\/\/alatis.eu\/en\/florence-brout\/","og_site_name":"ALATIS","article_publisher":"https:\/\/www.facebook.com\/alatis.eu\/","article_modified_time":"2025-12-12T09:30:17+00:00","twitter_card":"summary_large_image","twitter_site":"@alatis_eu","twitter_misc":{"Est. reading time":"1 minute"},"schema":{"@context":"https:\/\/schema.org","@graph":[{"@type":"WebPage","@id":"https:\/\/alatis.eu\/en\/florence-brout\/","url":"https:\/\/alatis.eu\/en\/florence-brout\/","name":"Florence BROUT | ALATIS","isPartOf":{"@id":"https:\/\/alatis.eu\/#website"},"datePublished":"2025-12-12T09:29:15+00:00","dateModified":"2025-12-12T09:30:17+00:00","breadcrumb":{"@id":"https:\/\/alatis.eu\/en\/florence-brout\/#breadcrumb"},"inLanguage":"en-US","potentialAction":[{"@type":"ReadAction","target":["https:\/\/alatis.eu\/en\/florence-brout\/"]}]},{"@type":"BreadcrumbList","@id":"https:\/\/alatis.eu\/en\/florence-brout\/#breadcrumb","itemListElement":[{"@type":"ListItem","position":1,"name":"Accueil","item":"https:\/\/alatis.eu\/en\/"},{"@type":"ListItem","position":2,"name":"Florence BROUT"}]},{"@type":"WebSite","@id":"https:\/\/alatis.eu\/#website","url":"https:\/\/alatis.eu\/","name":"ALATIS","description":"R\u00e9seau d&#039;experts en propri\u00e9t\u00e9 intellectuelle, multidisciplinaire et pan-europ\u00e9en","potentialAction":[{"@type":"SearchAction","target":{"@type":"EntryPoint","urlTemplate":"https:\/\/alatis.eu\/?s={search_term_string}"},"query-input":{"@type":"PropertyValueSpecification","valueRequired":true,"valueName":"search_term_string"}}],"inLanguage":"en-US"}]}},"jetpack_sharing_enabled":true,"jetpack_shortlink":"https:\/\/wp.me\/P8b6Fp-1Zn","jetpack-related-posts":[],"_links":{"self":[{"href":"https:\/\/alatis.eu\/en\/wp-json\/wp\/v2\/pages\/7649","targetHints":{"allow":["GET"]}}],"collection":[{"href":"https:\/\/alatis.eu\/en\/wp-json\/wp\/v2\/pages"}],"about":[{"href":"https:\/\/alatis.eu\/en\/wp-json\/wp\/v2\/types\/page"}],"author":[{"embeddable":true,"href":"https:\/\/alatis.eu\/en\/wp-json\/wp\/v2\/users\/2"}],"replies":[{"embeddable":true,"href":"https:\/\/alatis.eu\/en\/wp-json\/wp\/v2\/comments?post=7649"}],"version-history":[{"count":3,"href":"https:\/\/alatis.eu\/en\/wp-json\/wp\/v2\/pages\/7649\/revisions"}],"predecessor-version":[{"id":7656,"href":"https:\/\/alatis.eu\/en\/wp-json\/wp\/v2\/pages\/7649\/revisions\/7656"}],"wp:attachment":[{"href":"https:\/\/alatis.eu\/en\/wp-json\/wp\/v2\/media?parent=7649"}],"curies":[{"name":"wp","href":"https:\/\/api.w.org\/{rel}","templated":true}]}}