{"id":7663,"date":"2025-12-12T10:38:31","date_gmt":"2025-12-12T09:38:31","guid":{"rendered":"https:\/\/alatis.eu\/?page_id=7663"},"modified":"2025-12-16T11:52:11","modified_gmt":"2025-12-16T10:52:11","slug":"sandrine-giovannini","status":"publish","type":"page","link":"https:\/\/alatis.eu\/en\/sandrine-giovannini\/","title":{"rendered":"Sandrine GIOVANNINI"},"content":{"rendered":"\n<style type=\"text\/css\" data-created_by=\"avia_inline_auto\" id=\"style-css-av-8760rz-4b291a23633781b2818c532fd2a31579\">\n.flex_column.av-8760rz-4b291a23633781b2818c532fd2a31579{\ntransform:scale(1.1);\nz-index:5;\nborder-radius:0px 0px 0px 0px;\npadding:0px 0px 0px 0px;\n}\n<\/style>\n<div  class='flex_column av-8760rz-4b291a23633781b2818c532fd2a31579 av_one_fourth  avia-builder-el-0  el_before_av_three_fourth  avia-builder-el-first  first flex_column_div av-zero-column-padding  '     ><p>\n<style type=\"text\/css\" data-created_by=\"avia_inline_auto\" id=\"style-css-av-mj2obu0r-dea1145d84aa380673c0f980d16a92be\">\n.avia-image-container.av-mj2obu0r-dea1145d84aa380673c0f980d16a92be img.avia_image{\nbox-shadow:none;\n}\n.avia-image-container.av-mj2obu0r-dea1145d84aa380673c0f980d16a92be .av-image-caption-overlay-center{\ncolor:#ffffff;\n}\n<\/style>\n<div  class='avia-image-container av-mj2obu0r-dea1145d84aa380673c0f980d16a92be av-styling- avia-align-center  avia-builder-el-1  el_before_av_button_big  avia-builder-el-no-sibling '   itemprop=\"image\" itemscope=\"itemscope\" itemtype=\"https:\/\/schema.org\/ImageObject\" ><div class=\"avia-image-container-inner\"><div class=\"avia-image-overlay-wrap\"><img decoding=\"async\" fetchpriority=\"high\" class='wp-image-7042 avia-img-lazy-loading-not-7042 avia_image ' src=\"https:\/\/i0.wp.com\/alatis.eu\/wp-content\/uploads\/2025\/11\/Sandrine-Giovannini.png?fit=945%2C1053&ssl=1\" alt='' title='Sandrine Giovannini'  height=\"1053\" width=\"945\"  itemprop=\"thumbnailUrl\" srcset=\"https:\/\/i0.wp.com\/alatis.eu\/wp-content\/uploads\/2025\/11\/Sandrine-Giovannini.png?w=945&amp;ssl=1 945w, https:\/\/i0.wp.com\/alatis.eu\/wp-content\/uploads\/2025\/11\/Sandrine-Giovannini.png?resize=269%2C300&amp;ssl=1 269w, https:\/\/i0.wp.com\/alatis.eu\/wp-content\/uploads\/2025\/11\/Sandrine-Giovannini.png?resize=924%2C1030&amp;ssl=1 924w, https:\/\/i0.wp.com\/alatis.eu\/wp-content\/uploads\/2025\/11\/Sandrine-Giovannini.png?resize=768%2C856&amp;ssl=1 768w, https:\/\/i0.wp.com\/alatis.eu\/wp-content\/uploads\/2025\/11\/Sandrine-Giovannini.png?resize=600%2C669&amp;ssl=1 600w, https:\/\/i0.wp.com\/alatis.eu\/wp-content\/uploads\/2025\/11\/Sandrine-Giovannini.png?resize=633%2C705&amp;ssl=1 633w\" sizes=\"(max-width: 945px) 100vw, 945px\" \/><\/div><\/div><\/div><br \/>\n<div  class='avia-button-wrap avia-button-center  avia-builder-el-2  el_after_av_image  avia-builder-el-last '>\n<style type=\"text\/css\" data-created_by=\"avia_inline_auto\" id=\"style-css-av-mj2obal0-9da5345bc25486bf8479b125557f9caf\">\n#top #wrap_all .avia-button.av-mj2obal0-9da5345bc25486bf8479b125557f9caf{\nbackground-color:#152699;\nborder-color:#152699;\ntransition:all 0.4s ease-in-out;\nfont-size:17px;\n}\n#top #wrap_all .avia-button.av-mj2obal0-9da5345bc25486bf8479b125557f9caf:hover{\nbackground-color:#94ace0;\ncolor:white;\ntransition:all 0.4s ease-in-out;\n}\n#top #wrap_all .avia-button.av-mj2obal0-9da5345bc25486bf8479b125557f9caf:hover .avia-svg-icon svg:first-child{\nfill:white;\nstroke:white;\n}\n<\/style>\n<a href='' class='avia-font-color-theme-color avia-button avia-button-fullwidth av-mj2obal0-9da5345bc25486bf8479b125557f9caf avia-icon_select-no avia-color-custom'   aria-label=\"Sandrine GIOVANNINI\"><span class='avia_iconbox_title' >Sandrine GIOVANNINI<\/span><\/a><\/div><\/p><\/div>\n\n<style type=\"text\/css\" data-created_by=\"avia_inline_auto\" id=\"style-css-av-5ejrjj-d574b2e6481c3bb883824e81b4ec097c\">\n.flex_column.av-5ejrjj-d574b2e6481c3bb883824e81b4ec097c{\nborder-radius:0px 0px 0px 0px;\npadding:0px 0px 0px 0px;\n}\n<\/style>\n<div  class='flex_column av-5ejrjj-d574b2e6481c3bb883824e81b4ec097c av_three_fourth  avia-builder-el-3  el_after_av_one_fourth  avia-builder-el-last  flex_column_div av-zero-column-padding  '     ><style type=\"text\/css\" data-created_by=\"avia_inline_auto\" id=\"style-css-av-40oxcf-d7d30bec2abb71a4c2ec8c981f7b25c7\">\n#top .av_textblock_section.av-40oxcf-d7d30bec2abb71a4c2ec8c981f7b25c7 .avia_textblock{\nfont-size:18px;\n}\n<\/style>\n<section  class='av_textblock_section av-40oxcf-d7d30bec2abb71a4c2ec8c981f7b25c7 '   itemscope=\"itemscope\" itemtype=\"https:\/\/schema.org\/CreativeWork\" ><div class='avia_textblock'  itemprop=\"text\" ><h1 style=\"text-align: center; text-transform: none;\">Senior Paralegal<\/h1>\n<\/div><\/section><br \/>\n<section  class='av_textblock_section av-mj2oclr5-59f87f86883d0472a680b006fd163771 '   itemscope=\"itemscope\" itemtype=\"https:\/\/schema.org\/CreativeWork\" ><div class='avia_textblock'  itemprop=\"text\" ><p>Sandrine HESLING GIOVANNINI has been working as a Senior IP Paralegal at ALTA ALATIS PATENT since 2020. With 27 years of solid experience in industrial property gained in leading Parisian firms, she now applies her skills to work in the field of intellectual property, particularly in the management of administrative formalities for patents in France and abroad.<\/p>\n<p>She has also worked in various fields such as transport, fiduciary services, events and construction.<\/p>\n<p>Her current responsibilities include:<\/p>\n<p>&#8211; Management of filing formalities in France and abroad with the relevant offices: INPI, EPO, WIPO, and monitoring procedures until the grant of patents,<\/p>\n<p>&#8211; Managing official deadlines and administrative and legal procedures.<\/p>\n<p>&#8211; Updating the internal database.<\/p>\n<p>&#8211; \u00a0Monitoring of patent portfolios and correspondence with clients and foreign agents,<\/p>\n<p>&#8211; \u00a0Registration formalities with IP Offices,<\/p>\n<p>&#8211; Estimates, budgets and invoices.<\/p>\n<\/div><\/section><br \/>\n<div  class='avia-button-wrap av-2ixwun-a0ab0697201584bfb80b2309234be0bc-wrap avia-button-center  avia-builder-el-6  el_after_av_textblock  avia-builder-el-last '><a href='https:\/\/alatis.eu\/en\/the-collaborators\/'  class='avia-button av-2ixwun-a0ab0697201584bfb80b2309234be0bc av-link-btn avia-icon_select-yes-left-icon avia-size-small avia-position-center avia-color-theme-color'   aria-label=\"BACK\"><span class='avia_button_icon avia_button_icon_left avia-iconfont avia-font-entypo-fontello' data-av_icon='\ue87c' data-av_iconfont='entypo-fontello' ><\/span><span class='avia_iconbox_title' >BACK<\/span><\/a><\/div><\/p><\/div>\n","protected":false},"excerpt":{"rendered":"","protected":false},"author":2,"featured_media":0,"parent":0,"menu_order":0,"comment_status":"closed","ping_status":"closed","template":"","meta":{"jetpack_post_was_ever_published":false,"footnotes":""},"class_list":["post-7663","page","type-page","status-publish","hentry"],"yoast_head":"<!-- This site is optimized with the Yoast SEO plugin v26.6 - https:\/\/yoast.com\/wordpress\/plugins\/seo\/ -->\n<title>Sandrine GIOVANNINI | ALATIS<\/title>\n<meta name=\"robots\" content=\"index, follow, max-snippet:-1, max-image-preview:large, max-video-preview:-1\" \/>\n<link rel=\"canonical\" href=\"https:\/\/alatis.eu\/en\/sandrine-giovannini\/\" \/>\n<meta property=\"og:locale\" content=\"en_US\" \/>\n<meta property=\"og:type\" content=\"article\" \/>\n<meta property=\"og:title\" content=\"Sandrine GIOVANNINI | ALATIS\" \/>\n<meta property=\"og:url\" content=\"https:\/\/alatis.eu\/en\/sandrine-giovannini\/\" \/>\n<meta property=\"og:site_name\" content=\"ALATIS\" \/>\n<meta property=\"article:publisher\" content=\"https:\/\/www.facebook.com\/alatis.eu\/\" \/>\n<meta property=\"article:modified_time\" content=\"2025-12-16T10:52:11+00:00\" \/>\n<meta name=\"twitter:card\" content=\"summary_large_image\" \/>\n<meta name=\"twitter:site\" content=\"@alatis_eu\" \/>\n<meta name=\"twitter:label1\" content=\"Est. reading time\" \/>\n\t<meta name=\"twitter:data1\" content=\"1 minute\" \/>\n<script type=\"application\/ld+json\" class=\"yoast-schema-graph\">{\"@context\":\"https:\/\/schema.org\",\"@graph\":[{\"@type\":\"WebPage\",\"@id\":\"https:\/\/alatis.eu\/en\/sandrine-giovannini\/\",\"url\":\"https:\/\/alatis.eu\/en\/sandrine-giovannini\/\",\"name\":\"Sandrine GIOVANNINI | ALATIS\",\"isPartOf\":{\"@id\":\"https:\/\/alatis.eu\/#website\"},\"datePublished\":\"2025-12-12T09:38:31+00:00\",\"dateModified\":\"2025-12-16T10:52:11+00:00\",\"breadcrumb\":{\"@id\":\"https:\/\/alatis.eu\/en\/sandrine-giovannini\/#breadcrumb\"},\"inLanguage\":\"en-US\",\"potentialAction\":[{\"@type\":\"ReadAction\",\"target\":[\"https:\/\/alatis.eu\/en\/sandrine-giovannini\/\"]}]},{\"@type\":\"BreadcrumbList\",\"@id\":\"https:\/\/alatis.eu\/en\/sandrine-giovannini\/#breadcrumb\",\"itemListElement\":[{\"@type\":\"ListItem\",\"position\":1,\"name\":\"Accueil\",\"item\":\"https:\/\/alatis.eu\/en\/\"},{\"@type\":\"ListItem\",\"position\":2,\"name\":\"Sandrine GIOVANNINI\"}]},{\"@type\":\"WebSite\",\"@id\":\"https:\/\/alatis.eu\/#website\",\"url\":\"https:\/\/alatis.eu\/\",\"name\":\"ALATIS\",\"description\":\"R\u00e9seau d&#039;experts en propri\u00e9t\u00e9 intellectuelle, multidisciplinaire et pan-europ\u00e9en\",\"potentialAction\":[{\"@type\":\"SearchAction\",\"target\":{\"@type\":\"EntryPoint\",\"urlTemplate\":\"https:\/\/alatis.eu\/?s={search_term_string}\"},\"query-input\":{\"@type\":\"PropertyValueSpecification\",\"valueRequired\":true,\"valueName\":\"search_term_string\"}}],\"inLanguage\":\"en-US\"}]}<\/script>\n<!-- \/ Yoast SEO plugin. -->","yoast_head_json":{"title":"Sandrine GIOVANNINI | ALATIS","robots":{"index":"index","follow":"follow","max-snippet":"max-snippet:-1","max-image-preview":"max-image-preview:large","max-video-preview":"max-video-preview:-1"},"canonical":"https:\/\/alatis.eu\/en\/sandrine-giovannini\/","og_locale":"en_US","og_type":"article","og_title":"Sandrine GIOVANNINI | ALATIS","og_url":"https:\/\/alatis.eu\/en\/sandrine-giovannini\/","og_site_name":"ALATIS","article_publisher":"https:\/\/www.facebook.com\/alatis.eu\/","article_modified_time":"2025-12-16T10:52:11+00:00","twitter_card":"summary_large_image","twitter_site":"@alatis_eu","twitter_misc":{"Est. reading time":"1 minute"},"schema":{"@context":"https:\/\/schema.org","@graph":[{"@type":"WebPage","@id":"https:\/\/alatis.eu\/en\/sandrine-giovannini\/","url":"https:\/\/alatis.eu\/en\/sandrine-giovannini\/","name":"Sandrine GIOVANNINI | ALATIS","isPartOf":{"@id":"https:\/\/alatis.eu\/#website"},"datePublished":"2025-12-12T09:38:31+00:00","dateModified":"2025-12-16T10:52:11+00:00","breadcrumb":{"@id":"https:\/\/alatis.eu\/en\/sandrine-giovannini\/#breadcrumb"},"inLanguage":"en-US","potentialAction":[{"@type":"ReadAction","target":["https:\/\/alatis.eu\/en\/sandrine-giovannini\/"]}]},{"@type":"BreadcrumbList","@id":"https:\/\/alatis.eu\/en\/sandrine-giovannini\/#breadcrumb","itemListElement":[{"@type":"ListItem","position":1,"name":"Accueil","item":"https:\/\/alatis.eu\/en\/"},{"@type":"ListItem","position":2,"name":"Sandrine GIOVANNINI"}]},{"@type":"WebSite","@id":"https:\/\/alatis.eu\/#website","url":"https:\/\/alatis.eu\/","name":"ALATIS","description":"R\u00e9seau d&#039;experts en propri\u00e9t\u00e9 intellectuelle, multidisciplinaire et pan-europ\u00e9en","potentialAction":[{"@type":"SearchAction","target":{"@type":"EntryPoint","urlTemplate":"https:\/\/alatis.eu\/?s={search_term_string}"},"query-input":{"@type":"PropertyValueSpecification","valueRequired":true,"valueName":"search_term_string"}}],"inLanguage":"en-US"}]}},"jetpack_sharing_enabled":true,"jetpack_shortlink":"https:\/\/wp.me\/P8b6Fp-1ZB","jetpack-related-posts":[],"_links":{"self":[{"href":"https:\/\/alatis.eu\/en\/wp-json\/wp\/v2\/pages\/7663","targetHints":{"allow":["GET"]}}],"collection":[{"href":"https:\/\/alatis.eu\/en\/wp-json\/wp\/v2\/pages"}],"about":[{"href":"https:\/\/alatis.eu\/en\/wp-json\/wp\/v2\/types\/page"}],"author":[{"embeddable":true,"href":"https:\/\/alatis.eu\/en\/wp-json\/wp\/v2\/users\/2"}],"replies":[{"embeddable":true,"href":"https:\/\/alatis.eu\/en\/wp-json\/wp\/v2\/comments?post=7663"}],"version-history":[{"count":3,"href":"https:\/\/alatis.eu\/en\/wp-json\/wp\/v2\/pages\/7663\/revisions"}],"predecessor-version":[{"id":7724,"href":"https:\/\/alatis.eu\/en\/wp-json\/wp\/v2\/pages\/7663\/revisions\/7724"}],"wp:attachment":[{"href":"https:\/\/alatis.eu\/en\/wp-json\/wp\/v2\/media?parent=7663"}],"curies":[{"name":"wp","href":"https:\/\/api.w.org\/{rel}","templated":true}]}}