{"id":7669,"date":"2025-12-12T10:42:29","date_gmt":"2025-12-12T09:42:29","guid":{"rendered":"https:\/\/alatis.eu\/?page_id=7669"},"modified":"2025-12-12T10:42:29","modified_gmt":"2025-12-12T09:42:29","slug":"tamara-gulidova","status":"publish","type":"page","link":"https:\/\/alatis.eu\/en\/tamara-gulidova\/","title":{"rendered":"Tamara GULIDOVA"},"content":{"rendered":"\n<style type=\"text\/css\" data-created_by=\"avia_inline_auto\" id=\"style-css-av-av_one_fourth-3710e6b971601d5fd5f1c3739bca1ac3\">\n.flex_column.av-av_one_fourth-3710e6b971601d5fd5f1c3739bca1ac3{\ntransform:scale(1.1);\nz-index:5;\nborder-radius:0px 0px 0px 0px;\npadding:0px 0px 0px 0px;\n}\n<\/style>\n<div  class='flex_column av-av_one_fourth-3710e6b971601d5fd5f1c3739bca1ac3 av_one_fourth  avia-builder-el-0  el_before_av_three_fourth  avia-builder-el-first  first flex_column_div av-zero-column-padding  '     ><p>\n<style type=\"text\/css\" data-created_by=\"avia_inline_auto\" id=\"style-css-av-mj2ohoku-6bb81f00f187adbe154c8ae308564fb7\">\n.avia-image-container.av-mj2ohoku-6bb81f00f187adbe154c8ae308564fb7 img.avia_image{\nbox-shadow:none;\n}\n.avia-image-container.av-mj2ohoku-6bb81f00f187adbe154c8ae308564fb7 .av-image-caption-overlay-center{\ncolor:#ffffff;\n}\n<\/style>\n<div  class='avia-image-container av-mj2ohoku-6bb81f00f187adbe154c8ae308564fb7 av-styling- avia-align-center  avia-builder-el-1  el_before_av_button_big  avia-builder-el-no-sibling '   itemprop=\"image\" itemscope=\"itemscope\" itemtype=\"https:\/\/schema.org\/ImageObject\" ><div class=\"avia-image-container-inner\"><div class=\"avia-image-overlay-wrap\"><img decoding=\"async\" fetchpriority=\"high\" class='wp-image-7044 avia-img-lazy-loading-not-7044 avia_image ' src=\"https:\/\/i0.wp.com\/alatis.eu\/wp-content\/uploads\/2025\/11\/Tamara-Gulidova.png?fit=945%2C1053&ssl=1\" alt='' title='Tamara Gulidova'  height=\"1053\" width=\"945\"  itemprop=\"thumbnailUrl\" srcset=\"https:\/\/i0.wp.com\/alatis.eu\/wp-content\/uploads\/2025\/11\/Tamara-Gulidova.png?w=945&amp;ssl=1 945w, https:\/\/i0.wp.com\/alatis.eu\/wp-content\/uploads\/2025\/11\/Tamara-Gulidova.png?resize=269%2C300&amp;ssl=1 269w, https:\/\/i0.wp.com\/alatis.eu\/wp-content\/uploads\/2025\/11\/Tamara-Gulidova.png?resize=924%2C1030&amp;ssl=1 924w, https:\/\/i0.wp.com\/alatis.eu\/wp-content\/uploads\/2025\/11\/Tamara-Gulidova.png?resize=768%2C856&amp;ssl=1 768w, https:\/\/i0.wp.com\/alatis.eu\/wp-content\/uploads\/2025\/11\/Tamara-Gulidova.png?resize=600%2C669&amp;ssl=1 600w, https:\/\/i0.wp.com\/alatis.eu\/wp-content\/uploads\/2025\/11\/Tamara-Gulidova.png?resize=633%2C705&amp;ssl=1 633w\" sizes=\"(max-width: 945px) 100vw, 945px\" \/><\/div><\/div><\/div><br \/>\n<div  class='avia-button-wrap avia-button-center  avia-builder-el-2  el_after_av_image  avia-builder-el-last '>\n<style type=\"text\/css\" data-created_by=\"avia_inline_auto\" id=\"style-css-av-mj2oh97z-acf371bcbf3522607b6fffb6816a0455\">\n#top #wrap_all .avia-button.av-mj2oh97z-acf371bcbf3522607b6fffb6816a0455{\nbackground-color:#152699;\nborder-color:#152699;\ntransition:all 0.4s ease-in-out;\nfont-size:17px;\n}\n#top #wrap_all .avia-button.av-mj2oh97z-acf371bcbf3522607b6fffb6816a0455:hover{\nbackground-color:#94ace0;\ncolor:white;\ntransition:all 0.4s ease-in-out;\n}\n#top #wrap_all .avia-button.av-mj2oh97z-acf371bcbf3522607b6fffb6816a0455:hover .avia-svg-icon svg:first-child{\nfill:white;\nstroke:white;\n}\n<\/style>\n<a href='' class='avia-font-color-theme-color avia-button avia-button-fullwidth av-mj2oh97z-acf371bcbf3522607b6fffb6816a0455 avia-icon_select-no avia-color-custom'   aria-label=\"Tamara GULIDOVA\"><span class='avia_iconbox_title' >Tamara GULIDOVA<\/span><\/a><\/div><\/p><\/div>\n<style type=\"text\/css\" data-created_by=\"avia_inline_auto\" id=\"style-css-av-av_three_fourth-699248f23a309dda907cee54960fbaa0\">\n.flex_column.av-av_three_fourth-699248f23a309dda907cee54960fbaa0{\nborder-radius:0px 0px 0px 0px;\npadding:0px 0px 0px 0px;\n}\n<\/style>\n<div  class='flex_column av-av_three_fourth-699248f23a309dda907cee54960fbaa0 av_three_fourth  avia-builder-el-3  el_after_av_one_fourth  avia-builder-el-last  flex_column_div av-zero-column-padding  '     ><style type=\"text\/css\" data-created_by=\"avia_inline_auto\" id=\"style-css-av-mj2og085-81d7c44dfbb34c1db0e4e0c0857e5c70\">\n#top .av_textblock_section.av-mj2og085-81d7c44dfbb34c1db0e4e0c0857e5c70 .avia_textblock{\nfont-size:18px;\n}\n<\/style>\n<section  class='av_textblock_section av-mj2og085-81d7c44dfbb34c1db0e4e0c0857e5c70 '   itemscope=\"itemscope\" itemtype=\"https:\/\/schema.org\/CreativeWork\" ><div class='avia_textblock'  itemprop=\"text\" ><h1 style=\"text-align: center; text-transform: none;\">Paralegal<\/h1>\n<\/div><\/section><br \/>\n<section  class='av_textblock_section av-mj2ogolg-daa1a781f5286aeec34d3ea4a4a46f1b '   itemscope=\"itemscope\" itemtype=\"https:\/\/schema.org\/CreativeWork\" ><div class='avia_textblock'  itemprop=\"text\" ><p>Tamara GULIDOVA has been working as a Paralegal with ALTA ALATIS Patent since 2025.<span class=\"Apple-converted-space\">\u00a0<\/span><\/p>\n<p>She is trained as a lawyer and she graduated and is qualified as a Data Protection Officer (DPO). She has astrong expertise in GDPR and data protection.<\/p>\n<p>Tamara GULIDOVA has experience in managing of patent and trademark portefolios worldwide. Her dual skills associating legal and compliance is a valuable asset.<\/p>\n<p>Key Responsibilities:<\/p>\n<ul>\n<li>Management of patent and trademark portefolios, including monitoring official deadlines with IP Offices such as INPI, EPO, WIPO, and EUIPO<\/li>\n<li>Preparation, filing, and following prosecution of intellectual property rights in France, Europe, and worldwide,<\/li>\n<li>Creation, updating, and reviewing of files on databases, ensuring compliance with regulatory standards,<\/li>\n<li>Daily interaction with lawyers, patent engineers, clients, IP Offices and foreign associates to ensure smooth coordination of procedings,<\/li>\n<li>Invoicing,<\/li>\n<li>Contribution to GDPR compliance in the processing personnal data, ensuring best practices in data protection.<\/li>\n<\/ul>\n<p>Tamara GULIDOVA is trilingual (French, English, Russian). She is rigorous and organized, she combines legal and administrative skills to effectively support clients in securing their data and managing their intellectual property rights.<\/p>\n<\/div><\/section><br \/>\n<div  class='avia-button-wrap av-av_button-86e4760af978027d79915d51631ca4fb-wrap avia-button-center  avia-builder-el-6  el_after_av_textblock  avia-builder-el-last '><a href='https:\/\/alatis.eu\/en\/the-collaborators\/'  class='avia-button av-av_button-86e4760af978027d79915d51631ca4fb av-link-btn avia-icon_select-yes-left-icon avia-size-small avia-position-center avia-color-theme-color'   aria-label=\"BACK\"><span class='avia_button_icon avia_button_icon_left avia-iconfont avia-font-entypo-fontello' data-av_icon='\ue87c' data-av_iconfont='entypo-fontello' ><\/span><span class='avia_iconbox_title' >BACK<\/span><\/a><\/div><\/p><\/div><\/p>\n","protected":false},"excerpt":{"rendered":"","protected":false},"author":2,"featured_media":0,"parent":0,"menu_order":0,"comment_status":"closed","ping_status":"closed","template":"","meta":{"jetpack_post_was_ever_published":false,"footnotes":""},"class_list":["post-7669","page","type-page","status-publish","hentry"],"yoast_head":"<!-- This site is optimized with the Yoast SEO plugin v26.6 - https:\/\/yoast.com\/wordpress\/plugins\/seo\/ -->\n<title>Tamara GULIDOVA | ALATIS<\/title>\n<meta name=\"robots\" content=\"index, follow, max-snippet:-1, max-image-preview:large, max-video-preview:-1\" \/>\n<link rel=\"canonical\" href=\"https:\/\/alatis.eu\/en\/tamara-gulidova\/\" \/>\n<meta property=\"og:locale\" content=\"en_US\" \/>\n<meta property=\"og:type\" content=\"article\" \/>\n<meta property=\"og:title\" content=\"Tamara GULIDOVA | ALATIS\" \/>\n<meta property=\"og:url\" content=\"https:\/\/alatis.eu\/en\/tamara-gulidova\/\" \/>\n<meta property=\"og:site_name\" content=\"ALATIS\" \/>\n<meta property=\"article:publisher\" content=\"https:\/\/www.facebook.com\/alatis.eu\/\" \/>\n<meta name=\"twitter:card\" content=\"summary_large_image\" \/>\n<meta name=\"twitter:site\" content=\"@alatis_eu\" \/>\n<meta name=\"twitter:label1\" content=\"Est. reading time\" \/>\n\t<meta name=\"twitter:data1\" content=\"2 minutes\" \/>\n<script type=\"application\/ld+json\" class=\"yoast-schema-graph\">{\"@context\":\"https:\/\/schema.org\",\"@graph\":[{\"@type\":\"WebPage\",\"@id\":\"https:\/\/alatis.eu\/en\/tamara-gulidova\/\",\"url\":\"https:\/\/alatis.eu\/en\/tamara-gulidova\/\",\"name\":\"Tamara GULIDOVA | ALATIS\",\"isPartOf\":{\"@id\":\"https:\/\/alatis.eu\/#website\"},\"datePublished\":\"2025-12-12T09:42:29+00:00\",\"breadcrumb\":{\"@id\":\"https:\/\/alatis.eu\/en\/tamara-gulidova\/#breadcrumb\"},\"inLanguage\":\"en-US\",\"potentialAction\":[{\"@type\":\"ReadAction\",\"target\":[\"https:\/\/alatis.eu\/en\/tamara-gulidova\/\"]}]},{\"@type\":\"BreadcrumbList\",\"@id\":\"https:\/\/alatis.eu\/en\/tamara-gulidova\/#breadcrumb\",\"itemListElement\":[{\"@type\":\"ListItem\",\"position\":1,\"name\":\"Accueil\",\"item\":\"https:\/\/alatis.eu\/en\/\"},{\"@type\":\"ListItem\",\"position\":2,\"name\":\"Tamara GULIDOVA\"}]},{\"@type\":\"WebSite\",\"@id\":\"https:\/\/alatis.eu\/#website\",\"url\":\"https:\/\/alatis.eu\/\",\"name\":\"ALATIS\",\"description\":\"R\u00e9seau d&#039;experts en propri\u00e9t\u00e9 intellectuelle, multidisciplinaire et pan-europ\u00e9en\",\"potentialAction\":[{\"@type\":\"SearchAction\",\"target\":{\"@type\":\"EntryPoint\",\"urlTemplate\":\"https:\/\/alatis.eu\/?s={search_term_string}\"},\"query-input\":{\"@type\":\"PropertyValueSpecification\",\"valueRequired\":true,\"valueName\":\"search_term_string\"}}],\"inLanguage\":\"en-US\"}]}<\/script>\n<!-- \/ Yoast SEO plugin. -->","yoast_head_json":{"title":"Tamara GULIDOVA | ALATIS","robots":{"index":"index","follow":"follow","max-snippet":"max-snippet:-1","max-image-preview":"max-image-preview:large","max-video-preview":"max-video-preview:-1"},"canonical":"https:\/\/alatis.eu\/en\/tamara-gulidova\/","og_locale":"en_US","og_type":"article","og_title":"Tamara GULIDOVA | ALATIS","og_url":"https:\/\/alatis.eu\/en\/tamara-gulidova\/","og_site_name":"ALATIS","article_publisher":"https:\/\/www.facebook.com\/alatis.eu\/","twitter_card":"summary_large_image","twitter_site":"@alatis_eu","twitter_misc":{"Est. reading time":"2 minutes"},"schema":{"@context":"https:\/\/schema.org","@graph":[{"@type":"WebPage","@id":"https:\/\/alatis.eu\/en\/tamara-gulidova\/","url":"https:\/\/alatis.eu\/en\/tamara-gulidova\/","name":"Tamara GULIDOVA | ALATIS","isPartOf":{"@id":"https:\/\/alatis.eu\/#website"},"datePublished":"2025-12-12T09:42:29+00:00","breadcrumb":{"@id":"https:\/\/alatis.eu\/en\/tamara-gulidova\/#breadcrumb"},"inLanguage":"en-US","potentialAction":[{"@type":"ReadAction","target":["https:\/\/alatis.eu\/en\/tamara-gulidova\/"]}]},{"@type":"BreadcrumbList","@id":"https:\/\/alatis.eu\/en\/tamara-gulidova\/#breadcrumb","itemListElement":[{"@type":"ListItem","position":1,"name":"Accueil","item":"https:\/\/alatis.eu\/en\/"},{"@type":"ListItem","position":2,"name":"Tamara GULIDOVA"}]},{"@type":"WebSite","@id":"https:\/\/alatis.eu\/#website","url":"https:\/\/alatis.eu\/","name":"ALATIS","description":"R\u00e9seau d&#039;experts en propri\u00e9t\u00e9 intellectuelle, multidisciplinaire et pan-europ\u00e9en","potentialAction":[{"@type":"SearchAction","target":{"@type":"EntryPoint","urlTemplate":"https:\/\/alatis.eu\/?s={search_term_string}"},"query-input":{"@type":"PropertyValueSpecification","valueRequired":true,"valueName":"search_term_string"}}],"inLanguage":"en-US"}]}},"jetpack_sharing_enabled":true,"jetpack_shortlink":"https:\/\/wp.me\/P8b6Fp-1ZH","jetpack-related-posts":[],"_links":{"self":[{"href":"https:\/\/alatis.eu\/en\/wp-json\/wp\/v2\/pages\/7669","targetHints":{"allow":["GET"]}}],"collection":[{"href":"https:\/\/alatis.eu\/en\/wp-json\/wp\/v2\/pages"}],"about":[{"href":"https:\/\/alatis.eu\/en\/wp-json\/wp\/v2\/types\/page"}],"author":[{"embeddable":true,"href":"https:\/\/alatis.eu\/en\/wp-json\/wp\/v2\/users\/2"}],"replies":[{"embeddable":true,"href":"https:\/\/alatis.eu\/en\/wp-json\/wp\/v2\/comments?post=7669"}],"version-history":[{"count":2,"href":"https:\/\/alatis.eu\/en\/wp-json\/wp\/v2\/pages\/7669\/revisions"}],"predecessor-version":[{"id":7674,"href":"https:\/\/alatis.eu\/en\/wp-json\/wp\/v2\/pages\/7669\/revisions\/7674"}],"wp:attachment":[{"href":"https:\/\/alatis.eu\/en\/wp-json\/wp\/v2\/media?parent=7669"}],"curies":[{"name":"wp","href":"https:\/\/api.w.org\/{rel}","templated":true}]}}