{"id":7675,"date":"2025-12-12T10:45:33","date_gmt":"2025-12-12T09:45:33","guid":{"rendered":"https:\/\/alatis.eu\/?page_id=7675"},"modified":"2026-01-21T11:11:48","modified_gmt":"2026-01-21T10:11:48","slug":"jessica-ruiter","status":"publish","type":"page","link":"https:\/\/alatis.eu\/en\/jessica-ruiter\/","title":{"rendered":"Jessica RUITER"},"content":{"rendered":"\n<style type=\"text\/css\" data-created_by=\"avia_inline_auto\" id=\"style-css-av-5o1exn-58a7c416f3f84c7a4735ce7e305a4324\">\n.flex_column.av-5o1exn-58a7c416f3f84c7a4735ce7e305a4324{\ntransform:scale(1.1);\nz-index:5;\nborder-radius:0px 0px 0px 0px;\npadding:0px 0px 0px 0px;\n}\n<\/style>\n<div  class='flex_column av-5o1exn-58a7c416f3f84c7a4735ce7e305a4324 av_one_fourth  avia-builder-el-0  el_before_av_three_fourth  avia-builder-el-first  first flex_column_div av-zero-column-padding  '     ><p>\n<style type=\"text\/css\" data-created_by=\"avia_inline_auto\" id=\"style-css-av-mj2oloy6-e9fc1bffdd2955b6c72e74d6317260fa\">\n.avia-image-container.av-mj2oloy6-e9fc1bffdd2955b6c72e74d6317260fa img.avia_image{\nbox-shadow:none;\n}\n.avia-image-container.av-mj2oloy6-e9fc1bffdd2955b6c72e74d6317260fa .av-image-caption-overlay-center{\ncolor:#ffffff;\n}\n<\/style>\n<div  class='avia-image-container av-mj2oloy6-e9fc1bffdd2955b6c72e74d6317260fa av-styling- avia-align-center  avia-builder-el-1  el_before_av_button_big  avia-builder-el-no-sibling '   itemprop=\"image\" itemscope=\"itemscope\" itemtype=\"https:\/\/schema.org\/ImageObject\" ><div class=\"avia-image-container-inner\"><div class=\"avia-image-overlay-wrap\"><img decoding=\"async\" fetchpriority=\"high\" class='wp-image-7438 avia-img-lazy-loading-not-7438 avia_image ' src=\"https:\/\/i0.wp.com\/alatis.eu\/wp-content\/uploads\/2025\/12\/Jessica-RUITER.png?fit=945%2C1053&ssl=1\" alt='' title='Jessica RUITER'  height=\"1053\" width=\"945\"  itemprop=\"thumbnailUrl\" srcset=\"https:\/\/i0.wp.com\/alatis.eu\/wp-content\/uploads\/2025\/12\/Jessica-RUITER.png?w=945&amp;ssl=1 945w, https:\/\/i0.wp.com\/alatis.eu\/wp-content\/uploads\/2025\/12\/Jessica-RUITER.png?resize=269%2C300&amp;ssl=1 269w, https:\/\/i0.wp.com\/alatis.eu\/wp-content\/uploads\/2025\/12\/Jessica-RUITER.png?resize=924%2C1030&amp;ssl=1 924w, https:\/\/i0.wp.com\/alatis.eu\/wp-content\/uploads\/2025\/12\/Jessica-RUITER.png?resize=768%2C856&amp;ssl=1 768w, https:\/\/i0.wp.com\/alatis.eu\/wp-content\/uploads\/2025\/12\/Jessica-RUITER.png?resize=600%2C669&amp;ssl=1 600w, https:\/\/i0.wp.com\/alatis.eu\/wp-content\/uploads\/2025\/12\/Jessica-RUITER.png?resize=633%2C705&amp;ssl=1 633w\" sizes=\"(max-width: 945px) 100vw, 945px\" \/><\/div><\/div><\/div><br \/>\n<div  class='avia-button-wrap avia-button-center  avia-builder-el-2  el_after_av_image  avia-builder-el-last '>\n<style type=\"text\/css\" data-created_by=\"avia_inline_auto\" id=\"style-css-av-mj2ol8cb-b1b425e08ac4147829b87943357bde56\">\n#top #wrap_all .avia-button.av-mj2ol8cb-b1b425e08ac4147829b87943357bde56{\nbackground-color:#152699;\nborder-color:#152699;\ntransition:all 0.4s ease-in-out;\nfont-size:17px;\n}\n#top #wrap_all .avia-button.av-mj2ol8cb-b1b425e08ac4147829b87943357bde56:hover{\nbackground-color:#94ace0;\ncolor:white;\ntransition:all 0.4s ease-in-out;\n}\n#top #wrap_all .avia-button.av-mj2ol8cb-b1b425e08ac4147829b87943357bde56:hover .avia-svg-icon svg:first-child{\nfill:white;\nstroke:white;\n}\n<\/style>\n<a href='' class='avia-font-color-theme-color avia-button avia-button-fullwidth av-mj2ol8cb-b1b425e08ac4147829b87943357bde56 avia-icon_select-no avia-color-custom'   aria-label=\"Jessica RUITER\"><span class='avia_iconbox_title' >Jessica RUITER<\/span><\/a><\/div><\/p><\/div>\n\n<style type=\"text\/css\" data-created_by=\"avia_inline_auto\" id=\"style-css-av-3wdj7v-de7052c91ec8f823bbfe941a9522ff71\">\n.flex_column.av-3wdj7v-de7052c91ec8f823bbfe941a9522ff71{\nborder-radius:0px 0px 0px 0px;\npadding:0px 0px 0px 0px;\n}\n<\/style>\n<div  class='flex_column av-3wdj7v-de7052c91ec8f823bbfe941a9522ff71 av_three_fourth  avia-builder-el-3  el_after_av_one_fourth  avia-builder-el-last  flex_column_div av-zero-column-padding  '     ><style type=\"text\/css\" data-created_by=\"avia_inline_auto\" id=\"style-css-av-mj2okikq-979e89243a02d4ef12bd5518bbf4f326\">\n#top .av_textblock_section.av-mj2okikq-979e89243a02d4ef12bd5518bbf4f326 .avia_textblock{\nfont-size:18px;\n}\n<\/style>\n<section  class='av_textblock_section av-mj2okikq-979e89243a02d4ef12bd5518bbf4f326 '   itemscope=\"itemscope\" itemtype=\"https:\/\/schema.org\/CreativeWork\" ><div class='avia_textblock'  itemprop=\"text\" ><h1 style=\"text-align: center; text-transform: none;\">Senior Paralegal<\/h1>\n<\/div><\/section><br \/>\n<section  class='av_textblock_section av-mj2okyba-1960d7ee3c7719082098cb8250c02f4b '   itemscope=\"itemscope\" itemtype=\"https:\/\/schema.org\/CreativeWork\" ><div class='avia_textblock'  itemprop=\"text\" ><p><b>Jessica RUITER<\/b> has been working as a patent administrative assistant at NOVITECH since 2023. Drawing on her previous experience in administrative management and team coordination at the French Scientific and Technical Center for Building (CSTB), she now applies her skills to the structured and time-sensitive world of intellectual property.<\/p>\n<p>Her responsibilities include:<\/p>\n<ul>\n<li><b>Monitoring official deadlines and procedures<\/b> before IP offices (INPI, EPO, WIPO);<\/li>\n<li><b>Formatting and preparing legal documents<\/b> (filings, translations, correspondence);<\/li>\n<li><b>Maintaining IP databases<\/b> and tracking patent portfolios;<\/li>\n<li><b>Coordinating with clients and foreign agents<\/b>.<\/li>\n<\/ul>\n<p>Fluent in French, English, and Spanish, <b>Jessica RUITER<\/b> is recognized for her accuracy and organizational efficiency, ensuring high-quality support in a fast-paced international setting.<\/p>\n<\/div><\/section><br \/>\n<div  class='avia-button-wrap av-7ivaj-be9f6f5680551feca6be3587790c3cf3-wrap avia-button-center  avia-builder-el-6  el_after_av_textblock  avia-builder-el-last '><a href='https:\/\/alatis.eu\/en\/the-collaborators\/'  class='avia-button av-7ivaj-be9f6f5680551feca6be3587790c3cf3 av-link-btn avia-icon_select-yes-left-icon avia-size-small avia-position-center avia-color-theme-color'   aria-label=\"BACK\"><span class='avia_button_icon avia_button_icon_left avia-iconfont avia-font-entypo-fontello' data-av_icon='\ue87c' data-av_iconfont='entypo-fontello' ><\/span><span class='avia_iconbox_title' >BACK<\/span><\/a><\/div><\/p><\/div>\n","protected":false},"excerpt":{"rendered":"","protected":false},"author":2,"featured_media":0,"parent":0,"menu_order":0,"comment_status":"closed","ping_status":"closed","template":"","meta":{"jetpack_post_was_ever_published":false,"footnotes":""},"class_list":["post-7675","page","type-page","status-publish","hentry"],"yoast_head":"<!-- This site is optimized with the Yoast SEO plugin v26.6 - https:\/\/yoast.com\/wordpress\/plugins\/seo\/ -->\n<title>Jessica RUITER | ALATIS<\/title>\n<meta name=\"robots\" content=\"index, follow, max-snippet:-1, max-image-preview:large, max-video-preview:-1\" \/>\n<link rel=\"canonical\" href=\"https:\/\/alatis.eu\/en\/jessica-ruiter\/\" \/>\n<meta property=\"og:locale\" content=\"en_US\" \/>\n<meta property=\"og:type\" content=\"article\" \/>\n<meta property=\"og:title\" content=\"Jessica RUITER | ALATIS\" \/>\n<meta property=\"og:url\" content=\"https:\/\/alatis.eu\/en\/jessica-ruiter\/\" \/>\n<meta property=\"og:site_name\" content=\"ALATIS\" \/>\n<meta property=\"article:publisher\" content=\"https:\/\/www.facebook.com\/alatis.eu\/\" \/>\n<meta property=\"article:modified_time\" content=\"2026-01-21T10:11:48+00:00\" \/>\n<meta name=\"twitter:card\" content=\"summary_large_image\" \/>\n<meta name=\"twitter:site\" content=\"@alatis_eu\" \/>\n<meta name=\"twitter:label1\" content=\"Est. reading time\" \/>\n\t<meta name=\"twitter:data1\" content=\"1 minute\" \/>\n<script type=\"application\/ld+json\" class=\"yoast-schema-graph\">{\"@context\":\"https:\/\/schema.org\",\"@graph\":[{\"@type\":\"WebPage\",\"@id\":\"https:\/\/alatis.eu\/en\/jessica-ruiter\/\",\"url\":\"https:\/\/alatis.eu\/en\/jessica-ruiter\/\",\"name\":\"Jessica RUITER | ALATIS\",\"isPartOf\":{\"@id\":\"https:\/\/alatis.eu\/#website\"},\"datePublished\":\"2025-12-12T09:45:33+00:00\",\"dateModified\":\"2026-01-21T10:11:48+00:00\",\"breadcrumb\":{\"@id\":\"https:\/\/alatis.eu\/en\/jessica-ruiter\/#breadcrumb\"},\"inLanguage\":\"en-US\",\"potentialAction\":[{\"@type\":\"ReadAction\",\"target\":[\"https:\/\/alatis.eu\/en\/jessica-ruiter\/\"]}]},{\"@type\":\"BreadcrumbList\",\"@id\":\"https:\/\/alatis.eu\/en\/jessica-ruiter\/#breadcrumb\",\"itemListElement\":[{\"@type\":\"ListItem\",\"position\":1,\"name\":\"Accueil\",\"item\":\"https:\/\/alatis.eu\/en\/\"},{\"@type\":\"ListItem\",\"position\":2,\"name\":\"Jessica RUITER\"}]},{\"@type\":\"WebSite\",\"@id\":\"https:\/\/alatis.eu\/#website\",\"url\":\"https:\/\/alatis.eu\/\",\"name\":\"ALATIS\",\"description\":\"R\u00e9seau d&#039;experts en propri\u00e9t\u00e9 intellectuelle, multidisciplinaire et pan-europ\u00e9en\",\"potentialAction\":[{\"@type\":\"SearchAction\",\"target\":{\"@type\":\"EntryPoint\",\"urlTemplate\":\"https:\/\/alatis.eu\/?s={search_term_string}\"},\"query-input\":{\"@type\":\"PropertyValueSpecification\",\"valueRequired\":true,\"valueName\":\"search_term_string\"}}],\"inLanguage\":\"en-US\"}]}<\/script>\n<!-- \/ Yoast SEO plugin. -->","yoast_head_json":{"title":"Jessica RUITER | ALATIS","robots":{"index":"index","follow":"follow","max-snippet":"max-snippet:-1","max-image-preview":"max-image-preview:large","max-video-preview":"max-video-preview:-1"},"canonical":"https:\/\/alatis.eu\/en\/jessica-ruiter\/","og_locale":"en_US","og_type":"article","og_title":"Jessica RUITER | ALATIS","og_url":"https:\/\/alatis.eu\/en\/jessica-ruiter\/","og_site_name":"ALATIS","article_publisher":"https:\/\/www.facebook.com\/alatis.eu\/","article_modified_time":"2026-01-21T10:11:48+00:00","twitter_card":"summary_large_image","twitter_site":"@alatis_eu","twitter_misc":{"Est. reading time":"1 minute"},"schema":{"@context":"https:\/\/schema.org","@graph":[{"@type":"WebPage","@id":"https:\/\/alatis.eu\/en\/jessica-ruiter\/","url":"https:\/\/alatis.eu\/en\/jessica-ruiter\/","name":"Jessica RUITER | ALATIS","isPartOf":{"@id":"https:\/\/alatis.eu\/#website"},"datePublished":"2025-12-12T09:45:33+00:00","dateModified":"2026-01-21T10:11:48+00:00","breadcrumb":{"@id":"https:\/\/alatis.eu\/en\/jessica-ruiter\/#breadcrumb"},"inLanguage":"en-US","potentialAction":[{"@type":"ReadAction","target":["https:\/\/alatis.eu\/en\/jessica-ruiter\/"]}]},{"@type":"BreadcrumbList","@id":"https:\/\/alatis.eu\/en\/jessica-ruiter\/#breadcrumb","itemListElement":[{"@type":"ListItem","position":1,"name":"Accueil","item":"https:\/\/alatis.eu\/en\/"},{"@type":"ListItem","position":2,"name":"Jessica RUITER"}]},{"@type":"WebSite","@id":"https:\/\/alatis.eu\/#website","url":"https:\/\/alatis.eu\/","name":"ALATIS","description":"R\u00e9seau d&#039;experts en propri\u00e9t\u00e9 intellectuelle, multidisciplinaire et pan-europ\u00e9en","potentialAction":[{"@type":"SearchAction","target":{"@type":"EntryPoint","urlTemplate":"https:\/\/alatis.eu\/?s={search_term_string}"},"query-input":{"@type":"PropertyValueSpecification","valueRequired":true,"valueName":"search_term_string"}}],"inLanguage":"en-US"}]}},"jetpack_sharing_enabled":true,"jetpack_shortlink":"https:\/\/wp.me\/P8b6Fp-1ZN","jetpack-related-posts":[],"_links":{"self":[{"href":"https:\/\/alatis.eu\/en\/wp-json\/wp\/v2\/pages\/7675","targetHints":{"allow":["GET"]}}],"collection":[{"href":"https:\/\/alatis.eu\/en\/wp-json\/wp\/v2\/pages"}],"about":[{"href":"https:\/\/alatis.eu\/en\/wp-json\/wp\/v2\/types\/page"}],"author":[{"embeddable":true,"href":"https:\/\/alatis.eu\/en\/wp-json\/wp\/v2\/users\/2"}],"replies":[{"embeddable":true,"href":"https:\/\/alatis.eu\/en\/wp-json\/wp\/v2\/comments?post=7675"}],"version-history":[{"count":3,"href":"https:\/\/alatis.eu\/en\/wp-json\/wp\/v2\/pages\/7675\/revisions"}],"predecessor-version":[{"id":7904,"href":"https:\/\/alatis.eu\/en\/wp-json\/wp\/v2\/pages\/7675\/revisions\/7904"}],"wp:attachment":[{"href":"https:\/\/alatis.eu\/en\/wp-json\/wp\/v2\/media?parent=7675"}],"curies":[{"name":"wp","href":"https:\/\/api.w.org\/{rel}","templated":true}]}}