{"id":7905,"date":"2026-01-22T18:19:40","date_gmt":"2026-01-22T17:19:40","guid":{"rendered":"https:\/\/alatis.eu\/?page_id=7905"},"modified":"2026-01-22T18:19:40","modified_gmt":"2026-01-22T17:19:40","slug":"fabienne-deprette","status":"publish","type":"page","link":"https:\/\/alatis.eu\/en\/fabienne-deprette\/","title":{"rendered":"Fabienne Deprette"},"content":{"rendered":"\n<style type=\"text\/css\" data-created_by=\"avia_inline_auto\" id=\"style-css-av-av_one_fourth-3710e6b971601d5fd5f1c3739bca1ac3\">\n.flex_column.av-av_one_fourth-3710e6b971601d5fd5f1c3739bca1ac3{\ntransform:scale(1.1);\nz-index:5;\nborder-radius:0px 0px 0px 0px;\npadding:0px 0px 0px 0px;\n}\n<\/style>\n<div  class='flex_column av-av_one_fourth-3710e6b971601d5fd5f1c3739bca1ac3 av_one_fourth  avia-builder-el-0  el_before_av_three_fourth  avia-builder-el-first  first flex_column_div av-zero-column-padding  '     ><p>\n<style type=\"text\/css\" data-created_by=\"avia_inline_auto\" id=\"style-css-av-mkpptdo2-c8a7f7928674489c3278450deb9c8051\">\n.avia-image-container.av-mkpptdo2-c8a7f7928674489c3278450deb9c8051 img.avia_image{\nbox-shadow:none;\n}\n.avia-image-container.av-mkpptdo2-c8a7f7928674489c3278450deb9c8051 .av-image-caption-overlay-center{\ncolor:#ffffff;\n}\n<\/style>\n<div  class='avia-image-container av-mkpptdo2-c8a7f7928674489c3278450deb9c8051 av-styling- avia-align-center  avia-builder-el-1  el_before_av_button_big  avia-builder-el-no-sibling '   itemprop=\"image\" itemscope=\"itemscope\" itemtype=\"https:\/\/schema.org\/ImageObject\" ><div class=\"avia-image-container-inner\"><div class=\"avia-image-overlay-wrap\"><img decoding=\"async\" fetchpriority=\"high\" class='wp-image-7884 avia-img-lazy-loading-not-7884 avia_image ' src=\"https:\/\/i0.wp.com\/alatis.eu\/wp-content\/uploads\/2026\/01\/Fabienne-Deprette.png?fit=945%2C1053&ssl=1\" alt='' title='Fabienne Deprette'  height=\"1053\" width=\"945\"  itemprop=\"thumbnailUrl\" srcset=\"https:\/\/i0.wp.com\/alatis.eu\/wp-content\/uploads\/2026\/01\/Fabienne-Deprette.png?w=945&amp;ssl=1 945w, https:\/\/i0.wp.com\/alatis.eu\/wp-content\/uploads\/2026\/01\/Fabienne-Deprette.png?resize=269%2C300&amp;ssl=1 269w, https:\/\/i0.wp.com\/alatis.eu\/wp-content\/uploads\/2026\/01\/Fabienne-Deprette.png?resize=924%2C1030&amp;ssl=1 924w, https:\/\/i0.wp.com\/alatis.eu\/wp-content\/uploads\/2026\/01\/Fabienne-Deprette.png?resize=768%2C856&amp;ssl=1 768w, https:\/\/i0.wp.com\/alatis.eu\/wp-content\/uploads\/2026\/01\/Fabienne-Deprette.png?resize=633%2C705&amp;ssl=1 633w\" sizes=\"(max-width: 945px) 100vw, 945px\" \/><\/div><\/div><\/div><br \/>\n<div  class='avia-button-wrap avia-button-center  avia-builder-el-2  el_after_av_image  avia-builder-el-last '>\n<style type=\"text\/css\" data-created_by=\"avia_inline_auto\" id=\"style-css-av-mkppswxb-a3ceed55a542064d8cbccfb08b6a3ea4\">\n#top #wrap_all .avia-button.av-mkppswxb-a3ceed55a542064d8cbccfb08b6a3ea4{\nbackground-color:#152699;\nborder-color:#152699;\ntransition:all 0.4s ease-in-out;\nfont-size:17px;\n}\n#top #wrap_all .avia-button.av-mkppswxb-a3ceed55a542064d8cbccfb08b6a3ea4:hover{\nbackground-color:#94ace0;\ncolor:white;\ntransition:all 0.4s ease-in-out;\n}\n#top #wrap_all .avia-button.av-mkppswxb-a3ceed55a542064d8cbccfb08b6a3ea4:hover .avia-svg-icon svg:first-child{\nfill:white;\nstroke:white;\n}\n<\/style>\n<a href='' class='avia-font-color-theme-color avia-button avia-button-fullwidth av-mkppswxb-a3ceed55a542064d8cbccfb08b6a3ea4 avia-icon_select-no avia-color-custom'   aria-label=\"Fabienne Deprette \"><span class='avia_iconbox_title' >Fabienne Deprette <\/span><\/a><\/div><\/p><\/div>\n<style type=\"text\/css\" data-created_by=\"avia_inline_auto\" id=\"style-css-av-av_three_fourth-699248f23a309dda907cee54960fbaa0\">\n.flex_column.av-av_three_fourth-699248f23a309dda907cee54960fbaa0{\nborder-radius:0px 0px 0px 0px;\npadding:0px 0px 0px 0px;\n}\n<\/style>\n<div  class='flex_column av-av_three_fourth-699248f23a309dda907cee54960fbaa0 av_three_fourth  avia-builder-el-3  el_after_av_one_fourth  avia-builder-el-last  flex_column_div av-zero-column-padding  '     ><style type=\"text\/css\" data-created_by=\"avia_inline_auto\" id=\"style-css-av-mkppu4wt-9dd96956663e09523f5ca3f91f41bf5e\">\n#top .av_textblock_section.av-mkppu4wt-9dd96956663e09523f5ca3f91f41bf5e .avia_textblock{\nfont-size:18px;\n}\n<\/style>\n<section  class='av_textblock_section av-mkppu4wt-9dd96956663e09523f5ca3f91f41bf5e '   itemscope=\"itemscope\" itemtype=\"https:\/\/schema.org\/CreativeWork\" ><div class='avia_textblock'  itemprop=\"text\" ><h1 style=\"text-align: center; text-transform: none;\">Executive Assistant<br \/>\nIntellectual Property Support<\/h1>\n<\/div><\/section><br \/>\n<section  class='av_textblock_section av-mkppuwg8-4e6899948aa4d8577decac6e032c94be '   itemscope=\"itemscope\" itemtype=\"https:\/\/schema.org\/CreativeWork\" ><div class='avia_textblock'  itemprop=\"text\" ><p>Fabienne Deprette has over twenty-five years of experience in executive assistance and administrative management, gained within both small and medium-sized enterprises (SMEs) and large corporations, primarily in the industrial and intellectual property sectors.<\/p>\n<p>She is fluent in English.<\/p>\n<p>Since 2014, she has been working as an outsourced assistant, providing rigorous operational support to executives and teams, with a particular focus on intellectual property issues, especially trademarks.<\/p>\n<p>She handles administrative management and legal assistance assignments, including document research, managing relationships with government agencies and foreign partners, updating databases, and trademark monitoring.<\/p>\n<p>Her background and experience have given her a comprehensive understanding of organizations, a strong capacity for adaptation, and excellent responsiveness, essential qualities for managing deadlines in intellectual property matters.<\/p>\n<\/div><\/section><br \/>\n<div  class='avia-button-wrap av-mkppvkba-6b0f32333138655158aea4a054a5761c-wrap avia-button-center  avia-builder-el-6  el_after_av_textblock  avia-builder-el-last '><a href='https:\/\/alatis.eu\/en\/the-collaborators\/'  class='avia-button av-mkppvkba-6b0f32333138655158aea4a054a5761c av-link-btn avia-icon_select-yes-left-icon avia-size-small avia-position-center avia-color-theme-color'   aria-label=\"REVENIR\"><span class='avia_button_icon avia_button_icon_left avia-iconfont avia-font-entypo-fontello' data-av_icon='\ue87c' data-av_iconfont='entypo-fontello' ><\/span><span class='avia_iconbox_title' >REVENIR<\/span><\/a><\/div><\/p><\/div><\/p>\n","protected":false},"excerpt":{"rendered":"","protected":false},"author":2,"featured_media":0,"parent":0,"menu_order":0,"comment_status":"closed","ping_status":"closed","template":"","meta":{"jetpack_post_was_ever_published":false,"footnotes":""},"class_list":["post-7905","page","type-page","status-publish","hentry"],"yoast_head":"<!-- This site is optimized with the Yoast SEO plugin v26.6 - https:\/\/yoast.com\/wordpress\/plugins\/seo\/ -->\n<title>Fabienne Deprette | ALATIS<\/title>\n<meta name=\"robots\" content=\"index, follow, max-snippet:-1, max-image-preview:large, max-video-preview:-1\" \/>\n<link rel=\"canonical\" href=\"https:\/\/alatis.eu\/en\/fabienne-deprette\/\" \/>\n<meta property=\"og:locale\" content=\"en_US\" \/>\n<meta property=\"og:type\" content=\"article\" \/>\n<meta property=\"og:title\" content=\"Fabienne Deprette | ALATIS\" \/>\n<meta property=\"og:url\" content=\"https:\/\/alatis.eu\/en\/fabienne-deprette\/\" \/>\n<meta property=\"og:site_name\" content=\"ALATIS\" \/>\n<meta property=\"article:publisher\" content=\"https:\/\/www.facebook.com\/alatis.eu\/\" \/>\n<meta name=\"twitter:card\" content=\"summary_large_image\" \/>\n<meta name=\"twitter:site\" content=\"@alatis_eu\" \/>\n<meta name=\"twitter:label1\" content=\"Est. reading time\" \/>\n\t<meta name=\"twitter:data1\" content=\"1 minute\" \/>\n<script type=\"application\/ld+json\" class=\"yoast-schema-graph\">{\"@context\":\"https:\/\/schema.org\",\"@graph\":[{\"@type\":\"WebPage\",\"@id\":\"https:\/\/alatis.eu\/en\/fabienne-deprette\/\",\"url\":\"https:\/\/alatis.eu\/en\/fabienne-deprette\/\",\"name\":\"Fabienne Deprette | ALATIS\",\"isPartOf\":{\"@id\":\"https:\/\/alatis.eu\/#website\"},\"datePublished\":\"2026-01-22T17:19:40+00:00\",\"breadcrumb\":{\"@id\":\"https:\/\/alatis.eu\/en\/fabienne-deprette\/#breadcrumb\"},\"inLanguage\":\"en-US\",\"potentialAction\":[{\"@type\":\"ReadAction\",\"target\":[\"https:\/\/alatis.eu\/en\/fabienne-deprette\/\"]}]},{\"@type\":\"BreadcrumbList\",\"@id\":\"https:\/\/alatis.eu\/en\/fabienne-deprette\/#breadcrumb\",\"itemListElement\":[{\"@type\":\"ListItem\",\"position\":1,\"name\":\"Accueil\",\"item\":\"https:\/\/alatis.eu\/en\/\"},{\"@type\":\"ListItem\",\"position\":2,\"name\":\"Fabienne Deprette\"}]},{\"@type\":\"WebSite\",\"@id\":\"https:\/\/alatis.eu\/#website\",\"url\":\"https:\/\/alatis.eu\/\",\"name\":\"ALATIS\",\"description\":\"R\u00e9seau d&#039;experts en propri\u00e9t\u00e9 intellectuelle, multidisciplinaire et pan-europ\u00e9en\",\"potentialAction\":[{\"@type\":\"SearchAction\",\"target\":{\"@type\":\"EntryPoint\",\"urlTemplate\":\"https:\/\/alatis.eu\/?s={search_term_string}\"},\"query-input\":{\"@type\":\"PropertyValueSpecification\",\"valueRequired\":true,\"valueName\":\"search_term_string\"}}],\"inLanguage\":\"en-US\"}]}<\/script>\n<!-- \/ Yoast SEO plugin. -->","yoast_head_json":{"title":"Fabienne Deprette | ALATIS","robots":{"index":"index","follow":"follow","max-snippet":"max-snippet:-1","max-image-preview":"max-image-preview:large","max-video-preview":"max-video-preview:-1"},"canonical":"https:\/\/alatis.eu\/en\/fabienne-deprette\/","og_locale":"en_US","og_type":"article","og_title":"Fabienne Deprette | ALATIS","og_url":"https:\/\/alatis.eu\/en\/fabienne-deprette\/","og_site_name":"ALATIS","article_publisher":"https:\/\/www.facebook.com\/alatis.eu\/","twitter_card":"summary_large_image","twitter_site":"@alatis_eu","twitter_misc":{"Est. reading time":"1 minute"},"schema":{"@context":"https:\/\/schema.org","@graph":[{"@type":"WebPage","@id":"https:\/\/alatis.eu\/en\/fabienne-deprette\/","url":"https:\/\/alatis.eu\/en\/fabienne-deprette\/","name":"Fabienne Deprette | ALATIS","isPartOf":{"@id":"https:\/\/alatis.eu\/#website"},"datePublished":"2026-01-22T17:19:40+00:00","breadcrumb":{"@id":"https:\/\/alatis.eu\/en\/fabienne-deprette\/#breadcrumb"},"inLanguage":"en-US","potentialAction":[{"@type":"ReadAction","target":["https:\/\/alatis.eu\/en\/fabienne-deprette\/"]}]},{"@type":"BreadcrumbList","@id":"https:\/\/alatis.eu\/en\/fabienne-deprette\/#breadcrumb","itemListElement":[{"@type":"ListItem","position":1,"name":"Accueil","item":"https:\/\/alatis.eu\/en\/"},{"@type":"ListItem","position":2,"name":"Fabienne Deprette"}]},{"@type":"WebSite","@id":"https:\/\/alatis.eu\/#website","url":"https:\/\/alatis.eu\/","name":"ALATIS","description":"R\u00e9seau d&#039;experts en propri\u00e9t\u00e9 intellectuelle, multidisciplinaire et pan-europ\u00e9en","potentialAction":[{"@type":"SearchAction","target":{"@type":"EntryPoint","urlTemplate":"https:\/\/alatis.eu\/?s={search_term_string}"},"query-input":{"@type":"PropertyValueSpecification","valueRequired":true,"valueName":"search_term_string"}}],"inLanguage":"en-US"}]}},"jetpack_sharing_enabled":true,"jetpack_shortlink":"https:\/\/wp.me\/P8b6Fp-23v","jetpack-related-posts":[],"_links":{"self":[{"href":"https:\/\/alatis.eu\/en\/wp-json\/wp\/v2\/pages\/7905","targetHints":{"allow":["GET"]}}],"collection":[{"href":"https:\/\/alatis.eu\/en\/wp-json\/wp\/v2\/pages"}],"about":[{"href":"https:\/\/alatis.eu\/en\/wp-json\/wp\/v2\/types\/page"}],"author":[{"embeddable":true,"href":"https:\/\/alatis.eu\/en\/wp-json\/wp\/v2\/users\/2"}],"replies":[{"embeddable":true,"href":"https:\/\/alatis.eu\/en\/wp-json\/wp\/v2\/comments?post=7905"}],"version-history":[{"count":2,"href":"https:\/\/alatis.eu\/en\/wp-json\/wp\/v2\/pages\/7905\/revisions"}],"predecessor-version":[{"id":7907,"href":"https:\/\/alatis.eu\/en\/wp-json\/wp\/v2\/pages\/7905\/revisions\/7907"}],"wp:attachment":[{"href":"https:\/\/alatis.eu\/en\/wp-json\/wp\/v2\/media?parent=7905"}],"curies":[{"name":"wp","href":"https:\/\/api.w.org\/{rel}","templated":true}]}}