{"id":796,"date":"2016-07-07T10:47:09","date_gmt":"2016-07-07T09:47:09","guid":{"rendered":"http:\/\/alatis.eu\/expertises\/"},"modified":"2025-12-11T16:38:44","modified_gmt":"2025-12-11T15:38:44","slug":"areas-of-expertise","status":"publish","type":"page","link":"https:\/\/alatis.eu\/en\/areas-of-expertise\/","title":{"rendered":"OUR AREAS OF EXPERTISE"},"content":{"rendered":"<div id='layer_slider_1'  class='avia-layerslider main_color avia-shadow  avia-builder-el-0  el_before_av_textblock  avia-builder-el-first  container_wrap sidebar_right'  style='height: 471px;'  ><\/div><div id='after_layer_slider_1'  class='main_color av_default_container_wrap container_wrap sidebar_right'  ><div class='container av-section-cont-open' ><div class='template-page content  av-content-small alpha units'><div class='post-entry post-entry-type-page post-entry-796'><div class='entry-content-wrapper clearfix'>\n\n<style type=\"text\/css\" data-created_by=\"avia_inline_auto\" id=\"style-css-av-mid8fd3v-959ad974e453dc91d6c52558e7d373a7\">\n.av_textblock_section.av-mid8fd3v-959ad974e453dc91d6c52558e7d373a7{\nbackground-color:#ffffff;\n}\n#top .av_textblock_section.av-mid8fd3v-959ad974e453dc91d6c52558e7d373a7 .avia_textblock{\nfont-size:25px;\n}\n<\/style>\n<section  class='av_textblock_section av-mid8fd3v-959ad974e453dc91d6c52558e7d373a7 '   itemscope=\"itemscope\" itemtype=\"https:\/\/schema.org\/CreativeWork\" ><div class='avia_textblock av_inherit_color'  itemprop=\"text\" ><h1 style=\"text-align: center;\">Our lawyers, engineers and consultants are experts in Intellectual,<br \/>\nIndustrial, Litterary and Artistic Property Law,<br \/>\nas well as New Technologies, ICT and Digital.<\/h1>\n<\/div><\/section>\n<section  class='av_textblock_section av-mid8gjpm-c19bf5bfa13c70e8b24be2c831c1c402 '   itemscope=\"itemscope\" itemtype=\"https:\/\/schema.org\/CreativeWork\" ><div class='avia_textblock'  itemprop=\"text\" ><h3 style=\"text-align: center;\">Intellectual, Litterary and Artistic Property Law aims to enable all creators, both artistic and industrial,<br \/>\nto protect their creations and innovations.\u00a0Your immaterial assets and know-how bring value to your enterprise,<br \/>\nand must be enhanced and protected with an adequate strategy.<br \/>\nYour trademarks, patents, copyrights, designs and know-how are protected by law and can be a huge competitive advantage.<\/h3>\n<\/div><\/section>\n<\/div><\/div><\/div><!-- close content main div --><\/div><\/div>\n<style type=\"text\/css\" data-created_by=\"avia_inline_auto\" id=\"style-css-av-av_section-7288cda9e2b144db7652263225a70723\">\n.avia-section.av-av_section-7288cda9e2b144db7652263225a70723{\nbackground-repeat:repeat;\nbackground-image:url(https:\/\/i0.wp.com\/alatis.eu\/wp-content\/uploads\/2025\/11\/FOND-POUR-PICTO.jpg?fit=2220%2C709&ssl=1);\nbackground-position:50% 50%;\nbackground-attachment:scroll;\n}\n<\/style>\n<div id='av_section_1'  class='avia-section av-av_section-7288cda9e2b144db7652263225a70723 main_color avia-section-default avia-no-border-styling  avia-builder-el-3  el_after_av_textblock  avia-builder-el-last  avia-bg-style-scroll container_wrap sidebar_right'  data-section-bg-repeat='repeat'><div class='container av-section-cont-open' ><div class='template-page content  av-content-small alpha units'><div class='post-entry post-entry-type-page post-entry-796'><div class='entry-content-wrapper clearfix'>\n\n<style type=\"text\/css\" data-created_by=\"avia_inline_auto\" id=\"style-css-av-av_textblock-7236d8954d697053e89a1cc62b90cfe7\">\n#top .av_textblock_section.av-av_textblock-7236d8954d697053e89a1cc62b90cfe7 .avia_textblock{\nfont-size:25px;\n}\n<\/style>\n<section  class='av_textblock_section av-av_textblock-7236d8954d697053e89a1cc62b90cfe7 '   itemscope=\"itemscope\" itemtype=\"https:\/\/schema.org\/CreativeWork\" ><div class='avia_textblock av_inherit_color'  itemprop=\"text\" ><h1 style=\"text-align: center;\">Our expertise in intellectual property law.<\/h1>\n<\/div><\/section>\n\n<style type=\"text\/css\" data-created_by=\"avia_inline_auto\" id=\"style-css-av-mid9bjaj-5dfbddca2d73ab1d41843736be807c74\">\n.flex_column.av-mid9bjaj-5dfbddca2d73ab1d41843736be807c74{\nwidth:32.666666666667%;\nborder-radius:0px 0px 0px 0px;\npadding:0px 0px 0px 0px;\n}\n<\/style>\n<div  class='flex_column av-mid9bjaj-5dfbddca2d73ab1d41843736be807c74 av_one_third  avia-builder-el-5  el_after_av_textblock  el_before_av_one_third  first flex_column_div av-zero-column-padding  column-top-margin'     ><style type=\"text\/css\" data-created_by=\"avia_inline_auto\" id=\"style-css-av-mj1lq50k-92e4c9598eae0c2816a40137a154b1d6\">\n.avia-image-container.av-mj1lq50k-92e4c9598eae0c2816a40137a154b1d6 img.avia_image{\nbox-shadow:none;\n}\n.avia-image-container.av-mj1lq50k-92e4c9598eae0c2816a40137a154b1d6 .av-image-caption-overlay-center{\ncolor:#ffffff;\n}\n<\/style>\n<div  class='avia-image-container av-mj1lq50k-92e4c9598eae0c2816a40137a154b1d6 av-styling- av-img-linked avia-align-center  avia-builder-el-6  avia-builder-el-no-sibling '   itemprop=\"image\" itemscope=\"itemscope\" itemtype=\"https:\/\/schema.org\/ImageObject\" ><div class=\"avia-image-container-inner\"><div class=\"avia-image-overlay-wrap\"><a href=\"https:\/\/alatis.eu\/en\/areas-of-expertise\/business-and-commercial-law\/\" class='avia_image '  aria-label='BUSINESS AND COMMERCIAL LAW'><img decoding=\"async\" fetchpriority=\"high\" class='wp-image-7632 avia-img-lazy-loading-not-7632 avia_image ' src=\"https:\/\/i0.wp.com\/alatis.eu\/wp-content\/uploads\/2025\/12\/BUSINESS-AND-COMMERCIAL-LAW.png?fit=1512%2C896&ssl=1\" alt='' title='BUSINESS AND COMMERCIAL LAW'  height=\"896\" width=\"1512\"  itemprop=\"thumbnailUrl\" srcset=\"https:\/\/i0.wp.com\/alatis.eu\/wp-content\/uploads\/2025\/12\/BUSINESS-AND-COMMERCIAL-LAW.png?w=1512&amp;ssl=1 1512w, https:\/\/i0.wp.com\/alatis.eu\/wp-content\/uploads\/2025\/12\/BUSINESS-AND-COMMERCIAL-LAW.png?resize=300%2C178&amp;ssl=1 300w, https:\/\/i0.wp.com\/alatis.eu\/wp-content\/uploads\/2025\/12\/BUSINESS-AND-COMMERCIAL-LAW.png?resize=1030%2C610&amp;ssl=1 1030w, https:\/\/i0.wp.com\/alatis.eu\/wp-content\/uploads\/2025\/12\/BUSINESS-AND-COMMERCIAL-LAW.png?resize=768%2C455&amp;ssl=1 768w, https:\/\/i0.wp.com\/alatis.eu\/wp-content\/uploads\/2025\/12\/BUSINESS-AND-COMMERCIAL-LAW.png?resize=600%2C356&amp;ssl=1 600w, https:\/\/i0.wp.com\/alatis.eu\/wp-content\/uploads\/2025\/12\/BUSINESS-AND-COMMERCIAL-LAW.png?resize=1500%2C889&amp;ssl=1 1500w, https:\/\/i0.wp.com\/alatis.eu\/wp-content\/uploads\/2025\/12\/BUSINESS-AND-COMMERCIAL-LAW.png?resize=705%2C418&amp;ssl=1 705w\" sizes=\"(max-width: 1500px) 100vw, 1500px\" \/><\/a><\/div><\/div><\/div><\/div>\n<style type=\"text\/css\" data-created_by=\"avia_inline_auto\" id=\"style-css-av-av_one_third-699248f23a309dda907cee54960fbaa0\">\n.flex_column.av-av_one_third-699248f23a309dda907cee54960fbaa0{\nwidth:32.666666666667%;\nmargin-left:1%;\nborder-radius:0px 0px 0px 0px;\npadding:0px 0px 0px 0px;\n}\n<\/style>\n<div  class='flex_column av-av_one_third-699248f23a309dda907cee54960fbaa0 av_one_third  avia-builder-el-7  el_after_av_one_third  el_before_av_one_third  flex_column_div av-zero-column-padding  column-top-margin'     ><style type=\"text\/css\" data-created_by=\"avia_inline_auto\" id=\"style-css-av-mj1lqjzt-0b50535007fb003b0eb52f4186025ffc\">\n.avia-image-container.av-mj1lqjzt-0b50535007fb003b0eb52f4186025ffc img.avia_image{\nbox-shadow:none;\n}\n.avia-image-container.av-mj1lqjzt-0b50535007fb003b0eb52f4186025ffc .av-image-caption-overlay-center{\ncolor:#ffffff;\n}\n<\/style>\n<div  class='avia-image-container av-mj1lqjzt-0b50535007fb003b0eb52f4186025ffc av-styling- av-img-linked avia-align-center  avia-builder-el-8  avia-builder-el-no-sibling '   itemprop=\"image\" itemscope=\"itemscope\" itemtype=\"https:\/\/schema.org\/ImageObject\" ><div class=\"avia-image-container-inner\"><div class=\"avia-image-overlay-wrap\"><a href=\"https:\/\/alatis.eu\/en\/areas-of-expertise\/copyright\/\" class='avia_image '  aria-label='COPYRIGHT'><img decoding=\"async\" fetchpriority=\"high\" class='wp-image-7634 avia-img-lazy-loading-not-7634 avia_image ' src=\"https:\/\/i0.wp.com\/alatis.eu\/wp-content\/uploads\/2025\/12\/COPYRIGHT.png?fit=1512%2C897&ssl=1\" alt='' title='COPYRIGHT'  height=\"897\" width=\"1512\"  itemprop=\"thumbnailUrl\" srcset=\"https:\/\/i0.wp.com\/alatis.eu\/wp-content\/uploads\/2025\/12\/COPYRIGHT.png?w=1512&amp;ssl=1 1512w, https:\/\/i0.wp.com\/alatis.eu\/wp-content\/uploads\/2025\/12\/COPYRIGHT.png?resize=300%2C178&amp;ssl=1 300w, https:\/\/i0.wp.com\/alatis.eu\/wp-content\/uploads\/2025\/12\/COPYRIGHT.png?resize=1030%2C611&amp;ssl=1 1030w, https:\/\/i0.wp.com\/alatis.eu\/wp-content\/uploads\/2025\/12\/COPYRIGHT.png?resize=768%2C456&amp;ssl=1 768w, https:\/\/i0.wp.com\/alatis.eu\/wp-content\/uploads\/2025\/12\/COPYRIGHT.png?resize=600%2C356&amp;ssl=1 600w, https:\/\/i0.wp.com\/alatis.eu\/wp-content\/uploads\/2025\/12\/COPYRIGHT.png?resize=1500%2C890&amp;ssl=1 1500w, https:\/\/i0.wp.com\/alatis.eu\/wp-content\/uploads\/2025\/12\/COPYRIGHT.png?resize=705%2C418&amp;ssl=1 705w\" sizes=\"(max-width: 1500px) 100vw, 1500px\" \/><\/a><\/div><\/div><\/div><\/div>\n<style type=\"text\/css\" data-created_by=\"avia_inline_auto\" id=\"style-css-av-av_one_third-699248f23a309dda907cee54960fbaa0\">\n.flex_column.av-av_one_third-699248f23a309dda907cee54960fbaa0{\nwidth:32.666666666667%;\nmargin-left:1%;\nborder-radius:0px 0px 0px 0px;\npadding:0px 0px 0px 0px;\n}\n<\/style>\n<div  class='flex_column av-av_one_third-699248f23a309dda907cee54960fbaa0 av_one_third  avia-builder-el-9  el_after_av_one_third  el_before_av_one_third  flex_column_div av-zero-column-padding  column-top-margin'     ><style type=\"text\/css\" data-created_by=\"avia_inline_auto\" id=\"style-css-av-mj1lqyd4-69e6fc215ea952a36a7a382d858c841e\">\n.avia-image-container.av-mj1lqyd4-69e6fc215ea952a36a7a382d858c841e img.avia_image{\nbox-shadow:none;\n}\n.avia-image-container.av-mj1lqyd4-69e6fc215ea952a36a7a382d858c841e .av-image-caption-overlay-center{\ncolor:#ffffff;\n}\n<\/style>\n<div  class='avia-image-container av-mj1lqyd4-69e6fc215ea952a36a7a382d858c841e av-styling- av-img-linked avia-align-center  avia-builder-el-10  avia-builder-el-no-sibling '   itemprop=\"image\" itemscope=\"itemscope\" itemtype=\"https:\/\/schema.org\/ImageObject\" ><div class=\"avia-image-container-inner\"><div class=\"avia-image-overlay-wrap\"><a href=\"https:\/\/alatis.eu\/en\/areas-of-expertise\/industrial-design\/\" class='avia_image '  aria-label='DESIGNS'><img decoding=\"async\" fetchpriority=\"high\" class='wp-image-7636 avia-img-lazy-loading-not-7636 avia_image ' src=\"https:\/\/i0.wp.com\/alatis.eu\/wp-content\/uploads\/2025\/12\/DESIGNS.png?fit=1512%2C894&ssl=1\" alt='' title='DESIGNS'  height=\"894\" width=\"1512\"  itemprop=\"thumbnailUrl\" srcset=\"https:\/\/i0.wp.com\/alatis.eu\/wp-content\/uploads\/2025\/12\/DESIGNS.png?w=1512&amp;ssl=1 1512w, https:\/\/i0.wp.com\/alatis.eu\/wp-content\/uploads\/2025\/12\/DESIGNS.png?resize=300%2C177&amp;ssl=1 300w, https:\/\/i0.wp.com\/alatis.eu\/wp-content\/uploads\/2025\/12\/DESIGNS.png?resize=1030%2C609&amp;ssl=1 1030w, https:\/\/i0.wp.com\/alatis.eu\/wp-content\/uploads\/2025\/12\/DESIGNS.png?resize=768%2C454&amp;ssl=1 768w, https:\/\/i0.wp.com\/alatis.eu\/wp-content\/uploads\/2025\/12\/DESIGNS.png?resize=600%2C355&amp;ssl=1 600w, https:\/\/i0.wp.com\/alatis.eu\/wp-content\/uploads\/2025\/12\/DESIGNS.png?resize=1500%2C887&amp;ssl=1 1500w, https:\/\/i0.wp.com\/alatis.eu\/wp-content\/uploads\/2025\/12\/DESIGNS.png?resize=705%2C417&amp;ssl=1 705w\" sizes=\"(max-width: 1500px) 100vw, 1500px\" \/><\/a><\/div><\/div><\/div><\/div>\n<style type=\"text\/css\" data-created_by=\"avia_inline_auto\" id=\"style-css-av-mid9bqc9-5f5373f9d65e8bd8df76b08573db56c0\">\n.flex_column.av-mid9bqc9-5f5373f9d65e8bd8df76b08573db56c0{\nwidth:32.666666666667%;\nborder-radius:0px 0px 0px 0px;\npadding:0px 0px 0px 0px;\n}\n<\/style>\n<div  class='flex_column av-mid9bqc9-5f5373f9d65e8bd8df76b08573db56c0 av_one_third  avia-builder-el-11  el_after_av_one_third  el_before_av_one_third  first flex_column_div av-zero-column-padding  column-top-margin'     ><style type=\"text\/css\" data-created_by=\"avia_inline_auto\" id=\"style-css-av-mj1lrci5-d97b3497bcf4c0f54962aca6e4a76ce9\">\n.avia-image-container.av-mj1lrci5-d97b3497bcf4c0f54962aca6e4a76ce9 img.avia_image{\nbox-shadow:none;\n}\n.avia-image-container.av-mj1lrci5-d97b3497bcf4c0f54962aca6e4a76ce9 .av-image-caption-overlay-center{\ncolor:#ffffff;\n}\n<\/style>\n<div  class='avia-image-container av-mj1lrci5-d97b3497bcf4c0f54962aca6e4a76ce9 av-styling- av-img-linked avia-align-center  avia-builder-el-12  avia-builder-el-no-sibling '   itemprop=\"image\" itemscope=\"itemscope\" itemtype=\"https:\/\/schema.org\/ImageObject\" ><div class=\"avia-image-container-inner\"><div class=\"avia-image-overlay-wrap\"><a href=\"https:\/\/alatis.eu\/en\/areas-of-expertise\/digital-technologies\/\" class='avia_image '  aria-label='DIGITAL TECHNOLOGIES'><img decoding=\"async\" fetchpriority=\"high\" class='wp-image-7638 avia-img-lazy-loading-not-7638 avia_image ' src=\"https:\/\/i0.wp.com\/alatis.eu\/wp-content\/uploads\/2025\/12\/DIGITAL-TECHNOLOGIES.png?fit=1512%2C894&ssl=1\" alt='' title='DIGITAL TECHNOLOGIES'  height=\"894\" width=\"1512\"  itemprop=\"thumbnailUrl\" srcset=\"https:\/\/i0.wp.com\/alatis.eu\/wp-content\/uploads\/2025\/12\/DIGITAL-TECHNOLOGIES.png?w=1512&amp;ssl=1 1512w, https:\/\/i0.wp.com\/alatis.eu\/wp-content\/uploads\/2025\/12\/DIGITAL-TECHNOLOGIES.png?resize=300%2C177&amp;ssl=1 300w, https:\/\/i0.wp.com\/alatis.eu\/wp-content\/uploads\/2025\/12\/DIGITAL-TECHNOLOGIES.png?resize=1030%2C609&amp;ssl=1 1030w, https:\/\/i0.wp.com\/alatis.eu\/wp-content\/uploads\/2025\/12\/DIGITAL-TECHNOLOGIES.png?resize=768%2C454&amp;ssl=1 768w, https:\/\/i0.wp.com\/alatis.eu\/wp-content\/uploads\/2025\/12\/DIGITAL-TECHNOLOGIES.png?resize=600%2C355&amp;ssl=1 600w, https:\/\/i0.wp.com\/alatis.eu\/wp-content\/uploads\/2025\/12\/DIGITAL-TECHNOLOGIES.png?resize=1500%2C887&amp;ssl=1 1500w, https:\/\/i0.wp.com\/alatis.eu\/wp-content\/uploads\/2025\/12\/DIGITAL-TECHNOLOGIES.png?resize=705%2C417&amp;ssl=1 705w\" sizes=\"(max-width: 1500px) 100vw, 1500px\" \/><\/a><\/div><\/div><\/div><\/div>\n<style type=\"text\/css\" data-created_by=\"avia_inline_auto\" id=\"style-css-av-av_one_third-699248f23a309dda907cee54960fbaa0\">\n.flex_column.av-av_one_third-699248f23a309dda907cee54960fbaa0{\nwidth:32.666666666667%;\nmargin-left:1%;\nborder-radius:0px 0px 0px 0px;\npadding:0px 0px 0px 0px;\n}\n<\/style>\n<div  class='flex_column av-av_one_third-699248f23a309dda907cee54960fbaa0 av_one_third  avia-builder-el-13  el_after_av_one_third  el_before_av_one_third  flex_column_div av-zero-column-padding  column-top-margin'     ><style type=\"text\/css\" data-created_by=\"avia_inline_auto\" id=\"style-css-av-mj1lrod2-344312fdcb0ac6cdcbef4509212c68ed\">\n.avia-image-container.av-mj1lrod2-344312fdcb0ac6cdcbef4509212c68ed img.avia_image{\nbox-shadow:none;\n}\n.avia-image-container.av-mj1lrod2-344312fdcb0ac6cdcbef4509212c68ed .av-image-caption-overlay-center{\ncolor:#ffffff;\n}\n<\/style>\n<div  class='avia-image-container av-mj1lrod2-344312fdcb0ac6cdcbef4509212c68ed av-styling- av-img-linked avia-align-center  avia-builder-el-14  avia-builder-el-no-sibling '   itemprop=\"image\" itemscope=\"itemscope\" itemtype=\"https:\/\/schema.org\/ImageObject\" ><div class=\"avia-image-container-inner\"><div class=\"avia-image-overlay-wrap\"><a href=\"https:\/\/alatis.eu\/en\/areas-of-expertise\/patents\/\" class='avia_image '  aria-label='PATENTS'><img decoding=\"async\" fetchpriority=\"high\" class='wp-image-7640 avia-img-lazy-loading-not-7640 avia_image ' src=\"https:\/\/i0.wp.com\/alatis.eu\/wp-content\/uploads\/2025\/12\/PATENTS.png?fit=1512%2C894&ssl=1\" alt='' title='PATENTS'  height=\"894\" width=\"1512\"  itemprop=\"thumbnailUrl\" srcset=\"https:\/\/i0.wp.com\/alatis.eu\/wp-content\/uploads\/2025\/12\/PATENTS.png?w=1512&amp;ssl=1 1512w, https:\/\/i0.wp.com\/alatis.eu\/wp-content\/uploads\/2025\/12\/PATENTS.png?resize=300%2C177&amp;ssl=1 300w, https:\/\/i0.wp.com\/alatis.eu\/wp-content\/uploads\/2025\/12\/PATENTS.png?resize=1030%2C609&amp;ssl=1 1030w, https:\/\/i0.wp.com\/alatis.eu\/wp-content\/uploads\/2025\/12\/PATENTS.png?resize=768%2C454&amp;ssl=1 768w, https:\/\/i0.wp.com\/alatis.eu\/wp-content\/uploads\/2025\/12\/PATENTS.png?resize=600%2C355&amp;ssl=1 600w, https:\/\/i0.wp.com\/alatis.eu\/wp-content\/uploads\/2025\/12\/PATENTS.png?resize=1500%2C887&amp;ssl=1 1500w, https:\/\/i0.wp.com\/alatis.eu\/wp-content\/uploads\/2025\/12\/PATENTS.png?resize=705%2C417&amp;ssl=1 705w\" sizes=\"(max-width: 1500px) 100vw, 1500px\" \/><\/a><\/div><\/div><\/div><\/div>\n<style type=\"text\/css\" data-created_by=\"avia_inline_auto\" id=\"style-css-av-av_one_third-699248f23a309dda907cee54960fbaa0\">\n.flex_column.av-av_one_third-699248f23a309dda907cee54960fbaa0{\nwidth:32.666666666667%;\nmargin-left:1%;\nborder-radius:0px 0px 0px 0px;\npadding:0px 0px 0px 0px;\n}\n<\/style>\n<div  class='flex_column av-av_one_third-699248f23a309dda907cee54960fbaa0 av_one_third  avia-builder-el-15  el_after_av_one_third  avia-builder-el-last  flex_column_div av-zero-column-padding  column-top-margin'     ><style type=\"text\/css\" data-created_by=\"avia_inline_auto\" id=\"style-css-av-mj1ls1lw-87c40dbfdb73aa5dfdc0c62a2014f353\">\n.avia-image-container.av-mj1ls1lw-87c40dbfdb73aa5dfdc0c62a2014f353 img.avia_image{\nbox-shadow:none;\n}\n.avia-image-container.av-mj1ls1lw-87c40dbfdb73aa5dfdc0c62a2014f353 .av-image-caption-overlay-center{\ncolor:#ffffff;\n}\n<\/style>\n<div  class='avia-image-container av-mj1ls1lw-87c40dbfdb73aa5dfdc0c62a2014f353 av-styling- av-img-linked avia-align-center  avia-builder-el-16  avia-builder-el-no-sibling '   itemprop=\"image\" itemscope=\"itemscope\" itemtype=\"https:\/\/schema.org\/ImageObject\" ><div class=\"avia-image-container-inner\"><div class=\"avia-image-overlay-wrap\"><a href=\"https:\/\/alatis.eu\/en\/areas-of-expertise\/trademarks\/\" class='avia_image '  aria-label='TRADEMARK'><img decoding=\"async\" fetchpriority=\"high\" class='wp-image-7642 avia-img-lazy-loading-not-7642 avia_image ' src=\"https:\/\/i0.wp.com\/alatis.eu\/wp-content\/uploads\/2025\/12\/TRADEMARK.png?fit=1512%2C895&ssl=1\" alt='' title='TRADEMARK'  height=\"895\" width=\"1512\"  itemprop=\"thumbnailUrl\" srcset=\"https:\/\/i0.wp.com\/alatis.eu\/wp-content\/uploads\/2025\/12\/TRADEMARK.png?w=1512&amp;ssl=1 1512w, https:\/\/i0.wp.com\/alatis.eu\/wp-content\/uploads\/2025\/12\/TRADEMARK.png?resize=300%2C178&amp;ssl=1 300w, https:\/\/i0.wp.com\/alatis.eu\/wp-content\/uploads\/2025\/12\/TRADEMARK.png?resize=1030%2C610&amp;ssl=1 1030w, https:\/\/i0.wp.com\/alatis.eu\/wp-content\/uploads\/2025\/12\/TRADEMARK.png?resize=768%2C455&amp;ssl=1 768w, https:\/\/i0.wp.com\/alatis.eu\/wp-content\/uploads\/2025\/12\/TRADEMARK.png?resize=600%2C355&amp;ssl=1 600w, https:\/\/i0.wp.com\/alatis.eu\/wp-content\/uploads\/2025\/12\/TRADEMARK.png?resize=1500%2C888&amp;ssl=1 1500w, https:\/\/i0.wp.com\/alatis.eu\/wp-content\/uploads\/2025\/12\/TRADEMARK.png?resize=705%2C417&amp;ssl=1 705w\" sizes=\"(max-width: 1500px) 100vw, 1500px\" \/><\/a><\/div><\/div><\/div><\/div><\/div><\/div><\/div><!-- close content main div --><\/div><\/div><div id='after_section_1'  class='main_color av_default_container_wrap container_wrap sidebar_right'  ><div class='container av-section-cont-open' ><div class='template-page content  av-content-small alpha units'><div class='post-entry post-entry-type-page post-entry-796'><div class='entry-content-wrapper clearfix'>\n","protected":false},"excerpt":{"rendered":"","protected":false},"author":2,"featured_media":0,"parent":0,"menu_order":0,"comment_status":"closed","ping_status":"closed","template":"","meta":{"jetpack_post_was_ever_published":false,"footnotes":""},"class_list":["post-796","page","type-page","status-publish","hentry"],"yoast_head":"<!-- This site is optimized with the Yoast SEO plugin v26.6 - https:\/\/yoast.com\/wordpress\/plugins\/seo\/ -->\n<title>Our areas of expertise in Intellectual Property | Alatis Network<\/title>\n<meta name=\"description\" content=\"Alatis is a network of expertis in Intellectual Property, patents, trademarks, designs, copyrights and digital, with an international reach.\" \/>\n<meta name=\"robots\" content=\"index, follow, max-snippet:-1, max-image-preview:large, max-video-preview:-1\" \/>\n<link rel=\"canonical\" href=\"https:\/\/alatis.eu\/en\/areas-of-expertise\/\" \/>\n<meta property=\"og:locale\" content=\"en_US\" \/>\n<meta property=\"og:type\" content=\"article\" \/>\n<meta property=\"og:title\" content=\"Our areas of expertise in Intellectual Property | Alatis Network\" \/>\n<meta property=\"og:description\" content=\"Alatis is a network of expertis in Intellectual Property, patents, trademarks, designs, copyrights and digital, with an international reach.\" \/>\n<meta property=\"og:url\" content=\"https:\/\/alatis.eu\/en\/areas-of-expertise\/\" \/>\n<meta property=\"og:site_name\" content=\"ALATIS\" \/>\n<meta property=\"article:publisher\" content=\"https:\/\/www.facebook.com\/alatis.eu\/\" \/>\n<meta property=\"article:modified_time\" content=\"2025-12-11T15:38:44+00:00\" \/>\n<meta name=\"twitter:card\" content=\"summary_large_image\" \/>\n<meta name=\"twitter:site\" content=\"@alatis_eu\" \/>\n<meta name=\"twitter:label1\" content=\"Est. reading time\" \/>\n\t<meta name=\"twitter:data1\" content=\"2 minutes\" \/>\n<script type=\"application\/ld+json\" class=\"yoast-schema-graph\">{\"@context\":\"https:\/\/schema.org\",\"@graph\":[{\"@type\":\"WebPage\",\"@id\":\"https:\/\/alatis.eu\/en\/areas-of-expertise\/\",\"url\":\"https:\/\/alatis.eu\/en\/areas-of-expertise\/\",\"name\":\"Our areas of expertise in Intellectual Property | Alatis Network\",\"isPartOf\":{\"@id\":\"https:\/\/alatis.eu\/#website\"},\"datePublished\":\"2016-07-07T09:47:09+00:00\",\"dateModified\":\"2025-12-11T15:38:44+00:00\",\"description\":\"Alatis is a network of expertis in Intellectual Property, patents, trademarks, designs, copyrights and digital, with an international reach.\",\"breadcrumb\":{\"@id\":\"https:\/\/alatis.eu\/en\/areas-of-expertise\/#breadcrumb\"},\"inLanguage\":\"en-US\",\"potentialAction\":[{\"@type\":\"ReadAction\",\"target\":[\"https:\/\/alatis.eu\/en\/areas-of-expertise\/\"]}]},{\"@type\":\"BreadcrumbList\",\"@id\":\"https:\/\/alatis.eu\/en\/areas-of-expertise\/#breadcrumb\",\"itemListElement\":[{\"@type\":\"ListItem\",\"position\":1,\"name\":\"Accueil\",\"item\":\"https:\/\/alatis.eu\/en\/\"},{\"@type\":\"ListItem\",\"position\":2,\"name\":\"OUR AREAS OF EXPERTISE\"}]},{\"@type\":\"WebSite\",\"@id\":\"https:\/\/alatis.eu\/#website\",\"url\":\"https:\/\/alatis.eu\/\",\"name\":\"ALATIS\",\"description\":\"R\u00e9seau d&#039;experts en propri\u00e9t\u00e9 intellectuelle, multidisciplinaire et pan-europ\u00e9en\",\"potentialAction\":[{\"@type\":\"SearchAction\",\"target\":{\"@type\":\"EntryPoint\",\"urlTemplate\":\"https:\/\/alatis.eu\/?s={search_term_string}\"},\"query-input\":{\"@type\":\"PropertyValueSpecification\",\"valueRequired\":true,\"valueName\":\"search_term_string\"}}],\"inLanguage\":\"en-US\"}]}<\/script>\n<!-- \/ Yoast SEO plugin. -->","yoast_head_json":{"title":"Our areas of expertise in Intellectual Property | Alatis Network","description":"Alatis is a network of expertis in Intellectual Property, patents, trademarks, designs, copyrights and digital, with an international reach.","robots":{"index":"index","follow":"follow","max-snippet":"max-snippet:-1","max-image-preview":"max-image-preview:large","max-video-preview":"max-video-preview:-1"},"canonical":"https:\/\/alatis.eu\/en\/areas-of-expertise\/","og_locale":"en_US","og_type":"article","og_title":"Our areas of expertise in Intellectual Property | Alatis Network","og_description":"Alatis is a network of expertis in Intellectual Property, patents, trademarks, designs, copyrights and digital, with an international reach.","og_url":"https:\/\/alatis.eu\/en\/areas-of-expertise\/","og_site_name":"ALATIS","article_publisher":"https:\/\/www.facebook.com\/alatis.eu\/","article_modified_time":"2025-12-11T15:38:44+00:00","twitter_card":"summary_large_image","twitter_site":"@alatis_eu","twitter_misc":{"Est. reading time":"2 minutes"},"schema":{"@context":"https:\/\/schema.org","@graph":[{"@type":"WebPage","@id":"https:\/\/alatis.eu\/en\/areas-of-expertise\/","url":"https:\/\/alatis.eu\/en\/areas-of-expertise\/","name":"Our areas of expertise in Intellectual Property | Alatis Network","isPartOf":{"@id":"https:\/\/alatis.eu\/#website"},"datePublished":"2016-07-07T09:47:09+00:00","dateModified":"2025-12-11T15:38:44+00:00","description":"Alatis is a network of expertis in Intellectual Property, patents, trademarks, designs, copyrights and digital, with an international reach.","breadcrumb":{"@id":"https:\/\/alatis.eu\/en\/areas-of-expertise\/#breadcrumb"},"inLanguage":"en-US","potentialAction":[{"@type":"ReadAction","target":["https:\/\/alatis.eu\/en\/areas-of-expertise\/"]}]},{"@type":"BreadcrumbList","@id":"https:\/\/alatis.eu\/en\/areas-of-expertise\/#breadcrumb","itemListElement":[{"@type":"ListItem","position":1,"name":"Accueil","item":"https:\/\/alatis.eu\/en\/"},{"@type":"ListItem","position":2,"name":"OUR AREAS OF EXPERTISE"}]},{"@type":"WebSite","@id":"https:\/\/alatis.eu\/#website","url":"https:\/\/alatis.eu\/","name":"ALATIS","description":"R\u00e9seau d&#039;experts en propri\u00e9t\u00e9 intellectuelle, multidisciplinaire et pan-europ\u00e9en","potentialAction":[{"@type":"SearchAction","target":{"@type":"EntryPoint","urlTemplate":"https:\/\/alatis.eu\/?s={search_term_string}"},"query-input":{"@type":"PropertyValueSpecification","valueRequired":true,"valueName":"search_term_string"}}],"inLanguage":"en-US"}]}},"jetpack_sharing_enabled":true,"jetpack_shortlink":"https:\/\/wp.me\/P8b6Fp-cQ","jetpack-related-posts":[],"_links":{"self":[{"href":"https:\/\/alatis.eu\/en\/wp-json\/wp\/v2\/pages\/796","targetHints":{"allow":["GET"]}}],"collection":[{"href":"https:\/\/alatis.eu\/en\/wp-json\/wp\/v2\/pages"}],"about":[{"href":"https:\/\/alatis.eu\/en\/wp-json\/wp\/v2\/types\/page"}],"author":[{"embeddable":true,"href":"https:\/\/alatis.eu\/en\/wp-json\/wp\/v2\/users\/2"}],"replies":[{"embeddable":true,"href":"https:\/\/alatis.eu\/en\/wp-json\/wp\/v2\/comments?post=796"}],"version-history":[{"count":12,"href":"https:\/\/alatis.eu\/en\/wp-json\/wp\/v2\/pages\/796\/revisions"}],"predecessor-version":[{"id":7645,"href":"https:\/\/alatis.eu\/en\/wp-json\/wp\/v2\/pages\/796\/revisions\/7645"}],"wp:attachment":[{"href":"https:\/\/alatis.eu\/en\/wp-json\/wp\/v2\/media?parent=796"}],"curies":[{"name":"wp","href":"https:\/\/api.w.org\/{rel}","templated":true}]}}