{"id":831,"date":"2016-07-08T09:28:23","date_gmt":"2016-07-08T08:28:23","guid":{"rendered":"http:\/\/alatis.eu\/expertises\/marques\/"},"modified":"2026-01-18T22:10:04","modified_gmt":"2026-01-18T21:10:04","slug":"trademarks","status":"publish","type":"page","link":"https:\/\/alatis.eu\/en\/areas-of-expertise\/trademarks\/","title":{"rendered":"OUR EXPERTISE IN TRADEMARKS"},"content":{"rendered":"\n<style type=\"text\/css\" data-created_by=\"avia_inline_auto\" id=\"style-css-av-av_textblock-bf8474c55b0e214cc4ae6a2aa919e5b9\">\n#top .av_textblock_section.av-av_textblock-bf8474c55b0e214cc4ae6a2aa919e5b9 .avia_textblock{\nfont-size:26px;\n}\n<\/style>\n<section  class='av_textblock_section av-av_textblock-bf8474c55b0e214cc4ae6a2aa919e5b9 '   itemscope=\"itemscope\" itemtype=\"https:\/\/schema.org\/CreativeWork\" ><div class='avia_textblock'  itemprop=\"text\" ><h1 style=\"text-align: center;\">Our expertise in trademarks<\/h1>\n<\/div><\/section>\n<div  class='hr av-av_hr-bad5bc90bcef2f12297bff634a297b07 hr-short  avia-builder-el-1  el_after_av_textblock  el_before_av_one_fourth  hr-center'><span class='hr-inner '><span class=\"hr-inner-style\"><\/span><\/span><\/div>\n<div  class='flex_column av-av_one_fourth-cab6cb91e42b24d4f503cdabdc5ed6e0 av_one_fourth  avia-builder-el-2  el_after_av_hr  el_before_av_one_half  first flex_column_div  '     ><\/div>\n<div  class='flex_column av-av_one_half-5ebb9248fb9c120f6665341cb151d4ce av_one_half  avia-builder-el-3  el_after_av_one_fourth  el_before_av_one_fourth  flex_column_div  '     ><section  class='av_textblock_section av-mkk86hr2-8cbf4837af3f2782d3724f378a20f466 '   itemscope=\"itemscope\" itemtype=\"https:\/\/schema.org\/CreativeWork\" ><div class='avia_textblock'  itemprop=\"text\" ><p>Trademarks are distinctive signs which serve to differentiate between identical or similar products and services by different providers or producers. Our Trademarks division provides support and advice throughout the life cycle of your &#8220;distinctive signs&#8221; in France, Switzerland, the European Union or internationally, in both common processes and more complex matters.<\/p>\n<ul style=\"text-align: justify;\">\n<li><strong>Availability search<\/strong><\/li>\n<li><strong>Trademark protection<\/strong>\n<ul>\n<li>Application strategy<\/li>\n<li>Application in France and Switzerland, with the EUIPO\u00a0and WIPO, and internationally (grouped application available)<\/li>\n<li>Tracking application procedures<\/li>\n<li>Renewal<\/li>\n<\/ul>\n<\/li>\n<\/ul>\n<ul style=\"text-align: justify;\">\n<li><strong>Monitoring<\/strong>\n<ul>\n<li>Monitoring of word marks, figurative or semi-figurative trademarks, in one or several countries, within Europe or globally<\/li>\n<li>Monitoring of trademark applications by an individual or within one economic sector<\/li>\n<li>Company name monitoring<\/li>\n<li>Domain name monitoring<\/li>\n<li>Website content monitoring<\/li>\n<\/ul>\n<\/li>\n<li><strong>Trademark defense<\/strong>\n<ul>\n<li>Opposition<\/li>\n<li>Litigation (IP Offices and Court)<\/li>\n<li>Negotiation<\/li>\n<\/ul>\n<\/li>\n<li><strong>&#8220;Saisie-contrefa\u00e7on&#8221;<\/strong><\/li>\n<li><strong>Infringement\u00a0actions<\/strong><\/li>\n<li><strong>Unfair competition actions<\/strong><\/li>\n<li><strong>Trademark invalidity<\/strong><\/li>\n<li><strong>Revocation of a trademark<\/strong><\/li>\n<li><strong>Market analysis<\/strong><\/li>\n<li><strong>Consulting<\/strong><\/li>\n<li><strong>Agreements and Audit<\/strong>\n<ul>\n<li>Drafting<\/li>\n<li>Negociation<\/li>\n<li>Registration<\/li>\n<\/ul>\n<\/li>\n<\/ul>\n<p>Need more info about trademarks? Download our guide <a href=\"http:\/\/alatis.eu\/wp-content\/uploads\/2017\/08\/10-Step-filing-FRtM.pdf\" target=\"_blank\" rel=\"noopener noreferrer\"><strong>&#8220;10 steps to register your trademark&#8221;<\/strong><\/a>:<\/p>\n<p><a href=\"http:\/\/alatis.eu\/wp-content\/uploads\/2017\/08\/10-Step-filing-FRtM.pdf\"><img data-recalc-dims=\"1\" loading=\"lazy\" decoding=\"async\" class=\"alignleft wp-image-1709 size-thumbnail\" src=\"https:\/\/i0.wp.com\/alatis.eu\/wp-content\/uploads\/2017\/08\/icone-pdf-80x80.png?resize=80%2C80\" alt=\"ic\u00f4ne PDF adobe\" width=\"80\" height=\"80\" \/><\/a><\/p>\n<\/div><\/section><\/div><div  class='flex_column av-av_one_fourth-5ebb9248fb9c120f6665341cb151d4ce av_one_fourth  avia-builder-el-5  el_after_av_one_half  el_before_av_button  flex_column_div  '     ><\/div><\/p>\n<div  class='avia-button-wrap av-av_button-4156ed2abb7210cbcbda86b0499fde0f-wrap avia-button-center  avia-builder-el-6  el_after_av_one_fourth  avia-builder-el-last '><a href='https:\/\/alatis.eu\/en\/areas-of-expertise\/'  class='avia-button av-av_button-4156ed2abb7210cbcbda86b0499fde0f av-link-btn avia-icon_select-yes-left-icon avia-size-small avia-position-center avia-color-theme-color'   aria-label=\"BACK\"><span class='avia_button_icon avia_button_icon_left avia-iconfont avia-font-entypo-fontello' data-av_icon='\ue87c' data-av_iconfont='entypo-fontello' ><\/span><span class='avia_iconbox_title' >BACK<\/span><\/a><\/div>\n","protected":false},"excerpt":{"rendered":"","protected":false},"author":2,"featured_media":0,"parent":796,"menu_order":0,"comment_status":"closed","ping_status":"closed","template":"","meta":{"jetpack_post_was_ever_published":false,"footnotes":""},"class_list":["post-831","page","type-page","status-publish","hentry"],"yoast_head":"<!-- This site is optimized with the Yoast SEO plugin v26.6 - https:\/\/yoast.com\/wordpress\/plugins\/seo\/ -->\n<title>Our expertise in trademarks | Alatis Network<\/title>\n<meta name=\"description\" content=\"Alatis&#039; Trademark division supports, advises and defends your trademarks in France, in Switzerland, in the European Union and internationally.\" \/>\n<meta name=\"robots\" content=\"index, follow, max-snippet:-1, max-image-preview:large, max-video-preview:-1\" \/>\n<link rel=\"canonical\" href=\"https:\/\/alatis.eu\/en\/areas-of-expertise\/trademarks\/\" \/>\n<meta property=\"og:locale\" content=\"en_US\" \/>\n<meta property=\"og:type\" content=\"article\" \/>\n<meta property=\"og:title\" content=\"Our expertise in trademarks | Alatis Network\" \/>\n<meta property=\"og:description\" content=\"Alatis&#039; Trademark division supports, advises and defends your trademarks in France, in Switzerland, in the European Union and internationally.\" \/>\n<meta property=\"og:url\" content=\"https:\/\/alatis.eu\/en\/areas-of-expertise\/trademarks\/\" \/>\n<meta property=\"og:site_name\" content=\"ALATIS\" \/>\n<meta property=\"article:publisher\" content=\"https:\/\/www.facebook.com\/alatis.eu\/\" \/>\n<meta property=\"article:modified_time\" content=\"2026-01-18T21:10:04+00:00\" \/>\n<meta property=\"og:image\" content=\"http:\/\/alatis.eu\/wp-content\/uploads\/2017\/08\/icone-pdf-80x80.png\" \/>\n<meta name=\"twitter:card\" content=\"summary_large_image\" \/>\n<meta name=\"twitter:site\" content=\"@alatis_eu\" \/>\n<meta name=\"twitter:label1\" content=\"Est. reading time\" \/>\n\t<meta name=\"twitter:data1\" content=\"2 minutes\" \/>\n<script type=\"application\/ld+json\" class=\"yoast-schema-graph\">{\"@context\":\"https:\/\/schema.org\",\"@graph\":[{\"@type\":\"WebPage\",\"@id\":\"https:\/\/alatis.eu\/en\/areas-of-expertise\/trademarks\/\",\"url\":\"https:\/\/alatis.eu\/en\/areas-of-expertise\/trademarks\/\",\"name\":\"Our expertise in trademarks | Alatis Network\",\"isPartOf\":{\"@id\":\"https:\/\/alatis.eu\/#website\"},\"primaryImageOfPage\":{\"@id\":\"https:\/\/alatis.eu\/en\/areas-of-expertise\/trademarks\/#primaryimage\"},\"image\":{\"@id\":\"https:\/\/alatis.eu\/en\/areas-of-expertise\/trademarks\/#primaryimage\"},\"thumbnailUrl\":\"http:\/\/alatis.eu\/wp-content\/uploads\/2017\/08\/icone-pdf-80x80.png\",\"datePublished\":\"2016-07-08T08:28:23+00:00\",\"dateModified\":\"2026-01-18T21:10:04+00:00\",\"description\":\"Alatis' Trademark division supports, advises and defends your trademarks in France, in Switzerland, in the European Union and internationally.\",\"breadcrumb\":{\"@id\":\"https:\/\/alatis.eu\/en\/areas-of-expertise\/trademarks\/#breadcrumb\"},\"inLanguage\":\"en-US\",\"potentialAction\":[{\"@type\":\"ReadAction\",\"target\":[\"https:\/\/alatis.eu\/en\/areas-of-expertise\/trademarks\/\"]}]},{\"@type\":\"ImageObject\",\"inLanguage\":\"en-US\",\"@id\":\"https:\/\/alatis.eu\/en\/areas-of-expertise\/trademarks\/#primaryimage\",\"url\":\"http:\/\/alatis.eu\/wp-content\/uploads\/2017\/08\/icone-pdf-80x80.png\",\"contentUrl\":\"http:\/\/alatis.eu\/wp-content\/uploads\/2017\/08\/icone-pdf-80x80.png\"},{\"@type\":\"BreadcrumbList\",\"@id\":\"https:\/\/alatis.eu\/en\/areas-of-expertise\/trademarks\/#breadcrumb\",\"itemListElement\":[{\"@type\":\"ListItem\",\"position\":1,\"name\":\"Accueil\",\"item\":\"https:\/\/alatis.eu\/en\/\"},{\"@type\":\"ListItem\",\"position\":2,\"name\":\"OUR AREAS OF EXPERTISE\",\"item\":\"https:\/\/alatis.eu\/en\/areas-of-expertise\/\"},{\"@type\":\"ListItem\",\"position\":3,\"name\":\"OUR EXPERTISE IN TRADEMARKS\"}]},{\"@type\":\"WebSite\",\"@id\":\"https:\/\/alatis.eu\/#website\",\"url\":\"https:\/\/alatis.eu\/\",\"name\":\"ALATIS\",\"description\":\"R\u00e9seau d&#039;experts en propri\u00e9t\u00e9 intellectuelle, multidisciplinaire et pan-europ\u00e9en\",\"potentialAction\":[{\"@type\":\"SearchAction\",\"target\":{\"@type\":\"EntryPoint\",\"urlTemplate\":\"https:\/\/alatis.eu\/?s={search_term_string}\"},\"query-input\":{\"@type\":\"PropertyValueSpecification\",\"valueRequired\":true,\"valueName\":\"search_term_string\"}}],\"inLanguage\":\"en-US\"}]}<\/script>\n<!-- \/ Yoast SEO plugin. -->","yoast_head_json":{"title":"Our expertise in trademarks | Alatis Network","description":"Alatis' Trademark division supports, advises and defends your trademarks in France, in Switzerland, in the European Union and internationally.","robots":{"index":"index","follow":"follow","max-snippet":"max-snippet:-1","max-image-preview":"max-image-preview:large","max-video-preview":"max-video-preview:-1"},"canonical":"https:\/\/alatis.eu\/en\/areas-of-expertise\/trademarks\/","og_locale":"en_US","og_type":"article","og_title":"Our expertise in trademarks | Alatis Network","og_description":"Alatis' Trademark division supports, advises and defends your trademarks in France, in Switzerland, in the European Union and internationally.","og_url":"https:\/\/alatis.eu\/en\/areas-of-expertise\/trademarks\/","og_site_name":"ALATIS","article_publisher":"https:\/\/www.facebook.com\/alatis.eu\/","article_modified_time":"2026-01-18T21:10:04+00:00","og_image":[{"url":"http:\/\/alatis.eu\/wp-content\/uploads\/2017\/08\/icone-pdf-80x80.png","type":"","width":"","height":""}],"twitter_card":"summary_large_image","twitter_site":"@alatis_eu","twitter_misc":{"Est. reading time":"2 minutes"},"schema":{"@context":"https:\/\/schema.org","@graph":[{"@type":"WebPage","@id":"https:\/\/alatis.eu\/en\/areas-of-expertise\/trademarks\/","url":"https:\/\/alatis.eu\/en\/areas-of-expertise\/trademarks\/","name":"Our expertise in trademarks | Alatis Network","isPartOf":{"@id":"https:\/\/alatis.eu\/#website"},"primaryImageOfPage":{"@id":"https:\/\/alatis.eu\/en\/areas-of-expertise\/trademarks\/#primaryimage"},"image":{"@id":"https:\/\/alatis.eu\/en\/areas-of-expertise\/trademarks\/#primaryimage"},"thumbnailUrl":"http:\/\/alatis.eu\/wp-content\/uploads\/2017\/08\/icone-pdf-80x80.png","datePublished":"2016-07-08T08:28:23+00:00","dateModified":"2026-01-18T21:10:04+00:00","description":"Alatis' Trademark division supports, advises and defends your trademarks in France, in Switzerland, in the European Union and internationally.","breadcrumb":{"@id":"https:\/\/alatis.eu\/en\/areas-of-expertise\/trademarks\/#breadcrumb"},"inLanguage":"en-US","potentialAction":[{"@type":"ReadAction","target":["https:\/\/alatis.eu\/en\/areas-of-expertise\/trademarks\/"]}]},{"@type":"ImageObject","inLanguage":"en-US","@id":"https:\/\/alatis.eu\/en\/areas-of-expertise\/trademarks\/#primaryimage","url":"http:\/\/alatis.eu\/wp-content\/uploads\/2017\/08\/icone-pdf-80x80.png","contentUrl":"http:\/\/alatis.eu\/wp-content\/uploads\/2017\/08\/icone-pdf-80x80.png"},{"@type":"BreadcrumbList","@id":"https:\/\/alatis.eu\/en\/areas-of-expertise\/trademarks\/#breadcrumb","itemListElement":[{"@type":"ListItem","position":1,"name":"Accueil","item":"https:\/\/alatis.eu\/en\/"},{"@type":"ListItem","position":2,"name":"OUR AREAS OF EXPERTISE","item":"https:\/\/alatis.eu\/en\/areas-of-expertise\/"},{"@type":"ListItem","position":3,"name":"OUR EXPERTISE IN TRADEMARKS"}]},{"@type":"WebSite","@id":"https:\/\/alatis.eu\/#website","url":"https:\/\/alatis.eu\/","name":"ALATIS","description":"R\u00e9seau d&#039;experts en propri\u00e9t\u00e9 intellectuelle, multidisciplinaire et pan-europ\u00e9en","potentialAction":[{"@type":"SearchAction","target":{"@type":"EntryPoint","urlTemplate":"https:\/\/alatis.eu\/?s={search_term_string}"},"query-input":{"@type":"PropertyValueSpecification","valueRequired":true,"valueName":"search_term_string"}}],"inLanguage":"en-US"}]}},"jetpack_sharing_enabled":true,"jetpack_shortlink":"https:\/\/wp.me\/P8b6Fp-dp","jetpack-related-posts":[],"_links":{"self":[{"href":"https:\/\/alatis.eu\/en\/wp-json\/wp\/v2\/pages\/831","targetHints":{"allow":["GET"]}}],"collection":[{"href":"https:\/\/alatis.eu\/en\/wp-json\/wp\/v2\/pages"}],"about":[{"href":"https:\/\/alatis.eu\/en\/wp-json\/wp\/v2\/types\/page"}],"author":[{"embeddable":true,"href":"https:\/\/alatis.eu\/en\/wp-json\/wp\/v2\/users\/2"}],"replies":[{"embeddable":true,"href":"https:\/\/alatis.eu\/en\/wp-json\/wp\/v2\/comments?post=831"}],"version-history":[{"count":12,"href":"https:\/\/alatis.eu\/en\/wp-json\/wp\/v2\/pages\/831\/revisions"}],"predecessor-version":[{"id":7840,"href":"https:\/\/alatis.eu\/en\/wp-json\/wp\/v2\/pages\/831\/revisions\/7840"}],"up":[{"embeddable":true,"href":"https:\/\/alatis.eu\/en\/wp-json\/wp\/v2\/pages\/796"}],"wp:attachment":[{"href":"https:\/\/alatis.eu\/en\/wp-json\/wp\/v2\/media?parent=831"}],"curies":[{"name":"wp","href":"https:\/\/api.w.org\/{rel}","templated":true}]}}