{"id":844,"date":"2016-07-08T09:30:10","date_gmt":"2016-07-08T08:30:10","guid":{"rendered":"http:\/\/alatis.eu\/expertises\/dessins-modeles\/"},"modified":"2025-11-24T13:39:52","modified_gmt":"2025-11-24T12:39:52","slug":"industrial-design","status":"publish","type":"page","link":"https:\/\/alatis.eu\/en\/areas-of-expertise\/industrial-design\/","title":{"rendered":"OUR EXPERTISE IN INDUSTRIAL DESIGNS"},"content":{"rendered":"\n<style type=\"text\/css\" data-created_by=\"avia_inline_auto\" id=\"style-css-av-av_textblock-bf8474c55b0e214cc4ae6a2aa919e5b9\">\n#top .av_textblock_section.av-av_textblock-bf8474c55b0e214cc4ae6a2aa919e5b9 .avia_textblock{\nfont-size:26px;\n}\n<\/style>\n<section  class='av_textblock_section av-av_textblock-bf8474c55b0e214cc4ae6a2aa919e5b9 '   itemscope=\"itemscope\" itemtype=\"https:\/\/schema.org\/CreativeWork\" ><div class='avia_textblock'  itemprop=\"text\" ><h1 style=\"text-align: center;\">OUR EXPERTISE IN INDUSTRIAL DESIGN<\/h1>\n<\/div><\/section>\n<div  class='hr av-av_hr-bad5bc90bcef2f12297bff634a297b07 hr-short  avia-builder-el-1  el_after_av_textblock  el_before_av_one_fourth  hr-center'><span class='hr-inner '><span class=\"hr-inner-style\"><\/span><\/span><\/div>\n<div  class='flex_column av-av_one_fourth-cab6cb91e42b24d4f503cdabdc5ed6e0 av_one_fourth  avia-builder-el-2  el_after_av_hr  el_before_av_one_half  first flex_column_div  '     ><\/div>\n<div  class='flex_column av-av_one_half-5ebb9248fb9c120f6665341cb151d4ce av_one_half  avia-builder-el-3  el_after_av_one_fourth  el_before_av_one_fourth  flex_column_div  '     ><section  class='av_textblock_section av-av_textblock-0366cc7376be6c9e82a3e9cc8987b64f '   itemscope=\"itemscope\" itemtype=\"https:\/\/schema.org\/CreativeWork\" ><div class='avia_textblock'  itemprop=\"text\" ><p>An industrial design is the ornamental or aesthetic appearance of an object, which may comprise its three-dimensional shape, its texture, lines, colours or patterns. Our Designs division supports and advises you each step of your creation to help you develop their value.<\/p>\n<ul>\n<li><strong>Availability searches<\/strong><\/li>\n<li><strong>Design protection<\/strong><\/li>\n<li><strong>Examination procedures<\/strong>\n<ul>\n<li>Cross-country surveillance<\/li>\n<li>Consulting<\/li>\n<li>Audit<\/li>\n<li>Pre-litigation negotiations<\/li>\n<li>&#8220;Saisie-contrefa\u00e7on&#8221;<\/li>\n<li>Infringement<\/li>\n<\/ul>\n<\/li>\n<\/ul>\n<ul>\n<li><strong>Design invalidity and revocation<\/strong><\/li>\n<li><strong>Protection strategy<\/strong><\/li>\n<li><strong>Applications in France and Switzerland, with the EUIPO and WIPO, and internationally<\/strong><\/li>\n<li><strong>Tracking of registration procedures<\/strong><\/li>\n<li><strong>Renewals<\/strong><\/li>\n<li><strong>Agreements<\/strong>\n<ul>\n<li>Drafting<\/li>\n<li>Negotiations<\/li>\n<li>Recordals<\/li>\n<\/ul>\n<\/li>\n<\/ul>\n<\/div><\/section><\/div>\n<div  class='flex_column av-av_one_fourth-5ebb9248fb9c120f6665341cb151d4ce av_one_fourth  avia-builder-el-5  el_after_av_one_half  el_before_av_button  flex_column_div  '     ><\/div>\n<div  class='avia-button-wrap av-av_button-4156ed2abb7210cbcbda86b0499fde0f-wrap avia-button-center  avia-builder-el-6  el_after_av_one_fourth  avia-builder-el-last '><a href='https:\/\/alatis.eu\/en\/areas-of-expertise\/'  class='avia-button av-av_button-4156ed2abb7210cbcbda86b0499fde0f av-link-btn avia-icon_select-yes-left-icon avia-size-small avia-position-center avia-color-theme-color'   aria-label=\"BACK\"><span class='avia_button_icon avia_button_icon_left avia-iconfont avia-font-entypo-fontello' data-av_icon='\ue87c' data-av_iconfont='entypo-fontello' ><\/span><span class='avia_iconbox_title' >BACK<\/span><\/a><\/div>\n","protected":false},"excerpt":{"rendered":"","protected":false},"author":2,"featured_media":0,"parent":796,"menu_order":0,"comment_status":"closed","ping_status":"closed","template":"","meta":{"jetpack_post_was_ever_published":false,"footnotes":""},"class_list":["post-844","page","type-page","status-publish","hentry"],"yoast_head":"<!-- This site is optimized with the Yoast SEO plugin v26.6 - https:\/\/yoast.com\/wordpress\/plugins\/seo\/ -->\n<title>Our expertise in industrial design | Alatis Network<\/title>\n<meta name=\"description\" content=\"From availability searches to registration and renewal, Alatis&#039; team of intellectual property experts helps protect your industrial designs.\" \/>\n<meta name=\"robots\" content=\"index, follow, max-snippet:-1, max-image-preview:large, max-video-preview:-1\" \/>\n<link rel=\"canonical\" href=\"https:\/\/alatis.eu\/en\/areas-of-expertise\/industrial-design\/\" \/>\n<meta property=\"og:locale\" content=\"en_US\" \/>\n<meta property=\"og:type\" content=\"article\" \/>\n<meta property=\"og:title\" content=\"Our expertise in industrial design | Alatis Network\" \/>\n<meta property=\"og:description\" content=\"From availability searches to registration and renewal, Alatis&#039; team of intellectual property experts helps protect your industrial designs.\" \/>\n<meta property=\"og:url\" content=\"https:\/\/alatis.eu\/en\/areas-of-expertise\/industrial-design\/\" \/>\n<meta property=\"og:site_name\" content=\"ALATIS\" \/>\n<meta property=\"article:publisher\" content=\"https:\/\/www.facebook.com\/alatis.eu\/\" \/>\n<meta property=\"article:modified_time\" content=\"2025-11-24T12:39:52+00:00\" \/>\n<meta name=\"twitter:card\" content=\"summary_large_image\" \/>\n<meta name=\"twitter:site\" content=\"@alatis_eu\" \/>\n<meta name=\"twitter:label1\" content=\"Est. reading time\" \/>\n\t<meta name=\"twitter:data1\" content=\"1 minute\" \/>\n<script type=\"application\/ld+json\" class=\"yoast-schema-graph\">{\"@context\":\"https:\/\/schema.org\",\"@graph\":[{\"@type\":\"WebPage\",\"@id\":\"https:\/\/alatis.eu\/en\/areas-of-expertise\/industrial-design\/\",\"url\":\"https:\/\/alatis.eu\/en\/areas-of-expertise\/industrial-design\/\",\"name\":\"Our expertise in industrial design | Alatis Network\",\"isPartOf\":{\"@id\":\"https:\/\/alatis.eu\/#website\"},\"datePublished\":\"2016-07-08T08:30:10+00:00\",\"dateModified\":\"2025-11-24T12:39:52+00:00\",\"description\":\"From availability searches to registration and renewal, Alatis' team of intellectual property experts helps protect your industrial designs.\",\"breadcrumb\":{\"@id\":\"https:\/\/alatis.eu\/en\/areas-of-expertise\/industrial-design\/#breadcrumb\"},\"inLanguage\":\"en-US\",\"potentialAction\":[{\"@type\":\"ReadAction\",\"target\":[\"https:\/\/alatis.eu\/en\/areas-of-expertise\/industrial-design\/\"]}]},{\"@type\":\"BreadcrumbList\",\"@id\":\"https:\/\/alatis.eu\/en\/areas-of-expertise\/industrial-design\/#breadcrumb\",\"itemListElement\":[{\"@type\":\"ListItem\",\"position\":1,\"name\":\"Accueil\",\"item\":\"https:\/\/alatis.eu\/en\/\"},{\"@type\":\"ListItem\",\"position\":2,\"name\":\"OUR AREAS OF EXPERTISE\",\"item\":\"https:\/\/alatis.eu\/en\/areas-of-expertise\/\"},{\"@type\":\"ListItem\",\"position\":3,\"name\":\"OUR EXPERTISE IN INDUSTRIAL DESIGNS\"}]},{\"@type\":\"WebSite\",\"@id\":\"https:\/\/alatis.eu\/#website\",\"url\":\"https:\/\/alatis.eu\/\",\"name\":\"ALATIS\",\"description\":\"R\u00e9seau d&#039;experts en propri\u00e9t\u00e9 intellectuelle, multidisciplinaire et pan-europ\u00e9en\",\"potentialAction\":[{\"@type\":\"SearchAction\",\"target\":{\"@type\":\"EntryPoint\",\"urlTemplate\":\"https:\/\/alatis.eu\/?s={search_term_string}\"},\"query-input\":{\"@type\":\"PropertyValueSpecification\",\"valueRequired\":true,\"valueName\":\"search_term_string\"}}],\"inLanguage\":\"en-US\"}]}<\/script>\n<!-- \/ Yoast SEO plugin. -->","yoast_head_json":{"title":"Our expertise in industrial design | Alatis Network","description":"From availability searches to registration and renewal, Alatis' team of intellectual property experts helps protect your industrial designs.","robots":{"index":"index","follow":"follow","max-snippet":"max-snippet:-1","max-image-preview":"max-image-preview:large","max-video-preview":"max-video-preview:-1"},"canonical":"https:\/\/alatis.eu\/en\/areas-of-expertise\/industrial-design\/","og_locale":"en_US","og_type":"article","og_title":"Our expertise in industrial design | Alatis Network","og_description":"From availability searches to registration and renewal, Alatis' team of intellectual property experts helps protect your industrial designs.","og_url":"https:\/\/alatis.eu\/en\/areas-of-expertise\/industrial-design\/","og_site_name":"ALATIS","article_publisher":"https:\/\/www.facebook.com\/alatis.eu\/","article_modified_time":"2025-11-24T12:39:52+00:00","twitter_card":"summary_large_image","twitter_site":"@alatis_eu","twitter_misc":{"Est. reading time":"1 minute"},"schema":{"@context":"https:\/\/schema.org","@graph":[{"@type":"WebPage","@id":"https:\/\/alatis.eu\/en\/areas-of-expertise\/industrial-design\/","url":"https:\/\/alatis.eu\/en\/areas-of-expertise\/industrial-design\/","name":"Our expertise in industrial design | Alatis Network","isPartOf":{"@id":"https:\/\/alatis.eu\/#website"},"datePublished":"2016-07-08T08:30:10+00:00","dateModified":"2025-11-24T12:39:52+00:00","description":"From availability searches to registration and renewal, Alatis' team of intellectual property experts helps protect your industrial designs.","breadcrumb":{"@id":"https:\/\/alatis.eu\/en\/areas-of-expertise\/industrial-design\/#breadcrumb"},"inLanguage":"en-US","potentialAction":[{"@type":"ReadAction","target":["https:\/\/alatis.eu\/en\/areas-of-expertise\/industrial-design\/"]}]},{"@type":"BreadcrumbList","@id":"https:\/\/alatis.eu\/en\/areas-of-expertise\/industrial-design\/#breadcrumb","itemListElement":[{"@type":"ListItem","position":1,"name":"Accueil","item":"https:\/\/alatis.eu\/en\/"},{"@type":"ListItem","position":2,"name":"OUR AREAS OF EXPERTISE","item":"https:\/\/alatis.eu\/en\/areas-of-expertise\/"},{"@type":"ListItem","position":3,"name":"OUR EXPERTISE IN INDUSTRIAL DESIGNS"}]},{"@type":"WebSite","@id":"https:\/\/alatis.eu\/#website","url":"https:\/\/alatis.eu\/","name":"ALATIS","description":"R\u00e9seau d&#039;experts en propri\u00e9t\u00e9 intellectuelle, multidisciplinaire et pan-europ\u00e9en","potentialAction":[{"@type":"SearchAction","target":{"@type":"EntryPoint","urlTemplate":"https:\/\/alatis.eu\/?s={search_term_string}"},"query-input":{"@type":"PropertyValueSpecification","valueRequired":true,"valueName":"search_term_string"}}],"inLanguage":"en-US"}]}},"jetpack_sharing_enabled":true,"jetpack_shortlink":"https:\/\/wp.me\/P8b6Fp-dC","jetpack-related-posts":[],"_links":{"self":[{"href":"https:\/\/alatis.eu\/en\/wp-json\/wp\/v2\/pages\/844","targetHints":{"allow":["GET"]}}],"collection":[{"href":"https:\/\/alatis.eu\/en\/wp-json\/wp\/v2\/pages"}],"about":[{"href":"https:\/\/alatis.eu\/en\/wp-json\/wp\/v2\/types\/page"}],"author":[{"embeddable":true,"href":"https:\/\/alatis.eu\/en\/wp-json\/wp\/v2\/users\/2"}],"replies":[{"embeddable":true,"href":"https:\/\/alatis.eu\/en\/wp-json\/wp\/v2\/comments?post=844"}],"version-history":[{"count":12,"href":"https:\/\/alatis.eu\/en\/wp-json\/wp\/v2\/pages\/844\/revisions"}],"predecessor-version":[{"id":7338,"href":"https:\/\/alatis.eu\/en\/wp-json\/wp\/v2\/pages\/844\/revisions\/7338"}],"up":[{"embeddable":true,"href":"https:\/\/alatis.eu\/en\/wp-json\/wp\/v2\/pages\/796"}],"wp:attachment":[{"href":"https:\/\/alatis.eu\/en\/wp-json\/wp\/v2\/media?parent=844"}],"curies":[{"name":"wp","href":"https:\/\/api.w.org\/{rel}","templated":true}]}}