{"id":854,"date":"2016-07-08T09:31:05","date_gmt":"2016-07-08T08:31:05","guid":{"rendered":"http:\/\/alatis.eu\/expertises\/brevets\/"},"modified":"2025-11-24T13:41:42","modified_gmt":"2025-11-24T12:41:42","slug":"patents","status":"publish","type":"page","link":"https:\/\/alatis.eu\/en\/areas-of-expertise\/patents\/","title":{"rendered":"OUR EXPERTISE IN PATENTS"},"content":{"rendered":"\n<style type=\"text\/css\" data-created_by=\"avia_inline_auto\" id=\"style-css-av-av_textblock-bf8474c55b0e214cc4ae6a2aa919e5b9\">\n#top .av_textblock_section.av-av_textblock-bf8474c55b0e214cc4ae6a2aa919e5b9 .avia_textblock{\nfont-size:26px;\n}\n<\/style>\n<section  class='av_textblock_section av-av_textblock-bf8474c55b0e214cc4ae6a2aa919e5b9 '   itemscope=\"itemscope\" itemtype=\"https:\/\/schema.org\/CreativeWork\" ><div class='avia_textblock'  itemprop=\"text\" ><h1 style=\"text-align: center;\">Our expertise in patents<\/h1>\n<\/div><\/section>\n<div  class='hr av-av_hr-bad5bc90bcef2f12297bff634a297b07 hr-short  avia-builder-el-1  el_after_av_textblock  el_before_av_one_fourth  hr-center'><span class='hr-inner '><span class=\"hr-inner-style\"><\/span><\/span><\/div>\n<div  class='flex_column av-av_one_fourth-cab6cb91e42b24d4f503cdabdc5ed6e0 av_one_fourth  avia-builder-el-2  el_after_av_hr  el_before_av_one_half  first flex_column_div  '     ><\/div>\n<div  class='flex_column av-av_one_half-5ebb9248fb9c120f6665341cb151d4ce av_one_half  avia-builder-el-3  el_after_av_one_fourth  el_before_av_one_fourth  flex_column_div  '     ><section  class='av_textblock_section av-av_textblock-0366cc7376be6c9e82a3e9cc8987b64f '   itemscope=\"itemscope\" itemtype=\"https:\/\/schema.org\/CreativeWork\" ><div class='avia_textblock'  itemprop=\"text\" ><p>A patent grants its proprietor exclusive exploitation rights to an invention.<\/p>\n<p>This invention can be an object or product, as well as a process or method which represents a change to industrial or artisanal practice or a specific solution to a technical problem.<\/p>\n<p>Patents are delivered by national administrations, such as the INPI in France, or international entities like the European Patent Office, after a relatively long and complex examination procedure of the application submitted by the inventor or their beneficiaries.<\/p>\n<p>The patent application must comply with stringent requirements and the invention described must satisfy the three legal patentability criteria of industrial application, novelty and an inventive step.<\/p>\n<p>To avoid the rejection of a patent application, the Alatis experts conduct a thorough preliminary analysis of the project prior to starting the process.<\/p>\n<p>In particular, our experts can undertake an audit of your know-how or conduct a literature review in professional databases to verify the novelty of your invention.<\/p>\n<p>We also provide the following services:<\/p>\n<ul>\n<li style=\"text-align: justify;\">analysing of the invention and its patentability<\/li>\n<li style=\"text-align: justify;\">developing an Intellectual Property strategy<\/li>\n<li style=\"text-align: justify;\">drafting and submitting patent applications<\/li>\n<li style=\"text-align: justify;\">tracking administrative examination procedures in France and internationally<\/li>\n<li style=\"text-align: justify;\">protecting non-patentable technical know-how (softwares, business methods, surgical methods,&#8230;)<\/li>\n<li style=\"text-align: justify;\">drafting patent licensing\/disposal and technology transfer agreements<\/li>\n<li style=\"text-align: justify;\">protecting trade secrets and business intelligence<\/li>\n<li style=\"text-align: justify;\">&#8220;saisie-contrefa\u00e7on&#8221;<\/li>\n<li style=\"text-align: justify;\">legal action regarding application, defense, infringement or revocation<\/li>\n<li style=\"text-align: justify;\">tracking of negotiations<\/li>\n<\/ul>\n<\/div><\/section><\/div>\n<div  class='flex_column av-av_one_fourth-5ebb9248fb9c120f6665341cb151d4ce av_one_fourth  avia-builder-el-5  el_after_av_one_half  el_before_av_button  flex_column_div  '     ><\/div>\n<div  class='avia-button-wrap av-av_button-4156ed2abb7210cbcbda86b0499fde0f-wrap avia-button-center  avia-builder-el-6  el_after_av_one_fourth  avia-builder-el-last '><a href='https:\/\/alatis.eu\/en\/areas-of-expertise\/'  class='avia-button av-av_button-4156ed2abb7210cbcbda86b0499fde0f av-link-btn avia-icon_select-yes-left-icon avia-size-small avia-position-center avia-color-theme-color'   aria-label=\"BACK\"><span class='avia_button_icon avia_button_icon_left avia-iconfont avia-font-entypo-fontello' data-av_icon='\ue87c' data-av_iconfont='entypo-fontello' ><\/span><span class='avia_iconbox_title' >BACK<\/span><\/a><\/div>\n","protected":false},"excerpt":{"rendered":"","protected":false},"author":2,"featured_media":0,"parent":796,"menu_order":0,"comment_status":"closed","ping_status":"closed","template":"","meta":{"jetpack_post_was_ever_published":false,"footnotes":""},"class_list":["post-854","page","type-page","status-publish","hentry"],"yoast_head":"<!-- This site is optimized with the Yoast SEO plugin v26.6 - https:\/\/yoast.com\/wordpress\/plugins\/seo\/ -->\n<title>Our expertise in patents | Alatis Network<\/title>\n<meta name=\"description\" content=\"Alatis&#039; Patents division supports, advises and defends your trademarks in France, in Switzerland, in the European Union and internationally.\" \/>\n<meta name=\"robots\" content=\"index, follow, max-snippet:-1, max-image-preview:large, max-video-preview:-1\" \/>\n<link rel=\"canonical\" href=\"https:\/\/alatis.eu\/en\/areas-of-expertise\/patents\/\" \/>\n<meta property=\"og:locale\" content=\"en_US\" \/>\n<meta property=\"og:type\" content=\"article\" \/>\n<meta property=\"og:title\" content=\"Our expertise in patents | Alatis Network\" \/>\n<meta property=\"og:description\" content=\"Alatis&#039; Patents division supports, advises and defends your trademarks in France, in Switzerland, in the European Union and internationally.\" \/>\n<meta property=\"og:url\" content=\"https:\/\/alatis.eu\/en\/areas-of-expertise\/patents\/\" \/>\n<meta property=\"og:site_name\" content=\"ALATIS\" \/>\n<meta property=\"article:publisher\" content=\"https:\/\/www.facebook.com\/alatis.eu\/\" \/>\n<meta property=\"article:modified_time\" content=\"2025-11-24T12:41:42+00:00\" \/>\n<meta name=\"twitter:card\" content=\"summary_large_image\" \/>\n<meta name=\"twitter:site\" content=\"@alatis_eu\" \/>\n<meta name=\"twitter:label1\" content=\"Est. reading time\" \/>\n\t<meta name=\"twitter:data1\" content=\"2 minutes\" \/>\n<script type=\"application\/ld+json\" class=\"yoast-schema-graph\">{\"@context\":\"https:\/\/schema.org\",\"@graph\":[{\"@type\":\"WebPage\",\"@id\":\"https:\/\/alatis.eu\/en\/areas-of-expertise\/patents\/\",\"url\":\"https:\/\/alatis.eu\/en\/areas-of-expertise\/patents\/\",\"name\":\"Our expertise in patents | Alatis Network\",\"isPartOf\":{\"@id\":\"https:\/\/alatis.eu\/#website\"},\"datePublished\":\"2016-07-08T08:31:05+00:00\",\"dateModified\":\"2025-11-24T12:41:42+00:00\",\"description\":\"Alatis' Patents division supports, advises and defends your trademarks in France, in Switzerland, in the European Union and internationally.\",\"breadcrumb\":{\"@id\":\"https:\/\/alatis.eu\/en\/areas-of-expertise\/patents\/#breadcrumb\"},\"inLanguage\":\"en-US\",\"potentialAction\":[{\"@type\":\"ReadAction\",\"target\":[\"https:\/\/alatis.eu\/en\/areas-of-expertise\/patents\/\"]}]},{\"@type\":\"BreadcrumbList\",\"@id\":\"https:\/\/alatis.eu\/en\/areas-of-expertise\/patents\/#breadcrumb\",\"itemListElement\":[{\"@type\":\"ListItem\",\"position\":1,\"name\":\"Accueil\",\"item\":\"https:\/\/alatis.eu\/en\/\"},{\"@type\":\"ListItem\",\"position\":2,\"name\":\"OUR AREAS OF EXPERTISE\",\"item\":\"https:\/\/alatis.eu\/en\/areas-of-expertise\/\"},{\"@type\":\"ListItem\",\"position\":3,\"name\":\"OUR EXPERTISE IN PATENTS\"}]},{\"@type\":\"WebSite\",\"@id\":\"https:\/\/alatis.eu\/#website\",\"url\":\"https:\/\/alatis.eu\/\",\"name\":\"ALATIS\",\"description\":\"R\u00e9seau d&#039;experts en propri\u00e9t\u00e9 intellectuelle, multidisciplinaire et pan-europ\u00e9en\",\"potentialAction\":[{\"@type\":\"SearchAction\",\"target\":{\"@type\":\"EntryPoint\",\"urlTemplate\":\"https:\/\/alatis.eu\/?s={search_term_string}\"},\"query-input\":{\"@type\":\"PropertyValueSpecification\",\"valueRequired\":true,\"valueName\":\"search_term_string\"}}],\"inLanguage\":\"en-US\"}]}<\/script>\n<!-- \/ Yoast SEO plugin. -->","yoast_head_json":{"title":"Our expertise in patents | Alatis Network","description":"Alatis' Patents division supports, advises and defends your trademarks in France, in Switzerland, in the European Union and internationally.","robots":{"index":"index","follow":"follow","max-snippet":"max-snippet:-1","max-image-preview":"max-image-preview:large","max-video-preview":"max-video-preview:-1"},"canonical":"https:\/\/alatis.eu\/en\/areas-of-expertise\/patents\/","og_locale":"en_US","og_type":"article","og_title":"Our expertise in patents | Alatis Network","og_description":"Alatis' Patents division supports, advises and defends your trademarks in France, in Switzerland, in the European Union and internationally.","og_url":"https:\/\/alatis.eu\/en\/areas-of-expertise\/patents\/","og_site_name":"ALATIS","article_publisher":"https:\/\/www.facebook.com\/alatis.eu\/","article_modified_time":"2025-11-24T12:41:42+00:00","twitter_card":"summary_large_image","twitter_site":"@alatis_eu","twitter_misc":{"Est. reading time":"2 minutes"},"schema":{"@context":"https:\/\/schema.org","@graph":[{"@type":"WebPage","@id":"https:\/\/alatis.eu\/en\/areas-of-expertise\/patents\/","url":"https:\/\/alatis.eu\/en\/areas-of-expertise\/patents\/","name":"Our expertise in patents | Alatis Network","isPartOf":{"@id":"https:\/\/alatis.eu\/#website"},"datePublished":"2016-07-08T08:31:05+00:00","dateModified":"2025-11-24T12:41:42+00:00","description":"Alatis' Patents division supports, advises and defends your trademarks in France, in Switzerland, in the European Union and internationally.","breadcrumb":{"@id":"https:\/\/alatis.eu\/en\/areas-of-expertise\/patents\/#breadcrumb"},"inLanguage":"en-US","potentialAction":[{"@type":"ReadAction","target":["https:\/\/alatis.eu\/en\/areas-of-expertise\/patents\/"]}]},{"@type":"BreadcrumbList","@id":"https:\/\/alatis.eu\/en\/areas-of-expertise\/patents\/#breadcrumb","itemListElement":[{"@type":"ListItem","position":1,"name":"Accueil","item":"https:\/\/alatis.eu\/en\/"},{"@type":"ListItem","position":2,"name":"OUR AREAS OF EXPERTISE","item":"https:\/\/alatis.eu\/en\/areas-of-expertise\/"},{"@type":"ListItem","position":3,"name":"OUR EXPERTISE IN PATENTS"}]},{"@type":"WebSite","@id":"https:\/\/alatis.eu\/#website","url":"https:\/\/alatis.eu\/","name":"ALATIS","description":"R\u00e9seau d&#039;experts en propri\u00e9t\u00e9 intellectuelle, multidisciplinaire et pan-europ\u00e9en","potentialAction":[{"@type":"SearchAction","target":{"@type":"EntryPoint","urlTemplate":"https:\/\/alatis.eu\/?s={search_term_string}"},"query-input":{"@type":"PropertyValueSpecification","valueRequired":true,"valueName":"search_term_string"}}],"inLanguage":"en-US"}]}},"jetpack_sharing_enabled":true,"jetpack_shortlink":"https:\/\/wp.me\/P8b6Fp-dM","jetpack-related-posts":[],"_links":{"self":[{"href":"https:\/\/alatis.eu\/en\/wp-json\/wp\/v2\/pages\/854","targetHints":{"allow":["GET"]}}],"collection":[{"href":"https:\/\/alatis.eu\/en\/wp-json\/wp\/v2\/pages"}],"about":[{"href":"https:\/\/alatis.eu\/en\/wp-json\/wp\/v2\/types\/page"}],"author":[{"embeddable":true,"href":"https:\/\/alatis.eu\/en\/wp-json\/wp\/v2\/users\/2"}],"replies":[{"embeddable":true,"href":"https:\/\/alatis.eu\/en\/wp-json\/wp\/v2\/comments?post=854"}],"version-history":[{"count":7,"href":"https:\/\/alatis.eu\/en\/wp-json\/wp\/v2\/pages\/854\/revisions"}],"predecessor-version":[{"id":7342,"href":"https:\/\/alatis.eu\/en\/wp-json\/wp\/v2\/pages\/854\/revisions\/7342"}],"up":[{"embeddable":true,"href":"https:\/\/alatis.eu\/en\/wp-json\/wp\/v2\/pages\/796"}],"wp:attachment":[{"href":"https:\/\/alatis.eu\/en\/wp-json\/wp\/v2\/media?parent=854"}],"curies":[{"name":"wp","href":"https:\/\/api.w.org\/{rel}","templated":true}]}}