{"id":871,"date":"2017-01-31T11:51:31","date_gmt":"2017-01-31T10:51:31","guid":{"rendered":"http:\/\/alatis.eu\/meet-the-team-alatis-network\/thomas-rossier\/"},"modified":"2025-11-20T13:45:05","modified_gmt":"2025-11-20T12:45:05","slug":"philippe-conan","status":"publish","type":"page","link":"https:\/\/alatis.eu\/en\/philippe-conan\/","title":{"rendered":"Philippe CONAN"},"content":{"rendered":"\n<style type=\"text\/css\" data-created_by=\"avia_inline_auto\" id=\"style-css-av-av_one_fourth-6126cab7d8fab8d08143dd2dacdf673c\">\n.flex_column.av-av_one_fourth-6126cab7d8fab8d08143dd2dacdf673c{\nborder-radius:0px 0px 0px 0px;\npadding:0px 0px 0px 0px;\n}\n<\/style>\n<div  class='flex_column av-av_one_fourth-6126cab7d8fab8d08143dd2dacdf673c av_one_fourth  avia-builder-el-0  el_before_av_three_fourth  avia-builder-el-first  first flex_column_div av-zero-column-padding  '     ><p>\n<style type=\"text\/css\" data-created_by=\"avia_inline_auto\" id=\"style-css-av-mi7f9hex-b93bce426b8f69fc14ef5415812a1069\">\n.avia-image-container.av-mi7f9hex-b93bce426b8f69fc14ef5415812a1069 img.avia_image{\nbox-shadow:none;\n}\n.avia-image-container.av-mi7f9hex-b93bce426b8f69fc14ef5415812a1069 .av-image-caption-overlay-center{\ncolor:#ffffff;\n}\n<\/style>\n<div  class='avia-image-container av-mi7f9hex-b93bce426b8f69fc14ef5415812a1069 av-styling- av-img-linked avia-align-center  avia-builder-el-1  el_before_av_button_big  avia-builder-el-no-sibling '   itemprop=\"image\" itemscope=\"itemscope\" itemtype=\"https:\/\/schema.org\/ImageObject\" ><div class=\"avia-image-container-inner\"><div class=\"avia-image-overlay-wrap\"><a href=\"https:\/\/alatis.eu\/en\/marc-broyde\/\" class='avia_image '  aria-label='Philippe CONAN'><img decoding=\"async\" fetchpriority=\"high\" class='wp-image-6557 avia-img-lazy-loading-not-6557 avia_image ' src=\"https:\/\/i0.wp.com\/alatis.eu\/wp-content\/uploads\/2025\/11\/Philippe-CONAN-1.png?fit=945%2C1053&ssl=1\" alt='' title='Philippe CONAN'  height=\"1053\" width=\"945\"  itemprop=\"thumbnailUrl\" srcset=\"https:\/\/i0.wp.com\/alatis.eu\/wp-content\/uploads\/2025\/11\/Philippe-CONAN-1.png?w=945&amp;ssl=1 945w, https:\/\/i0.wp.com\/alatis.eu\/wp-content\/uploads\/2025\/11\/Philippe-CONAN-1.png?resize=269%2C300&amp;ssl=1 269w, https:\/\/i0.wp.com\/alatis.eu\/wp-content\/uploads\/2025\/11\/Philippe-CONAN-1.png?resize=924%2C1030&amp;ssl=1 924w, https:\/\/i0.wp.com\/alatis.eu\/wp-content\/uploads\/2025\/11\/Philippe-CONAN-1.png?resize=768%2C856&amp;ssl=1 768w, https:\/\/i0.wp.com\/alatis.eu\/wp-content\/uploads\/2025\/11\/Philippe-CONAN-1.png?resize=600%2C669&amp;ssl=1 600w, https:\/\/i0.wp.com\/alatis.eu\/wp-content\/uploads\/2025\/11\/Philippe-CONAN-1.png?resize=633%2C705&amp;ssl=1 633w\" sizes=\"(max-width: 945px) 100vw, 945px\" \/><\/a><\/div><\/div><\/div><br \/>\n<div  class='avia-button-wrap avia-button-center  avia-builder-el-2  el_after_av_image  avia-builder-el-last '>\n<style type=\"text\/css\" data-created_by=\"avia_inline_auto\" id=\"style-css-av-mi7f8ymk-26c8c7a610a94ee2f5ea96ea8ce54485\">\n#top #wrap_all .avia-button.av-mi7f8ymk-26c8c7a610a94ee2f5ea96ea8ce54485{\nbackground-color:#152699;\nborder-color:#152699;\ntransition:all 0.4s ease-in-out;\nfont-size:17px;\n}\n#top #wrap_all .avia-button.av-mi7f8ymk-26c8c7a610a94ee2f5ea96ea8ce54485:hover{\nbackground-color:#94ace0;\ncolor:white;\ntransition:all 0.4s ease-in-out;\n}\n#top #wrap_all .avia-button.av-mi7f8ymk-26c8c7a610a94ee2f5ea96ea8ce54485:hover .avia-svg-icon svg:first-child{\nfill:white;\nstroke:white;\n}\n<\/style>\n<a href='' class='avia-font-color-theme-color avia-button avia-button-fullwidth av-mi7f8ymk-26c8c7a610a94ee2f5ea96ea8ce54485 avia-icon_select-no avia-color-custom'   aria-label=\"Philippe CONAN\"><span class='avia_iconbox_title' >Philippe CONAN<\/span><\/a><\/div><\/p><\/div>\n<style type=\"text\/css\" data-created_by=\"avia_inline_auto\" id=\"style-css-av-av_three_fourth-0aa7055fe62c3622faec82866afbaeb2\">\n.flex_column.av-av_three_fourth-0aa7055fe62c3622faec82866afbaeb2{\nborder-radius:0px 0px 0px 0px;\npadding:0px 0px 0px 0px;\n}\n<\/style>\n<div  class='flex_column av-av_three_fourth-0aa7055fe62c3622faec82866afbaeb2 av_three_fourth  avia-builder-el-3  el_after_av_one_fourth  avia-builder-el-last  flex_column_div av-zero-column-padding  '     ><style type=\"text\/css\" data-created_by=\"avia_inline_auto\" id=\"style-css-av-mi7fabh1-fe4ff12887430ece89866f5d03daf4de\">\n#top .av_textblock_section.av-mi7fabh1-fe4ff12887430ece89866f5d03daf4de .avia_textblock{\nfont-size:18px;\n}\n<\/style>\n<section  class='av_textblock_section av-mi7fabh1-fe4ff12887430ece89866f5d03daf4de '   itemscope=\"itemscope\" itemtype=\"https:\/\/schema.org\/CreativeWork\" ><div class='avia_textblock'  itemprop=\"text\" ><h1 style=\"text-align: center; text-transform: none;\">French &amp; European Patent Attorney<\/h1>\n<\/div><\/section><br \/>\n<section  class='av_textblock_section av-av_textblock-0366cc7376be6c9e82a3e9cc8987b64f '   itemscope=\"itemscope\" itemtype=\"https:\/\/schema.org\/CreativeWork\" ><div class='avia_textblock'  itemprop=\"text\" ><p style=\"text-align: justify;\">Philippe CONAN graduated as a chemical engineer in Lyon in 1977 and from the Centre for International Intellectual Property Studies (CEIPI) in Strasbourg in 1991.<br \/>\nPhilippe CONAN started his career in intellectual property in 1986 at the pharmaceutical laboratory Roussel-Uclaf, now part of the Sanofi Aventis group. He became a European Patent Attorney in 1996 and joined the Air Liquide Group in the same year. He has been working in this company for more than twenty years as a patent engineer and then as the manager of the Paris Patents group of the Intellectual Property Department until 2019.<br \/>\nSince then, Philippe CONAN is exercing as an independent expert.<br \/>\nBacked by a wealth of professional experience, Philippe CONAN has a perfect understanding of the issues faced by various industries, from start-ups to SMEs to multinationals, and is able to advise them on all IP-related matters (acquisition, defense and exploitation of rights, strategic support, training, contracts, employee\u2019s inventions, etc.) with a unique vision of the strategic stakes of IP for the industry.<br \/>\nIn parallel with his professional activity, Philippe CONAN has been involved in various associations and, in particular, joined the Board of Directors of the Association des Sp\u00e9cialistes en Propri\u00e9t\u00e9 Intellectuelle (ASPI) in 2007, of which he was President from 2013 to 2014.<br \/>\nPhilippe CONAN also represented France on the Council of the Institute of Professional Representatives before the European Patent Office (epi) for two three-year terms, an institute of which he is currently still an internal auditor.<br \/>\nPhilippe Conan has joined the ALATIS network in 2021. His knowledge and expertise will enrich the ALATIS with competences in the fields of chemistry, biology and pharmacology, in particular.\/p&gt;<br \/>\nTo contact Philippe CONAN : <a href=\"mailto:philippe.conan@alatis.eu\">philippe.conan@alatis.eu<\/a><\/p>\n<\/div><\/section><br \/>\n<div  class='avia-button-wrap av-av_button-db59e205b38b514d4e28b1958d0569a9-wrap avia-button-center  avia-builder-el-6  el_after_av_textblock  avia-builder-el-last '><a href='https:\/\/alatis.eu\/en\/the-partners\/'  class='avia-button av-av_button-db59e205b38b514d4e28b1958d0569a9 av-link-btn avia-icon_select-yes-left-icon avia-size-small avia-position-center avia-color-theme-color'   aria-label=\"BACK\"><span class='avia_button_icon avia_button_icon_left avia-iconfont avia-font-entypo-fontello' data-av_icon='\ue87c' data-av_iconfont='entypo-fontello' ><\/span><span class='avia_iconbox_title' >BACK<\/span><\/a><\/div><\/p><\/div><\/p>\n","protected":false},"excerpt":{"rendered":"","protected":false},"author":2,"featured_media":0,"parent":0,"menu_order":0,"comment_status":"closed","ping_status":"closed","template":"","meta":{"jetpack_post_was_ever_published":false,"footnotes":""},"class_list":["post-871","page","type-page","status-publish","hentry"],"yoast_head":"<!-- This site is optimized with the Yoast SEO plugin v26.6 - https:\/\/yoast.com\/wordpress\/plugins\/seo\/ -->\n<title>Philippe CONAN - French &amp; European Patent Attorney<\/title>\n<meta name=\"description\" content=\"Philippe CONAN started his career in intellectual property in 1986 at the pharmaceutical laboratory Roussel-Uclaf, now part of the Sanofi Aventis group.\" \/>\n<meta name=\"robots\" content=\"index, follow, max-snippet:-1, max-image-preview:large, max-video-preview:-1\" \/>\n<link rel=\"canonical\" href=\"https:\/\/alatis.eu\/en\/philippe-conan\/\" \/>\n<meta property=\"og:locale\" content=\"en_US\" \/>\n<meta property=\"og:type\" content=\"article\" \/>\n<meta property=\"og:title\" content=\"Philippe CONAN - French &amp; European Patent Attorney\" \/>\n<meta property=\"og:description\" content=\"Philippe CONAN started his career in intellectual property in 1986 at the pharmaceutical laboratory Roussel-Uclaf, now part of the Sanofi Aventis group.\" \/>\n<meta property=\"og:url\" content=\"https:\/\/alatis.eu\/en\/philippe-conan\/\" \/>\n<meta property=\"og:site_name\" content=\"ALATIS\" \/>\n<meta property=\"article:publisher\" content=\"https:\/\/www.facebook.com\/alatis.eu\/\" \/>\n<meta property=\"article:modified_time\" content=\"2025-11-20T12:45:05+00:00\" \/>\n<meta name=\"twitter:card\" content=\"summary_large_image\" \/>\n<meta name=\"twitter:site\" content=\"@alatis_eu\" \/>\n<meta name=\"twitter:label1\" content=\"Est. reading time\" \/>\n\t<meta name=\"twitter:data1\" content=\"2 minutes\" \/>\n<script type=\"application\/ld+json\" class=\"yoast-schema-graph\">{\"@context\":\"https:\/\/schema.org\",\"@graph\":[{\"@type\":\"WebPage\",\"@id\":\"https:\/\/alatis.eu\/en\/philippe-conan\/\",\"url\":\"https:\/\/alatis.eu\/en\/philippe-conan\/\",\"name\":\"Philippe CONAN - French & European Patent Attorney\",\"isPartOf\":{\"@id\":\"https:\/\/alatis.eu\/#website\"},\"datePublished\":\"2017-01-31T10:51:31+00:00\",\"dateModified\":\"2025-11-20T12:45:05+00:00\",\"description\":\"Philippe CONAN started his career in intellectual property in 1986 at the pharmaceutical laboratory Roussel-Uclaf, now part of the Sanofi Aventis group.\",\"breadcrumb\":{\"@id\":\"https:\/\/alatis.eu\/en\/philippe-conan\/#breadcrumb\"},\"inLanguage\":\"en-US\",\"potentialAction\":[{\"@type\":\"ReadAction\",\"target\":[\"https:\/\/alatis.eu\/en\/philippe-conan\/\"]}]},{\"@type\":\"BreadcrumbList\",\"@id\":\"https:\/\/alatis.eu\/en\/philippe-conan\/#breadcrumb\",\"itemListElement\":[{\"@type\":\"ListItem\",\"position\":1,\"name\":\"Accueil\",\"item\":\"https:\/\/alatis.eu\/en\/\"},{\"@type\":\"ListItem\",\"position\":2,\"name\":\"Philippe CONAN\"}]},{\"@type\":\"WebSite\",\"@id\":\"https:\/\/alatis.eu\/#website\",\"url\":\"https:\/\/alatis.eu\/\",\"name\":\"ALATIS\",\"description\":\"R\u00e9seau d&#039;experts en propri\u00e9t\u00e9 intellectuelle, multidisciplinaire et pan-europ\u00e9en\",\"potentialAction\":[{\"@type\":\"SearchAction\",\"target\":{\"@type\":\"EntryPoint\",\"urlTemplate\":\"https:\/\/alatis.eu\/?s={search_term_string}\"},\"query-input\":{\"@type\":\"PropertyValueSpecification\",\"valueRequired\":true,\"valueName\":\"search_term_string\"}}],\"inLanguage\":\"en-US\"}]}<\/script>\n<!-- \/ Yoast SEO plugin. -->","yoast_head_json":{"title":"Philippe CONAN - French & European Patent Attorney","description":"Philippe CONAN started his career in intellectual property in 1986 at the pharmaceutical laboratory Roussel-Uclaf, now part of the Sanofi Aventis group.","robots":{"index":"index","follow":"follow","max-snippet":"max-snippet:-1","max-image-preview":"max-image-preview:large","max-video-preview":"max-video-preview:-1"},"canonical":"https:\/\/alatis.eu\/en\/philippe-conan\/","og_locale":"en_US","og_type":"article","og_title":"Philippe CONAN - French & European Patent Attorney","og_description":"Philippe CONAN started his career in intellectual property in 1986 at the pharmaceutical laboratory Roussel-Uclaf, now part of the Sanofi Aventis group.","og_url":"https:\/\/alatis.eu\/en\/philippe-conan\/","og_site_name":"ALATIS","article_publisher":"https:\/\/www.facebook.com\/alatis.eu\/","article_modified_time":"2025-11-20T12:45:05+00:00","twitter_card":"summary_large_image","twitter_site":"@alatis_eu","twitter_misc":{"Est. reading time":"2 minutes"},"schema":{"@context":"https:\/\/schema.org","@graph":[{"@type":"WebPage","@id":"https:\/\/alatis.eu\/en\/philippe-conan\/","url":"https:\/\/alatis.eu\/en\/philippe-conan\/","name":"Philippe CONAN - French & European Patent Attorney","isPartOf":{"@id":"https:\/\/alatis.eu\/#website"},"datePublished":"2017-01-31T10:51:31+00:00","dateModified":"2025-11-20T12:45:05+00:00","description":"Philippe CONAN started his career in intellectual property in 1986 at the pharmaceutical laboratory Roussel-Uclaf, now part of the Sanofi Aventis group.","breadcrumb":{"@id":"https:\/\/alatis.eu\/en\/philippe-conan\/#breadcrumb"},"inLanguage":"en-US","potentialAction":[{"@type":"ReadAction","target":["https:\/\/alatis.eu\/en\/philippe-conan\/"]}]},{"@type":"BreadcrumbList","@id":"https:\/\/alatis.eu\/en\/philippe-conan\/#breadcrumb","itemListElement":[{"@type":"ListItem","position":1,"name":"Accueil","item":"https:\/\/alatis.eu\/en\/"},{"@type":"ListItem","position":2,"name":"Philippe CONAN"}]},{"@type":"WebSite","@id":"https:\/\/alatis.eu\/#website","url":"https:\/\/alatis.eu\/","name":"ALATIS","description":"R\u00e9seau d&#039;experts en propri\u00e9t\u00e9 intellectuelle, multidisciplinaire et pan-europ\u00e9en","potentialAction":[{"@type":"SearchAction","target":{"@type":"EntryPoint","urlTemplate":"https:\/\/alatis.eu\/?s={search_term_string}"},"query-input":{"@type":"PropertyValueSpecification","valueRequired":true,"valueName":"search_term_string"}}],"inLanguage":"en-US"}]}},"jetpack_sharing_enabled":true,"jetpack_shortlink":"https:\/\/wp.me\/P8b6Fp-e3","jetpack-related-posts":[],"_links":{"self":[{"href":"https:\/\/alatis.eu\/en\/wp-json\/wp\/v2\/pages\/871","targetHints":{"allow":["GET"]}}],"collection":[{"href":"https:\/\/alatis.eu\/en\/wp-json\/wp\/v2\/pages"}],"about":[{"href":"https:\/\/alatis.eu\/en\/wp-json\/wp\/v2\/types\/page"}],"author":[{"embeddable":true,"href":"https:\/\/alatis.eu\/en\/wp-json\/wp\/v2\/users\/2"}],"replies":[{"embeddable":true,"href":"https:\/\/alatis.eu\/en\/wp-json\/wp\/v2\/comments?post=871"}],"version-history":[{"count":19,"href":"https:\/\/alatis.eu\/en\/wp-json\/wp\/v2\/pages\/871\/revisions"}],"predecessor-version":[{"id":6949,"href":"https:\/\/alatis.eu\/en\/wp-json\/wp\/v2\/pages\/871\/revisions\/6949"}],"wp:attachment":[{"href":"https:\/\/alatis.eu\/en\/wp-json\/wp\/v2\/media?parent=871"}],"curies":[{"name":"wp","href":"https:\/\/api.w.org\/{rel}","templated":true}]}}