{"id":936,"date":"2016-11-29T10:31:17","date_gmt":"2016-11-29T09:31:17","guid":{"rendered":"http:\/\/alatis.eu\/meet-the-team-alatis-network\/jean-benoit-busnel\/"},"modified":"2025-11-20T13:37:49","modified_gmt":"2025-11-20T12:37:49","slug":"jean-benoit-busnel","status":"publish","type":"page","link":"https:\/\/alatis.eu\/en\/jean-benoit-busnel\/","title":{"rendered":"Jean-Beno\u00eet Busnel"},"content":{"rendered":"\n<style type=\"text\/css\" data-created_by=\"avia_inline_auto\" id=\"style-css-av-av_one_fourth-9497bbf8bff73ea4c6992cc17fa9ec36\">\n.flex_column.av-av_one_fourth-9497bbf8bff73ea4c6992cc17fa9ec36{\nborder-radius:0px 0px 0px 0px;\npadding:0px 0px 0px 0px;\n}\n<\/style>\n<div  class='flex_column av-av_one_fourth-9497bbf8bff73ea4c6992cc17fa9ec36 av_one_fourth  avia-builder-el-0  el_before_av_three_fourth  avia-builder-el-first  first flex_column_div av-zero-column-padding  '     ><p>\n<style type=\"text\/css\" data-created_by=\"avia_inline_auto\" id=\"style-css-av-av_image-73eb3a04043b02e78c9c88a3eb2d05bc\">\n.avia-image-container.av-av_image-73eb3a04043b02e78c9c88a3eb2d05bc img.avia_image{\nbox-shadow:none;\n}\n.avia-image-container.av-av_image-73eb3a04043b02e78c9c88a3eb2d05bc .av-image-caption-overlay-center{\ncolor:#ffffff;\n}\n<\/style>\n<div  class='avia-image-container av-av_image-73eb3a04043b02e78c9c88a3eb2d05bc av-styling- av-img-linked avia-align-center  avia-builder-el-1  el_before_av_button_big  avia-builder-el-no-sibling '   itemprop=\"image\" itemscope=\"itemscope\" itemtype=\"https:\/\/schema.org\/ImageObject\" ><div class=\"avia-image-container-inner\"><div class=\"avia-image-overlay-wrap\"><a href=\"https:\/\/alatis.eu\/marc-broyde\/\" class='avia_image '  aria-label='Jean-Beno\u00eet BUSNEL'><img decoding=\"async\" fetchpriority=\"high\" class='wp-image-6560 avia-img-lazy-loading-not-6560 avia_image ' src=\"https:\/\/i0.wp.com\/alatis.eu\/wp-content\/uploads\/2025\/11\/Jean-Benoit-BUSNEL.png?fit=945%2C1053&ssl=1\" alt='' title='Jean-Beno\u00eet BUSNEL'  height=\"1053\" width=\"945\"  itemprop=\"thumbnailUrl\" srcset=\"https:\/\/i0.wp.com\/alatis.eu\/wp-content\/uploads\/2025\/11\/Jean-Benoit-BUSNEL.png?w=945&amp;ssl=1 945w, https:\/\/i0.wp.com\/alatis.eu\/wp-content\/uploads\/2025\/11\/Jean-Benoit-BUSNEL.png?resize=269%2C300&amp;ssl=1 269w, https:\/\/i0.wp.com\/alatis.eu\/wp-content\/uploads\/2025\/11\/Jean-Benoit-BUSNEL.png?resize=924%2C1030&amp;ssl=1 924w, https:\/\/i0.wp.com\/alatis.eu\/wp-content\/uploads\/2025\/11\/Jean-Benoit-BUSNEL.png?resize=768%2C856&amp;ssl=1 768w, https:\/\/i0.wp.com\/alatis.eu\/wp-content\/uploads\/2025\/11\/Jean-Benoit-BUSNEL.png?resize=600%2C669&amp;ssl=1 600w, https:\/\/i0.wp.com\/alatis.eu\/wp-content\/uploads\/2025\/11\/Jean-Benoit-BUSNEL.png?resize=633%2C705&amp;ssl=1 633w\" sizes=\"(max-width: 945px) 100vw, 945px\" \/><\/a><\/div><\/div><\/div><br \/>\n<div  class='avia-button-wrap avia-button-center  avia-builder-el-2  el_after_av_image  avia-builder-el-last '>\n<style type=\"text\/css\" data-created_by=\"avia_inline_auto\" id=\"style-css-av-av_button_big-daa698b2c450127c4bb5dfec8c53fbfb\">\n#top #wrap_all .avia-button.av-av_button_big-daa698b2c450127c4bb5dfec8c53fbfb{\nbackground-color:#152699;\nborder-color:#152699;\ntransition:all 0.4s ease-in-out;\nfont-size:17px;\n}\n#top #wrap_all .avia-button.av-av_button_big-daa698b2c450127c4bb5dfec8c53fbfb:hover{\nbackground-color:#94ace0;\ncolor:white;\ntransition:all 0.4s ease-in-out;\n}\n#top #wrap_all .avia-button.av-av_button_big-daa698b2c450127c4bb5dfec8c53fbfb:hover .avia-svg-icon svg:first-child{\nfill:white;\nstroke:white;\n}\n<\/style>\n<a href='' class='avia-font-color-theme-color avia-button avia-button-fullwidth av-av_button_big-daa698b2c450127c4bb5dfec8c53fbfb avia-icon_select-no avia-color-custom'   aria-label=\"Jean-Beno\u00eet BUSNEL\"><span class='avia_iconbox_title' >Jean-Beno\u00eet BUSNEL<\/span><\/a><\/div><\/p><\/div>\n\n<style type=\"text\/css\" data-created_by=\"avia_inline_auto\" id=\"style-css-av-av_three_fourth-9c1d454dc06f7247226bc4e8f931daae\">\n.flex_column.av-av_three_fourth-9c1d454dc06f7247226bc4e8f931daae{\nborder-radius:0px 0px 0px 0px;\npadding:0px 0px 0px 0px;\n}\n<\/style>\n<div  class='flex_column av-av_three_fourth-9c1d454dc06f7247226bc4e8f931daae av_three_fourth  avia-builder-el-3  el_after_av_one_fourth  el_before_av_sidebar  flex_column_div av-zero-column-padding  '     ><style type=\"text\/css\" data-created_by=\"avia_inline_auto\" id=\"style-css-av-mi7f1hjx-fb09ef6784caa8f983717447e83e8084\">\n#top .av_textblock_section.av-mi7f1hjx-fb09ef6784caa8f983717447e83e8084 .avia_textblock{\nfont-size:18px;\n}\n<\/style>\n<section  class='av_textblock_section av-mi7f1hjx-fb09ef6784caa8f983717447e83e8084 '   itemscope=\"itemscope\" itemtype=\"https:\/\/schema.org\/CreativeWork\" ><div class='avia_textblock'  itemprop=\"text\" ><h1 style=\"text-align: center; text-transform: none;\">Attorney at Law at the Paris and Geneva bars, French Patent and trademark attorney, European Patent Attorney, electromechanical engineer<\/h1>\n<\/div><\/section><br \/>\n<section  class='av_textblock_section av-av_textblock-0366cc7376be6c9e82a3e9cc8987b64f '   itemscope=\"itemscope\" itemtype=\"https:\/\/schema.org\/CreativeWork\" ><div class='avia_textblock'  itemprop=\"text\" ><p style=\"text-align: justify;\">Jean-Beno\u00eet is an Attorney-at-Law and a European Patent Attorney.<\/p>\n<p style=\"text-align: justify;\">He graduated from the French National School of Chemical Engineering (ENSIC-Nancy) and from the Center of International Studies in Intellectual Property (CEIPI-Strasbourg). He holds a Master in IP Law from the University of Paris and from the Institute of Business Law. Jean-Benoit is also a former student of the Naval College (Brest).<\/p>\n<p style=\"text-align: justify;\">Jean-Beno\u00eet started his career as a Navy officer and was involved in a number of overseas marine operations. After leaving the Navy, he joined a major Intellectual Property firm in Paris and became a French and European Patent Attorney. In 2002, he joined a US law firm as a partner in London, where he registered with the Law Society of England &amp; Wales. He returned to Paris in 2005 where he worked as a partner in two established and renowned IP firms.<\/p>\n<p style=\"text-align: justify;\">Jean-Beno\u00eet is one of the founders of the pan-European network Alatis. His practice is mainly dedicated to patent prosecution and litigation.<\/p>\n<p style=\"text-align: justify;\">His broad experience covers <a href=\"https:\/\/alatis.eu\/en\/areas-of-expertise\/patents\">patent<\/a> drafting, freedom-to-operate analyses and infringement proceedings. He advises SMEs and large industrial companies in various technical fields including car manufacturers and suppliers, packaging, cosmetics, sports goods, luxury goods, robotics and the defense industry.<\/p>\n<p>To contact Jean-Beno\u00eet Busnel : <a href=\"mailto:busnel@alatis.eu\">busnel@alatis.eu<\/a><\/p>\n<\/div><\/section><br \/>\n<div  class='avia-button-wrap av-av_button-db59e205b38b514d4e28b1958d0569a9-wrap avia-button-center  avia-builder-el-6  el_after_av_textblock  avia-builder-el-last '><a href='https:\/\/alatis.eu\/en\/the-partners\/'  class='avia-button av-av_button-db59e205b38b514d4e28b1958d0569a9 av-link-btn avia-icon_select-yes-left-icon avia-size-small avia-position-center avia-color-theme-color'   aria-label=\"BACK\"><span class='avia_button_icon avia_button_icon_left avia-iconfont avia-font-entypo-fontello' data-av_icon='\ue87c' data-av_iconfont='entypo-fontello' ><\/span><span class='avia_iconbox_title' >BACK<\/span><\/a><\/div><\/p><\/div><\/p>\n","protected":false},"excerpt":{"rendered":"","protected":false},"author":2,"featured_media":0,"parent":0,"menu_order":0,"comment_status":"closed","ping_status":"closed","template":"","meta":{"jetpack_post_was_ever_published":false,"footnotes":""},"class_list":["post-936","page","type-page","status-publish","hentry"],"yoast_head":"<!-- This site is optimized with the Yoast SEO plugin v26.6 - https:\/\/yoast.com\/wordpress\/plugins\/seo\/ -->\n<title>Jean-Beno\u00eet BUSNEL, Conseiller en Propri\u00e9t\u00e9 Intellectuelle<\/title>\n<meta name=\"description\" content=\"Jean-Beno\u00eet BUSNEL est dipl\u00f4m\u00e9 du CEIPI Strasbourg et de l\u2019Institut de Droit des affaires (Paris II). Il se consacre au contentieux en mati\u00e8re de brevets.\" \/>\n<meta name=\"robots\" content=\"index, follow, max-snippet:-1, max-image-preview:large, max-video-preview:-1\" \/>\n<link rel=\"canonical\" href=\"https:\/\/alatis.eu\/en\/jean-benoit-busnel\/\" \/>\n<meta property=\"og:locale\" content=\"en_US\" \/>\n<meta property=\"og:type\" content=\"article\" \/>\n<meta property=\"og:title\" content=\"Jean-Beno\u00eet BUSNEL, Conseiller en Propri\u00e9t\u00e9 Intellectuelle\" \/>\n<meta property=\"og:description\" content=\"Jean-Beno\u00eet BUSNEL est dipl\u00f4m\u00e9 du CEIPI Strasbourg et de l\u2019Institut de Droit des affaires (Paris II). Il se consacre au contentieux en mati\u00e8re de brevets.\" \/>\n<meta property=\"og:url\" content=\"https:\/\/alatis.eu\/en\/jean-benoit-busnel\/\" \/>\n<meta property=\"og:site_name\" content=\"ALATIS\" \/>\n<meta property=\"article:publisher\" content=\"https:\/\/www.facebook.com\/alatis.eu\/\" \/>\n<meta property=\"article:modified_time\" content=\"2025-11-20T12:37:49+00:00\" \/>\n<meta name=\"twitter:card\" content=\"summary_large_image\" \/>\n<meta name=\"twitter:site\" content=\"@alatis_eu\" \/>\n<meta name=\"twitter:label1\" content=\"Est. reading time\" \/>\n\t<meta name=\"twitter:data1\" content=\"2 minutes\" \/>\n<script type=\"application\/ld+json\" class=\"yoast-schema-graph\">{\"@context\":\"https:\/\/schema.org\",\"@graph\":[{\"@type\":\"WebPage\",\"@id\":\"https:\/\/alatis.eu\/en\/jean-benoit-busnel\/\",\"url\":\"https:\/\/alatis.eu\/en\/jean-benoit-busnel\/\",\"name\":\"Jean-Beno\u00eet BUSNEL, Conseiller en Propri\u00e9t\u00e9 Intellectuelle\",\"isPartOf\":{\"@id\":\"https:\/\/alatis.eu\/#website\"},\"datePublished\":\"2016-11-29T09:31:17+00:00\",\"dateModified\":\"2025-11-20T12:37:49+00:00\",\"description\":\"Jean-Beno\u00eet BUSNEL est dipl\u00f4m\u00e9 du CEIPI Strasbourg et de l\u2019Institut de Droit des affaires (Paris II). Il se consacre au contentieux en mati\u00e8re de brevets.\",\"breadcrumb\":{\"@id\":\"https:\/\/alatis.eu\/en\/jean-benoit-busnel\/#breadcrumb\"},\"inLanguage\":\"en-US\",\"potentialAction\":[{\"@type\":\"ReadAction\",\"target\":[\"https:\/\/alatis.eu\/en\/jean-benoit-busnel\/\"]}]},{\"@type\":\"BreadcrumbList\",\"@id\":\"https:\/\/alatis.eu\/en\/jean-benoit-busnel\/#breadcrumb\",\"itemListElement\":[{\"@type\":\"ListItem\",\"position\":1,\"name\":\"Accueil\",\"item\":\"https:\/\/alatis.eu\/en\/\"},{\"@type\":\"ListItem\",\"position\":2,\"name\":\"Jean-Beno\u00eet Busnel\"}]},{\"@type\":\"WebSite\",\"@id\":\"https:\/\/alatis.eu\/#website\",\"url\":\"https:\/\/alatis.eu\/\",\"name\":\"ALATIS\",\"description\":\"R\u00e9seau d&#039;experts en propri\u00e9t\u00e9 intellectuelle, multidisciplinaire et pan-europ\u00e9en\",\"potentialAction\":[{\"@type\":\"SearchAction\",\"target\":{\"@type\":\"EntryPoint\",\"urlTemplate\":\"https:\/\/alatis.eu\/?s={search_term_string}\"},\"query-input\":{\"@type\":\"PropertyValueSpecification\",\"valueRequired\":true,\"valueName\":\"search_term_string\"}}],\"inLanguage\":\"en-US\"}]}<\/script>\n<!-- \/ Yoast SEO plugin. -->","yoast_head_json":{"title":"Jean-Beno\u00eet BUSNEL, Conseiller en Propri\u00e9t\u00e9 Intellectuelle","description":"Jean-Beno\u00eet BUSNEL est dipl\u00f4m\u00e9 du CEIPI Strasbourg et de l\u2019Institut de Droit des affaires (Paris II). Il se consacre au contentieux en mati\u00e8re de brevets.","robots":{"index":"index","follow":"follow","max-snippet":"max-snippet:-1","max-image-preview":"max-image-preview:large","max-video-preview":"max-video-preview:-1"},"canonical":"https:\/\/alatis.eu\/en\/jean-benoit-busnel\/","og_locale":"en_US","og_type":"article","og_title":"Jean-Beno\u00eet BUSNEL, Conseiller en Propri\u00e9t\u00e9 Intellectuelle","og_description":"Jean-Beno\u00eet BUSNEL est dipl\u00f4m\u00e9 du CEIPI Strasbourg et de l\u2019Institut de Droit des affaires (Paris II). Il se consacre au contentieux en mati\u00e8re de brevets.","og_url":"https:\/\/alatis.eu\/en\/jean-benoit-busnel\/","og_site_name":"ALATIS","article_publisher":"https:\/\/www.facebook.com\/alatis.eu\/","article_modified_time":"2025-11-20T12:37:49+00:00","twitter_card":"summary_large_image","twitter_site":"@alatis_eu","twitter_misc":{"Est. reading time":"2 minutes"},"schema":{"@context":"https:\/\/schema.org","@graph":[{"@type":"WebPage","@id":"https:\/\/alatis.eu\/en\/jean-benoit-busnel\/","url":"https:\/\/alatis.eu\/en\/jean-benoit-busnel\/","name":"Jean-Beno\u00eet BUSNEL, Conseiller en Propri\u00e9t\u00e9 Intellectuelle","isPartOf":{"@id":"https:\/\/alatis.eu\/#website"},"datePublished":"2016-11-29T09:31:17+00:00","dateModified":"2025-11-20T12:37:49+00:00","description":"Jean-Beno\u00eet BUSNEL est dipl\u00f4m\u00e9 du CEIPI Strasbourg et de l\u2019Institut de Droit des affaires (Paris II). Il se consacre au contentieux en mati\u00e8re de brevets.","breadcrumb":{"@id":"https:\/\/alatis.eu\/en\/jean-benoit-busnel\/#breadcrumb"},"inLanguage":"en-US","potentialAction":[{"@type":"ReadAction","target":["https:\/\/alatis.eu\/en\/jean-benoit-busnel\/"]}]},{"@type":"BreadcrumbList","@id":"https:\/\/alatis.eu\/en\/jean-benoit-busnel\/#breadcrumb","itemListElement":[{"@type":"ListItem","position":1,"name":"Accueil","item":"https:\/\/alatis.eu\/en\/"},{"@type":"ListItem","position":2,"name":"Jean-Beno\u00eet Busnel"}]},{"@type":"WebSite","@id":"https:\/\/alatis.eu\/#website","url":"https:\/\/alatis.eu\/","name":"ALATIS","description":"R\u00e9seau d&#039;experts en propri\u00e9t\u00e9 intellectuelle, multidisciplinaire et pan-europ\u00e9en","potentialAction":[{"@type":"SearchAction","target":{"@type":"EntryPoint","urlTemplate":"https:\/\/alatis.eu\/?s={search_term_string}"},"query-input":{"@type":"PropertyValueSpecification","valueRequired":true,"valueName":"search_term_string"}}],"inLanguage":"en-US"}]}},"jetpack_sharing_enabled":true,"jetpack_shortlink":"https:\/\/wp.me\/P8b6Fp-f6","jetpack-related-posts":[],"_links":{"self":[{"href":"https:\/\/alatis.eu\/en\/wp-json\/wp\/v2\/pages\/936","targetHints":{"allow":["GET"]}}],"collection":[{"href":"https:\/\/alatis.eu\/en\/wp-json\/wp\/v2\/pages"}],"about":[{"href":"https:\/\/alatis.eu\/en\/wp-json\/wp\/v2\/types\/page"}],"author":[{"embeddable":true,"href":"https:\/\/alatis.eu\/en\/wp-json\/wp\/v2\/users\/2"}],"replies":[{"embeddable":true,"href":"https:\/\/alatis.eu\/en\/wp-json\/wp\/v2\/comments?post=936"}],"version-history":[{"count":10,"href":"https:\/\/alatis.eu\/en\/wp-json\/wp\/v2\/pages\/936\/revisions"}],"predecessor-version":[{"id":6941,"href":"https:\/\/alatis.eu\/en\/wp-json\/wp\/v2\/pages\/936\/revisions\/6941"}],"wp:attachment":[{"href":"https:\/\/alatis.eu\/en\/wp-json\/wp\/v2\/media?parent=936"}],"curies":[{"name":"wp","href":"https:\/\/api.w.org\/{rel}","templated":true}]}}